{"id":1194,"date":"2021-02-07T17:27:02","date_gmt":"2021-02-07T17:27:02","guid":{"rendered":"https:\/\/heilerakademie.eu\/?page_id=1194"},"modified":"2021-10-24T10:05:15","modified_gmt":"2021-10-24T10:05:15","slug":"video-fernstudium-5-taegige-energetiker-ausbildung-mit-spiritueller-lebensberartung","status":"publish","type":"page","link":"https:\/\/heilerakademie.eu\/?page_id=1194","title":{"rendered":"Video-Fernstudium &#8211; 5 t\u00e4gige ENERGETIKER-AUSBILDUNG mit Spiritueller Lebensberartung"},"content":{"rendered":"<h2><strong>5-t\u00e4giges VIDEO-Fernstudium zum Humanenergetiker der Heilerakademie Europa<\/strong><\/h2>\n<p><strong>Die Intensiv-Ausbildung mit den besten, wichtigsten und weltweit erfolgreichsten energetischen Heil- und Beratungs-Methoden f\u00fcr Energetiker und Geistheiler in 5 virtuellen Unterrichtstagen mit \u00fcber 34 Stunden Video-Kapitel und 111 Seiten schriftliches Begleitmaterial.<\/strong><\/p>\n<p><a href=\"https:\/\/akua-events.at\/?event=neu-video-fernstudium-5-taegige-energetiker-ausbildung-mit-spiritueller-lebensberatung\" target=\"_blank\" rel=\"noopener\"><strong>Hier k\u00f6nnen Sie gleich online buchen und sofort loslegen&#8230;<\/strong><\/a><\/p>\n<h2>Was ist die Energetiker-Ausbildung?<\/h2>\n<p><img loading=\"lazy\" decoding=\"async\" class=\"alignright wp-image-1306\" src=\"https:\/\/akua-events.at\/wp-content\/uploads\/2020\/04\/Humanenergetiker-Fernstudium.png\" alt=\"\" width=\"305\" height=\"431\" \/>Eine Woche intensives Basic-Training und Sie k\u00f6nnen mit dem freien Gewerbe &#8222;Humanenergetiker&#8220; (AT) oder &#8222;Geistheiler&#8220; (DE) erfolgreich in die Selbst\u00e4ndigkeit starten.<\/p>\n<p>Sie k\u00f6nnen jederzeit mit Ihrem Fernstudium beginnen (das o.a. Veranstaltungsdatum ist fiktiv, da jederzeit gestartet werden kann). So sind Sie beim Lernen nun v\u00f6llig zeit- und raumunabh\u00e4ngig. Lassen Sie sich soviel Zeit, wie Sie ben\u00f6tigen und lernen Sie an jedem Ort der Welt. Internetzugang gen\u00fcgt. Und Sie k\u00f6nnen sooft Sie wollen jedes Kapitel und jede Filmsequenz wiederholen.<\/p>\n<p>Um es nochmals ganz deutlich zu machen: Es bedarf keinerlei Ausbildung, Pr\u00fcfung oder sonstiger Reglementierung, um dieses freie Gewerbe aus\u00fcben zu d\u00fcrfen. Anmeldung beim Gewerbeamt gen\u00fcgt. Das gilt sowohl in \u00d6sterreich als auch in Deutschland.<\/p>\n<p>Jedoch ist \u2013 wie in jedem Beruf, den man seri\u00f6s und vor allem auch erfolgreich aus\u00fcben m\u00f6chte, gewisse Basiskenntnisse von existentieller Bedeutung.<\/p>\n<p>So k\u00f6nnen Sie ab sofort eine <strong>5-t\u00e4gige virtuelle Intensiv-Ausbildung<\/strong> zu einem <strong>Superpreis von nur 695 EUR<\/strong> buchen (statt 1.495 EUR Live-Unterricht vor Ort).<\/p>\n<p>Am Ende der erfolgreichen Ausbildung erhalten Sie optional ein wertvolles <strong>Teilnahmezertifikat zum Humanenergetiker der Heilerakademie Europa.<\/strong><\/p>\n<p><iframe loading=\"lazy\" src=\"https:\/\/www.youtube.com\/embed\/amuLpiQB-A4\" width=\"560\" height=\"315\" frameborder=\"0\" allowfullscreen=\"allowfullscreen\" data-mce-fragment=\"1\"><\/iframe><\/p>\n<p><strong>Die Video-Seminarinhalte dieses umfassenden Power-Workshops (34 Stunden Videomaterial):<\/strong><\/p>\n<ul>\n<li>Chakra-Arbeit, Chakra-Lehre, Chakra-Ausgleich und Chakra-Harmonisierung<\/li>\n<li>Heilende H\u00e4nde \/ Ber\u00fchrung des K\u00f6rpers durch Auflegen energetisierter H\u00e4nde<\/li>\n<li>Kinesiologie-Arbeit<\/li>\n<li>Umgang und Einsatz von Pendel, Tensor und W\u00fcnschelrute (Zweihandrute)<\/li>\n<li>Energetische Beratung (spirituelle Lebensberatung) mittels bestimmter Fragetechniken wie z.B. The Work und die Sedona-Technik<\/li>\n<li>Viele praktische Behandlungs- und Beratungsabl\u00e4ufe direkt mit Klienten<\/li>\n<li>Viele wertvolle universelle Lebensweisheiten<\/li>\n<li>Q-Matrix-Healing\u00ae (Quantenheilung) &#8211; Basics<\/li>\n<li>Energiemedizin nach K\u00f6rbler \/ Neue Hom\u00f6opathie<\/li>\n<\/ul>\n<h4><strong><span style=\"font-size: 12pt;\">F\u00fcr wen ist diese Ausbildung geeignet?<\/span><\/strong><\/h4>\n<ul>\n<li>F\u00fcr alle, die sich selbst heilen und ihre\u00a0Selbstheilungskr\u00e4fte aktivieren\u00a0m\u00f6chten<\/li>\n<li>F\u00fcr alle, die sich geistig und spirituell entwickeln m\u00f6chten<\/li>\n<li>F\u00fcr alle, die Menschen ganzheitlich und wirkungsvoll heilen wollen.<\/li>\n<li>Fortbildung f\u00fcr alle Heilberufe, insbesondere:\n<ul>\n<li>\u00c4rzte,<\/li>\n<li>Heilpraktiker,<\/li>\n<li>Heiler und Energetiker<\/li>\n<li>alle Therapeuten<\/li>\n<li>Kranken- und Pflegepersonal<\/li>\n<\/ul>\n<\/li>\n<li>F\u00fcr alle, die sich im Heilberuf erfolgreich selbst\u00e4ndig machen m\u00f6chten<\/li>\n<\/ul>\n<h2><strong>Seminargeb\u00fchren<\/strong><\/h2>\n<p><strong>Seminargeb\u00fchren f\u00fcr das Video-Fernstudium:<\/strong><\/p>\n<p><strong>Alle 5 Tage komplett zum Preis von nur 695 EUR <\/strong>(Das entsprechende Offline-Seminar vor Ort kostet 1.495 EUR; Ersparnis mindestens 800 EUR; weitere Ersparnisse: keine Reise-, Verpflegungs- und \u00dcbernachtungskosten vor Ort, keine Urlaubstage verlieren).<\/p>\n<p><a href=\"https:\/\/akua-events.at\/?event=neu-video-fernstudium-5-taegige-energetiker-ausbildung-mit-spiritueller-lebensberatung\" target=\"_blank\" rel=\"noopener\"><strong>Hier k\u00f6nnen Sie gleich online buchen und sofort loslegen&#8230;<\/strong><\/a><\/p>\n","protected":false},"excerpt":{"rendered":"<p>5-t\u00e4giges VIDEO-Fernstudium zum Humanenergetiker der Heilerakademie Europa Die Intensiv-Ausbildung mit den besten, wichtigsten und weltweit erfolgreichsten energetischen Heil- und Beratungs-Methoden f\u00fcr Energetiker und Geistheiler in 5 virtuellen Unterrichtstagen mit \u00fcber 34 Stunden Video-Kapitel und 111 Seiten schriftliches Begleitmaterial. Hier k\u00f6nnen &hellip; <a href=\"https:\/\/heilerakademie.eu\/?page_id=1194\">Weiterlesen <span class=\"meta-nav\">&rarr;<\/span><\/a><\/p>\n","protected":false},"author":1,"featured_media":0,"parent":0,"menu_order":0,"comment_status":"closed","ping_status":"closed","template":"","meta":{"footnotes":""},"class_list":["post-1194","page","type-page","status-publish","hentry"],"yoast_head":"<!-- This site is optimized with the Yoast SEO plugin v27.4 - https:\/\/yoast.com\/product\/yoast-seo-wordpress\/ -->\n<title>Video-Fernstudium - 5 t\u00e4gige ENERGETIKER-AUSBILDUNG mit Spiritueller Lebensberartung - HEILERAKADEMIE EUROPA<\/title>\n<meta name=\"robots\" content=\"index, follow, max-snippet:-1, max-image-preview:large, max-video-preview:-1\" \/>\n<link rel=\"canonical\" href=\"https:\/\/heilerakademie.eu\/?page_id=1194\" \/>\n<meta property=\"og:locale\" content=\"de_DE\" \/>\n<meta property=\"og:type\" content=\"article\" \/>\n<meta property=\"og:title\" content=\"Video-Fernstudium - 5 t\u00e4gige ENERGETIKER-AUSBILDUNG mit Spiritueller Lebensberartung - HEILERAKADEMIE EUROPA\" \/>\n<meta property=\"og:description\" content=\"5-t\u00e4giges VIDEO-Fernstudium zum Humanenergetiker der Heilerakademie Europa Die Intensiv-Ausbildung mit den besten, wichtigsten und weltweit erfolgreichsten energetischen Heil- und Beratungs-Methoden f\u00fcr Energetiker und Geistheiler in 5 virtuellen Unterrichtstagen mit \u00fcber 34 Stunden Video-Kapitel und 111 Seiten schriftliches Begleitmaterial. Hier k\u00f6nnen &hellip; Weiterlesen &rarr;\" \/>\n<meta property=\"og:url\" content=\"https:\/\/heilerakademie.eu\/?page_id=1194\" \/>\n<meta property=\"og:site_name\" content=\"HEILERAKADEMIE EUROPA\" \/>\n<meta property=\"article:modified_time\" content=\"2021-10-24T10:05:15+00:00\" \/>\n<meta property=\"og:image\" content=\"https:\/\/akua-events.at\/wp-content\/uploads\/2020\/04\/Humanenergetiker-Fernstudium.png\" \/>\n<meta name=\"twitter:label1\" content=\"Gesch\u00e4tzte Lesezeit\" \/>\n\t<meta name=\"twitter:data1\" content=\"2\u00a0Minuten\" \/>\n<script type=\"application\/ld+json\" class=\"yoast-schema-graph\">{\"@context\":\"https:\\\/\\\/schema.org\",\"@graph\":[{\"@type\":\"WebPage\",\"@id\":\"https:\\\/\\\/heilerakademie.eu\\\/?page_id=1194\",\"url\":\"https:\\\/\\\/heilerakademie.eu\\\/?page_id=1194\",\"name\":\"Video-Fernstudium - 5 t\u00e4gige ENERGETIKER-AUSBILDUNG mit Spiritueller Lebensberartung - HEILERAKADEMIE EUROPA\",\"isPartOf\":{\"@id\":\"https:\\\/\\\/heilerakademie.eu\\\/#website\"},\"primaryImageOfPage\":{\"@id\":\"https:\\\/\\\/heilerakademie.eu\\\/?page_id=1194#primaryimage\"},\"image\":{\"@id\":\"https:\\\/\\\/heilerakademie.eu\\\/?page_id=1194#primaryimage\"},\"thumbnailUrl\":\"https:\\\/\\\/akua-events.at\\\/wp-content\\\/uploads\\\/2020\\\/04\\\/Humanenergetiker-Fernstudium.png\",\"datePublished\":\"2021-02-07T17:27:02+00:00\",\"dateModified\":\"2021-10-24T10:05:15+00:00\",\"breadcrumb\":{\"@id\":\"https:\\\/\\\/heilerakademie.eu\\\/?page_id=1194#breadcrumb\"},\"inLanguage\":\"de\",\"potentialAction\":[{\"@type\":\"ReadAction\",\"target\":[\"https:\\\/\\\/heilerakademie.eu\\\/?page_id=1194\"]}]},{\"@type\":\"ImageObject\",\"inLanguage\":\"de\",\"@id\":\"https:\\\/\\\/heilerakademie.eu\\\/?page_id=1194#primaryimage\",\"url\":\"https:\\\/\\\/akua-events.at\\\/wp-content\\\/uploads\\\/2020\\\/04\\\/Humanenergetiker-Fernstudium.png\",\"contentUrl\":\"https:\\\/\\\/akua-events.at\\\/wp-content\\\/uploads\\\/2020\\\/04\\\/Humanenergetiker-Fernstudium.png\"},{\"@type\":\"BreadcrumbList\",\"@id\":\"https:\\\/\\\/heilerakademie.eu\\\/?page_id=1194#breadcrumb\",\"itemListElement\":[{\"@type\":\"ListItem\",\"position\":1,\"name\":\"Home\",\"item\":\"https:\\\/\\\/heilerakademie.eu\\\/\"},{\"@type\":\"ListItem\",\"position\":2,\"name\":\"Video-Fernstudium &#8211; 5 t\u00e4gige ENERGETIKER-AUSBILDUNG mit Spiritueller Lebensberartung\"}]},{\"@type\":\"WebSite\",\"@id\":\"https:\\\/\\\/heilerakademie.eu\\\/#website\",\"url\":\"https:\\\/\\\/heilerakademie.eu\\\/\",\"name\":\"HEILERAKADEMIE EUROPA\",\"description\":\"Akademie f\u00fcr Alternative Heilungsmethoden und Energiemedizin\",\"potentialAction\":[{\"@type\":\"SearchAction\",\"target\":{\"@type\":\"EntryPoint\",\"urlTemplate\":\"https:\\\/\\\/heilerakademie.eu\\\/?s={search_term_string}\"},\"query-input\":{\"@type\":\"PropertyValueSpecification\",\"valueRequired\":true,\"valueName\":\"search_term_string\"}}],\"inLanguage\":\"de\"}]}<\/script>\n<!-- \/ Yoast SEO plugin. -->","yoast_head_json":{"title":"Video-Fernstudium - 5 t\u00e4gige ENERGETIKER-AUSBILDUNG mit Spiritueller Lebensberartung - HEILERAKADEMIE EUROPA","robots":{"index":"index","follow":"follow","max-snippet":"max-snippet:-1","max-image-preview":"max-image-preview:large","max-video-preview":"max-video-preview:-1"},"canonical":"https:\/\/heilerakademie.eu\/?page_id=1194","og_locale":"de_DE","og_type":"article","og_title":"Video-Fernstudium - 5 t\u00e4gige ENERGETIKER-AUSBILDUNG mit Spiritueller Lebensberartung - HEILERAKADEMIE EUROPA","og_description":"5-t\u00e4giges VIDEO-Fernstudium zum Humanenergetiker der Heilerakademie Europa Die Intensiv-Ausbildung mit den besten, wichtigsten und weltweit erfolgreichsten energetischen Heil- und Beratungs-Methoden f\u00fcr Energetiker und Geistheiler in 5 virtuellen Unterrichtstagen mit \u00fcber 34 Stunden Video-Kapitel und 111 Seiten schriftliches Begleitmaterial. Hier k\u00f6nnen &hellip; Weiterlesen &rarr;","og_url":"https:\/\/heilerakademie.eu\/?page_id=1194","og_site_name":"HEILERAKADEMIE EUROPA","article_modified_time":"2021-10-24T10:05:15+00:00","og_image":[{"url":"https:\/\/akua-events.at\/wp-content\/uploads\/2020\/04\/Humanenergetiker-Fernstudium.png","type":"","width":"","height":""}],"twitter_misc":{"Gesch\u00e4tzte Lesezeit":"2\u00a0Minuten"},"schema":{"@context":"https:\/\/schema.org","@graph":[{"@type":"WebPage","@id":"https:\/\/heilerakademie.eu\/?page_id=1194","url":"https:\/\/heilerakademie.eu\/?page_id=1194","name":"Video-Fernstudium - 5 t\u00e4gige ENERGETIKER-AUSBILDUNG mit Spiritueller Lebensberartung - HEILERAKADEMIE EUROPA","isPartOf":{"@id":"https:\/\/heilerakademie.eu\/#website"},"primaryImageOfPage":{"@id":"https:\/\/heilerakademie.eu\/?page_id=1194#primaryimage"},"image":{"@id":"https:\/\/heilerakademie.eu\/?page_id=1194#primaryimage"},"thumbnailUrl":"https:\/\/akua-events.at\/wp-content\/uploads\/2020\/04\/Humanenergetiker-Fernstudium.png","datePublished":"2021-02-07T17:27:02+00:00","dateModified":"2021-10-24T10:05:15+00:00","breadcrumb":{"@id":"https:\/\/heilerakademie.eu\/?page_id=1194#breadcrumb"},"inLanguage":"de","potentialAction":[{"@type":"ReadAction","target":["https:\/\/heilerakademie.eu\/?page_id=1194"]}]},{"@type":"ImageObject","inLanguage":"de","@id":"https:\/\/heilerakademie.eu\/?page_id=1194#primaryimage","url":"https:\/\/akua-events.at\/wp-content\/uploads\/2020\/04\/Humanenergetiker-Fernstudium.png","contentUrl":"https:\/\/akua-events.at\/wp-content\/uploads\/2020\/04\/Humanenergetiker-Fernstudium.png"},{"@type":"BreadcrumbList","@id":"https:\/\/heilerakademie.eu\/?page_id=1194#breadcrumb","itemListElement":[{"@type":"ListItem","position":1,"name":"Home","item":"https:\/\/heilerakademie.eu\/"},{"@type":"ListItem","position":2,"name":"Video-Fernstudium &#8211; 5 t\u00e4gige ENERGETIKER-AUSBILDUNG mit Spiritueller Lebensberartung"}]},{"@type":"WebSite","@id":"https:\/\/heilerakademie.eu\/#website","url":"https:\/\/heilerakademie.eu\/","name":"HEILERAKADEMIE EUROPA","description":"Akademie f\u00fcr Alternative Heilungsmethoden und Energiemedizin","potentialAction":[{"@type":"SearchAction","target":{"@type":"EntryPoint","urlTemplate":"https:\/\/heilerakademie.eu\/?s={search_term_string}"},"query-input":{"@type":"PropertyValueSpecification","valueRequired":true,"valueName":"search_term_string"}}],"inLanguage":"de"}]}},"_links":{"self":[{"href":"https:\/\/heilerakademie.eu\/index.php?rest_route=\/wp\/v2\/pages\/1194","targetHints":{"allow":["GET"]}}],"collection":[{"href":"https:\/\/heilerakademie.eu\/index.php?rest_route=\/wp\/v2\/pages"}],"about":[{"href":"https:\/\/heilerakademie.eu\/index.php?rest_route=\/wp\/v2\/types\/page"}],"author":[{"embeddable":true,"href":"https:\/\/heilerakademie.eu\/index.php?rest_route=\/wp\/v2\/users\/1"}],"replies":[{"embeddable":true,"href":"https:\/\/heilerakademie.eu\/index.php?rest_route=%2Fwp%2Fv2%2Fcomments&post=1194"}],"version-history":[{"count":3,"href":"https:\/\/heilerakademie.eu\/index.php?rest_route=\/wp\/v2\/pages\/1194\/revisions"}],"predecessor-version":[{"id":1231,"href":"https:\/\/heilerakademie.eu\/index.php?rest_route=\/wp\/v2\/pages\/1194\/revisions\/1231"}],"wp:attachment":[{"href":"https:\/\/heilerakademie.eu\/index.php?rest_route=%2Fwp%2Fv2%2Fmedia&parent=1194"}],"curies":[{"name":"wp","href":"https:\/\/api.w.org\/{rel}","templated":true}]}}