{"id":1197,"date":"2021-02-07T17:33:02","date_gmt":"2021-02-07T17:33:02","guid":{"rendered":"https:\/\/heilerakademie.eu\/?page_id=1197"},"modified":"2021-10-24T10:10:02","modified_gmt":"2021-10-24T10:10:02","slug":"video-fernkurs-aura-reading-die-aura-sehen-und-fuehlen-lernen","status":"publish","type":"page","link":"https:\/\/heilerakademie.eu\/?page_id=1197","title":{"rendered":"Video-Fernkurs AURA-READING &#8211; Die Aura sehen und f\u00fchlen lernen"},"content":{"rendered":"<p><strong>Video-Seminar: AURA READING: Erlernen Sie, das feinstoffliche Energiefeld des Menschen (die Aura) zu f\u00fchlen und zu sehen.<\/strong><\/p>\n<p><strong><img loading=\"lazy\" decoding=\"async\" class=\"alignright wp-image-1068\" src=\"https:\/\/akua-events.at\/wp-content\/uploads\/2017\/12\/Aura-Reading-Fernstudium.png\" alt=\"\" width=\"272\" height=\"384\" \/><\/strong><\/p>\n<p><strong>Fernlehrkurs<\/strong>\u00a0als zeitlich unbegrenzte Streaming-Version in HD-Qualit\u00e4t und zum\u00a0<strong>Einmal-Preis von nur 145 EUR<\/strong> (statt 565 EUR als Offline-Kurs vor Ort) zur Verf\u00fcgung.<\/p>\n<p><a href=\"https:\/\/akua-events.at\/?event=video-fernkurs-aura-reading\" target=\"_blank\" rel=\"noopener\"><strong>Hier kann man gleich online buchen und sofort loslegen&#8230;<\/strong><\/a><\/p>\n<p>Auf Wunsch wird optional nach Durcharbeit aller Videokapitel eine\u00a0<strong>Teilnahme-Urkunde<\/strong> als PDF-Dokument zugestellt (gegen eine kleine Bearbeitungsgeb\u00fchr von 20 EUR).<\/p>\n<p>Sie k\u00f6nnen sich den Fernkurs\u00a0<strong>zeitlich unbegrenzt und sooft wie Sie wollen und an jedem Ort der Welt<\/strong>\u00a0anschauen (Internet gen\u00fcgt). Zugleich werden begleitende schriftliche Unterlagen nach der Buchung als PDF-Dokument zur Verf\u00fcgung gestellt.<\/p>\n<hr \/>\n<p>Jeder Mensch hat eine Aura. Jeder hat schon einmal das Aurafeld eines anderen Menschen gesp\u00fcrt. Das Problem ist, dass die meisten Menschen solche Erlebnisse ignorieren oder sie zu etwas erh\u00f6hen, das sie nicht sind. Mystiker in allen Teilen der Welt sprechen davon, dass sie Lichtph\u00e4nomene um die K\u00f6pfe von Menschen sehen. Doch man braucht kein Mystiker zu sein, um die Aura eines Menschen sehen zu k\u00f6nnen.<br \/>\nDie Heiligenbildmaler fr\u00fcherer Zeiten, insbesondere die Ikonenmaler, malten oft bei heiligen Personen einen \u201cHeiligenschein\u201d um den Kopf, manchmal sogar um den ganzen K\u00f6rper, meist in goldenem Farbton. Diser Heiligenschein war nichts anderes als das k\u00fcnstlerische Ausdrucksmittel f\u00fcr die Aura des Menschen, die bei charismatischen Personen besonders gut zu sehen ist.<br \/>\nJeder kann lernen, Auren klarer zu sehen und zu erfahren. Es erfordert nichts weiter als ein wenig Verst\u00e4ndnis, Zeit, \u00dcbung und Ausdauer.<br \/>\nDie Aura ist in erster Linie das Energiefeld, das alle Materie umgibt. Sie umfasst also auch unseren physischen K\u00f6rper.<br \/>\nDie Aura besteht aus mehreren feinstofflichen K\u00f6rpern, n\u00e4mlich dem \u00c4therk\u00f6rper, dem Emotionalk\u00f6rper, dem Mental- und dem Kausalk\u00f6rper. Es gibt noch weitere energetische K\u00f6rper, die jedoch schwingungsm\u00e4\u00dfig eine so weite Dimension einnehmen, dass\u00a0sie mit der g\u00f6ttlichen Matrix verbunden sind.<\/p>\n<p><strong>Den Trailer zur Video-Ausbildung sehen Sie hier:<\/strong><\/p>\n<p><iframe loading=\"lazy\" src=\"https:\/\/www.youtube.com\/embed\/QMJptX4kDlI\" width=\"560\" height=\"315\" frameborder=\"0\" allowfullscreen=\"allowfullscreen\" data-mce-fragment=\"1\"><\/iframe><\/p>\n<p><strong>Seminarinhalt:<\/strong><\/p>\n<p>AURA SEHEN UND F\u00dcHLEN \u2013 Feinstoffliche Energien wahrnehmen und deuten.<br \/>\n\u2013 Was ist eigentlich die Aura<br \/>\n\u2013 \u00dcbung: Wegdr\u00fccken und Ziehen der Aura<br \/>\n\u2013 Die Aura sp\u00fcren (verschiedene \u00dcbungen)<br \/>\n\u2013 Wie man lernt, die Aura zu sehen<br \/>\n\u2013 \u00dcbungen mit Augentafeln<br \/>\n\u2013 Wie man die Aura eines anderen Menschen sieht<br \/>\n\u2013 Das Messen der Aura mit der W\u00fcnschelrute<br \/>\n\u2013 Die Farben in der Aura<br \/>\n\u2013 Wirksamer Schutz der Aura vor negativen Energien<\/p>\n<p><strong>Seminargeb\u00fchren:\u00a0<\/strong><\/p>\n<ul>\n<li>F\u00fcr beide Video-Tage (11 Video-Kapitel mit knapp 10 Stunden Videomaterial und inkl. schriftliche Unterlagen) nur 145,00 EUR<\/li>\n<li>Falls Sie am Ende des Fernstudiums eine Teilnahme-Urkunde per PDF mit Ihrem pers\u00f6nlichen Namen zugesandt haben wollen, betr\u00e4gt die Studiengeb\u00fchr 165 EUR<\/li>\n<\/ul>\n<p><a href=\"https:\/\/akua-events.at\/?event=video-fernkurs-aura-reading\" target=\"_blank\" rel=\"noopener\"><strong>Hier kann man gleich online buchen und sofort loslegen&#8230;<\/strong><\/a><\/p>\n","protected":false},"excerpt":{"rendered":"<p>Video-Seminar: AURA READING: Erlernen Sie, das feinstoffliche Energiefeld des Menschen (die Aura) zu f\u00fchlen und zu sehen. Fernlehrkurs\u00a0als zeitlich unbegrenzte Streaming-Version in HD-Qualit\u00e4t und zum\u00a0Einmal-Preis von nur 145 EUR (statt 565 EUR als Offline-Kurs vor Ort) zur Verf\u00fcgung. Hier kann &hellip; <a href=\"https:\/\/heilerakademie.eu\/?page_id=1197\">Weiterlesen <span class=\"meta-nav\">&rarr;<\/span><\/a><\/p>\n","protected":false},"author":1,"featured_media":0,"parent":0,"menu_order":0,"comment_status":"closed","ping_status":"closed","template":"","meta":{"footnotes":""},"class_list":["post-1197","page","type-page","status-publish","hentry"],"yoast_head":"<!-- This site is optimized with the Yoast SEO plugin v27.4 - https:\/\/yoast.com\/product\/yoast-seo-wordpress\/ -->\n<title>Video-Fernkurs AURA-READING - Die Aura sehen und f\u00fchlen lernen - HEILERAKADEMIE EUROPA<\/title>\n<meta name=\"robots\" content=\"index, follow, max-snippet:-1, max-image-preview:large, max-video-preview:-1\" \/>\n<link rel=\"canonical\" href=\"https:\/\/heilerakademie.eu\/?page_id=1197\" \/>\n<meta property=\"og:locale\" content=\"de_DE\" \/>\n<meta property=\"og:type\" content=\"article\" \/>\n<meta property=\"og:title\" content=\"Video-Fernkurs AURA-READING - Die Aura sehen und f\u00fchlen lernen - HEILERAKADEMIE EUROPA\" \/>\n<meta property=\"og:description\" content=\"Video-Seminar: AURA READING: Erlernen Sie, das feinstoffliche Energiefeld des Menschen (die Aura) zu f\u00fchlen und zu sehen. Fernlehrkurs\u00a0als zeitlich unbegrenzte Streaming-Version in HD-Qualit\u00e4t und zum\u00a0Einmal-Preis von nur 145 EUR (statt 565 EUR als Offline-Kurs vor Ort) zur Verf\u00fcgung. Hier kann &hellip; Weiterlesen &rarr;\" \/>\n<meta property=\"og:url\" content=\"https:\/\/heilerakademie.eu\/?page_id=1197\" \/>\n<meta property=\"og:site_name\" content=\"HEILERAKADEMIE EUROPA\" \/>\n<meta property=\"article:modified_time\" content=\"2021-10-24T10:10:02+00:00\" \/>\n<meta property=\"og:image\" content=\"https:\/\/akua-events.at\/wp-content\/uploads\/2017\/12\/Aura-Reading-Fernstudium.png\" \/>\n<meta name=\"twitter:label1\" content=\"Gesch\u00e4tzte Lesezeit\" \/>\n\t<meta name=\"twitter:data1\" content=\"3\u00a0Minuten\" \/>\n<script type=\"application\/ld+json\" class=\"yoast-schema-graph\">{\"@context\":\"https:\\\/\\\/schema.org\",\"@graph\":[{\"@type\":\"WebPage\",\"@id\":\"https:\\\/\\\/heilerakademie.eu\\\/?page_id=1197\",\"url\":\"https:\\\/\\\/heilerakademie.eu\\\/?page_id=1197\",\"name\":\"Video-Fernkurs AURA-READING - Die Aura sehen und f\u00fchlen lernen - HEILERAKADEMIE EUROPA\",\"isPartOf\":{\"@id\":\"https:\\\/\\\/heilerakademie.eu\\\/#website\"},\"primaryImageOfPage\":{\"@id\":\"https:\\\/\\\/heilerakademie.eu\\\/?page_id=1197#primaryimage\"},\"image\":{\"@id\":\"https:\\\/\\\/heilerakademie.eu\\\/?page_id=1197#primaryimage\"},\"thumbnailUrl\":\"https:\\\/\\\/akua-events.at\\\/wp-content\\\/uploads\\\/2017\\\/12\\\/Aura-Reading-Fernstudium.png\",\"datePublished\":\"2021-02-07T17:33:02+00:00\",\"dateModified\":\"2021-10-24T10:10:02+00:00\",\"breadcrumb\":{\"@id\":\"https:\\\/\\\/heilerakademie.eu\\\/?page_id=1197#breadcrumb\"},\"inLanguage\":\"de\",\"potentialAction\":[{\"@type\":\"ReadAction\",\"target\":[\"https:\\\/\\\/heilerakademie.eu\\\/?page_id=1197\"]}]},{\"@type\":\"ImageObject\",\"inLanguage\":\"de\",\"@id\":\"https:\\\/\\\/heilerakademie.eu\\\/?page_id=1197#primaryimage\",\"url\":\"https:\\\/\\\/akua-events.at\\\/wp-content\\\/uploads\\\/2017\\\/12\\\/Aura-Reading-Fernstudium.png\",\"contentUrl\":\"https:\\\/\\\/akua-events.at\\\/wp-content\\\/uploads\\\/2017\\\/12\\\/Aura-Reading-Fernstudium.png\"},{\"@type\":\"BreadcrumbList\",\"@id\":\"https:\\\/\\\/heilerakademie.eu\\\/?page_id=1197#breadcrumb\",\"itemListElement\":[{\"@type\":\"ListItem\",\"position\":1,\"name\":\"Home\",\"item\":\"https:\\\/\\\/heilerakademie.eu\\\/\"},{\"@type\":\"ListItem\",\"position\":2,\"name\":\"Video-Fernkurs AURA-READING &#8211; Die Aura sehen und f\u00fchlen lernen\"}]},{\"@type\":\"WebSite\",\"@id\":\"https:\\\/\\\/heilerakademie.eu\\\/#website\",\"url\":\"https:\\\/\\\/heilerakademie.eu\\\/\",\"name\":\"HEILERAKADEMIE EUROPA\",\"description\":\"Akademie f\u00fcr Alternative Heilungsmethoden und Energiemedizin\",\"potentialAction\":[{\"@type\":\"SearchAction\",\"target\":{\"@type\":\"EntryPoint\",\"urlTemplate\":\"https:\\\/\\\/heilerakademie.eu\\\/?s={search_term_string}\"},\"query-input\":{\"@type\":\"PropertyValueSpecification\",\"valueRequired\":true,\"valueName\":\"search_term_string\"}}],\"inLanguage\":\"de\"}]}<\/script>\n<!-- \/ Yoast SEO plugin. -->","yoast_head_json":{"title":"Video-Fernkurs AURA-READING - Die Aura sehen und f\u00fchlen lernen - HEILERAKADEMIE EUROPA","robots":{"index":"index","follow":"follow","max-snippet":"max-snippet:-1","max-image-preview":"max-image-preview:large","max-video-preview":"max-video-preview:-1"},"canonical":"https:\/\/heilerakademie.eu\/?page_id=1197","og_locale":"de_DE","og_type":"article","og_title":"Video-Fernkurs AURA-READING - Die Aura sehen und f\u00fchlen lernen - HEILERAKADEMIE EUROPA","og_description":"Video-Seminar: AURA READING: Erlernen Sie, das feinstoffliche Energiefeld des Menschen (die Aura) zu f\u00fchlen und zu sehen. Fernlehrkurs\u00a0als zeitlich unbegrenzte Streaming-Version in HD-Qualit\u00e4t und zum\u00a0Einmal-Preis von nur 145 EUR (statt 565 EUR als Offline-Kurs vor Ort) zur Verf\u00fcgung. Hier kann &hellip; Weiterlesen &rarr;","og_url":"https:\/\/heilerakademie.eu\/?page_id=1197","og_site_name":"HEILERAKADEMIE EUROPA","article_modified_time":"2021-10-24T10:10:02+00:00","og_image":[{"url":"https:\/\/akua-events.at\/wp-content\/uploads\/2017\/12\/Aura-Reading-Fernstudium.png","type":"","width":"","height":""}],"twitter_misc":{"Gesch\u00e4tzte Lesezeit":"3\u00a0Minuten"},"schema":{"@context":"https:\/\/schema.org","@graph":[{"@type":"WebPage","@id":"https:\/\/heilerakademie.eu\/?page_id=1197","url":"https:\/\/heilerakademie.eu\/?page_id=1197","name":"Video-Fernkurs AURA-READING - Die Aura sehen und f\u00fchlen lernen - HEILERAKADEMIE EUROPA","isPartOf":{"@id":"https:\/\/heilerakademie.eu\/#website"},"primaryImageOfPage":{"@id":"https:\/\/heilerakademie.eu\/?page_id=1197#primaryimage"},"image":{"@id":"https:\/\/heilerakademie.eu\/?page_id=1197#primaryimage"},"thumbnailUrl":"https:\/\/akua-events.at\/wp-content\/uploads\/2017\/12\/Aura-Reading-Fernstudium.png","datePublished":"2021-02-07T17:33:02+00:00","dateModified":"2021-10-24T10:10:02+00:00","breadcrumb":{"@id":"https:\/\/heilerakademie.eu\/?page_id=1197#breadcrumb"},"inLanguage":"de","potentialAction":[{"@type":"ReadAction","target":["https:\/\/heilerakademie.eu\/?page_id=1197"]}]},{"@type":"ImageObject","inLanguage":"de","@id":"https:\/\/heilerakademie.eu\/?page_id=1197#primaryimage","url":"https:\/\/akua-events.at\/wp-content\/uploads\/2017\/12\/Aura-Reading-Fernstudium.png","contentUrl":"https:\/\/akua-events.at\/wp-content\/uploads\/2017\/12\/Aura-Reading-Fernstudium.png"},{"@type":"BreadcrumbList","@id":"https:\/\/heilerakademie.eu\/?page_id=1197#breadcrumb","itemListElement":[{"@type":"ListItem","position":1,"name":"Home","item":"https:\/\/heilerakademie.eu\/"},{"@type":"ListItem","position":2,"name":"Video-Fernkurs AURA-READING &#8211; Die Aura sehen und f\u00fchlen lernen"}]},{"@type":"WebSite","@id":"https:\/\/heilerakademie.eu\/#website","url":"https:\/\/heilerakademie.eu\/","name":"HEILERAKADEMIE EUROPA","description":"Akademie f\u00fcr Alternative Heilungsmethoden und Energiemedizin","potentialAction":[{"@type":"SearchAction","target":{"@type":"EntryPoint","urlTemplate":"https:\/\/heilerakademie.eu\/?s={search_term_string}"},"query-input":{"@type":"PropertyValueSpecification","valueRequired":true,"valueName":"search_term_string"}}],"inLanguage":"de"}]}},"_links":{"self":[{"href":"https:\/\/heilerakademie.eu\/index.php?rest_route=\/wp\/v2\/pages\/1197","targetHints":{"allow":["GET"]}}],"collection":[{"href":"https:\/\/heilerakademie.eu\/index.php?rest_route=\/wp\/v2\/pages"}],"about":[{"href":"https:\/\/heilerakademie.eu\/index.php?rest_route=\/wp\/v2\/types\/page"}],"author":[{"embeddable":true,"href":"https:\/\/heilerakademie.eu\/index.php?rest_route=\/wp\/v2\/users\/1"}],"replies":[{"embeddable":true,"href":"https:\/\/heilerakademie.eu\/index.php?rest_route=%2Fwp%2Fv2%2Fcomments&post=1197"}],"version-history":[{"count":4,"href":"https:\/\/heilerakademie.eu\/index.php?rest_route=\/wp\/v2\/pages\/1197\/revisions"}],"predecessor-version":[{"id":1233,"href":"https:\/\/heilerakademie.eu\/index.php?rest_route=\/wp\/v2\/pages\/1197\/revisions\/1233"}],"wp:attachment":[{"href":"https:\/\/heilerakademie.eu\/index.php?rest_route=%2Fwp%2Fv2%2Fmedia&parent=1197"}],"curies":[{"name":"wp","href":"https:\/\/api.w.org\/{rel}","templated":true}]}}