{"id":1200,"date":"2021-02-07T17:35:58","date_gmt":"2021-02-07T17:35:58","guid":{"rendered":"https:\/\/heilerakademie.eu\/?page_id=1200"},"modified":"2021-10-24T10:11:45","modified_gmt":"2021-10-24T10:11:45","slug":"video-fernstudium-channeling-ausbildung-3-tages-seminar-mit-silvia-kalea-martinek","status":"publish","type":"page","link":"https:\/\/heilerakademie.eu\/?page_id=1200","title":{"rendered":"Video-Fernstudium CHANNELING-AUSBILDUNG. 3-Tages-Seminar mit Silvia Kalea Martinek."},"content":{"rendered":"<h3>VIDEO-SEMINAR: Channeln lernen mit dem bekannten Channelmedium KALEA \u2013 3-Tages-Seminar.<\/h3>\n<p><iframe loading=\"lazy\" src=\"https:\/\/www.youtube.com\/embed\/-2gxH1RjRJY\" width=\"560\" height=\"315\" frameborder=\"0\" allowfullscreen=\"allowfullscreen\" data-mce-fragment=\"1\"><\/iframe><\/p>\n<p><strong>Hinweis:<\/strong>\u00a0Dieses Seminar wurde\u00a0mit drei Profi-Kameras aufgezeichnet und steht nun als\u00a0<strong>Video-Fernlehrkurs<\/strong>\u00a0als zeitlich unbegrenzte Streaming-Version in HD-Qualit\u00e4t und zum\u00a0<strong>Einmal-Preis von nur 295,00 EUR<\/strong> (statt 785 EUR als 3-t\u00e4giger Offline-Kurs vor Ort) zur Verf\u00fcgung.<\/p>\n<p><a href=\"https:\/\/akua-events.at\/?event=neues-fernstudium-video-channeling-ausbildung-3-tages-seminar-mit-silvia-kalea-martinek\" target=\"_blank\" rel=\"noopener\"><strong>Hier kann man den Kurs gleich online buchen und sofort loslegen<\/strong><\/a><\/p>\n<p><img loading=\"lazy\" decoding=\"async\" class=\"alignright wp-image-1298\" src=\"https:\/\/akua-events.at\/wp-content\/uploads\/2020\/03\/Channeling-Fernstudium.png\" alt=\"\" width=\"233\" height=\"329\" \/>Auf Wunsch wird optional nach Durcharbeit aller Videokapitel eine\u00a0<strong>Teilnahme-Urkunde<\/strong>\u00a0als PDF-Dokument zugestellt (gegen eine kleine Bearbeitungsgeb\u00fchr von 15 EUR).<\/p>\n<p>Sie k\u00f6nnen sich den Fernkurs\u00a0<strong>zeitlich unbegrenzt und sooft wie Sie wollen und an jedem Ort der Welt<\/strong>\u00a0anschauen (Internet gen\u00fcgt). Zugleich werden umfangreiche begleitende schriftliche Unterlagen nach der Buchung als PDF-Dokument zur Verf\u00fcgung gestellt.<\/p>\n<p><strong>Mediale Kontakte mit Verstorbenen, Engeln, Geistf\u00fchrer und lebenden Personen aufnehmen lernen.<\/strong><\/p>\n<p><strong>Was ist Channeln ?<\/strong><\/p>\n<p>Channeln bedeutet, dass der menschliche K\u00f6rper als Medium Worte ausspricht oder automatisch aufschreibt, welche er von einer Wesenheit geistig empfangen hat. Das Medium macht sich sozusagen zum Kanal (Channel), durch welches sich eine Wesenheit ausdr\u00fccken kann.<\/p>\n<p><strong>Hierbei kann man folgende Varianten unterscheiden:<\/strong><\/p>\n<ul>\n<li>Gedanken von anderen Menschen empfangen (=Telepathie)<\/li>\n<li>Gedanken von Verstorbenen empfangen (=Jenseitskontakte)<\/li>\n<li>Gedanken von Tieren empfangen (=Tierkommunikation)<\/li>\n<li>Eigene Gedanken (=Denken)<\/li>\n<li>Gedanken von anderen Geistwesen empfangen (=Channeln)<\/li>\n<\/ul>\n<h2><strong><img loading=\"lazy\" decoding=\"async\" class=\"wp-image-1299 alignright\" src=\"https:\/\/akua-events.at\/wp-content\/uploads\/2020\/03\/IMG_20170722_145040-scaled.jpg\" alt=\"\" width=\"353\" height=\"265\" \/><\/strong><\/h2>\n<p><strong>Was ist ein Medium ?<br \/>\n<\/strong>Als Medium wird die Person bezeichnet, welche die gechannelten Worte ausspricht. Das Medium ist also die Person, welche sich als Kanal (Channel) zur Verf\u00fcgung stellt. Personen, welche die empfangenen Worte aufschreiben werden Schreibmedien genannt und Personen, welche Bilder empfangen und malen, sind Malmedien.<\/p>\n<p><strong>Warum w\u00fcnscht man sich den Dialog mit der geistigen Welt so sehnlichst<\/strong>?<br \/>\nDer Wunsch nach Kontaktaufnahme zur Anderswelt kann sehr vielschichtig sein. Meine Klienten bedienen sich gerne meiner Hilfe als Medium bei folgenden Themen:<\/p>\n<ul>\n<li><strong>Kontakt mit Verstorbenen, um ungekl\u00e4rte Dinge zu kl\u00e4ren<\/strong>, z.B.:\n<ul>\n<li>die fehlende letzte Aussprache vor dem Sterben,<\/li>\n<li>Aufr\u00e4umen von Mi\u00dfverst\u00e4ndnissen,<\/li>\n<li>L\u00f6sen von geleisteten Eiden, Schw\u00fcren und Versprechungen<\/li>\n<li>Aufl\u00f6sen von durch den Verstorbenen verursachten einschr\u00e4nkenden Glaubenss\u00e4tzen<\/li>\n<li>Sorge, ob es dem Verstorbenen \u201cdort oben\u201d gut geht<\/li>\n<li>Kl\u00e4rung dar\u00fcber, ob der Verstorbene noch eine Botschaft f\u00fcr den Fragesteller hat<\/li>\n<\/ul>\n<\/li>\n<li><strong>Kontakt mit anderen lebenden Personen<\/strong>, um z.B. Mi\u00dfverst\u00e4ndnisse auf geistig spiritueller Ebene zu bereinigen oder nach vermissten Personen zu suchen<\/li>\n<li><strong>Kontakt mit dem eigenen Geistf\u00fchrer<\/strong>, um z.B. mehr \u00fcber das eigene Lebensziel, die gro\u00dfe Aufgabe, die Berufung zu erfahren<\/li>\n<li><strong>Kontakt mit anderen Wesenheiten<\/strong>, z.B. Engeln oder aufgestiegenen Meistern, um Fragen zum Wohlstand, F\u00fclle, Liebe, Partnerschaft, Beruf\u00a0etc. beantwortet zu bekommen oder zu hinterfragen, warum ein bestimmtes Ereignis passiert ist<\/li>\n<li><strong>Kontakt zur Tierseele<\/strong>, um z.B. zu erfahren, warum dieses Tier bei dem Menschen ist und welche Botschaft es f\u00fcr ihn hat.<\/li>\n<\/ul>\n<p><strong><img loading=\"lazy\" decoding=\"async\" class=\"alignright wp-image-102\" src=\"https:\/\/akua-events.at\/wp-content\/uploads\/2014\/11\/DSC8986-e1416076777161.jpg\" alt=\"\" width=\"276\" height=\"306\" \/><\/strong><\/p>\n<p><strong>Anmeldungen<\/strong>\u00a0weiter unten hier \u00fcber dieses Portal.<\/p>\n<p><strong>Kursleitung:<\/strong><br \/>\n<strong>Silvia Kalea Martinek<\/strong>\u00a0(Channel-Medium und Leiterin der Heilerakademie)<br \/>\nWeitere Infos zu KALEA:\u00a0<a href=\"http:\/\/www.kalea-healing.com\/\" target=\"_blank\" rel=\"noopener noreferrer\">www.kalea-healing.com<\/a><\/p>\n<p><strong>Seminargeb\u00fchr:<br \/>\n<\/strong>Die Kursgeb\u00fchr f\u00fcr dieses Video-Fernstudium betr\u00e4gt 295,00 EUR inkl. umfangreiches, schriftliches Schulungsmaterial und einer gef\u00fchrten Meditation zur direkten Anbindung an den Geistf\u00fchrer, der sich f\u00fcr Sie als Mittler zur geistigen Welt beim Channeln zur Verf\u00fcgung stellen wird.<\/p>\n<p><a href=\"https:\/\/akua-events.at\/?event=neues-fernstudium-video-channeling-ausbildung-3-tages-seminar-mit-silvia-kalea-martinek\" target=\"_blank\" rel=\"noopener\"><strong>Hier kann man den Kurs gleich online buchen und sofort loslegen<\/strong><\/a><\/p>\n","protected":false},"excerpt":{"rendered":"<p>VIDEO-SEMINAR: Channeln lernen mit dem bekannten Channelmedium KALEA \u2013 3-Tages-Seminar. Hinweis:\u00a0Dieses Seminar wurde\u00a0mit drei Profi-Kameras aufgezeichnet und steht nun als\u00a0Video-Fernlehrkurs\u00a0als zeitlich unbegrenzte Streaming-Version in HD-Qualit\u00e4t und zum\u00a0Einmal-Preis von nur 295,00 EUR (statt 785 EUR als 3-t\u00e4giger Offline-Kurs vor Ort) zur &hellip; <a href=\"https:\/\/heilerakademie.eu\/?page_id=1200\">Weiterlesen <span class=\"meta-nav\">&rarr;<\/span><\/a><\/p>\n","protected":false},"author":1,"featured_media":0,"parent":0,"menu_order":0,"comment_status":"closed","ping_status":"closed","template":"","meta":{"footnotes":""},"class_list":["post-1200","page","type-page","status-publish","hentry"],"yoast_head":"<!-- This site is optimized with the Yoast SEO plugin v27.4 - https:\/\/yoast.com\/product\/yoast-seo-wordpress\/ -->\n<title>Video-Fernstudium CHANNELING-AUSBILDUNG. 3-Tages-Seminar mit Silvia Kalea Martinek. - HEILERAKADEMIE EUROPA<\/title>\n<meta name=\"robots\" content=\"index, follow, max-snippet:-1, max-image-preview:large, max-video-preview:-1\" \/>\n<link rel=\"canonical\" href=\"https:\/\/heilerakademie.eu\/?page_id=1200\" \/>\n<meta property=\"og:locale\" content=\"de_DE\" \/>\n<meta property=\"og:type\" content=\"article\" \/>\n<meta property=\"og:title\" content=\"Video-Fernstudium CHANNELING-AUSBILDUNG. 3-Tages-Seminar mit Silvia Kalea Martinek. - HEILERAKADEMIE EUROPA\" \/>\n<meta property=\"og:description\" content=\"VIDEO-SEMINAR: Channeln lernen mit dem bekannten Channelmedium KALEA \u2013 3-Tages-Seminar. Hinweis:\u00a0Dieses Seminar wurde\u00a0mit drei Profi-Kameras aufgezeichnet und steht nun als\u00a0Video-Fernlehrkurs\u00a0als zeitlich unbegrenzte Streaming-Version in HD-Qualit\u00e4t und zum\u00a0Einmal-Preis von nur 295,00 EUR (statt 785 EUR als 3-t\u00e4giger Offline-Kurs vor Ort) zur &hellip; Weiterlesen &rarr;\" \/>\n<meta property=\"og:url\" content=\"https:\/\/heilerakademie.eu\/?page_id=1200\" \/>\n<meta property=\"og:site_name\" content=\"HEILERAKADEMIE EUROPA\" \/>\n<meta property=\"article:modified_time\" content=\"2021-10-24T10:11:45+00:00\" \/>\n<meta property=\"og:image\" content=\"https:\/\/akua-events.at\/wp-content\/uploads\/2020\/03\/Channeling-Fernstudium.png\" \/>\n<meta name=\"twitter:label1\" content=\"Gesch\u00e4tzte Lesezeit\" \/>\n\t<meta name=\"twitter:data1\" content=\"3\u00a0Minuten\" \/>\n<script type=\"application\/ld+json\" class=\"yoast-schema-graph\">{\"@context\":\"https:\\\/\\\/schema.org\",\"@graph\":[{\"@type\":\"WebPage\",\"@id\":\"https:\\\/\\\/heilerakademie.eu\\\/?page_id=1200\",\"url\":\"https:\\\/\\\/heilerakademie.eu\\\/?page_id=1200\",\"name\":\"Video-Fernstudium CHANNELING-AUSBILDUNG. 3-Tages-Seminar mit Silvia Kalea Martinek. - HEILERAKADEMIE EUROPA\",\"isPartOf\":{\"@id\":\"https:\\\/\\\/heilerakademie.eu\\\/#website\"},\"primaryImageOfPage\":{\"@id\":\"https:\\\/\\\/heilerakademie.eu\\\/?page_id=1200#primaryimage\"},\"image\":{\"@id\":\"https:\\\/\\\/heilerakademie.eu\\\/?page_id=1200#primaryimage\"},\"thumbnailUrl\":\"https:\\\/\\\/akua-events.at\\\/wp-content\\\/uploads\\\/2020\\\/03\\\/Channeling-Fernstudium.png\",\"datePublished\":\"2021-02-07T17:35:58+00:00\",\"dateModified\":\"2021-10-24T10:11:45+00:00\",\"breadcrumb\":{\"@id\":\"https:\\\/\\\/heilerakademie.eu\\\/?page_id=1200#breadcrumb\"},\"inLanguage\":\"de\",\"potentialAction\":[{\"@type\":\"ReadAction\",\"target\":[\"https:\\\/\\\/heilerakademie.eu\\\/?page_id=1200\"]}]},{\"@type\":\"ImageObject\",\"inLanguage\":\"de\",\"@id\":\"https:\\\/\\\/heilerakademie.eu\\\/?page_id=1200#primaryimage\",\"url\":\"https:\\\/\\\/akua-events.at\\\/wp-content\\\/uploads\\\/2020\\\/03\\\/Channeling-Fernstudium.png\",\"contentUrl\":\"https:\\\/\\\/akua-events.at\\\/wp-content\\\/uploads\\\/2020\\\/03\\\/Channeling-Fernstudium.png\"},{\"@type\":\"BreadcrumbList\",\"@id\":\"https:\\\/\\\/heilerakademie.eu\\\/?page_id=1200#breadcrumb\",\"itemListElement\":[{\"@type\":\"ListItem\",\"position\":1,\"name\":\"Home\",\"item\":\"https:\\\/\\\/heilerakademie.eu\\\/\"},{\"@type\":\"ListItem\",\"position\":2,\"name\":\"Video-Fernstudium CHANNELING-AUSBILDUNG. 3-Tages-Seminar mit Silvia Kalea Martinek.\"}]},{\"@type\":\"WebSite\",\"@id\":\"https:\\\/\\\/heilerakademie.eu\\\/#website\",\"url\":\"https:\\\/\\\/heilerakademie.eu\\\/\",\"name\":\"HEILERAKADEMIE EUROPA\",\"description\":\"Akademie f\u00fcr Alternative Heilungsmethoden und Energiemedizin\",\"potentialAction\":[{\"@type\":\"SearchAction\",\"target\":{\"@type\":\"EntryPoint\",\"urlTemplate\":\"https:\\\/\\\/heilerakademie.eu\\\/?s={search_term_string}\"},\"query-input\":{\"@type\":\"PropertyValueSpecification\",\"valueRequired\":true,\"valueName\":\"search_term_string\"}}],\"inLanguage\":\"de\"}]}<\/script>\n<!-- \/ Yoast SEO plugin. -->","yoast_head_json":{"title":"Video-Fernstudium CHANNELING-AUSBILDUNG. 3-Tages-Seminar mit Silvia Kalea Martinek. - HEILERAKADEMIE EUROPA","robots":{"index":"index","follow":"follow","max-snippet":"max-snippet:-1","max-image-preview":"max-image-preview:large","max-video-preview":"max-video-preview:-1"},"canonical":"https:\/\/heilerakademie.eu\/?page_id=1200","og_locale":"de_DE","og_type":"article","og_title":"Video-Fernstudium CHANNELING-AUSBILDUNG. 3-Tages-Seminar mit Silvia Kalea Martinek. - HEILERAKADEMIE EUROPA","og_description":"VIDEO-SEMINAR: Channeln lernen mit dem bekannten Channelmedium KALEA \u2013 3-Tages-Seminar. Hinweis:\u00a0Dieses Seminar wurde\u00a0mit drei Profi-Kameras aufgezeichnet und steht nun als\u00a0Video-Fernlehrkurs\u00a0als zeitlich unbegrenzte Streaming-Version in HD-Qualit\u00e4t und zum\u00a0Einmal-Preis von nur 295,00 EUR (statt 785 EUR als 3-t\u00e4giger Offline-Kurs vor Ort) zur &hellip; Weiterlesen &rarr;","og_url":"https:\/\/heilerakademie.eu\/?page_id=1200","og_site_name":"HEILERAKADEMIE EUROPA","article_modified_time":"2021-10-24T10:11:45+00:00","og_image":[{"url":"https:\/\/akua-events.at\/wp-content\/uploads\/2020\/03\/Channeling-Fernstudium.png","type":"","width":"","height":""}],"twitter_misc":{"Gesch\u00e4tzte Lesezeit":"3\u00a0Minuten"},"schema":{"@context":"https:\/\/schema.org","@graph":[{"@type":"WebPage","@id":"https:\/\/heilerakademie.eu\/?page_id=1200","url":"https:\/\/heilerakademie.eu\/?page_id=1200","name":"Video-Fernstudium CHANNELING-AUSBILDUNG. 3-Tages-Seminar mit Silvia Kalea Martinek. - HEILERAKADEMIE EUROPA","isPartOf":{"@id":"https:\/\/heilerakademie.eu\/#website"},"primaryImageOfPage":{"@id":"https:\/\/heilerakademie.eu\/?page_id=1200#primaryimage"},"image":{"@id":"https:\/\/heilerakademie.eu\/?page_id=1200#primaryimage"},"thumbnailUrl":"https:\/\/akua-events.at\/wp-content\/uploads\/2020\/03\/Channeling-Fernstudium.png","datePublished":"2021-02-07T17:35:58+00:00","dateModified":"2021-10-24T10:11:45+00:00","breadcrumb":{"@id":"https:\/\/heilerakademie.eu\/?page_id=1200#breadcrumb"},"inLanguage":"de","potentialAction":[{"@type":"ReadAction","target":["https:\/\/heilerakademie.eu\/?page_id=1200"]}]},{"@type":"ImageObject","inLanguage":"de","@id":"https:\/\/heilerakademie.eu\/?page_id=1200#primaryimage","url":"https:\/\/akua-events.at\/wp-content\/uploads\/2020\/03\/Channeling-Fernstudium.png","contentUrl":"https:\/\/akua-events.at\/wp-content\/uploads\/2020\/03\/Channeling-Fernstudium.png"},{"@type":"BreadcrumbList","@id":"https:\/\/heilerakademie.eu\/?page_id=1200#breadcrumb","itemListElement":[{"@type":"ListItem","position":1,"name":"Home","item":"https:\/\/heilerakademie.eu\/"},{"@type":"ListItem","position":2,"name":"Video-Fernstudium CHANNELING-AUSBILDUNG. 3-Tages-Seminar mit Silvia Kalea Martinek."}]},{"@type":"WebSite","@id":"https:\/\/heilerakademie.eu\/#website","url":"https:\/\/heilerakademie.eu\/","name":"HEILERAKADEMIE EUROPA","description":"Akademie f\u00fcr Alternative Heilungsmethoden und Energiemedizin","potentialAction":[{"@type":"SearchAction","target":{"@type":"EntryPoint","urlTemplate":"https:\/\/heilerakademie.eu\/?s={search_term_string}"},"query-input":{"@type":"PropertyValueSpecification","valueRequired":true,"valueName":"search_term_string"}}],"inLanguage":"de"}]}},"_links":{"self":[{"href":"https:\/\/heilerakademie.eu\/index.php?rest_route=\/wp\/v2\/pages\/1200","targetHints":{"allow":["GET"]}}],"collection":[{"href":"https:\/\/heilerakademie.eu\/index.php?rest_route=\/wp\/v2\/pages"}],"about":[{"href":"https:\/\/heilerakademie.eu\/index.php?rest_route=\/wp\/v2\/types\/page"}],"author":[{"embeddable":true,"href":"https:\/\/heilerakademie.eu\/index.php?rest_route=\/wp\/v2\/users\/1"}],"replies":[{"embeddable":true,"href":"https:\/\/heilerakademie.eu\/index.php?rest_route=%2Fwp%2Fv2%2Fcomments&post=1200"}],"version-history":[{"count":4,"href":"https:\/\/heilerakademie.eu\/index.php?rest_route=\/wp\/v2\/pages\/1200\/revisions"}],"predecessor-version":[{"id":1235,"href":"https:\/\/heilerakademie.eu\/index.php?rest_route=\/wp\/v2\/pages\/1200\/revisions\/1235"}],"wp:attachment":[{"href":"https:\/\/heilerakademie.eu\/index.php?rest_route=%2Fwp%2Fv2%2Fmedia&parent=1200"}],"curies":[{"name":"wp","href":"https:\/\/api.w.org\/{rel}","templated":true}]}}