{"id":1206,"date":"2021-02-07T17:42:12","date_gmt":"2021-02-07T17:42:12","guid":{"rendered":"https:\/\/heilerakademie.eu\/?page_id=1206"},"modified":"2021-10-24T10:07:22","modified_gmt":"2021-10-24T10:07:22","slug":"video-fernstudium-quantenheilung-total-5-tage-heilungs-seminar","status":"publish","type":"page","link":"https:\/\/heilerakademie.eu\/?page_id=1206","title":{"rendered":"VIDEO-Fernstudium: QUANTENHEILUNG TOTAL \u2013 5 Tage Heilungs-Seminar"},"content":{"rendered":"<h2><em>Video-Fernstudium: Q-MATRIX-HEALING\u00ae-TOTAL (Level 1-4)<br \/>\n(Quantenheilung nach der 2-Punkte-Methode)<\/em><\/h2>\n<p><strong><img loading=\"lazy\" decoding=\"async\" class=\"alignright wp-image-947\" src=\"https:\/\/akua-events.at\/wp-content\/uploads\/2017\/05\/17626123_1449698448385004_2886922741701158454_n.jpg\" alt=\"\" width=\"265\" height=\"375\" \/><\/strong><\/p>\n<p><strong>Heilen nach den neuesten Erkenntnissen der Quantenphysik<\/strong><\/p>\n<p><strong>Sind Sie bereit f\u00fcr Q-Matrix-Healing? Fragen Sie sich selbst\u2026<\/strong><\/p>\n<ul>\n<li><em>Leiden Sie unter k\u00f6rperlichen Beschwerden oder Einschr\u00e4nkungen?<\/em><\/li>\n<li><em>Leiden Sie unter sich immer wiederholenden, einschr\u00e4nkenden Glaubens- und Verhaltensmustern, die Sie an sich selbst ablehnen oder gar verw\u00fcnschen?<\/em><\/li>\n<li><em>Haben Sie das Gef\u00fchl, festzustecken im Leben und sehnen Sie sich nach Erf\u00fcllung?<\/em><\/li>\n<li><em>Empfinden Sie h\u00e4ufig Stress, Angst, Furcht, Depression oder Wut auf sich selbst und Ihre Umwelt?<\/em><\/li>\n<li><em>W\u00fcnschen Sie sich mehr Erf\u00fcllung in Ihrer Partnerschaft, in finanziellen Dingen und in das, was Ihr Leben lebenswerter machen k\u00f6nnte?<\/em><\/li>\n<li><em>Sehnen Sie sich danach, Ihr unendliches Potential, Ihre tiefsten W\u00fcnsche und Ihre wahre Gr\u00f6\u00dfe zu erkennen \u2013 Ihre Berufung zu finden?<\/em><\/li>\n<\/ul>\n<p>Haben Sie auch nur eine Frage mit \u201cJa\u201d beantworten k\u00f6nnen, dann sind Sie bereit, mit Q-Matrix-Healing Ihr Leben dauerhaft zu ver\u00e4ndern!<\/p>\n<p><strong>Gerne gebe ich nun mein praktisches Wissen in diesem hochinteressanten und kurzweiligen 5-Tages-Video-Workshop in konzentrierter und effektiver Form als auch in bew\u00e4hrter virtueller Klassenzimmer-Atmosph\u00e4re mit echten Seminarteilnehmern weiter.<\/strong><\/p>\n<p><strong><img loading=\"lazy\" decoding=\"async\" class=\"alignright wp-image-948\" src=\"https:\/\/akua-events.at\/wp-content\/uploads\/2017\/05\/Ashampoo_Snap_2017.05.02_21h32m51s_002_.png\" alt=\"\" width=\"393\" height=\"233\" \/>Die Video-Fernstudium-Enzyklop\u00e4die bekommt nun Nachwuchs.<\/strong>\u00a0Nach dem europaweit erfolgreichsten Start der Video-Ausbildung in g<span class=\"text_exposed_show\">eistigem Heilen (siehe\u00a0<a href=\"https:\/\/heilerakademie.eu\/?page_id=569\" target=\"_blank\" rel=\"nofollow noopener noreferrer\">https:\/\/heilerakademie.eu\/?page_id=569<\/a>) folgt nun die n\u00e4chste komplette Ausbildung im virtuellen Klassenzimmer der Heilerakademie Europa. Die Essenz der QUANTENHEILUNG. 5 Tage Live-Unterricht mit 4 Kameras professionell aufgenommen.<\/span><\/p>\n<p>Garantiert: Nur 10 % theoretisches Grundwissen, 90 % praktische Anwendung des Erlernten in Gruppenarbeit.<\/p>\n<p><a href=\"https:\/\/akua-events.at\/?event=video-fernstudium-quantenheilung\" target=\"_blank\" rel=\"noopener\"><strong>Hier kann man gleich online buchen und sofort loslegen&#8230;<\/strong><\/a><\/p>\n<p><iframe loading=\"lazy\" src=\"https:\/\/www.youtube.com\/embed\/y8EhnbhaEVA\" width=\"560\" height=\"315\" frameborder=\"0\" allowfullscreen=\"allowfullscreen\" data-mce-fragment=\"1\"><\/iframe><br \/>\n<strong>Video-Seminarinhalte dieses umfassenden Power-Workshops (insgesamt 17 Video-Kapitel und umfangreiche, teilweise vertiefende und erg\u00e4nzende Quantenheilungstechniken)<\/strong><\/p>\n<ul>\n<li>Die Zwei-Punkt Methode<\/li>\n<li>Gedanken ver\u00e4ndern Materie<\/li>\n<li>Die \u201cWelle\u201d finden<\/li>\n<li>Selbstanwendung<\/li>\n<li>Anwendung bei Anderen<\/li>\n<li>Negative Glaubenss\u00e4tze transformieren<\/li>\n<li>Paralleluniversen besuchen<\/li>\n<li>vollkommene F\u00e4higkeiten suchen und integrieren<\/li>\n<li>Releasing auf Quantenebene<\/li>\n<li>Anhand der Emotionsskala nach Esther Hicks die Emotionen zu bestimmten Lebensthemen verbessern.<\/li>\n<li>Hinderliche W\u00fcnsche aufl\u00f6sen<\/li>\n<li>Die Zeitreisen-Technik<\/li>\n<li>Mit Symbolen und Archetypen arbeiten<\/li>\n<li>Fernbehandlung<\/li>\n<li>Das reine Bewu\u00dftsein finden<\/li>\n<li>Erweiterte Quantenheilungs-Technik mit heilenden H\u00e4nden<\/li>\n<li>K\u00f6rperliche Heilung<\/li>\n<li>Psychische Heilung<\/li>\n<li>Tiere und Gegenst\u00e4nde<\/li>\n<li><img loading=\"lazy\" decoding=\"async\" class=\"alignright wp-image-949\" src=\"https:\/\/akua-events.at\/wp-content\/uploads\/2017\/05\/Ashampoo_Snap_2017.05.02_21h30m01s_001_.png\" alt=\"\" width=\"368\" height=\"218\" \/>Die 21 Schl\u00fcssel der Heilfrequenzen nach BartlettKollektive oder karmische Muster (Implantate) wie Schw\u00fcre, Eide, Fl\u00fcche, alte Vertr\u00e4ge entfernen<\/li>\n<li>Energetische und systemische Aufstellungen mit Q-Matrix-Healing<\/li>\n<li>Gedanken und Gef\u00fchle steuern<\/li>\n<li>Parallele Zeitlinien verschmelzen lassen<\/li>\n<li>Machtvolle Anker integrieren<\/li>\n<li>Die Sedona-Methode<\/li>\n<li>Die Fenster-Technik<\/li>\n<li>Den eigenen vorbestimmten Lebensweg in harmonischen Fluss bringen<\/li>\n<li>Die Vollspektrum-Chakra-Matrix-Technik<\/li>\n<li>Die hypnotische Q-Matrix-Heailing-Technik<\/li>\n<li>Finanzieller Wohlstand kreieren mit Q-Matrix (F\u00fclle und Wohlstand)<\/li>\n<li>Wohlf\u00fchlgewicht erschaffen mit Q-Matrix<\/li>\n<li>Raucherentw\u00f6hnung mit Q-Matrix<\/li>\n<li>K\u00f6rperliche Heilung mit Quantenheilung<\/li>\n<li>H\u00fcftschiefstellung begradigen<\/li>\n<li>Den Knochenbau ver\u00e4ndern<\/li>\n<li>R\u00fccken- und Nackenprobleme behandeln<\/li>\n<li>Heilende H\u00e4nde<\/li>\n<li>Die Sandwich-Technik<\/li>\n<li>\u00a0Organheilung<\/li>\n<li>St\u00e4rkung des Immunsystems<\/li>\n<li>Die verst\u00e4rkte Q-Matrix-Resonanz-Heilung (Heilung von Gewebe und inneren Organen mit Hilfe einer Reisemeditationstechnik)<\/li>\n<\/ul>\n<p><strong>Teilnahmezertifikat<br \/>\n<\/strong>Auf Wunsch kann gegen eine Verwaltungs- und Organisationsgeb\u00fchr in H\u00f6he von 25 EUR ein Teilnahmezertifkat ausgestellt und zugesandt werden (ausschlie\u00dflich online als PDF-Dokument). Bitte dies unten bei der Buchung bitte extra buchen. Voraussetzung f\u00fcr die Ausstellung des Zertifikates ist das \u201cliken\u201d aller Video-Studieneinheiten (Video-Kapitel) auf Vimeo. Damit sehen wir, dass die Kapitel durchgearbeitet wurden.<\/p>\n<div class=\"content\"><\/div>\n<p><strong>*) Erg\u00e4nzende Informationen:<br \/>\n<\/strong>Mit der Q-MATRIX-HEALING-Methode k\u00f6nnen k\u00f6rperliche, emotionale und mental blockierende Lebensthemen gel\u00f6st werden, nur durch leichte Ber\u00fchrung und durch das reine Bewusstsein. Heilung kann sofort geschehen.<br \/>\nQ-MATRIX-HEALING ist Energiearbeit nach den Erkenntnissen der modernen Quantenphysik und begr\u00fcndet sich insbesondere in den \u00a0ver\u00f6ffentlichten Arbeiten von Dr. Frank Kinslow (Quantenheilung), Dr. Richard Bartlett (Autor von Matrix Energetics), die spezifische Anwendungsm\u00f6glichkeiten der Zwei-Punkt-Methode geschaffen haben. Jedoch auch die im Buch ver\u00f6ffentlichten Erkenntnisse von Bruce Lipton (Intelligente Zellen) oder auch Gregg Braden (Im Einklang mit der g\u00f6ttlichen Matrix) \u00a0sowie die uralten schamanischen Techniken der Hawaiianer untermauern die Tatsache, dass der Geist Materie ver\u00e4ndern kann.<\/p>\n<p>Diese Q-MATRIX-HEALING-Methode entspricht der neuen Zeitqualit\u00e4t.<br \/>\nBegrenzende \u00dcberzeugungen werden nachhaltig aufgel\u00f6st. Ihr sch\u00f6pferisches Potential wird leicht und spielerisch in Aktion gebracht.<br \/>\nDas Bewusstsein erschafft Ihre neue Realit\u00e4t und Sie entdecken, wer Sie wirklich sind.<\/p>\n<p><strong>Seminargeb\u00fchren f\u00fcr das Video-Fernstudium:<\/strong><\/p>\n<p><strong>Alle 5 Tage komplett zum Preis von nur 655 EUR <\/strong>(Das entsprechende Pr\u00e4senz-Seminar vor Ort kostet 1.495 EUR; Ersparnis mindestens 840 EUR; weitere Ersparnisse: keine Reise-, Verpflegungs- und \u00dcbernachtungskosten vor Ort, keine Urlaubstage verlieren).<\/p>\n<p><a href=\"https:\/\/akua-events.at\/?event=video-fernstudium-quantenheilung\" target=\"_blank\" rel=\"noopener\"><strong>Hier kann man gleich online buchen und sofort loslegen&#8230;<\/strong><\/a><\/p>\n<div id=\"attachment_93\" class=\"wp-caption alignright\">\n<p><a href=\"https:\/\/akua-events.at\/wp-content\/uploads\/2014\/11\/DSC8798-klein.jpg\"><img loading=\"lazy\" decoding=\"async\" class=\"wp-image-93 size-full\" src=\"https:\/\/akua-events.at\/wp-content\/uploads\/2014\/11\/DSC8798-klein.jpg\" alt=\"Dozent \/ Ausbilder: Wolfgang T. M\u00fcller\" width=\"250\" height=\"346\" aria-describedby=\"caption-attachment-93\" \/><\/a><\/p>\n<p id=\"caption-attachment-93\" class=\"wp-caption-text\">Dozent \/ Ausbilder: Wolfgang T. M\u00fcller<\/p>\n<\/div>\n<p>&nbsp;<\/p>\n<p><strong>*) Zum Referenten:<\/strong><\/p>\n<p>Wolfgang T. M\u00fcller ist Geistheiler, spiritueller Lebensberater und Lebenslehrer, spiritueller Business-Coach, Vortragsredner und Filmemacher spiritueller Dokumentarfilme ( \u201cDie Heiler-Der Film\u201d, \u201cHeile Dich selbst\u201d sowie \u201cHorst Krohne \u2013 Portrait eines gro\u00dfen Geistheilers\u201d) mit gen\u00fcgender Bodenhaftung (staatl. gepr. Betriebswirt und Autor der Anthologie \u201cDie Heiler \u2013 Spannende Lebensgeschichten\u201d)<br \/>\nEr versteht es durch seine lebendige, mitrei\u00dfende und rheinl\u00e4ndisch-fr\u00f6hliche Art, Menschen zu begeistern und zu motivieren, ihren eigenen, vorbestimmten Lebensweg lustvoll und mit Freude zu gehen.<br \/>\nWolfgang T. M\u00fcller kann jederzeit auch als geistig energetischer Heiler f\u00fcr Einzelberatungen und Sitzungen gebucht werden.<\/p>\n<p>*) Q-MATRIX-HEALING ist ein urheberrechtlich gesch\u00fctzter Begriff von Wolfgang T. M\u00fcller.<\/p>\n<p>Mit der Anmeldung best\u00e4tigen Sie die Kenntnisnahme und Akzeptanz der\u00a0<a href=\"http:\/\/www.heilerakademie.at\/index.php?option=com_content&amp;view=article&amp;id=53&amp;Itemid=59\">Seminar-AGBs<\/a>.<\/p>\n<p>P.S: Hier kein Sonderrabatt f\u00fcr Studienkreis-Mitglieder m\u00f6glich.<\/p>\n<p><a href=\"https:\/\/akua-events.at\/?event=video-fernstudium-quantenheilung\" target=\"_blank\" rel=\"noopener\"><strong>Hier kann man gleich online buchen und sofort loslegen&#8230;<\/strong><\/a><\/p>\n","protected":false},"excerpt":{"rendered":"<p>Video-Fernstudium: Q-MATRIX-HEALING\u00ae-TOTAL (Level 1-4) (Quantenheilung nach der 2-Punkte-Methode) Heilen nach den neuesten Erkenntnissen der Quantenphysik Sind Sie bereit f\u00fcr Q-Matrix-Healing? Fragen Sie sich selbst\u2026 Leiden Sie unter k\u00f6rperlichen Beschwerden oder Einschr\u00e4nkungen? Leiden Sie unter sich immer wiederholenden, einschr\u00e4nkenden Glaubens- und &hellip; <a href=\"https:\/\/heilerakademie.eu\/?page_id=1206\">Weiterlesen <span class=\"meta-nav\">&rarr;<\/span><\/a><\/p>\n","protected":false},"author":1,"featured_media":0,"parent":0,"menu_order":0,"comment_status":"closed","ping_status":"closed","template":"","meta":{"footnotes":""},"class_list":["post-1206","page","type-page","status-publish","hentry"],"yoast_head":"<!-- This site is optimized with the Yoast SEO plugin v27.4 - https:\/\/yoast.com\/product\/yoast-seo-wordpress\/ -->\n<title>VIDEO-Fernstudium: QUANTENHEILUNG TOTAL \u2013 5 Tage Heilungs-Seminar - HEILERAKADEMIE EUROPA<\/title>\n<meta name=\"robots\" content=\"index, follow, max-snippet:-1, max-image-preview:large, max-video-preview:-1\" \/>\n<link rel=\"canonical\" href=\"https:\/\/heilerakademie.eu\/?page_id=1206\" \/>\n<meta property=\"og:locale\" content=\"de_DE\" \/>\n<meta property=\"og:type\" content=\"article\" \/>\n<meta property=\"og:title\" content=\"VIDEO-Fernstudium: QUANTENHEILUNG TOTAL \u2013 5 Tage Heilungs-Seminar - HEILERAKADEMIE EUROPA\" \/>\n<meta property=\"og:description\" content=\"Video-Fernstudium: Q-MATRIX-HEALING\u00ae-TOTAL (Level 1-4) (Quantenheilung nach der 2-Punkte-Methode) Heilen nach den neuesten Erkenntnissen der Quantenphysik Sind Sie bereit f\u00fcr Q-Matrix-Healing? Fragen Sie sich selbst\u2026 Leiden Sie unter k\u00f6rperlichen Beschwerden oder Einschr\u00e4nkungen? Leiden Sie unter sich immer wiederholenden, einschr\u00e4nkenden Glaubens- und &hellip; Weiterlesen &rarr;\" \/>\n<meta property=\"og:url\" content=\"https:\/\/heilerakademie.eu\/?page_id=1206\" \/>\n<meta property=\"og:site_name\" content=\"HEILERAKADEMIE EUROPA\" \/>\n<meta property=\"article:modified_time\" content=\"2021-10-24T10:07:22+00:00\" \/>\n<meta property=\"og:image\" content=\"https:\/\/akua-events.at\/wp-content\/uploads\/2017\/05\/17626123_1449698448385004_2886922741701158454_n.jpg\" \/>\n<meta name=\"twitter:label1\" content=\"Gesch\u00e4tzte Lesezeit\" \/>\n\t<meta name=\"twitter:data1\" content=\"5\u00a0Minuten\" \/>\n<script type=\"application\/ld+json\" class=\"yoast-schema-graph\">{\"@context\":\"https:\\\/\\\/schema.org\",\"@graph\":[{\"@type\":\"WebPage\",\"@id\":\"https:\\\/\\\/heilerakademie.eu\\\/?page_id=1206\",\"url\":\"https:\\\/\\\/heilerakademie.eu\\\/?page_id=1206\",\"name\":\"VIDEO-Fernstudium: QUANTENHEILUNG TOTAL \u2013 5 Tage Heilungs-Seminar - HEILERAKADEMIE EUROPA\",\"isPartOf\":{\"@id\":\"https:\\\/\\\/heilerakademie.eu\\\/#website\"},\"primaryImageOfPage\":{\"@id\":\"https:\\\/\\\/heilerakademie.eu\\\/?page_id=1206#primaryimage\"},\"image\":{\"@id\":\"https:\\\/\\\/heilerakademie.eu\\\/?page_id=1206#primaryimage\"},\"thumbnailUrl\":\"https:\\\/\\\/akua-events.at\\\/wp-content\\\/uploads\\\/2017\\\/05\\\/17626123_1449698448385004_2886922741701158454_n.jpg\",\"datePublished\":\"2021-02-07T17:42:12+00:00\",\"dateModified\":\"2021-10-24T10:07:22+00:00\",\"breadcrumb\":{\"@id\":\"https:\\\/\\\/heilerakademie.eu\\\/?page_id=1206#breadcrumb\"},\"inLanguage\":\"de\",\"potentialAction\":[{\"@type\":\"ReadAction\",\"target\":[\"https:\\\/\\\/heilerakademie.eu\\\/?page_id=1206\"]}]},{\"@type\":\"ImageObject\",\"inLanguage\":\"de\",\"@id\":\"https:\\\/\\\/heilerakademie.eu\\\/?page_id=1206#primaryimage\",\"url\":\"https:\\\/\\\/akua-events.at\\\/wp-content\\\/uploads\\\/2017\\\/05\\\/17626123_1449698448385004_2886922741701158454_n.jpg\",\"contentUrl\":\"https:\\\/\\\/akua-events.at\\\/wp-content\\\/uploads\\\/2017\\\/05\\\/17626123_1449698448385004_2886922741701158454_n.jpg\"},{\"@type\":\"BreadcrumbList\",\"@id\":\"https:\\\/\\\/heilerakademie.eu\\\/?page_id=1206#breadcrumb\",\"itemListElement\":[{\"@type\":\"ListItem\",\"position\":1,\"name\":\"Home\",\"item\":\"https:\\\/\\\/heilerakademie.eu\\\/\"},{\"@type\":\"ListItem\",\"position\":2,\"name\":\"VIDEO-Fernstudium: QUANTENHEILUNG TOTAL \u2013 5 Tage Heilungs-Seminar\"}]},{\"@type\":\"WebSite\",\"@id\":\"https:\\\/\\\/heilerakademie.eu\\\/#website\",\"url\":\"https:\\\/\\\/heilerakademie.eu\\\/\",\"name\":\"HEILERAKADEMIE EUROPA\",\"description\":\"Akademie f\u00fcr Alternative Heilungsmethoden und Energiemedizin\",\"potentialAction\":[{\"@type\":\"SearchAction\",\"target\":{\"@type\":\"EntryPoint\",\"urlTemplate\":\"https:\\\/\\\/heilerakademie.eu\\\/?s={search_term_string}\"},\"query-input\":{\"@type\":\"PropertyValueSpecification\",\"valueRequired\":true,\"valueName\":\"search_term_string\"}}],\"inLanguage\":\"de\"}]}<\/script>\n<!-- \/ Yoast SEO plugin. -->","yoast_head_json":{"title":"VIDEO-Fernstudium: QUANTENHEILUNG TOTAL \u2013 5 Tage Heilungs-Seminar - HEILERAKADEMIE EUROPA","robots":{"index":"index","follow":"follow","max-snippet":"max-snippet:-1","max-image-preview":"max-image-preview:large","max-video-preview":"max-video-preview:-1"},"canonical":"https:\/\/heilerakademie.eu\/?page_id=1206","og_locale":"de_DE","og_type":"article","og_title":"VIDEO-Fernstudium: QUANTENHEILUNG TOTAL \u2013 5 Tage Heilungs-Seminar - HEILERAKADEMIE EUROPA","og_description":"Video-Fernstudium: Q-MATRIX-HEALING\u00ae-TOTAL (Level 1-4) (Quantenheilung nach der 2-Punkte-Methode) Heilen nach den neuesten Erkenntnissen der Quantenphysik Sind Sie bereit f\u00fcr Q-Matrix-Healing? Fragen Sie sich selbst\u2026 Leiden Sie unter k\u00f6rperlichen Beschwerden oder Einschr\u00e4nkungen? Leiden Sie unter sich immer wiederholenden, einschr\u00e4nkenden Glaubens- und &hellip; Weiterlesen &rarr;","og_url":"https:\/\/heilerakademie.eu\/?page_id=1206","og_site_name":"HEILERAKADEMIE EUROPA","article_modified_time":"2021-10-24T10:07:22+00:00","og_image":[{"url":"https:\/\/akua-events.at\/wp-content\/uploads\/2017\/05\/17626123_1449698448385004_2886922741701158454_n.jpg","type":"","width":"","height":""}],"twitter_misc":{"Gesch\u00e4tzte Lesezeit":"5\u00a0Minuten"},"schema":{"@context":"https:\/\/schema.org","@graph":[{"@type":"WebPage","@id":"https:\/\/heilerakademie.eu\/?page_id=1206","url":"https:\/\/heilerakademie.eu\/?page_id=1206","name":"VIDEO-Fernstudium: QUANTENHEILUNG TOTAL \u2013 5 Tage Heilungs-Seminar - HEILERAKADEMIE EUROPA","isPartOf":{"@id":"https:\/\/heilerakademie.eu\/#website"},"primaryImageOfPage":{"@id":"https:\/\/heilerakademie.eu\/?page_id=1206#primaryimage"},"image":{"@id":"https:\/\/heilerakademie.eu\/?page_id=1206#primaryimage"},"thumbnailUrl":"https:\/\/akua-events.at\/wp-content\/uploads\/2017\/05\/17626123_1449698448385004_2886922741701158454_n.jpg","datePublished":"2021-02-07T17:42:12+00:00","dateModified":"2021-10-24T10:07:22+00:00","breadcrumb":{"@id":"https:\/\/heilerakademie.eu\/?page_id=1206#breadcrumb"},"inLanguage":"de","potentialAction":[{"@type":"ReadAction","target":["https:\/\/heilerakademie.eu\/?page_id=1206"]}]},{"@type":"ImageObject","inLanguage":"de","@id":"https:\/\/heilerakademie.eu\/?page_id=1206#primaryimage","url":"https:\/\/akua-events.at\/wp-content\/uploads\/2017\/05\/17626123_1449698448385004_2886922741701158454_n.jpg","contentUrl":"https:\/\/akua-events.at\/wp-content\/uploads\/2017\/05\/17626123_1449698448385004_2886922741701158454_n.jpg"},{"@type":"BreadcrumbList","@id":"https:\/\/heilerakademie.eu\/?page_id=1206#breadcrumb","itemListElement":[{"@type":"ListItem","position":1,"name":"Home","item":"https:\/\/heilerakademie.eu\/"},{"@type":"ListItem","position":2,"name":"VIDEO-Fernstudium: QUANTENHEILUNG TOTAL \u2013 5 Tage Heilungs-Seminar"}]},{"@type":"WebSite","@id":"https:\/\/heilerakademie.eu\/#website","url":"https:\/\/heilerakademie.eu\/","name":"HEILERAKADEMIE EUROPA","description":"Akademie f\u00fcr Alternative Heilungsmethoden und Energiemedizin","potentialAction":[{"@type":"SearchAction","target":{"@type":"EntryPoint","urlTemplate":"https:\/\/heilerakademie.eu\/?s={search_term_string}"},"query-input":{"@type":"PropertyValueSpecification","valueRequired":true,"valueName":"search_term_string"}}],"inLanguage":"de"}]}},"_links":{"self":[{"href":"https:\/\/heilerakademie.eu\/index.php?rest_route=\/wp\/v2\/pages\/1206","targetHints":{"allow":["GET"]}}],"collection":[{"href":"https:\/\/heilerakademie.eu\/index.php?rest_route=\/wp\/v2\/pages"}],"about":[{"href":"https:\/\/heilerakademie.eu\/index.php?rest_route=\/wp\/v2\/types\/page"}],"author":[{"embeddable":true,"href":"https:\/\/heilerakademie.eu\/index.php?rest_route=\/wp\/v2\/users\/1"}],"replies":[{"embeddable":true,"href":"https:\/\/heilerakademie.eu\/index.php?rest_route=%2Fwp%2Fv2%2Fcomments&post=1206"}],"version-history":[{"count":3,"href":"https:\/\/heilerakademie.eu\/index.php?rest_route=\/wp\/v2\/pages\/1206\/revisions"}],"predecessor-version":[{"id":1232,"href":"https:\/\/heilerakademie.eu\/index.php?rest_route=\/wp\/v2\/pages\/1206\/revisions\/1232"}],"wp:attachment":[{"href":"https:\/\/heilerakademie.eu\/index.php?rest_route=%2Fwp%2Fv2%2Fmedia&parent=1206"}],"curies":[{"name":"wp","href":"https:\/\/api.w.org\/{rel}","templated":true}]}}