{"id":131,"date":"2015-02-01T19:17:26","date_gmt":"2015-02-01T19:17:26","guid":{"rendered":"http:\/\/heilerakademieeuropa.apps-1and1.net\/?page_id=131"},"modified":"2017-09-28T11:08:11","modified_gmt":"2017-09-28T11:08:11","slug":"ausbildungen","status":"publish","type":"page","link":"https:\/\/heilerakademie.eu\/?page_id=131","title":{"rendered":"Alle Events der Akademie"},"content":{"rendered":"<p>Auf dieser Seite k\u00f6nnen Sie sich weitere, vertiefende Informationen zu den diversen Ausbildungsg\u00e4ngen der Energetiker-Akademie Europa holen, wenn Sie auf das entsprechende Schl\u00fcsselwort klicken:<\/p>\n<h2>Ausbildungen<\/h2>\n<ul>\n<li><a href=\"https:\/\/heilerakademie.eu\/wp-content\/uploads\/2015\/01\/p1060312-1.jpg\"><img loading=\"lazy\" decoding=\"async\" class=\" size-medium wp-image-94 alignright\" src=\"https:\/\/heilerakademie.eu\/wp-content\/uploads\/2015\/01\/p1060312-1-300x138.jpg\" alt=\"p1060312-1\" width=\"300\" height=\"138\" srcset=\"https:\/\/heilerakademie.eu\/wp-content\/uploads\/2015\/01\/p1060312-1-300x138.jpg 300w, https:\/\/heilerakademie.eu\/wp-content\/uploads\/2015\/01\/p1060312-1.jpg 515w\" sizes=\"auto, (max-width: 300px) 100vw, 300px\" \/><\/a><strong><a title=\"Heilerausbildung\" href=\"https:\/\/heilerakademie.eu\/?page_id=133\">Heilerausbildungen (f\u00fcr Deutschland)<\/a><\/strong><\/li>\n<li><strong><a title=\"Energetiker-Ausbildung\" href=\"https:\/\/heilerakademie.eu\/?page_id=159\">Energetiker-Ausbildung (f\u00fcr \u00d6sterreich)<\/a><\/strong><\/li>\n<li><strong><a href=\"https:\/\/heilerakademie.eu\/?page_id=256\">Ausbildung zum Spirituellen Berater<\/a><\/strong><\/li>\n<li><strong><a href=\"https:\/\/heilerakademie.eu\/?page_id=309\">Channeling-Ausbildung<\/a><\/strong><\/li>\n<li><strong><a href=\"https:\/\/heilerakademie.eu\/?page_id=292\">Lomi-Lomi-Ausbildung<\/a><\/strong><\/li>\n<li><a href=\"https:\/\/heilerakademie.eu\/?page_id=748\"><strong>Train-the-Trainer-Ausbildung f\u00fcr alle k\u00fcnftigen Dozenten der Akademie<\/strong><\/a><\/li>\n<li><strong><a href=\"http:\/\/www.akua-events.com\" target=\"_blank\" rel=\"noopener\">u.v.a. siehe www.akua-events.com<\/a><\/strong><\/li>\n<\/ul>\n<h2>Seminare \/ Workshops<\/h2>\n<ul>\n<li><strong><a href=\"https:\/\/heilerakademie.eu\/?page_id=262\">QuantenEnergetik-Seminar<\/a> <a href=\"https:\/\/heilerakademie.eu\/?page_id=262\">(Q-MATRIX-HEALING\u00ae)<\/a><\/strong><\/li>\n<li><strong><a href=\"https:\/\/heilerakademie.eu\/?page_id=285\" target=\"_blank\" rel=\"noopener\">Aura-Reading-Seminar<\/a><\/strong><\/li>\n<li><strong><a href=\"https:\/\/heilerakademie.eu\/?page_id=392\">Existenzgr\u00fcndungs- und Existenzsicherungs-Seminare f\u00fcr Geistheiler (DE) und Humanenergetiker (AT)<\/a><\/strong><\/li>\n<li><strong><a href=\"https:\/\/heilerakademie.eu\/?page_id=469\">Speed-Reading &#8211;\u00a0Schneller lesen &#8211; besser verstehen &#8211; Mehr behalten!<\/a><\/strong><\/li>\n<li><strong>Spezial-Seminare von Wolfgang T. M\u00fcller (<a href=\"http:\/\/wolfgang-theodor-mueller.com\/?page_id=92\" target=\"_blank\" rel=\"noopener\">siehe auch<\/a> <a href=\"http:\/\/wolfgang-theodor-mueller.com\/?page_id=92\" target=\"_blank\" rel=\"noopener\">w<\/a><a href=\"http:\/\/wolfgang-theodor-mueller.com\/?page_id=92\" target=\"_blank\" rel=\"noopener\">ww.wolfgang-theodor-mueller.com<\/a>)<\/strong>\n<ul>\n<li>\u201cDIE GOLDENEN REGELN DER GESUNDHEIT \u2013 gesund werden, gesund bleiben, steinalt werden!\u201d \u2013 3 Tage<\/li>\n<li>\u201cDIE GOLDENEN REGELN DES LEBENS \u2013 Lebe Dein Leben, nicht das Leben der Anderen!\u201d \u2013 3 Tage<\/li>\n<li>\u201cDIE GOLDENEN REGELN VON LIEBE UND PARTNERSCHAFT \u2013 richtig verlieben, verliebt bleiben, auf Wolke Sieben schweben\u201d \u2013 2 Tage<\/li>\n<li>\u201cDIE GOLDENEN REGELN DER ARBEIT \u2013 vom Beruf zur Berufung. So macht Arbeit Spa\u00df und reich.\u201d \u2013 3 Tage<\/li>\n<li>\u201cWOHLF\u00dcHLGEWICHT MIT QUANTENENERGIE \u2013 So erreicht man sein ideales K\u00f6rpergewicht, in dem man sich wohl f\u00fchlt.\u201d \u2013 1 Tag<\/li>\n<li>\u201cRAUCHEN WAR GESTERN \u2013 NICHTRAUCHEN IST JETZT- So wird man blitzschnell zum Nichtraucher und bleibt es auch.\u201d 1 Tag<\/li>\n<li>\u201cSPEED READING \u2013\u00a0Schneller lesen \u2013 besser verstehen \u2013 Mehr behalten!\u201d \u2013 3 Tage<\/li>\n<li>\u201cK\u00d6RPERSPRACHE \u2013 Nonverbale Kommunikation mit Erfolg verstehen und anwenden\u201d \u2013 3 Tage<\/li>\n<li>\u201cALLES IST M\u00d6GLICH \u2013\u00a0Sei ein Meister der Manifestation\u201d \u2013 3 Tage<\/li>\n<li>\u201cJENSEITS ALLER GRENZEN \u2013 So wandelt man selbstbestimmt durchs Leben\u201d \u2013 3 Tage<\/li>\n<li>\u201cICH STEHE NICHT MEHR ZUR VERF\u00dcGUNG \u2013 Erfolgreiches Abgrenzungstraining\u201d \u2013 2 Tage<\/li>\n<li>\u201cHEILE DICH SELBST \u2013 Die besten und erfolgreichsten Selbsheilungsmethoden\u201d \u2013 3 Tage<\/li>\n<li>\u201cDIE HOHE KUNST DES NEIN-SAGENS\u201d \u2013 Nein sagen lernen ohne Skrupel\u201d \u2013 2 Tage<\/li>\n<li><a href=\"http:\/\/wolfgang-theodor-mueller.com\/wp-content\/uploads\/2014\/10\/IMG_5154-001.jpg\"><img loading=\"lazy\" decoding=\"async\" class=\"alignright size-medium wp-image-300\" src=\"http:\/\/wolfgang-theodor-mueller.com\/wp-content\/uploads\/2014\/10\/IMG_5154-001-269x300.jpg\" sizes=\"auto, (max-width: 269px) 100vw, 269px\" srcset=\"http:\/\/wolfgang-theodor-mueller.com\/wp-content\/uploads\/2014\/10\/IMG_5154-001-269x300.jpg 269w, http:\/\/wolfgang-theodor-mueller.com\/wp-content\/uploads\/2014\/10\/IMG_5154-001.jpg 609w\" alt=\"IMG_5154-001\" width=\"269\" height=\"300\" \/><\/a>\u201cUND DU VERSTEHST MICH DOCH\u00a0\u2013 Erfolgsstrategien f\u00fcr eine harmonische Partnerschaft\u201d \u2013 2 Tage<\/li>\n<li>\u201cDIE UNIVERSELLEN LEBENSGESETZE \u2013 So gestalten Sie Ihr Leben mit\u00a0Erfolg\u201d \u2013 3 Tage<\/li>\n<li>\u201cQUANTENPHYSIK trifft GEISTHEILUNG \u2013 Erfolgreiche Heilungsmethoden mit dem Quantensprung\u201d \u2013 5 Tage (auch als Basic-Fernlehrgang <a href=\"http:\/\/www.makani-multimedia.com\/product_info.php?products_id=30&amp;osCsid=4a13e8c3c4470736ee22f5d0618dfd50\" target=\"_blank\" rel=\"noopener\">auf DVD<\/a> oder <a href=\"https:\/\/vimeo.com\/ondemand\/33368\" target=\"_blank\" rel=\"noopener\">als Video-Streaming<\/a>\u00a0vorhanden)<\/li>\n<\/ul>\n<\/li>\n<\/ul>\n<p><a href=\"http:\/\/wolfgang-theodor-mueller.com\/?page_id=92\" target=\"_blank\" rel=\"noopener\">Weitere Spezial-Seminare und Workshops von <strong>Wolfgang T. M\u00fcller<\/strong> finden sich auf seiner eigenen Internetseite<\/a>.<\/p>\n<h2><strong>Vortragsthemen, die gebucht werden k\u00f6nnen:<\/strong><\/h2>\n<ul>\n<li><strong>BURNOUT<\/strong>\n<ul>\n<li>\u201cBURNOUT \u2013 Ausgebrannt, was nun?\u201d \u2013 2-Stunden-Vortrag zur sanften, alternativen Burnout-Pr\u00e4vention<\/li>\n<li>\u201cFIRMEN-BURNOUT \u2013 Wie Firmenverantwortliche sich erfolgreich vor dem Ausbrennen sch\u00fctzen k\u00f6nnen\u201d 2-Stunden-Vortrag<\/li>\n<li>\u201cBEAMTEN-BURNOUT \u2013 Kein Widerspruch in sich selbst. Wie \u00f6ffentlich Bedienstete wieder zu sich selbst finden\u201d \u2013 2 Stunden-Vortrag<\/li>\n<li>\u201cELTERN-BURNOUT \u2013 Ich kann nicht mehr. Was tun? Strategien raus aus der\u00a0Verzweiflung\u201d \u2013 2 Stunden-Vortrag<\/li>\n<li>\u201cSCH\u00dcLER-BURNOUT \u2013 So bekommt man Schule, Eltern und die Freizeit wieder in den Griff\u201d \u2013 1,5 Stunden-Vortrag<\/li>\n<li>\u201cRENTNER-BOREOUT \u2013 Ein Leben lang geschuftet \u2013 und was nun? Raus aus der Sinnentleerung im Alter\u201d \u2013 1,5 Stunden-Vortrag<\/li>\n<li>\u201cBURNOUT F\u00dcR ANGEH\u00d6RIGE \u2013 Wie gehen Familienmitglieder mit Burnout in der Familie um? \u2013 2 Stunden-Vortrag<\/li>\n<\/ul>\n<\/li>\n<li><strong>LEBENSHILFE \/ SELBSTHILFE<\/strong>\n<ul>\n<li>\u201cENTSCHLEUNIGUNG \u2013 Mit Lust und Langsamkeit das Leben genie\u00dfen\u201d \u2013 1 Stunden Vortrag<\/li>\n<li>\u201cHEILE DICH SELBST \u2013 So aktiviert man seine Selbstheilungskr\u00e4fte\u201d \u2013 2 Stunden-Vortrag mit Live Demonstration<\/li>\n<li>\u201cHO\u2019OPONOPONO \u2013 Die hohe Kunst der Selbstverzeihung\u201d \u2013 2 Stunden Vortrag mit Live-Demonstration<\/li>\n<li>\u201cNEIN SAGEN LERNEN \u2013 Die besten Verweigerung-Strategien f\u00fcr ein selbstbestimmtes Leben\u201d \u2013 2 Stunden Vortrag<\/li>\n<li>\u201cANNEHMEN STATT K\u00c4MPFEN\u00a0\u2013 So lerne ich, mich wieder zu lieben\u201d \u2013 1 Stunden-Vortrag<\/li>\n<li>\u201cICH BIN ICH \u2013 Strategien zur Selbstakzeptanz\u201d \u2013 1 Stunden-Vortrag<\/li>\n<li>\u201cDAS RESONANZ-PRINZIP\u00a0\u2013 Wie ich meine Welt ver\u00e4ndern kann\u201d \u2013 2\u00a0Stunden-Vortrag<\/li>\n<li>\u201cNOW IS THE MOMENT\u201d \u2013 Jetzt ist der Augenblick Deines Lebens\u201d \u2013 1,5 Stunden-Vortrag<\/li>\n<li>\u201cDEIN WILLE GESCHEHE \u2013 Alle Macht ist mit Dir, Du musst es nur tun\u201d \u2013 1,5 Stunden Vortrag<\/li>\n<li>\u201cHILF DIR SELBST \u2013 DANN HILFT DIR GOTT \u2013\u00a0Eigenverantwortung als Zauberformel f\u00fcr ein gl\u00fcckliches Leben\u201d \u2013 1 Stunden-Vortrag<\/li>\n<li>\u201cHALLELUJA UND VERDAMMT NOCH MAL! \u2013 Wie richtiges Fluchen von den Fesseln befreit\u201d \u2013 1-Stunden-Vortrag<\/li>\n<\/ul>\n<\/li>\n<\/ul>\n<ul>\n<li><strong>PARTNERSCHAFT \/ ZUSAMMENLEBEN<\/strong>\n<ul>\n<li>\u201cSCHATZ \u2013 WIR M\u00dcSSEN REDEN \u2013 Wie Partnerschaft funktioniert kann\u201d \u2013 1,5 Stunden Vortrag<\/li>\n<li>\u201cKEINER VERSTEHT MICH \u2013 Endlich raus aus dem Selbstmitleid!\u201d \u2013 1 Stunden-Vortrag<\/li>\n<li>\u201cKANNST DU ES WIRKLICH WISSEN? \u2013 Warum wir glauben, was wir denken. So kommen wir raus aus unseren un\u00fcberpr\u00fcften Geschichten\u201d \u2013 2 Stunden-Vortrag<\/li>\n<\/ul>\n<\/li>\n<li><strong>BERUF \/ KARRIERE\u00a0<\/strong>\n<ul>\n<li>\u201cDIE SPRACHE DEINES K\u00d6RPERS \u2013 Die geheimen Botschaften des K\u00f6rpers entschl\u00fcsseln\u201d \u2013 2 Stunden-Vortrag<\/li>\n<li>\u201cMANIPULATION \u2013 Wie wir uns pausenlos gegenseitig manipulieren und davon profitiere\u201d \u2013 2 Stunden-Vortrag<\/li>\n<li>\u201cLUSTVOLLES ARBEITEN \u2013 Die Einstellung macht\u2019s: So mache ich meinen Beruf zur Berufung\u201d \u2013 2 Stunden-Vortrag<\/li>\n<li>\u201cENTSCHLEUNIGUNG IM MANAGEMENT \u2013 Effektiveres Arbeiten durch Innehalten\u201d \u2013 2 Stunden-Vortrag<\/li>\n<li>\u201cWORK-LIFE-BALANCE \u2013 Hamsterrad ade!\u201d \u2013 2 Stunden-Vortrag<\/li>\n<li>\u201cFIRMEN-BURNOUT \u2013 Wie Firmenverantwortliche sich erfolgreich vor dem Ausbrennen sch\u00fctzen k\u00f6nnen\u201d 2-Stunden-Vortrag<\/li>\n<li>\u201cBEAMTEN-BURNOUT \u2013 Kein Widerspruch in sich selbst. Wie \u00f6ffentlich Bedienstete wieder zu sich selbst finden\u201d \u2013 2 Stunden-Vortrag<\/li>\n<\/ul>\n<\/li>\n<\/ul>\n<ul>\n<li><strong>WUNSCHERF\u00dcLLUNG \/ F\u00dcLLE \/ WOHLSTAND<\/strong>\n<ul>\n<li>\u201cDIE KUNST DES LOSLASSENS \u2013 So kommt Neues in Ihr Leben.\u201d 1,5 Stunden-Vortrag<\/li>\n<li>\u201cGL\u00dcCKSGESETZE \u2013 Anleitungen f\u00fcr ein gl\u00fcckliches, dankbares Leben\u201d \u2013 1,5 Stunden<\/li>\n<li>\u201cDIE HERMETISCHEN GESETZE \u2013 Wie wir die\u00a0universellen Gesetze f\u00fcr uns nutzbar machen k\u00f6nnen\u201d \u2013 2 Stunden-Vortrag<\/li>\n<li>\u201cDAS STERNTALER-PRINZIP \u2013 Die\u00a0besten Wunscherf\u00fcllungs-Strategien\u201d \u2013 1,5 Stunden-Vortrag<\/li>\n<\/ul>\n<\/li>\n<\/ul>\n<ul>\n<li>u.v.a. <strong>Spezialthemen auf Anfrage<\/strong> und auch im Auftrag<\/li>\n<\/ul>\n<p>Die Vortr\u00e4ge k\u00f6nnen auf Wunsch als Inhouse-Vortr\u00e4ge, \u00f6ffentliche Veranstaltung, im Rahmen von Events, als Webinar, als Video-Live-Streaming etc. durchgef\u00fchrt werden.<\/p>\n<p>Viele der Vortr\u00e4ge werden sporadisch auch auf unserer\u00a0Event-Agentur <strong>AKUA-EVENTS<\/strong> organisiert und veranstaltet. Termine und Ticket-Service unter <strong><a href=\"http:\/\/www.akua-events.com\/\" target=\"_blank\" rel=\"noopener\">www.akua-events.com<\/a>.<\/strong><\/p>\n<p>&nbsp;<\/p>\n<p>&nbsp;<\/p>\n","protected":false},"excerpt":{"rendered":"<p>Auf dieser Seite k\u00f6nnen Sie sich weitere, vertiefende Informationen zu den diversen Ausbildungsg\u00e4ngen der Energetiker-Akademie Europa holen, wenn Sie auf das entsprechende Schl\u00fcsselwort klicken: Ausbildungen Heilerausbildungen (f\u00fcr Deutschland) Energetiker-Ausbildung (f\u00fcr \u00d6sterreich) Ausbildung zum Spirituellen Berater Channeling-Ausbildung Lomi-Lomi-Ausbildung Train-the-Trainer-Ausbildung f\u00fcr alle &hellip; <a href=\"https:\/\/heilerakademie.eu\/?page_id=131\">Weiterlesen <span class=\"meta-nav\">&rarr;<\/span><\/a><\/p>\n","protected":false},"author":1,"featured_media":0,"parent":0,"menu_order":0,"comment_status":"closed","ping_status":"closed","template":"","meta":{"footnotes":""},"class_list":["post-131","page","type-page","status-publish","hentry"],"yoast_head":"<!-- This site is optimized with the Yoast SEO plugin v27.4 - https:\/\/yoast.com\/product\/yoast-seo-wordpress\/ -->\n<title>Alle Events der Akademie - HEILERAKADEMIE EUROPA<\/title>\n<meta name=\"robots\" content=\"index, follow, max-snippet:-1, max-image-preview:large, max-video-preview:-1\" \/>\n<link rel=\"canonical\" href=\"https:\/\/heilerakademie.eu\/?page_id=131\" \/>\n<meta property=\"og:locale\" content=\"de_DE\" \/>\n<meta property=\"og:type\" content=\"article\" \/>\n<meta property=\"og:title\" content=\"Alle Events der Akademie - HEILERAKADEMIE EUROPA\" \/>\n<meta property=\"og:description\" content=\"Auf dieser Seite k\u00f6nnen Sie sich weitere, vertiefende Informationen zu den diversen Ausbildungsg\u00e4ngen der Energetiker-Akademie Europa holen, wenn Sie auf das entsprechende Schl\u00fcsselwort klicken: Ausbildungen Heilerausbildungen (f\u00fcr Deutschland) Energetiker-Ausbildung (f\u00fcr \u00d6sterreich) Ausbildung zum Spirituellen Berater Channeling-Ausbildung Lomi-Lomi-Ausbildung Train-the-Trainer-Ausbildung f\u00fcr alle &hellip; Weiterlesen &rarr;\" \/>\n<meta property=\"og:url\" content=\"https:\/\/heilerakademie.eu\/?page_id=131\" \/>\n<meta property=\"og:site_name\" content=\"HEILERAKADEMIE EUROPA\" \/>\n<meta property=\"article:modified_time\" content=\"2017-09-28T11:08:11+00:00\" \/>\n<meta property=\"og:image\" content=\"https:\/\/heilerakademie.eu\/wp-content\/uploads\/2015\/01\/p1060312-1-300x138.jpg\" \/>\n<meta name=\"twitter:label1\" content=\"Gesch\u00e4tzte Lesezeit\" \/>\n\t<meta name=\"twitter:data1\" content=\"4\u00a0Minuten\" \/>\n<script type=\"application\/ld+json\" class=\"yoast-schema-graph\">{\"@context\":\"https:\\\/\\\/schema.org\",\"@graph\":[{\"@type\":\"WebPage\",\"@id\":\"https:\\\/\\\/heilerakademie.eu\\\/?page_id=131\",\"url\":\"https:\\\/\\\/heilerakademie.eu\\\/?page_id=131\",\"name\":\"Alle Events der Akademie - HEILERAKADEMIE EUROPA\",\"isPartOf\":{\"@id\":\"https:\\\/\\\/heilerakademie.eu\\\/#website\"},\"primaryImageOfPage\":{\"@id\":\"https:\\\/\\\/heilerakademie.eu\\\/?page_id=131#primaryimage\"},\"image\":{\"@id\":\"https:\\\/\\\/heilerakademie.eu\\\/?page_id=131#primaryimage\"},\"thumbnailUrl\":\"https:\\\/\\\/heilerakademie.eu\\\/wp-content\\\/uploads\\\/2015\\\/01\\\/p1060312-1-300x138.jpg\",\"datePublished\":\"2015-02-01T19:17:26+00:00\",\"dateModified\":\"2017-09-28T11:08:11+00:00\",\"breadcrumb\":{\"@id\":\"https:\\\/\\\/heilerakademie.eu\\\/?page_id=131#breadcrumb\"},\"inLanguage\":\"de\",\"potentialAction\":[{\"@type\":\"ReadAction\",\"target\":[\"https:\\\/\\\/heilerakademie.eu\\\/?page_id=131\"]}]},{\"@type\":\"ImageObject\",\"inLanguage\":\"de\",\"@id\":\"https:\\\/\\\/heilerakademie.eu\\\/?page_id=131#primaryimage\",\"url\":\"https:\\\/\\\/heilerakademie.eu\\\/wp-content\\\/uploads\\\/2015\\\/01\\\/p1060312-1.jpg\",\"contentUrl\":\"https:\\\/\\\/heilerakademie.eu\\\/wp-content\\\/uploads\\\/2015\\\/01\\\/p1060312-1.jpg\",\"width\":515,\"height\":237},{\"@type\":\"BreadcrumbList\",\"@id\":\"https:\\\/\\\/heilerakademie.eu\\\/?page_id=131#breadcrumb\",\"itemListElement\":[{\"@type\":\"ListItem\",\"position\":1,\"name\":\"Home\",\"item\":\"https:\\\/\\\/heilerakademie.eu\\\/\"},{\"@type\":\"ListItem\",\"position\":2,\"name\":\"Alle Events der Akademie\"}]},{\"@type\":\"WebSite\",\"@id\":\"https:\\\/\\\/heilerakademie.eu\\\/#website\",\"url\":\"https:\\\/\\\/heilerakademie.eu\\\/\",\"name\":\"HEILERAKADEMIE EUROPA\",\"description\":\"Akademie f\u00fcr Alternative Heilungsmethoden und Energiemedizin\",\"potentialAction\":[{\"@type\":\"SearchAction\",\"target\":{\"@type\":\"EntryPoint\",\"urlTemplate\":\"https:\\\/\\\/heilerakademie.eu\\\/?s={search_term_string}\"},\"query-input\":{\"@type\":\"PropertyValueSpecification\",\"valueRequired\":true,\"valueName\":\"search_term_string\"}}],\"inLanguage\":\"de\"}]}<\/script>\n<!-- \/ Yoast SEO plugin. -->","yoast_head_json":{"title":"Alle Events der Akademie - HEILERAKADEMIE EUROPA","robots":{"index":"index","follow":"follow","max-snippet":"max-snippet:-1","max-image-preview":"max-image-preview:large","max-video-preview":"max-video-preview:-1"},"canonical":"https:\/\/heilerakademie.eu\/?page_id=131","og_locale":"de_DE","og_type":"article","og_title":"Alle Events der Akademie - HEILERAKADEMIE EUROPA","og_description":"Auf dieser Seite k\u00f6nnen Sie sich weitere, vertiefende Informationen zu den diversen Ausbildungsg\u00e4ngen der Energetiker-Akademie Europa holen, wenn Sie auf das entsprechende Schl\u00fcsselwort klicken: Ausbildungen Heilerausbildungen (f\u00fcr Deutschland) Energetiker-Ausbildung (f\u00fcr \u00d6sterreich) Ausbildung zum Spirituellen Berater Channeling-Ausbildung Lomi-Lomi-Ausbildung Train-the-Trainer-Ausbildung f\u00fcr alle &hellip; Weiterlesen &rarr;","og_url":"https:\/\/heilerakademie.eu\/?page_id=131","og_site_name":"HEILERAKADEMIE EUROPA","article_modified_time":"2017-09-28T11:08:11+00:00","og_image":[{"url":"https:\/\/heilerakademie.eu\/wp-content\/uploads\/2015\/01\/p1060312-1-300x138.jpg","type":"","width":"","height":""}],"twitter_misc":{"Gesch\u00e4tzte Lesezeit":"4\u00a0Minuten"},"schema":{"@context":"https:\/\/schema.org","@graph":[{"@type":"WebPage","@id":"https:\/\/heilerakademie.eu\/?page_id=131","url":"https:\/\/heilerakademie.eu\/?page_id=131","name":"Alle Events der Akademie - HEILERAKADEMIE EUROPA","isPartOf":{"@id":"https:\/\/heilerakademie.eu\/#website"},"primaryImageOfPage":{"@id":"https:\/\/heilerakademie.eu\/?page_id=131#primaryimage"},"image":{"@id":"https:\/\/heilerakademie.eu\/?page_id=131#primaryimage"},"thumbnailUrl":"https:\/\/heilerakademie.eu\/wp-content\/uploads\/2015\/01\/p1060312-1-300x138.jpg","datePublished":"2015-02-01T19:17:26+00:00","dateModified":"2017-09-28T11:08:11+00:00","breadcrumb":{"@id":"https:\/\/heilerakademie.eu\/?page_id=131#breadcrumb"},"inLanguage":"de","potentialAction":[{"@type":"ReadAction","target":["https:\/\/heilerakademie.eu\/?page_id=131"]}]},{"@type":"ImageObject","inLanguage":"de","@id":"https:\/\/heilerakademie.eu\/?page_id=131#primaryimage","url":"https:\/\/heilerakademie.eu\/wp-content\/uploads\/2015\/01\/p1060312-1.jpg","contentUrl":"https:\/\/heilerakademie.eu\/wp-content\/uploads\/2015\/01\/p1060312-1.jpg","width":515,"height":237},{"@type":"BreadcrumbList","@id":"https:\/\/heilerakademie.eu\/?page_id=131#breadcrumb","itemListElement":[{"@type":"ListItem","position":1,"name":"Home","item":"https:\/\/heilerakademie.eu\/"},{"@type":"ListItem","position":2,"name":"Alle Events der Akademie"}]},{"@type":"WebSite","@id":"https:\/\/heilerakademie.eu\/#website","url":"https:\/\/heilerakademie.eu\/","name":"HEILERAKADEMIE EUROPA","description":"Akademie f\u00fcr Alternative Heilungsmethoden und Energiemedizin","potentialAction":[{"@type":"SearchAction","target":{"@type":"EntryPoint","urlTemplate":"https:\/\/heilerakademie.eu\/?s={search_term_string}"},"query-input":{"@type":"PropertyValueSpecification","valueRequired":true,"valueName":"search_term_string"}}],"inLanguage":"de"}]}},"_links":{"self":[{"href":"https:\/\/heilerakademie.eu\/index.php?rest_route=\/wp\/v2\/pages\/131","targetHints":{"allow":["GET"]}}],"collection":[{"href":"https:\/\/heilerakademie.eu\/index.php?rest_route=\/wp\/v2\/pages"}],"about":[{"href":"https:\/\/heilerakademie.eu\/index.php?rest_route=\/wp\/v2\/types\/page"}],"author":[{"embeddable":true,"href":"https:\/\/heilerakademie.eu\/index.php?rest_route=\/wp\/v2\/users\/1"}],"replies":[{"embeddable":true,"href":"https:\/\/heilerakademie.eu\/index.php?rest_route=%2Fwp%2Fv2%2Fcomments&post=131"}],"version-history":[{"count":23,"href":"https:\/\/heilerakademie.eu\/index.php?rest_route=\/wp\/v2\/pages\/131\/revisions"}],"predecessor-version":[{"id":875,"href":"https:\/\/heilerakademie.eu\/index.php?rest_route=\/wp\/v2\/pages\/131\/revisions\/875"}],"wp:attachment":[{"href":"https:\/\/heilerakademie.eu\/index.php?rest_route=%2Fwp%2Fv2%2Fmedia&parent=131"}],"curies":[{"name":"wp","href":"https:\/\/api.w.org\/{rel}","templated":true}]}}