{"id":159,"date":"2015-02-02T18:07:32","date_gmt":"2015-02-02T18:07:32","guid":{"rendered":"http:\/\/heilerakademieeuropa.apps-1and1.net\/?page_id=159"},"modified":"2022-02-20T16:49:42","modified_gmt":"2022-02-20T16:49:42","slug":"energetiker-ausbildung","status":"publish","type":"page","link":"https:\/\/heilerakademie.eu\/?page_id=159","title":{"rendered":"7-t\u00e4gige Energetiker-Ausbildung"},"content":{"rendered":"<h2><strong>Power-Ausbildung zum Dipl. Energetiker (AT) in 7 Tagen<\/strong><\/h2>\n<p><img loading=\"lazy\" decoding=\"async\" class=\"alignright size-medium wp-image-675\" src=\"https:\/\/heilerakademie.eu\/wp-content\/uploads\/2016\/11\/Screenshot-2015-04-27-17.56.37-300x169.png\" alt=\"\" width=\"300\" height=\"169\" srcset=\"https:\/\/heilerakademie.eu\/wp-content\/uploads\/2016\/11\/Screenshot-2015-04-27-17.56.37-300x169.png 300w, https:\/\/heilerakademie.eu\/wp-content\/uploads\/2016\/11\/Screenshot-2015-04-27-17.56.37-768x432.png 768w, https:\/\/heilerakademie.eu\/wp-content\/uploads\/2016\/11\/Screenshot-2015-04-27-17.56.37-1024x576.png 1024w, https:\/\/heilerakademie.eu\/wp-content\/uploads\/2016\/11\/Screenshot-2015-04-27-17.56.37.png 1366w\" sizes=\"auto, (max-width: 300px) 100vw, 300px\" \/><\/p>\n<p><strong><a href=\"http:\/\/akua-events.at\/?event-tags=energetiker-ausbildung\" target=\"_blank\" rel=\"noopener noreferrer\">Alle aktuellen Ausbildungen mit Online-Buchungsm\u00f6glichkeit finden Sie hier.<\/a><\/strong><\/p>\n<p><strong><a href=\"https:\/\/akua-events.at\/?event=neu-video-fernstudium-5-taegige-energetiker-ausbildung-mit-spiritueller-lebensberatung\" target=\"_blank\" rel=\"noopener noreferrer\">JETZT auch als Video-Fernstudium zum Preis um nur 695 EUR buchbar!<\/a><\/strong><\/p>\n<p><em>(Vorab: unterschiedlicher Geltungsbereich der verwendeten Begriffe, gekennzeichnet durch DE f\u00fcr Deutschland und AT f\u00fcr \u00d6sterreich)<\/em><\/p>\n<p><strong>Intensiv-Ausbildung mit den besten und wichtigsten energetischen Behandlungs- und Beratungs-Methoden f\u00fcr Human-Energetiker. Nur eine Woche intensives Basic-Training und Sie k\u00f6nnen mit dem freien Gewerbe &#8222;Humanenergetiker&#8220; erfolgreich in die Selbst\u00e4ndigkeit starten.<\/strong><\/p>\n<p>Das Energetiker-Gewerbe in \u00d6sterreich ist ein sogenanntes freies Gewerbe nach \u00a7 5 Abs. 2 GewO. Es darf von jedem auch ohne Vorkenntnisse und ohne staatliche Reglementierung ausge\u00fcbt werden. Jedoch sind besonders hier die Abgrenzungen zur nur den \u00c4rzten erlaubten T\u00e4tigkeiten und gegen\u00fcber dem reglementierten Gewerbe zu beachten.<\/p>\n<p>Die offizielle Bezeichnung dieses freien Gewerbes, welches besser als Energetiker, Energethiker, Humanenergetiker oder auch Geistheiler bekannt ist, lautet wie folgt:<\/p>\n<p><strong><em>&#8222;Hilfestellung zur Erreichung einer k\u00f6rperlichen bzw. energetischen Ausgewogenheit &#8211; mittels der Methode von Dr. Bach, mittels Biofeedback oder Bioresonanz, mittels Auswahl von Farben, D\u00fcften, von Lichtquellen, Auswahl von Aromastoffen, von Edelsteinen, von Musik, &#8211; unter Anwendung kinesiologischer Methoden, Interpretation der Aura, mittels Magnetfeldanwendung, durch sanfte Ber\u00fchrung des K\u00f6rpers bzw. gezieltes Auflegen der H\u00e4nde an bestimmten K\u00f6rperstellen, mittels Cranio Sacral Balancing&#8220;<\/em><\/strong><\/p>\n<p><strong>Um es nochmals ganz deutlich zu machen:<\/strong> Es bedarf keinerlei Ausbildung, Pr\u00fcfung oder sonstiger Reglementierung, um dieses freie Gewerbe aus\u00fcben zu d\u00fcrfen. Anmeldung beim Gewerbeamt gen\u00fcgt.<\/p>\n<p><strong>Jedoch ist \u2013 wie in jedem Beruf, den man seri\u00f6s und vor allem auch erfolgreich aus\u00fcben m\u00f6chte, gewisse Basiskenntnisse von existentieller Bedeutung.<\/strong><\/p>\n<p>Wir bieten bereits seit Jahren sehr erfolgreich eine <a title=\"Heilerausbildung\" href=\"https:\/\/heilerakademie.eu\/?page_id=133\">allumfassende, ganzheitliche Ausbildung zum Geistheiler (DE), Energetiker (AT) und spirituellen Lebensberater (DE)<\/a> an. Zwei verschiedene Ausbildungsg\u00e4nge (<a title=\"Wochenend-Heilerausbildung\" href=\"https:\/\/heilerakademie.eu\/?page_id=149\">berufsbegleitende Wochenend-Ausbildung<\/a> und <a title=\"Heilerausbildung \u2013 blockorientiert \u2013 4 x 7 Tage\" href=\"https:\/\/heilerakademie.eu\/?page_id=141\">Blockunterricht von 4 x 7 Tage<\/a>) von je rund 200 Stunden Unterricht sorgen daf\u00fcr, dass der Absolvent danach \u00fcber ein sehr abgerundetes Wissen und praktisch erworbene Kenntnisse in allen Bereichen der geistig energetischen Behandlung, dem Schamanismus, der wichtigen spirituellen Beratung, aber auch \u00fcber betriebswirtschaftliche Kenntnisse verf\u00fcgt, um so direkt erfolgreich eine eigene Praxis betreiben zu k\u00f6nnen.<br \/>\nZusammengerechnet einen ganzen Monat Unterricht \u2013 und das noch in Kleinstgruppen von maximal 12 Personen haben nat\u00fcrlich ihren Preis. Und f\u00fcr viele, die sehr gerne <strong>die notwendigen Basics f\u00fcr eine Energetiker-Praxis<\/strong> erlernen wollen, sind 4 Wochen Gesamtunterricht und ein Seminarpreis von 6.895 EUR oft ein nicht zu \u00fcberwindendes Hindernis in eine erfolgreiche selbst\u00e4ndige Praxis.<\/p>\n<p><strong>Ihr Wunsch ist uns ein Vergn\u00fcgen!<\/strong><\/p>\n<p>Auf Wunsch sehr vieler Interessenten haben wir uns deshalb entschlossen, eine entschlackte, auf <strong>die allerwichtigsten Behandlungs- und Beratungsmethoden abgestimmte Power-Ausbildung<\/strong> zu konzipieren und ab sofort anzubieten.<\/p>\n<p>So k\u00f6nnen Sie ab sofort eine <strong>7-t\u00e4gige Crash-Ausbildung<\/strong> zu einem\u00a0<strong>Super-Seminarpreis von 1.895 EUR (inkl. 20 % MwSt)<\/strong> buchen. Am Ende der erfolgreichen Ausbildung erhalten Sie ein wertvolles Diplom zum lizenzierten Energetiker der Energetiker-Akademie Europa.<\/p>\n<p><strong><a href=\"http:\/\/akua-events.at\/?event-tags=energetiker-ausbildung\" target=\"_blank\" rel=\"noopener noreferrer\">Alle aktuellen Ausbildungen mit Online-Buchungsm\u00f6glichkeit finden Sie hier.<\/a><\/strong><\/p>\n<p><strong>Die Energetiker-Ausbildung umfasst folgende Inhalte:<\/strong><\/p>\n<ul>\n<li>Chakra-Arbeit, Chakra-Lehre, Chakra-Ausgleich und Chakra-Harmonisierung<\/li>\n<li>Heilende H\u00e4nde (DE) \/ Ber\u00fchrung des K\u00f6rpers durch Auflegen energetisierter H\u00e4nde (AT)<\/li>\n<li>Kinesiologie-Arbeit<\/li>\n<li>Umgang und Einsatz von Pendel und Tensor<\/li>\n<li>Spirituelle, energetische Beratung mittels bestimmter Fragetechniken wie z.B. The Work, Sedona-Technik, O.K.-Technik etc.<\/li>\n<li>Q-Matrix-Healing\u00ae (Quanten-Energetik) mit Fernbehandlung<\/li>\n<li>Energetische Wirbels\u00e4ulenaufrichtung und Beckenschiefstandsbegradigung<\/li>\n<li>Energiemedizin nach K\u00f6rbler \/ Neue Hom\u00f6opathie<\/li>\n<\/ul>\n<p>Die Ausbildung beginnt jeweils um 10.00 Uhr und endet gegen 17.00 Uhr. Die t\u00e4gliche Ausbildungszeit betr\u00e4gt netto ca. 6 Unterrichtsstunden. Insgesamt ca. 42 Unterrichtseinheiten.<\/p>\n<p>Oft finden in den vorhergehenden oder in den darauffolgenden Wochenenden vertiefende Spezial-Seminare zu verschiedenen erg\u00e4nzenden alternativmedzinischen Methoden statt.<\/p>\n<p><strong> <img loading=\"lazy\" decoding=\"async\" class=\"alignright size-medium wp-image-561\" src=\"https:\/\/heilerakademie.eu\/wp-content\/uploads\/2015\/02\/DSC8956-217x300.jpg\" alt=\"_DSC8956\" width=\"217\" height=\"300\" srcset=\"https:\/\/heilerakademie.eu\/wp-content\/uploads\/2015\/02\/DSC8956-217x300.jpg 217w, https:\/\/heilerakademie.eu\/wp-content\/uploads\/2015\/02\/DSC8956.jpg 614w\" sizes=\"auto, (max-width: 217px) 100vw, 217px\" \/>Wer sich nach dieser Ausbildung dazu entschlie\u00dft, die ganzheitliche gro\u00dfe Heilerausbildung (DE) \/ Energetikerausbildung (AT) von rund 200 Stunden zu \u00a0absolvieren, erh\u00e4lt einen Nachlass von 480 EUR auf die Seminargeb\u00fchr der <a title=\"Heilerausbildung\" href=\"https:\/\/heilerakademie.eu\/?page_id=133\">gro\u00dfen Ausbildung<\/a>.<\/strong><\/p>\n<p>Diese <strong>7-t\u00e4gige Energetiker-Ausbildung<\/strong> wird geleitet von\u00a0<strong><a title=\"Silvia Martinek\" href=\"https:\/\/heilerakademie.eu\/?page_id=50\">Silvia Martinek<\/a><\/strong>, Leiterin der Heilerakademie Europa<strong>\u00a0<\/strong>sowie<strong> <a href=\"https:\/\/heilerakademie.eu\/?page_id=45\">Wolfgang T. M\u00fcller<\/a>, <\/strong>Gr\u00fcnder und Leiter der Energetiker-Akademie Europa<\/p>\n<p><strong>Haftungsausschluss:<\/strong> Jeder Teilnehmer entscheidet, inwieweit er\/sie sich\u00a0auf die angebotenen Prozesse einl\u00e4sst und ist f\u00fcr sich selbst\u00a0verantwortlich. Der Veranstalter haftet nicht f\u00fcr Sch\u00e4den an Eigentum und Gesundheit. Mit der Anmeldung erkennen Sie die AGBs und Bedingungen an\u00a0und verpflichten sich zur Einhaltung. Programm\u00e4nderungen vorbehalten.<\/p>\n<p><strong>Wichtiger finanzieller Hinweis.<\/strong> Die Ausbildungskosten k\u00f6nnen unter Umst\u00e4nden bis zu 100 % vom AMS \u00fcbernommen werden. Fragen Sie ggf. direkt bei Ihrem AMS vor Anmeldung an und lassen Sie sich die Kosten\u00fcbernahme schriftlich best\u00e4tigen. Diese Auskunft erfolgt ohne Gew\u00e4hr oder Rechtsanspruch.<\/p>\n<p><strong><a href=\"http:\/\/akua-events.at\/?event-tags=energetiker-ausbildung\" target=\"_blank\" rel=\"noopener noreferrer\">Alle aktuellen Ausbildungen mit Online-Buchungsm\u00f6glichkeit finden Sie hier.<\/a><\/strong><\/p>\n","protected":false},"excerpt":{"rendered":"<p>Power-Ausbildung zum Dipl. Energetiker (AT) in 7 Tagen Alle aktuellen Ausbildungen mit Online-Buchungsm\u00f6glichkeit finden Sie hier. JETZT auch als Video-Fernstudium zum Preis um nur 695 EUR buchbar! (Vorab: unterschiedlicher Geltungsbereich der verwendeten Begriffe, gekennzeichnet durch DE f\u00fcr Deutschland und AT &hellip; <a href=\"https:\/\/heilerakademie.eu\/?page_id=159\">Weiterlesen <span class=\"meta-nav\">&rarr;<\/span><\/a><\/p>\n","protected":false},"author":1,"featured_media":0,"parent":0,"menu_order":0,"comment_status":"closed","ping_status":"closed","template":"","meta":{"footnotes":""},"class_list":["post-159","page","type-page","status-publish","hentry"],"yoast_head":"<!-- This site is optimized with the Yoast SEO plugin v27.4 - https:\/\/yoast.com\/product\/yoast-seo-wordpress\/ -->\n<title>7-t\u00e4gige Energetiker-Ausbildung - HEILERAKADEMIE EUROPA<\/title>\n<meta name=\"robots\" content=\"index, follow, max-snippet:-1, max-image-preview:large, max-video-preview:-1\" \/>\n<link rel=\"canonical\" href=\"https:\/\/heilerakademie.eu\/?page_id=159\" \/>\n<meta property=\"og:locale\" content=\"de_DE\" \/>\n<meta property=\"og:type\" content=\"article\" \/>\n<meta property=\"og:title\" content=\"7-t\u00e4gige Energetiker-Ausbildung - HEILERAKADEMIE EUROPA\" \/>\n<meta property=\"og:description\" content=\"Power-Ausbildung zum Dipl. Energetiker (AT) in 7 Tagen Alle aktuellen Ausbildungen mit Online-Buchungsm\u00f6glichkeit finden Sie hier. JETZT auch als Video-Fernstudium zum Preis um nur 695 EUR buchbar! (Vorab: unterschiedlicher Geltungsbereich der verwendeten Begriffe, gekennzeichnet durch DE f\u00fcr Deutschland und AT &hellip; Weiterlesen &rarr;\" \/>\n<meta property=\"og:url\" content=\"https:\/\/heilerakademie.eu\/?page_id=159\" \/>\n<meta property=\"og:site_name\" content=\"HEILERAKADEMIE EUROPA\" \/>\n<meta property=\"article:modified_time\" content=\"2022-02-20T16:49:42+00:00\" \/>\n<meta property=\"og:image\" content=\"https:\/\/heilerakademie.eu\/wp-content\/uploads\/2016\/11\/Screenshot-2015-04-27-17.56.37-300x169.png\" \/>\n<meta name=\"twitter:label1\" content=\"Gesch\u00e4tzte Lesezeit\" \/>\n\t<meta name=\"twitter:data1\" content=\"5\u00a0Minuten\" \/>\n<script type=\"application\/ld+json\" class=\"yoast-schema-graph\">{\"@context\":\"https:\\\/\\\/schema.org\",\"@graph\":[{\"@type\":\"WebPage\",\"@id\":\"https:\\\/\\\/heilerakademie.eu\\\/?page_id=159\",\"url\":\"https:\\\/\\\/heilerakademie.eu\\\/?page_id=159\",\"name\":\"7-t\u00e4gige Energetiker-Ausbildung - HEILERAKADEMIE EUROPA\",\"isPartOf\":{\"@id\":\"https:\\\/\\\/heilerakademie.eu\\\/#website\"},\"primaryImageOfPage\":{\"@id\":\"https:\\\/\\\/heilerakademie.eu\\\/?page_id=159#primaryimage\"},\"image\":{\"@id\":\"https:\\\/\\\/heilerakademie.eu\\\/?page_id=159#primaryimage\"},\"thumbnailUrl\":\"https:\\\/\\\/heilerakademie.eu\\\/wp-content\\\/uploads\\\/2016\\\/11\\\/Screenshot-2015-04-27-17.56.37-300x169.png\",\"datePublished\":\"2015-02-02T18:07:32+00:00\",\"dateModified\":\"2022-02-20T16:49:42+00:00\",\"breadcrumb\":{\"@id\":\"https:\\\/\\\/heilerakademie.eu\\\/?page_id=159#breadcrumb\"},\"inLanguage\":\"de\",\"potentialAction\":[{\"@type\":\"ReadAction\",\"target\":[\"https:\\\/\\\/heilerakademie.eu\\\/?page_id=159\"]}]},{\"@type\":\"ImageObject\",\"inLanguage\":\"de\",\"@id\":\"https:\\\/\\\/heilerakademie.eu\\\/?page_id=159#primaryimage\",\"url\":\"https:\\\/\\\/heilerakademie.eu\\\/wp-content\\\/uploads\\\/2016\\\/11\\\/Screenshot-2015-04-27-17.56.37.png\",\"contentUrl\":\"https:\\\/\\\/heilerakademie.eu\\\/wp-content\\\/uploads\\\/2016\\\/11\\\/Screenshot-2015-04-27-17.56.37.png\",\"width\":1366,\"height\":768},{\"@type\":\"BreadcrumbList\",\"@id\":\"https:\\\/\\\/heilerakademie.eu\\\/?page_id=159#breadcrumb\",\"itemListElement\":[{\"@type\":\"ListItem\",\"position\":1,\"name\":\"Home\",\"item\":\"https:\\\/\\\/heilerakademie.eu\\\/\"},{\"@type\":\"ListItem\",\"position\":2,\"name\":\"7-t\u00e4gige Energetiker-Ausbildung\"}]},{\"@type\":\"WebSite\",\"@id\":\"https:\\\/\\\/heilerakademie.eu\\\/#website\",\"url\":\"https:\\\/\\\/heilerakademie.eu\\\/\",\"name\":\"HEILERAKADEMIE EUROPA\",\"description\":\"Akademie f\u00fcr Alternative Heilungsmethoden und Energiemedizin\",\"potentialAction\":[{\"@type\":\"SearchAction\",\"target\":{\"@type\":\"EntryPoint\",\"urlTemplate\":\"https:\\\/\\\/heilerakademie.eu\\\/?s={search_term_string}\"},\"query-input\":{\"@type\":\"PropertyValueSpecification\",\"valueRequired\":true,\"valueName\":\"search_term_string\"}}],\"inLanguage\":\"de\"}]}<\/script>\n<!-- \/ Yoast SEO plugin. -->","yoast_head_json":{"title":"7-t\u00e4gige Energetiker-Ausbildung - HEILERAKADEMIE EUROPA","robots":{"index":"index","follow":"follow","max-snippet":"max-snippet:-1","max-image-preview":"max-image-preview:large","max-video-preview":"max-video-preview:-1"},"canonical":"https:\/\/heilerakademie.eu\/?page_id=159","og_locale":"de_DE","og_type":"article","og_title":"7-t\u00e4gige Energetiker-Ausbildung - HEILERAKADEMIE EUROPA","og_description":"Power-Ausbildung zum Dipl. Energetiker (AT) in 7 Tagen Alle aktuellen Ausbildungen mit Online-Buchungsm\u00f6glichkeit finden Sie hier. JETZT auch als Video-Fernstudium zum Preis um nur 695 EUR buchbar! (Vorab: unterschiedlicher Geltungsbereich der verwendeten Begriffe, gekennzeichnet durch DE f\u00fcr Deutschland und AT &hellip; Weiterlesen &rarr;","og_url":"https:\/\/heilerakademie.eu\/?page_id=159","og_site_name":"HEILERAKADEMIE EUROPA","article_modified_time":"2022-02-20T16:49:42+00:00","og_image":[{"url":"https:\/\/heilerakademie.eu\/wp-content\/uploads\/2016\/11\/Screenshot-2015-04-27-17.56.37-300x169.png","type":"","width":"","height":""}],"twitter_misc":{"Gesch\u00e4tzte Lesezeit":"5\u00a0Minuten"},"schema":{"@context":"https:\/\/schema.org","@graph":[{"@type":"WebPage","@id":"https:\/\/heilerakademie.eu\/?page_id=159","url":"https:\/\/heilerakademie.eu\/?page_id=159","name":"7-t\u00e4gige Energetiker-Ausbildung - HEILERAKADEMIE EUROPA","isPartOf":{"@id":"https:\/\/heilerakademie.eu\/#website"},"primaryImageOfPage":{"@id":"https:\/\/heilerakademie.eu\/?page_id=159#primaryimage"},"image":{"@id":"https:\/\/heilerakademie.eu\/?page_id=159#primaryimage"},"thumbnailUrl":"https:\/\/heilerakademie.eu\/wp-content\/uploads\/2016\/11\/Screenshot-2015-04-27-17.56.37-300x169.png","datePublished":"2015-02-02T18:07:32+00:00","dateModified":"2022-02-20T16:49:42+00:00","breadcrumb":{"@id":"https:\/\/heilerakademie.eu\/?page_id=159#breadcrumb"},"inLanguage":"de","potentialAction":[{"@type":"ReadAction","target":["https:\/\/heilerakademie.eu\/?page_id=159"]}]},{"@type":"ImageObject","inLanguage":"de","@id":"https:\/\/heilerakademie.eu\/?page_id=159#primaryimage","url":"https:\/\/heilerakademie.eu\/wp-content\/uploads\/2016\/11\/Screenshot-2015-04-27-17.56.37.png","contentUrl":"https:\/\/heilerakademie.eu\/wp-content\/uploads\/2016\/11\/Screenshot-2015-04-27-17.56.37.png","width":1366,"height":768},{"@type":"BreadcrumbList","@id":"https:\/\/heilerakademie.eu\/?page_id=159#breadcrumb","itemListElement":[{"@type":"ListItem","position":1,"name":"Home","item":"https:\/\/heilerakademie.eu\/"},{"@type":"ListItem","position":2,"name":"7-t\u00e4gige Energetiker-Ausbildung"}]},{"@type":"WebSite","@id":"https:\/\/heilerakademie.eu\/#website","url":"https:\/\/heilerakademie.eu\/","name":"HEILERAKADEMIE EUROPA","description":"Akademie f\u00fcr Alternative Heilungsmethoden und Energiemedizin","potentialAction":[{"@type":"SearchAction","target":{"@type":"EntryPoint","urlTemplate":"https:\/\/heilerakademie.eu\/?s={search_term_string}"},"query-input":{"@type":"PropertyValueSpecification","valueRequired":true,"valueName":"search_term_string"}}],"inLanguage":"de"}]}},"_links":{"self":[{"href":"https:\/\/heilerakademie.eu\/index.php?rest_route=\/wp\/v2\/pages\/159","targetHints":{"allow":["GET"]}}],"collection":[{"href":"https:\/\/heilerakademie.eu\/index.php?rest_route=\/wp\/v2\/pages"}],"about":[{"href":"https:\/\/heilerakademie.eu\/index.php?rest_route=\/wp\/v2\/types\/page"}],"author":[{"embeddable":true,"href":"https:\/\/heilerakademie.eu\/index.php?rest_route=\/wp\/v2\/users\/1"}],"replies":[{"embeddable":true,"href":"https:\/\/heilerakademie.eu\/index.php?rest_route=%2Fwp%2Fv2%2Fcomments&post=159"}],"version-history":[{"count":14,"href":"https:\/\/heilerakademie.eu\/index.php?rest_route=\/wp\/v2\/pages\/159\/revisions"}],"predecessor-version":[{"id":1238,"href":"https:\/\/heilerakademie.eu\/index.php?rest_route=\/wp\/v2\/pages\/159\/revisions\/1238"}],"wp:attachment":[{"href":"https:\/\/heilerakademie.eu\/index.php?rest_route=%2Fwp%2Fv2%2Fmedia&parent=159"}],"curies":[{"name":"wp","href":"https:\/\/api.w.org\/{rel}","templated":true}]}}