{"id":2,"date":"2015-01-07T16:11:22","date_gmt":"2015-01-07T16:11:22","guid":{"rendered":"http:\/\/heilerakademieeuropa.apps-1and1.net\/?page_id=2"},"modified":"2021-02-07T17:59:38","modified_gmt":"2021-02-07T17:59:38","slug":"namaste","status":"publish","type":"page","link":"https:\/\/heilerakademie.eu\/","title":{"rendered":"WILLKOMMEN"},"content":{"rendered":"<div id=\"attachment_188\" style=\"width: 260px\" class=\"wp-caption alignright\"><a href=\"https:\/\/heilerakademie.eu\/wp-content\/uploads\/2015\/01\/DSC8908.jpg\"><img loading=\"lazy\" decoding=\"async\" aria-describedby=\"caption-attachment-188\" class=\"wp-image-188 size-full\" src=\"https:\/\/heilerakademie.eu\/wp-content\/uploads\/2015\/01\/DSC8908.jpg\" alt=\"_DSC8908\" width=\"250\" height=\"167\" \/><\/a><p id=\"caption-attachment-188\" class=\"wp-caption-text\">Wolfgang T. M\u00fcller und Silvia Martinek. Die Leiter der Energetiker-Akademie Europa<\/p><\/div>\n<p><strong>Herzlich Willkommen<\/strong>.<\/p>\n<p>Wir freuen uns, Sie auf unserer Internetseite\u00a0begr\u00fc\u00dfen zu d\u00fcrfen.<\/p>\n<p>In unserer <strong>Akademie f\u00fcr alternativmedizinische, energetische und geistige Behandlungsmethoden<\/strong> bilden wir <span style=\"color: #800080;\"><strong>deutsche Geistheiler<\/strong><\/span>, <span style=\"color: #800080;\"><strong>\u00f6sterreichische Energetiker<\/strong><\/span> und spirituelle Berater ganzheitlich aus.<\/p>\n<p>In der <strong>Heilerakademie\u00a0Europa<\/strong> werden, teilweise parallel, in den verschieden gro\u00dfen Unterrichts- und Seminarr\u00e4umen <strong>Schulungen, Ausbildungen, Workshops und Seminare<\/strong> durchgef\u00fchrt.<\/p>\n<p><strong>H<\/strong><strong>ier nur ein kleiner Auszug unseres Seminar-Angebotes<br \/>\n<\/strong><em>(DE = Gewerbe kann nur in Deutschland ausge\u00fcbt werden; AT = Gewerbe kann nur in \u00d6sterreich ausge\u00fcbt werden)<\/em><strong>:<\/strong><\/p>\n<ul>\n<li><strong><a title=\"Heilerausbildung\" href=\"https:\/\/heilerakademie.eu\/?page_id=133\">Umfassende Heilerausbildung f\u00fcr deutsche Geistheiler (DE)<\/a><\/strong><\/li>\n<li><strong><a href=\"https:\/\/heilerakademie.eu\/?page_id=133\">Umfassende Energetikerausbildung f\u00fcr \u00f6sterreichische Humanenergetiker (AT)<\/a><\/strong><\/li>\n<li><span style=\"color: #ff0000;\"><a style=\"color: #ff0000;\" href=\"https:\/\/heilerakademie.eu\/?page_id=569\"><strong>Video-Fernstudium zum Diplom Geistheiler (DE) und Diplom Human Energetiker (AT)<\/strong><\/a><\/span><\/li>\n<li><a title=\"Energetiker-Ausbildung\" href=\"https:\/\/heilerakademie.eu\/?page_id=159\"><strong>Intensiv-Ausbildung f\u00fcr Energetiker (DE\/AT)<\/strong><\/a><\/li>\n<li><strong><a href=\"https:\/\/heilerakademie.eu\/?page_id=256\">Ausbildung zum energetischen Berater (AT)<\/a><\/strong><\/li>\n<li><strong><a href=\"https:\/\/heilerakademie.eu\/?page_id=256\">Ausbildung zum Lebensberater (DE)<\/a><\/strong><\/li>\n<li><a href=\"https:\/\/heilerakademie.eu\/?page_id=262\"><strong>Quanten-Energetik-Seminare \/ Q-Matrix-Healing<sup>\u00ae <\/sup><\/strong><\/a><\/li>\n<li><strong><a href=\"https:\/\/heilerakademie.eu\/?page_id=285\">Aura-Reading<\/a><\/strong><\/li>\n<li><strong><a href=\"https:\/\/heilerakademie.eu\/?page_id=309\">Channeling-Ausbildung<\/a><\/strong><\/li>\n<li><strong><a href=\"https:\/\/heilerakademie.eu\/?page_id=292\">Lomi Lomi\u00a0Nui &#8211; Ausbildung in die hawaiianische \u00a0K\u00f6rperarbeit<\/a>\u00a0<\/strong><\/li>\n<li><strong>u.v.a.m.<\/strong><\/li>\n<\/ul>\n<p>Alle <strong><a href=\"http:\/\/www.akua-events.com\" target=\"_blank\" rel=\"noopener noreferrer\">aktuellen Ausbildungs- und Vortragstermine<\/a><\/strong> finden Sie auf unserer speziellen Event-Homepage <strong><a href=\"http:\/\/www.akua-events.com\" target=\"_blank\" rel=\"noopener noreferrer\">AKUA-EVENTS.<\/a><\/strong> Dort k\u00f6nnen Sie auch gleich bequem online buchen.<\/p>\n<hr \/>\n<h3><strong><img loading=\"lazy\" decoding=\"async\" class=\"alignright size-medium wp-image-371\" src=\"https:\/\/heilerakademie.eu\/wp-content\/uploads\/2016\/01\/20150813_142730-001-300x180.jpg\" alt=\"\" width=\"300\" height=\"180\" srcset=\"https:\/\/heilerakademie.eu\/wp-content\/uploads\/2016\/01\/20150813_142730-001-300x180.jpg 300w, https:\/\/heilerakademie.eu\/wp-content\/uploads\/2016\/01\/20150813_142730-001-768x461.jpg 768w, https:\/\/heilerakademie.eu\/wp-content\/uploads\/2016\/01\/20150813_142730-001-1024x615.jpg 1024w\" sizes=\"auto, (max-width: 300px) 100vw, 300px\" \/>Humanenergetiker-Praxis<\/strong><\/h3>\n<p><strong>Im rund 450 qm gro\u00dfen Haus<\/strong>\u00a0befindet sich\u00a0zus\u00e4tzlich die<strong><a href=\"https:\/\/heilerakademie.eu\/?page_id=274\"> Humanenergetiker- Gemeinschaftspraxis<\/a><\/strong> von Silvia Martinek und Wolfgang T. M\u00fcller.<\/p>\n<p>Au\u00dferdem stehen\u00a0<strong><a href=\"http:\/\/www.apartments-schloss-wald.eu\" target=\"_blank\" rel=\"noopener noreferrer\">zwei Apartments mit insgesamt 7 Betten<\/a><\/strong> f\u00fcr Seminarteilnehmer, aber auch f\u00fcr Erholungssuchende zu g\u00fcnstigen \u00dcbernachtungspreisen zur Verf\u00fcgung.<\/p>\n<p><strong>Aktuell<\/strong> wurden wir als Leiter der Akademie und in unserer Eigenschaft als Humanenergetiker vom <strong>ORF III <\/strong>ausgiebig interviewt und \u00a0bei unserer energetischen Arbeit (hier: Energetische Aufrichtung) filmisch begleitet. Im Rahmen einer Themen-Abend-Sendung &#8222;<strong>Wunder Heilung<\/strong>&#8220; wurde dann unser Beitrag am 30.03.2015 zur Primetime um 20.15 Uhr unter dem Titel &#8222;<strong>Die Macht der Heiler<\/strong>&#8220; ausgestrahlt und -danach bereits mehrfach wiederholt &#8211; auch auf anderen Sendern wie &#8222;Bayern Alpha&#8220;, gesendet.<\/p>\n<p><strong>Nachfolgend sehen Sie einen viertelst\u00fcndigen Ausschnitt aus dieser Fernsehsendung:<\/strong><br \/>\n<iframe loading=\"lazy\" src=\"https:\/\/www.youtube.com\/embed\/7PmkQCkrKj4\" width=\"560\" height=\"315\" frameborder=\"0\" allowfullscreen=\"allowfullscreen\"><\/iframe><\/p>\n<p><strong>Weiterhin:<\/strong> Wir stellen selbst filmische Dokumentationen und Lehrfilme \u00fcber alternativmedizinische Behandlungsmethoden her, schreiben spirituelle B\u00fccher und produzieren in unserem eigenen angeschlossenen Studio Entspannungs- und Meditations-CD&#8217;s (<strong>siehe:<a href=\"http:\/\/www.spirituelles-portal.com\" target=\"_blank\" rel=\"noopener noreferrer\"> www.spirituelles-portal.com<\/a><\/strong>)<\/p>\n<p>Haben wir Sie neugierig gemacht?<\/p>\n<p>Erfahren Sie mehr \u00fcber uns. St\u00f6bern Sie ein wenig auf unseren Internetseiten.<\/p>\n<p>Haben Sie Fragen, dann rufen Sie uns einfach an unter +43 676-4548290 oder schreiben Sie uns ein Email an <a href=\"mailto:office@heilerakademie.eu\">office@heilerakademie.eu<\/a><\/p>\n<p>Wir freuen uns auf Sie.<\/p>\n<p><strong><em>Silvia Martinek und Wolfgang T. M\u00fcller<br \/>\n<\/em><\/strong>Leiter der Energetiker-Akademie Europa<\/p>\n<p><em>P.S.: Aufgrund von m\u00f6glichen Irritation zum allgemeinen Begriff &#8222;Heilen&#8220;, welches hier in \u00d6sterreich f\u00fcr Energetiker verboten ist, diesen in ihrer Werbung oder Aussage zu benutzen, haben wir uns als Ausbildungsinstitut entschieden, die Begriffe &#8222;Geistheilung&#8220; und &#8222;Energetische Behandlung&#8220; jeweils den entsprechenden L\u00e4ndern in den Ausbildungsinhalten zuzuordnen.<br \/>\nUns ist bewusst, dass wir unter Heilerakademie Europa weiterhin bekannt sind und auch angesprochen werden. Insbesondere alte Eintr\u00e4ge bei Google etc. werden bestehen bleiben. Und wir haben aufgrund der Tatsache, dass wir sowohl deutsche Geistheiler als auch \u00f6sterreichische Energetiker ausbilden, eine noch deutlichere Trennung zu den in \u00d6sterreich nicht erlaubten Begriffen &#8222;Lebensberatung&#8220; (in Deutschland erlaubt) und &#8222;Geistheilung&#8220; oder &#8222;geistiges Heilen&#8220; (in Deutschland erlaubt) in unseren beschreibenden Texten ber\u00fccksichtigt.<br \/>\nSollten Sie dennoch in unseren Texten irritierende oder nicht eindeutig abgegrenzte Begriffe finden, die einer Verdeutlichung bed\u00fcrfen, so z\u00f6gern Sie nicht, uns zu informieren.<br \/>\nWir machen jedoch nochmals deutlich, dass der Begriff &#8222;Heilerakademie Europa&#8220; nicht gegen geltendes Recht verst\u00f6\u00dft, wir wollen nur bei den \u00f6sterreichischen Kunden keine Irritationen hervorrufen.<\/em><\/p>\n<p>&nbsp;<\/p>\n","protected":false},"excerpt":{"rendered":"<p>Herzlich Willkommen. Wir freuen uns, Sie auf unserer Internetseite\u00a0begr\u00fc\u00dfen zu d\u00fcrfen. In unserer Akademie f\u00fcr alternativmedizinische, energetische und geistige Behandlungsmethoden bilden wir deutsche Geistheiler, \u00f6sterreichische Energetiker und spirituelle Berater ganzheitlich aus. In der Heilerakademie\u00a0Europa werden, teilweise parallel, in den verschieden &hellip; <a href=\"https:\/\/heilerakademie.eu\/\">Weiterlesen <span class=\"meta-nav\">&rarr;<\/span><\/a><\/p>\n","protected":false},"author":1,"featured_media":0,"parent":0,"menu_order":0,"comment_status":"closed","ping_status":"closed","template":"","meta":{"footnotes":""},"class_list":["post-2","page","type-page","status-publish","hentry"],"yoast_head":"<!-- This site is optimized with the Yoast SEO plugin v27.5 - https:\/\/yoast.com\/product\/yoast-seo-wordpress\/ -->\n<title>WILLKOMMEN - HEILERAKADEMIE EUROPA<\/title>\n<meta name=\"robots\" content=\"index, follow, max-snippet:-1, max-image-preview:large, max-video-preview:-1\" \/>\n<link rel=\"canonical\" href=\"https:\/\/heilerakademie.eu\/\" \/>\n<meta property=\"og:locale\" content=\"de_DE\" \/>\n<meta property=\"og:type\" content=\"article\" \/>\n<meta property=\"og:title\" content=\"WILLKOMMEN - HEILERAKADEMIE EUROPA\" \/>\n<meta property=\"og:description\" content=\"Herzlich Willkommen. Wir freuen uns, Sie auf unserer Internetseite\u00a0begr\u00fc\u00dfen zu d\u00fcrfen. In unserer Akademie f\u00fcr alternativmedizinische, energetische und geistige Behandlungsmethoden bilden wir deutsche Geistheiler, \u00f6sterreichische Energetiker und spirituelle Berater ganzheitlich aus. In der Heilerakademie\u00a0Europa werden, teilweise parallel, in den verschieden &hellip; Weiterlesen &rarr;\" \/>\n<meta property=\"og:url\" content=\"https:\/\/heilerakademie.eu\/\" \/>\n<meta property=\"og:site_name\" content=\"HEILERAKADEMIE EUROPA\" \/>\n<meta property=\"article:modified_time\" content=\"2021-02-07T17:59:38+00:00\" \/>\n<meta property=\"og:image\" content=\"https:\/\/heilerakademie.eu\/wp-content\/uploads\/2015\/01\/DSC8908.jpg\" \/>\n<meta name=\"twitter:label1\" content=\"Gesch\u00e4tzte Lesezeit\" \/>\n\t<meta name=\"twitter:data1\" content=\"3\u00a0Minuten\" \/>\n<script type=\"application\/ld+json\" class=\"yoast-schema-graph\">{\"@context\":\"https:\\\/\\\/schema.org\",\"@graph\":[{\"@type\":\"WebPage\",\"@id\":\"https:\\\/\\\/heilerakademie.eu\\\/\",\"url\":\"https:\\\/\\\/heilerakademie.eu\\\/\",\"name\":\"WILLKOMMEN - HEILERAKADEMIE EUROPA\",\"isPartOf\":{\"@id\":\"https:\\\/\\\/heilerakademie.eu\\\/#website\"},\"primaryImageOfPage\":{\"@id\":\"https:\\\/\\\/heilerakademie.eu\\\/#primaryimage\"},\"image\":{\"@id\":\"https:\\\/\\\/heilerakademie.eu\\\/#primaryimage\"},\"thumbnailUrl\":\"https:\\\/\\\/heilerakademie.eu\\\/wp-content\\\/uploads\\\/2015\\\/01\\\/DSC8908.jpg\",\"datePublished\":\"2015-01-07T16:11:22+00:00\",\"dateModified\":\"2021-02-07T17:59:38+00:00\",\"breadcrumb\":{\"@id\":\"https:\\\/\\\/heilerakademie.eu\\\/#breadcrumb\"},\"inLanguage\":\"de\",\"potentialAction\":[{\"@type\":\"ReadAction\",\"target\":[\"https:\\\/\\\/heilerakademie.eu\\\/\"]}]},{\"@type\":\"ImageObject\",\"inLanguage\":\"de\",\"@id\":\"https:\\\/\\\/heilerakademie.eu\\\/#primaryimage\",\"url\":\"https:\\\/\\\/heilerakademie.eu\\\/wp-content\\\/uploads\\\/2015\\\/01\\\/DSC8908.jpg\",\"contentUrl\":\"https:\\\/\\\/heilerakademie.eu\\\/wp-content\\\/uploads\\\/2015\\\/01\\\/DSC8908.jpg\",\"width\":250,\"height\":167},{\"@type\":\"BreadcrumbList\",\"@id\":\"https:\\\/\\\/heilerakademie.eu\\\/#breadcrumb\",\"itemListElement\":[{\"@type\":\"ListItem\",\"position\":1,\"name\":\"Home\",\"item\":\"https:\\\/\\\/heilerakademie.eu\\\/\"},{\"@type\":\"ListItem\",\"position\":2,\"name\":\"WILLKOMMEN\"}]},{\"@type\":\"WebSite\",\"@id\":\"https:\\\/\\\/heilerakademie.eu\\\/#website\",\"url\":\"https:\\\/\\\/heilerakademie.eu\\\/\",\"name\":\"HEILERAKADEMIE EUROPA\",\"description\":\"Akademie f\u00fcr Alternative Heilungsmethoden und Energiemedizin\",\"potentialAction\":[{\"@type\":\"SearchAction\",\"target\":{\"@type\":\"EntryPoint\",\"urlTemplate\":\"https:\\\/\\\/heilerakademie.eu\\\/?s={search_term_string}\"},\"query-input\":{\"@type\":\"PropertyValueSpecification\",\"valueRequired\":true,\"valueName\":\"search_term_string\"}}],\"inLanguage\":\"de\"}]}<\/script>\n<!-- \/ Yoast SEO plugin. -->","yoast_head_json":{"title":"WILLKOMMEN - HEILERAKADEMIE EUROPA","robots":{"index":"index","follow":"follow","max-snippet":"max-snippet:-1","max-image-preview":"max-image-preview:large","max-video-preview":"max-video-preview:-1"},"canonical":"https:\/\/heilerakademie.eu\/","og_locale":"de_DE","og_type":"article","og_title":"WILLKOMMEN - HEILERAKADEMIE EUROPA","og_description":"Herzlich Willkommen. Wir freuen uns, Sie auf unserer Internetseite\u00a0begr\u00fc\u00dfen zu d\u00fcrfen. In unserer Akademie f\u00fcr alternativmedizinische, energetische und geistige Behandlungsmethoden bilden wir deutsche Geistheiler, \u00f6sterreichische Energetiker und spirituelle Berater ganzheitlich aus. In der Heilerakademie\u00a0Europa werden, teilweise parallel, in den verschieden &hellip; Weiterlesen &rarr;","og_url":"https:\/\/heilerakademie.eu\/","og_site_name":"HEILERAKADEMIE EUROPA","article_modified_time":"2021-02-07T17:59:38+00:00","og_image":[{"url":"https:\/\/heilerakademie.eu\/wp-content\/uploads\/2015\/01\/DSC8908.jpg","type":"","width":"","height":""}],"twitter_misc":{"Gesch\u00e4tzte Lesezeit":"3\u00a0Minuten"},"schema":{"@context":"https:\/\/schema.org","@graph":[{"@type":"WebPage","@id":"https:\/\/heilerakademie.eu\/","url":"https:\/\/heilerakademie.eu\/","name":"WILLKOMMEN - HEILERAKADEMIE EUROPA","isPartOf":{"@id":"https:\/\/heilerakademie.eu\/#website"},"primaryImageOfPage":{"@id":"https:\/\/heilerakademie.eu\/#primaryimage"},"image":{"@id":"https:\/\/heilerakademie.eu\/#primaryimage"},"thumbnailUrl":"https:\/\/heilerakademie.eu\/wp-content\/uploads\/2015\/01\/DSC8908.jpg","datePublished":"2015-01-07T16:11:22+00:00","dateModified":"2021-02-07T17:59:38+00:00","breadcrumb":{"@id":"https:\/\/heilerakademie.eu\/#breadcrumb"},"inLanguage":"de","potentialAction":[{"@type":"ReadAction","target":["https:\/\/heilerakademie.eu\/"]}]},{"@type":"ImageObject","inLanguage":"de","@id":"https:\/\/heilerakademie.eu\/#primaryimage","url":"https:\/\/heilerakademie.eu\/wp-content\/uploads\/2015\/01\/DSC8908.jpg","contentUrl":"https:\/\/heilerakademie.eu\/wp-content\/uploads\/2015\/01\/DSC8908.jpg","width":250,"height":167},{"@type":"BreadcrumbList","@id":"https:\/\/heilerakademie.eu\/#breadcrumb","itemListElement":[{"@type":"ListItem","position":1,"name":"Home","item":"https:\/\/heilerakademie.eu\/"},{"@type":"ListItem","position":2,"name":"WILLKOMMEN"}]},{"@type":"WebSite","@id":"https:\/\/heilerakademie.eu\/#website","url":"https:\/\/heilerakademie.eu\/","name":"HEILERAKADEMIE EUROPA","description":"Akademie f\u00fcr Alternative Heilungsmethoden und Energiemedizin","potentialAction":[{"@type":"SearchAction","target":{"@type":"EntryPoint","urlTemplate":"https:\/\/heilerakademie.eu\/?s={search_term_string}"},"query-input":{"@type":"PropertyValueSpecification","valueRequired":true,"valueName":"search_term_string"}}],"inLanguage":"de"}]}},"_links":{"self":[{"href":"https:\/\/heilerakademie.eu\/index.php?rest_route=\/wp\/v2\/pages\/2","targetHints":{"allow":["GET"]}}],"collection":[{"href":"https:\/\/heilerakademie.eu\/index.php?rest_route=\/wp\/v2\/pages"}],"about":[{"href":"https:\/\/heilerakademie.eu\/index.php?rest_route=\/wp\/v2\/types\/page"}],"author":[{"embeddable":true,"href":"https:\/\/heilerakademie.eu\/index.php?rest_route=\/wp\/v2\/users\/1"}],"replies":[{"embeddable":true,"href":"https:\/\/heilerakademie.eu\/index.php?rest_route=%2Fwp%2Fv2%2Fcomments&post=2"}],"version-history":[{"count":39,"href":"https:\/\/heilerakademie.eu\/index.php?rest_route=\/wp\/v2\/pages\/2\/revisions"}],"predecessor-version":[{"id":1211,"href":"https:\/\/heilerakademie.eu\/index.php?rest_route=\/wp\/v2\/pages\/2\/revisions\/1211"}],"wp:attachment":[{"href":"https:\/\/heilerakademie.eu\/index.php?rest_route=%2Fwp%2Fv2%2Fmedia&parent=2"}],"curies":[{"name":"wp","href":"https:\/\/api.w.org\/{rel}","templated":true}]}}