{"id":209,"date":"2015-10-16T14:35:13","date_gmt":"2015-10-16T14:35:13","guid":{"rendered":"http:\/\/heilerakademieeuropa.apps-1and1.net\/?page_id=209"},"modified":"2016-06-13T14:47:32","modified_gmt":"2016-06-13T14:47:32","slug":"foerderungen","status":"publish","type":"page","link":"https:\/\/heilerakademie.eu\/?page_id=209","title":{"rendered":"F\u00f6rderungen"},"content":{"rendered":"<p><strong>Aus- und Weiterbildungen k\u00f6nnen finanziell unterst\u00fctzt werden.<\/strong><\/p>\n<p>Die Seminargeb\u00fchren der Kurse und Ausbildungen an der Heilerakademie Europa und ggf. auch die notwendigen Reise-, \u00dcbernachtungs- und Verpflegungskosten \u00a0k\u00f6nnen unter Umst\u00e4nden\u00a0je nach pers\u00f6nlicher Eingangsvoraussetzung bis zu 100 % \u00a0als Umschulungs- Fortbildungs- oder Weiterbildungsma\u00dfnahme \u00fcbernommen werden.\u00a0Allerdings ist die f\u00fcr die jeweilige Situation passende F\u00f6rderung nicht immer leicht zu finden.\u00a0Bitte sprechen Sie deshalb <strong>vor der beabsichtigten Anmeldung<\/strong> mit den \u00f6ffentlichen F\u00f6rderstellen, falls Sie eine F\u00f6rderung anstreben wollen.<\/p>\n<p>Diese beiden elektronischen Infostellen\u00a0bieten eine gute Abfragem\u00f6glichkeit, welche F\u00f6rderungen f\u00fcr Sie m\u00f6glicherweise in Frage kommen k\u00f6nnten:<\/p>\n<ul>\n<li><strong><a href=\"http:\/\/www.kursfoerderung.at\/\" target=\"_blank\">Kursf\u00f6rderung.at<\/a><\/strong><\/li>\n<li><strong><a href=\"http:\/\/www.berufsinfo.at\/bildungsfoerderung\/default.htm\" target=\"_blank\">Bildungsf\u00f6rderungen in \u00d6sterreich<\/a><\/strong><\/li>\n<\/ul>\n<p>Informationen zu einer 100 % Bildungsfinanzierung, z.B. \u00fcber W\u00fcstenrot oder Raiffeisenbank, finden Sie hier:<\/p>\n<ul>\n<li><strong><a href=\"https:\/\/heilerakademie.eu\/?page_id=508\">Bildungsfinanzierung<\/a><\/strong><\/li>\n<\/ul>\n<p>Dar\u00fcber hinaus stehen weitere F\u00f6rderungen und andere begleitende und unterst\u00fctzende Ma\u00dfnahmen durch unterschiedliche Stellen zur Verf\u00fcgung. Hier\u00a0finden Sie einen thematisch gegliederten \u00dcberblick, den wir gerne f\u00fcr Sie zusammengestellt haben.<\/p>\n<ul>\n<li><strong><a href=\"https:\/\/heilerakademie.eu\/?page_id=215\">Bildungskarenz<\/a><\/strong><\/li>\n<li><strong><a href=\"https:\/\/heilerakademie.eu\/?page_id=217\">Bildungsteilzeit<\/a><\/strong><\/li>\n<li><strong><a href=\"https:\/\/heilerakademie.eu\/?page_id=220\">F\u00f6rderung durch das AMS (Arbeitsmarktservice)<\/a><\/strong><\/li>\n<li><strong><a href=\"https:\/\/heilerakademie.eu\/?page_id=223\">F\u00f6rderung einzelner Bundesl\u00e4nder<\/a><\/strong><\/li>\n<li><strong><a href=\"https:\/\/heilerakademie.eu\/?page_id=227\">Steuerliche Absetzbarkeit von Bildungskosten<\/a><\/strong><\/li>\n<\/ul>\n<p>Diese Information erfolgt ohne Gew\u00e4hr und Anspruch, da die F\u00f6rderbedingungen und die H\u00f6he der F\u00f6rderung je nach Bundesland sehr unterschiedlich sind und sich st\u00e4ndig ver\u00e4ndern k\u00f6nnen.<\/p>\n","protected":false},"excerpt":{"rendered":"<p>Aus- und Weiterbildungen k\u00f6nnen finanziell unterst\u00fctzt werden. Die Seminargeb\u00fchren der Kurse und Ausbildungen an der Heilerakademie Europa und ggf. auch die notwendigen Reise-, \u00dcbernachtungs- und Verpflegungskosten \u00a0k\u00f6nnen unter Umst\u00e4nden\u00a0je nach pers\u00f6nlicher Eingangsvoraussetzung bis zu 100 % \u00a0als Umschulungs- Fortbildungs- oder &hellip; <a href=\"https:\/\/heilerakademie.eu\/?page_id=209\">Weiterlesen <span class=\"meta-nav\">&rarr;<\/span><\/a><\/p>\n","protected":false},"author":1,"featured_media":0,"parent":0,"menu_order":0,"comment_status":"closed","ping_status":"closed","template":"","meta":{"footnotes":""},"class_list":["post-209","page","type-page","status-publish","hentry"],"yoast_head":"<!-- This site is optimized with the Yoast SEO plugin v27.4 - https:\/\/yoast.com\/product\/yoast-seo-wordpress\/ -->\n<title>F\u00f6rderungen - HEILERAKADEMIE EUROPA<\/title>\n<meta name=\"description\" content=\"F\u00f6rderungen von Weiterbildungen\" \/>\n<meta name=\"robots\" content=\"index, follow, max-snippet:-1, max-image-preview:large, max-video-preview:-1\" \/>\n<link rel=\"canonical\" href=\"https:\/\/heilerakademie.eu\/?page_id=209\" \/>\n<meta property=\"og:locale\" content=\"de_DE\" \/>\n<meta property=\"og:type\" content=\"article\" \/>\n<meta property=\"og:title\" content=\"F\u00f6rderungen - HEILERAKADEMIE EUROPA\" \/>\n<meta property=\"og:description\" content=\"F\u00f6rderungen von Weiterbildungen\" \/>\n<meta property=\"og:url\" content=\"https:\/\/heilerakademie.eu\/?page_id=209\" \/>\n<meta property=\"og:site_name\" content=\"HEILERAKADEMIE EUROPA\" \/>\n<meta property=\"article:modified_time\" content=\"2016-06-13T14:47:32+00:00\" \/>\n<meta name=\"twitter:label1\" content=\"Gesch\u00e4tzte Lesezeit\" \/>\n\t<meta name=\"twitter:data1\" content=\"1\u00a0Minute\" \/>\n<script type=\"application\/ld+json\" class=\"yoast-schema-graph\">{\"@context\":\"https:\\\/\\\/schema.org\",\"@graph\":[{\"@type\":\"WebPage\",\"@id\":\"https:\\\/\\\/heilerakademie.eu\\\/?page_id=209\",\"url\":\"https:\\\/\\\/heilerakademie.eu\\\/?page_id=209\",\"name\":\"F\u00f6rderungen - HEILERAKADEMIE EUROPA\",\"isPartOf\":{\"@id\":\"https:\\\/\\\/heilerakademie.eu\\\/#website\"},\"datePublished\":\"2015-10-16T14:35:13+00:00\",\"dateModified\":\"2016-06-13T14:47:32+00:00\",\"description\":\"F\u00f6rderungen von Weiterbildungen\",\"breadcrumb\":{\"@id\":\"https:\\\/\\\/heilerakademie.eu\\\/?page_id=209#breadcrumb\"},\"inLanguage\":\"de\",\"potentialAction\":[{\"@type\":\"ReadAction\",\"target\":[\"https:\\\/\\\/heilerakademie.eu\\\/?page_id=209\"]}]},{\"@type\":\"BreadcrumbList\",\"@id\":\"https:\\\/\\\/heilerakademie.eu\\\/?page_id=209#breadcrumb\",\"itemListElement\":[{\"@type\":\"ListItem\",\"position\":1,\"name\":\"Home\",\"item\":\"https:\\\/\\\/heilerakademie.eu\\\/\"},{\"@type\":\"ListItem\",\"position\":2,\"name\":\"F\u00f6rderungen\"}]},{\"@type\":\"WebSite\",\"@id\":\"https:\\\/\\\/heilerakademie.eu\\\/#website\",\"url\":\"https:\\\/\\\/heilerakademie.eu\\\/\",\"name\":\"HEILERAKADEMIE EUROPA\",\"description\":\"Akademie f\u00fcr Alternative Heilungsmethoden und Energiemedizin\",\"potentialAction\":[{\"@type\":\"SearchAction\",\"target\":{\"@type\":\"EntryPoint\",\"urlTemplate\":\"https:\\\/\\\/heilerakademie.eu\\\/?s={search_term_string}\"},\"query-input\":{\"@type\":\"PropertyValueSpecification\",\"valueRequired\":true,\"valueName\":\"search_term_string\"}}],\"inLanguage\":\"de\"}]}<\/script>\n<!-- \/ Yoast SEO plugin. -->","yoast_head_json":{"title":"F\u00f6rderungen - HEILERAKADEMIE EUROPA","description":"F\u00f6rderungen von Weiterbildungen","robots":{"index":"index","follow":"follow","max-snippet":"max-snippet:-1","max-image-preview":"max-image-preview:large","max-video-preview":"max-video-preview:-1"},"canonical":"https:\/\/heilerakademie.eu\/?page_id=209","og_locale":"de_DE","og_type":"article","og_title":"F\u00f6rderungen - HEILERAKADEMIE EUROPA","og_description":"F\u00f6rderungen von Weiterbildungen","og_url":"https:\/\/heilerakademie.eu\/?page_id=209","og_site_name":"HEILERAKADEMIE EUROPA","article_modified_time":"2016-06-13T14:47:32+00:00","twitter_misc":{"Gesch\u00e4tzte Lesezeit":"1\u00a0Minute"},"schema":{"@context":"https:\/\/schema.org","@graph":[{"@type":"WebPage","@id":"https:\/\/heilerakademie.eu\/?page_id=209","url":"https:\/\/heilerakademie.eu\/?page_id=209","name":"F\u00f6rderungen - HEILERAKADEMIE EUROPA","isPartOf":{"@id":"https:\/\/heilerakademie.eu\/#website"},"datePublished":"2015-10-16T14:35:13+00:00","dateModified":"2016-06-13T14:47:32+00:00","description":"F\u00f6rderungen von Weiterbildungen","breadcrumb":{"@id":"https:\/\/heilerakademie.eu\/?page_id=209#breadcrumb"},"inLanguage":"de","potentialAction":[{"@type":"ReadAction","target":["https:\/\/heilerakademie.eu\/?page_id=209"]}]},{"@type":"BreadcrumbList","@id":"https:\/\/heilerakademie.eu\/?page_id=209#breadcrumb","itemListElement":[{"@type":"ListItem","position":1,"name":"Home","item":"https:\/\/heilerakademie.eu\/"},{"@type":"ListItem","position":2,"name":"F\u00f6rderungen"}]},{"@type":"WebSite","@id":"https:\/\/heilerakademie.eu\/#website","url":"https:\/\/heilerakademie.eu\/","name":"HEILERAKADEMIE EUROPA","description":"Akademie f\u00fcr Alternative Heilungsmethoden und Energiemedizin","potentialAction":[{"@type":"SearchAction","target":{"@type":"EntryPoint","urlTemplate":"https:\/\/heilerakademie.eu\/?s={search_term_string}"},"query-input":{"@type":"PropertyValueSpecification","valueRequired":true,"valueName":"search_term_string"}}],"inLanguage":"de"}]}},"_links":{"self":[{"href":"https:\/\/heilerakademie.eu\/index.php?rest_route=\/wp\/v2\/pages\/209","targetHints":{"allow":["GET"]}}],"collection":[{"href":"https:\/\/heilerakademie.eu\/index.php?rest_route=\/wp\/v2\/pages"}],"about":[{"href":"https:\/\/heilerakademie.eu\/index.php?rest_route=\/wp\/v2\/types\/page"}],"author":[{"embeddable":true,"href":"https:\/\/heilerakademie.eu\/index.php?rest_route=\/wp\/v2\/users\/1"}],"replies":[{"embeddable":true,"href":"https:\/\/heilerakademie.eu\/index.php?rest_route=%2Fwp%2Fv2%2Fcomments&post=209"}],"version-history":[{"count":9,"href":"https:\/\/heilerakademie.eu\/index.php?rest_route=\/wp\/v2\/pages\/209\/revisions"}],"predecessor-version":[{"id":595,"href":"https:\/\/heilerakademie.eu\/index.php?rest_route=\/wp\/v2\/pages\/209\/revisions\/595"}],"wp:attachment":[{"href":"https:\/\/heilerakademie.eu\/index.php?rest_route=%2Fwp%2Fv2%2Fmedia&parent=209"}],"curies":[{"name":"wp","href":"https:\/\/api.w.org\/{rel}","templated":true}]}}