{"id":215,"date":"2015-10-16T14:54:06","date_gmt":"2015-10-16T14:54:06","guid":{"rendered":"http:\/\/heilerakademieeuropa.apps-1and1.net\/?page_id=215"},"modified":"2015-10-16T15:49:32","modified_gmt":"2015-10-16T15:49:32","slug":"bildungskarenz","status":"publish","type":"page","link":"https:\/\/heilerakademie.eu\/?page_id=215","title":{"rendered":"Bildungskarenz"},"content":{"rendered":"<p>Die Bildungskarenz er\u00f6ffnet \u00a0jedem Arbeitnehmer die M\u00f6glichkeit, sich bis zu\u00a012 Monaten von der Arbeit freistellen zu lassen und sich der Aus- und Weiterbildung zu widmen &#8211; ohne daf\u00fcr das Arbeitsverh\u00e4ltnis aufzul\u00f6sen.<\/p>\n<p>Diese Freistellung muss allerdings zwischen Arbeitgeber und Arbeitnehmer vereinbart werden. Auf Bildungskarenz besteht kein Rechtsanspruch.<\/p>\n<p>W\u00e4hrend dieser Zeit erh\u00e4lt der Arbeitnehmer vom AMS Weiterbildungsgeld in H\u00f6he des Arbeitslosengeldes. Ein Zuverdienst bis zur Geringf\u00fcgigkeitsgrenze von monatlich 395,31\u00a0Euro w\u00e4hrend der Bildungskarenz ist\u00a0gestattet.\u00a0F\u00fcr die Ausbildungskosten gibt es keine finanzielle Unterst\u00fctzung.<\/p>\n<h3>Voraussetzungen f\u00fcr die Bildungskarenz<\/h3>\n<ul>\n<li>Ein mindestens sechs Monate dauerndes ununterbrochenes Arbeitsverh\u00e4ltnis bei einem Arbeitgeber \u00fcber der Geringf\u00fcgigkeitsgrenze.<\/li>\n<li>Einverst\u00e4ndnis zwischen Arbeitnehmer\/-in und Arbeitgeber\/-in.<\/li>\n<li>Der\/die Arbeitnehmer\/-in muss die Anspruchsvoraussetzungen auf Arbeitslosengeld erf\u00fcllen.<\/li>\n<li>Teilnahme an einer oder mehreren Bildungsma\u00dfnahmen im Ausma\u00df von mind. 20 Wochenstunden (16 Stunden f\u00fcr Personen mit Kindern bis zum 7. Lebensjahr).<\/li>\n<\/ul>\n<h3>Vorgehensweise Antragstellung<\/h3>\n<ul>\n<li>Abkl\u00e4rung mit dem Arbeitgeber<\/li>\n<li>Abkl\u00e4rung mit dem AMS (\u00f6rtliche Zust\u00e4ndigkeit)<\/li>\n<li>Schriftlicher Nachweis \u00fcber 20 bzw. 16 Wochenstunden\u00a0(von der Heilerakademie)<\/li>\n<li>Antragstellung beim \u00f6rtlich zust\u00e4ndigen AMS<\/li>\n<\/ul>\n<p><strong>Hinweis:<\/strong> Die meisten unserer Ausbildungen sind f\u00fcr die Bildungskarenz geeignet.<\/p>\n<p><a href=\"http:\/\/www.arbeiterkammer.at\/beratung\/bildung\/bildungsfoerderungen\/Bildungskarenz.html\" target=\"_blank\"><strong>W<\/strong><strong>eitere Informationen\u00a0hier direkt auf der AMS-Internet-Seite<\/strong><\/a>.<\/p>\n","protected":false},"excerpt":{"rendered":"<p>Die Bildungskarenz er\u00f6ffnet \u00a0jedem Arbeitnehmer die M\u00f6glichkeit, sich bis zu\u00a012 Monaten von der Arbeit freistellen zu lassen und sich der Aus- und Weiterbildung zu widmen &#8211; ohne daf\u00fcr das Arbeitsverh\u00e4ltnis aufzul\u00f6sen. Diese Freistellung muss allerdings zwischen Arbeitgeber und Arbeitnehmer vereinbart &hellip; <a href=\"https:\/\/heilerakademie.eu\/?page_id=215\">Weiterlesen <span class=\"meta-nav\">&rarr;<\/span><\/a><\/p>\n","protected":false},"author":1,"featured_media":0,"parent":0,"menu_order":0,"comment_status":"closed","ping_status":"closed","template":"","meta":{"footnotes":""},"class_list":["post-215","page","type-page","status-publish","hentry"],"yoast_head":"<!-- This site is optimized with the Yoast SEO plugin v27.3 - https:\/\/yoast.com\/product\/yoast-seo-wordpress\/ -->\n<title>Bildungskarenz - HEILERAKADEMIE EUROPA<\/title>\n<meta name=\"description\" content=\"Bildungskarenz \u00fcber AMS\" \/>\n<meta name=\"robots\" content=\"index, follow, max-snippet:-1, max-image-preview:large, max-video-preview:-1\" \/>\n<link rel=\"canonical\" href=\"https:\/\/heilerakademie.eu\/?page_id=215\" \/>\n<meta property=\"og:locale\" content=\"de_DE\" \/>\n<meta property=\"og:type\" content=\"article\" \/>\n<meta property=\"og:title\" content=\"Bildungskarenz - HEILERAKADEMIE EUROPA\" \/>\n<meta property=\"og:description\" content=\"Bildungskarenz \u00fcber AMS\" \/>\n<meta property=\"og:url\" content=\"https:\/\/heilerakademie.eu\/?page_id=215\" \/>\n<meta property=\"og:site_name\" content=\"HEILERAKADEMIE EUROPA\" \/>\n<meta property=\"article:modified_time\" content=\"2015-10-16T15:49:32+00:00\" \/>\n<meta name=\"twitter:label1\" content=\"Gesch\u00e4tzte Lesezeit\" \/>\n\t<meta name=\"twitter:data1\" content=\"1\u00a0Minute\" \/>\n<script type=\"application\/ld+json\" class=\"yoast-schema-graph\">{\"@context\":\"https:\\\/\\\/schema.org\",\"@graph\":[{\"@type\":\"WebPage\",\"@id\":\"https:\\\/\\\/heilerakademie.eu\\\/?page_id=215\",\"url\":\"https:\\\/\\\/heilerakademie.eu\\\/?page_id=215\",\"name\":\"Bildungskarenz - HEILERAKADEMIE EUROPA\",\"isPartOf\":{\"@id\":\"https:\\\/\\\/heilerakademie.eu\\\/#website\"},\"datePublished\":\"2015-10-16T14:54:06+00:00\",\"dateModified\":\"2015-10-16T15:49:32+00:00\",\"description\":\"Bildungskarenz \u00fcber AMS\",\"breadcrumb\":{\"@id\":\"https:\\\/\\\/heilerakademie.eu\\\/?page_id=215#breadcrumb\"},\"inLanguage\":\"de\",\"potentialAction\":[{\"@type\":\"ReadAction\",\"target\":[\"https:\\\/\\\/heilerakademie.eu\\\/?page_id=215\"]}]},{\"@type\":\"BreadcrumbList\",\"@id\":\"https:\\\/\\\/heilerakademie.eu\\\/?page_id=215#breadcrumb\",\"itemListElement\":[{\"@type\":\"ListItem\",\"position\":1,\"name\":\"Home\",\"item\":\"https:\\\/\\\/heilerakademie.eu\\\/\"},{\"@type\":\"ListItem\",\"position\":2,\"name\":\"Bildungskarenz\"}]},{\"@type\":\"WebSite\",\"@id\":\"https:\\\/\\\/heilerakademie.eu\\\/#website\",\"url\":\"https:\\\/\\\/heilerakademie.eu\\\/\",\"name\":\"HEILERAKADEMIE EUROPA\",\"description\":\"Akademie f\u00fcr Alternative Heilungsmethoden und Energiemedizin\",\"potentialAction\":[{\"@type\":\"SearchAction\",\"target\":{\"@type\":\"EntryPoint\",\"urlTemplate\":\"https:\\\/\\\/heilerakademie.eu\\\/?s={search_term_string}\"},\"query-input\":{\"@type\":\"PropertyValueSpecification\",\"valueRequired\":true,\"valueName\":\"search_term_string\"}}],\"inLanguage\":\"de\"}]}<\/script>\n<!-- \/ Yoast SEO plugin. -->","yoast_head_json":{"title":"Bildungskarenz - HEILERAKADEMIE EUROPA","description":"Bildungskarenz \u00fcber AMS","robots":{"index":"index","follow":"follow","max-snippet":"max-snippet:-1","max-image-preview":"max-image-preview:large","max-video-preview":"max-video-preview:-1"},"canonical":"https:\/\/heilerakademie.eu\/?page_id=215","og_locale":"de_DE","og_type":"article","og_title":"Bildungskarenz - HEILERAKADEMIE EUROPA","og_description":"Bildungskarenz \u00fcber AMS","og_url":"https:\/\/heilerakademie.eu\/?page_id=215","og_site_name":"HEILERAKADEMIE EUROPA","article_modified_time":"2015-10-16T15:49:32+00:00","twitter_misc":{"Gesch\u00e4tzte Lesezeit":"1\u00a0Minute"},"schema":{"@context":"https:\/\/schema.org","@graph":[{"@type":"WebPage","@id":"https:\/\/heilerakademie.eu\/?page_id=215","url":"https:\/\/heilerakademie.eu\/?page_id=215","name":"Bildungskarenz - HEILERAKADEMIE EUROPA","isPartOf":{"@id":"https:\/\/heilerakademie.eu\/#website"},"datePublished":"2015-10-16T14:54:06+00:00","dateModified":"2015-10-16T15:49:32+00:00","description":"Bildungskarenz \u00fcber AMS","breadcrumb":{"@id":"https:\/\/heilerakademie.eu\/?page_id=215#breadcrumb"},"inLanguage":"de","potentialAction":[{"@type":"ReadAction","target":["https:\/\/heilerakademie.eu\/?page_id=215"]}]},{"@type":"BreadcrumbList","@id":"https:\/\/heilerakademie.eu\/?page_id=215#breadcrumb","itemListElement":[{"@type":"ListItem","position":1,"name":"Home","item":"https:\/\/heilerakademie.eu\/"},{"@type":"ListItem","position":2,"name":"Bildungskarenz"}]},{"@type":"WebSite","@id":"https:\/\/heilerakademie.eu\/#website","url":"https:\/\/heilerakademie.eu\/","name":"HEILERAKADEMIE EUROPA","description":"Akademie f\u00fcr Alternative Heilungsmethoden und Energiemedizin","potentialAction":[{"@type":"SearchAction","target":{"@type":"EntryPoint","urlTemplate":"https:\/\/heilerakademie.eu\/?s={search_term_string}"},"query-input":{"@type":"PropertyValueSpecification","valueRequired":true,"valueName":"search_term_string"}}],"inLanguage":"de"}]}},"_links":{"self":[{"href":"https:\/\/heilerakademie.eu\/index.php?rest_route=\/wp\/v2\/pages\/215","targetHints":{"allow":["GET"]}}],"collection":[{"href":"https:\/\/heilerakademie.eu\/index.php?rest_route=\/wp\/v2\/pages"}],"about":[{"href":"https:\/\/heilerakademie.eu\/index.php?rest_route=\/wp\/v2\/types\/page"}],"author":[{"embeddable":true,"href":"https:\/\/heilerakademie.eu\/index.php?rest_route=\/wp\/v2\/users\/1"}],"replies":[{"embeddable":true,"href":"https:\/\/heilerakademie.eu\/index.php?rest_route=%2Fwp%2Fv2%2Fcomments&post=215"}],"version-history":[{"count":2,"href":"https:\/\/heilerakademie.eu\/index.php?rest_route=\/wp\/v2\/pages\/215\/revisions"}],"predecessor-version":[{"id":241,"href":"https:\/\/heilerakademie.eu\/index.php?rest_route=\/wp\/v2\/pages\/215\/revisions\/241"}],"wp:attachment":[{"href":"https:\/\/heilerakademie.eu\/index.php?rest_route=%2Fwp%2Fv2%2Fmedia&parent=215"}],"curies":[{"name":"wp","href":"https:\/\/api.w.org\/{rel}","templated":true}]}}