{"id":217,"date":"2015-10-16T15:05:23","date_gmt":"2015-10-16T15:05:23","guid":{"rendered":"http:\/\/heilerakademieeuropa.apps-1and1.net\/?page_id=217"},"modified":"2015-10-16T15:48:43","modified_gmt":"2015-10-16T15:48:43","slug":"bildungsteilzeit","status":"publish","type":"page","link":"https:\/\/heilerakademie.eu\/?page_id=217","title":{"rendered":"Bildungsteilzeit"},"content":{"rendered":"<p>Anders als bei der Bildungskarenz, in der man sich komplett von der Arbeit freistellen l\u00e4sst f\u00fcr die Bildungsma\u00dfnahme, er\u00f6ffnet die Bildungsteilzeit dem Arbeitnehmer die M\u00f6glichkeit, die Arbeit in einem Zeitraum von 4 bis\u00a024 Monaten zwischen 25% und 50 % zu reduzieren und sich so der Aus- und Weiterbildung zu widmen &#8211; ohne daf\u00fcr das Arbeitsverh\u00e4ltnis aufzul\u00f6sen zu m\u00fcssen.<\/p>\n<p>W\u00e4hrend dieser Zeit erh\u00e4lt der\/die Arbeitnehmer\/in vom Arbeitsmarktservice (AMS) Bildungsteilzeitgeld in H\u00f6he von 76 Cent pro reduzierter Arbeitsstunde pro Tag.<\/p>\n<p><strong>Beispiel:<\/strong> Sie reduzieren Ihre Arbeit von 40 auf 25 Stunden pro Woche und bekommen daher 15 x 0,76 x 30 (bei einem Monat mit 30 Tagen) und somit vom AMS monatlich 342\u00a0Euro. Ein Zuverdienst bis zur Geringf\u00fcgigkeitsgrenze von monatlich \u00a0395,31 EUR ist (bei einem anderen Arbeitgeber oder als nebenberuflich Selbst\u00e4ndiger) gestattet.<\/p>\n<p>F\u00fcr die Ausbildungskosten selbst gibt es keine finanzielle Unterst\u00fctzung<\/p>\n<h3>Voraussetzungen f\u00fcr die Inanspruchnahme einer Bildungsteilzeit<\/h3>\n<ul>\n<li>Ein mindestens sechs Monate dauerndes ununterbrochenes Arbeitsverh\u00e4ltnis bei einem Arbeitgeber \u00fcber der Geringf\u00fcgigkeitsgrenze.<\/li>\n<li>Einverst\u00e4ndnis zwischen Arbeitnehmer und Arbeitgeber.<\/li>\n<li>Der Arbeitnehmer muss die Anspruchsvoraussetzungen auf Arbeitslosengeld erf\u00fcllen.<\/li>\n<li>Teilnahme an einer oder mehreren Bildungsma\u00dfnahmen im Gesamtausma\u00df von mindestens 10 Wochenstunden.<\/li>\n<\/ul>\n<h3>Vorgehensweise Antragstellung<\/h3>\n<ul>\n<li>Abkl\u00e4rung \/ Vereinbarung mit dem Arbeitgeber<\/li>\n<li>Abkl\u00e4rung mit dem AMS (\u00f6rtliche Zust\u00e4ndigkeit)<\/li>\n<li>Schriftlicher Nachweis \u00fcber 10 Wochenstunden von der\u00a0Heilerakademie<\/li>\n<li>Antragstellung beim AMS (\u00f6rtliche Zust\u00e4ndigkeit)<\/li>\n<\/ul>\n<p>Die meisten unserer Ausbildungen sind\u00a0f\u00fcr die Bildungsteilzeit geeignet.<\/p>\n<p><strong><a href=\"http:\/\/www.arbeiterkammer.at\/beratung\/bildung\/bildungsfoerderungen\/Bildungsteilzeit.html\" target=\"_blank\">Weitere\u00a0Informationen hier direkt bei der Arbeitkammer<\/a>.<\/strong><\/p>\n","protected":false},"excerpt":{"rendered":"<p>Anders als bei der Bildungskarenz, in der man sich komplett von der Arbeit freistellen l\u00e4sst f\u00fcr die Bildungsma\u00dfnahme, er\u00f6ffnet die Bildungsteilzeit dem Arbeitnehmer die M\u00f6glichkeit, die Arbeit in einem Zeitraum von 4 bis\u00a024 Monaten zwischen 25% und 50 % zu &hellip; <a href=\"https:\/\/heilerakademie.eu\/?page_id=217\">Weiterlesen <span class=\"meta-nav\">&rarr;<\/span><\/a><\/p>\n","protected":false},"author":1,"featured_media":0,"parent":0,"menu_order":0,"comment_status":"closed","ping_status":"closed","template":"","meta":{"footnotes":""},"class_list":["post-217","page","type-page","status-publish","hentry"],"yoast_head":"<!-- This site is optimized with the Yoast SEO plugin v27.4 - https:\/\/yoast.com\/product\/yoast-seo-wordpress\/ -->\n<title>Bildungsteilzeit - HEILERAKADEMIE EUROPA<\/title>\n<meta name=\"description\" content=\"Bildungsteilzeit f\u00fcr Weiterbildungen und Ausbildungen beantragen\" \/>\n<meta name=\"robots\" content=\"index, follow, max-snippet:-1, max-image-preview:large, max-video-preview:-1\" \/>\n<link rel=\"canonical\" href=\"https:\/\/heilerakademie.eu\/?page_id=217\" \/>\n<meta property=\"og:locale\" content=\"de_DE\" \/>\n<meta property=\"og:type\" content=\"article\" \/>\n<meta property=\"og:title\" content=\"Bildungsteilzeit - HEILERAKADEMIE EUROPA\" \/>\n<meta property=\"og:description\" content=\"Bildungsteilzeit f\u00fcr Weiterbildungen und Ausbildungen beantragen\" \/>\n<meta property=\"og:url\" content=\"https:\/\/heilerakademie.eu\/?page_id=217\" \/>\n<meta property=\"og:site_name\" content=\"HEILERAKADEMIE EUROPA\" \/>\n<meta property=\"article:modified_time\" content=\"2015-10-16T15:48:43+00:00\" \/>\n<meta name=\"twitter:label1\" content=\"Gesch\u00e4tzte Lesezeit\" \/>\n\t<meta name=\"twitter:data1\" content=\"1\u00a0Minute\" \/>\n<script type=\"application\/ld+json\" class=\"yoast-schema-graph\">{\"@context\":\"https:\\\/\\\/schema.org\",\"@graph\":[{\"@type\":\"WebPage\",\"@id\":\"https:\\\/\\\/heilerakademie.eu\\\/?page_id=217\",\"url\":\"https:\\\/\\\/heilerakademie.eu\\\/?page_id=217\",\"name\":\"Bildungsteilzeit - HEILERAKADEMIE EUROPA\",\"isPartOf\":{\"@id\":\"https:\\\/\\\/heilerakademie.eu\\\/#website\"},\"datePublished\":\"2015-10-16T15:05:23+00:00\",\"dateModified\":\"2015-10-16T15:48:43+00:00\",\"description\":\"Bildungsteilzeit f\u00fcr Weiterbildungen und Ausbildungen beantragen\",\"breadcrumb\":{\"@id\":\"https:\\\/\\\/heilerakademie.eu\\\/?page_id=217#breadcrumb\"},\"inLanguage\":\"de\",\"potentialAction\":[{\"@type\":\"ReadAction\",\"target\":[\"https:\\\/\\\/heilerakademie.eu\\\/?page_id=217\"]}]},{\"@type\":\"BreadcrumbList\",\"@id\":\"https:\\\/\\\/heilerakademie.eu\\\/?page_id=217#breadcrumb\",\"itemListElement\":[{\"@type\":\"ListItem\",\"position\":1,\"name\":\"Home\",\"item\":\"https:\\\/\\\/heilerakademie.eu\\\/\"},{\"@type\":\"ListItem\",\"position\":2,\"name\":\"Bildungsteilzeit\"}]},{\"@type\":\"WebSite\",\"@id\":\"https:\\\/\\\/heilerakademie.eu\\\/#website\",\"url\":\"https:\\\/\\\/heilerakademie.eu\\\/\",\"name\":\"HEILERAKADEMIE EUROPA\",\"description\":\"Akademie f\u00fcr Alternative Heilungsmethoden und Energiemedizin\",\"potentialAction\":[{\"@type\":\"SearchAction\",\"target\":{\"@type\":\"EntryPoint\",\"urlTemplate\":\"https:\\\/\\\/heilerakademie.eu\\\/?s={search_term_string}\"},\"query-input\":{\"@type\":\"PropertyValueSpecification\",\"valueRequired\":true,\"valueName\":\"search_term_string\"}}],\"inLanguage\":\"de\"}]}<\/script>\n<!-- \/ Yoast SEO plugin. -->","yoast_head_json":{"title":"Bildungsteilzeit - HEILERAKADEMIE EUROPA","description":"Bildungsteilzeit f\u00fcr Weiterbildungen und Ausbildungen beantragen","robots":{"index":"index","follow":"follow","max-snippet":"max-snippet:-1","max-image-preview":"max-image-preview:large","max-video-preview":"max-video-preview:-1"},"canonical":"https:\/\/heilerakademie.eu\/?page_id=217","og_locale":"de_DE","og_type":"article","og_title":"Bildungsteilzeit - HEILERAKADEMIE EUROPA","og_description":"Bildungsteilzeit f\u00fcr Weiterbildungen und Ausbildungen beantragen","og_url":"https:\/\/heilerakademie.eu\/?page_id=217","og_site_name":"HEILERAKADEMIE EUROPA","article_modified_time":"2015-10-16T15:48:43+00:00","twitter_misc":{"Gesch\u00e4tzte Lesezeit":"1\u00a0Minute"},"schema":{"@context":"https:\/\/schema.org","@graph":[{"@type":"WebPage","@id":"https:\/\/heilerakademie.eu\/?page_id=217","url":"https:\/\/heilerakademie.eu\/?page_id=217","name":"Bildungsteilzeit - HEILERAKADEMIE EUROPA","isPartOf":{"@id":"https:\/\/heilerakademie.eu\/#website"},"datePublished":"2015-10-16T15:05:23+00:00","dateModified":"2015-10-16T15:48:43+00:00","description":"Bildungsteilzeit f\u00fcr Weiterbildungen und Ausbildungen beantragen","breadcrumb":{"@id":"https:\/\/heilerakademie.eu\/?page_id=217#breadcrumb"},"inLanguage":"de","potentialAction":[{"@type":"ReadAction","target":["https:\/\/heilerakademie.eu\/?page_id=217"]}]},{"@type":"BreadcrumbList","@id":"https:\/\/heilerakademie.eu\/?page_id=217#breadcrumb","itemListElement":[{"@type":"ListItem","position":1,"name":"Home","item":"https:\/\/heilerakademie.eu\/"},{"@type":"ListItem","position":2,"name":"Bildungsteilzeit"}]},{"@type":"WebSite","@id":"https:\/\/heilerakademie.eu\/#website","url":"https:\/\/heilerakademie.eu\/","name":"HEILERAKADEMIE EUROPA","description":"Akademie f\u00fcr Alternative Heilungsmethoden und Energiemedizin","potentialAction":[{"@type":"SearchAction","target":{"@type":"EntryPoint","urlTemplate":"https:\/\/heilerakademie.eu\/?s={search_term_string}"},"query-input":{"@type":"PropertyValueSpecification","valueRequired":true,"valueName":"search_term_string"}}],"inLanguage":"de"}]}},"_links":{"self":[{"href":"https:\/\/heilerakademie.eu\/index.php?rest_route=\/wp\/v2\/pages\/217","targetHints":{"allow":["GET"]}}],"collection":[{"href":"https:\/\/heilerakademie.eu\/index.php?rest_route=\/wp\/v2\/pages"}],"about":[{"href":"https:\/\/heilerakademie.eu\/index.php?rest_route=\/wp\/v2\/types\/page"}],"author":[{"embeddable":true,"href":"https:\/\/heilerakademie.eu\/index.php?rest_route=\/wp\/v2\/users\/1"}],"replies":[{"embeddable":true,"href":"https:\/\/heilerakademie.eu\/index.php?rest_route=%2Fwp%2Fv2%2Fcomments&post=217"}],"version-history":[{"count":3,"href":"https:\/\/heilerakademie.eu\/index.php?rest_route=\/wp\/v2\/pages\/217\/revisions"}],"predecessor-version":[{"id":240,"href":"https:\/\/heilerakademie.eu\/index.php?rest_route=\/wp\/v2\/pages\/217\/revisions\/240"}],"wp:attachment":[{"href":"https:\/\/heilerakademie.eu\/index.php?rest_route=%2Fwp%2Fv2%2Fmedia&parent=217"}],"curies":[{"name":"wp","href":"https:\/\/api.w.org\/{rel}","templated":true}]}}