{"id":220,"date":"2015-10-16T15:16:41","date_gmt":"2015-10-16T15:16:41","guid":{"rendered":"http:\/\/heilerakademieeuropa.apps-1and1.net\/?page_id=220"},"modified":"2015-10-16T15:47:45","modified_gmt":"2015-10-16T15:47:45","slug":"foerderungen-durch-das-ams","status":"publish","type":"page","link":"https:\/\/heilerakademie.eu\/?page_id=220","title":{"rendered":"F\u00f6rderungen durch das AMS"},"content":{"rendered":"<p>In fr\u00fcheren Jahren f\u00f6rderte das AMS (Arbeitmarktservice) oft und gerne die individuelle Aus- und Weiterbildung. Die F\u00f6rdert\u00f6pfe waren gut gef\u00fcllt. Leider ist derzeit die Finanzierung einer Ausbildung in der Erwachsenenbildung durch das AMS\u00a0eher selten geworden. Die T\u00f6pfe sind leer und es werden ziemlich strenge, recht pers\u00f6nliche und individuelle, oft nicht nachvollziehbare Kriterien herangezogen.\u00a0Dennoch sollte man sich nicht entmutigen lassen und mit dem zust\u00e4ndigen AMS-Betreuer \u00fcber eine m\u00f6gliche F\u00f6rderung der Ausbildung\u00a0\u00a0sprechen. Voraussetzung f\u00fcr eine m\u00f6gliche F\u00f6rderung ist jedoch immer die positive Einsch\u00e4tzung auf \u00a0eine antragstellerbezogene \u00a0Verwertbarkeit der Aus- oder Weiterbildung am Arbeitsmarkt..<\/p>\n<h3><strong>AMS-<\/strong>Qualifizierungsf\u00f6rderung f\u00fcr Besch\u00e4ftigte<\/h3>\n<p>Das AMS f\u00f6rdert mit dieser Beihilfe die Kosten f\u00fcr Weiterbildungen insbesondere von gering qualifizierten und \u00e4lteren Arbeitnehmer. Diese F\u00f6rderung erhalten jedoch die Arbeitgeber (nicht Arbeitnehmer!). Neben bildungsrelevanten Kriterien muss die Ausbildung mindestens 24 Kursstunden umfassen. Dann werden ggf. 50 % der Kurskosten an den Arbeitgeber gezahlt.<\/p>\n<p><strong><a href=\"http:\/\/www.ams.at\/ooe\/service-unternehmen\/qualifizierung\" target=\"_blank\">Weitere Informationen hierzu<\/a>.<\/strong><\/p>\n<h3><strong>AMS<\/strong>-Unternehmensgr\u00fcnderprogramm<\/h3>\n<p>Mit dem AMS-Unternehmensgr\u00fcndungsprogramm unterst\u00fctzt das Arbeitsmarktservice arbeitslose Personen bei der Neugr\u00fcndung existenzf\u00e4higer Betriebe und der Schaffung von Arbeitspl\u00e4tzen. Wird dieses Gr\u00fcndungsprogramm in Anspruch genommen, werden auch etwaige Ausbildungskosten vom AMS getragen.<\/p>\n<p><strong><a href=\"http:\/\/www.ams.at\/ueber_ams\/14169_11690.html\">W<\/a><a href=\"http:\/\/www.ams.at\/_docs\/001_UGP_Infoblatt.pdf\" target=\"_blank\">eitere Informatione hierzu<\/a>.<\/strong><\/p>\n","protected":false},"excerpt":{"rendered":"<p>In fr\u00fcheren Jahren f\u00f6rderte das AMS (Arbeitmarktservice) oft und gerne die individuelle Aus- und Weiterbildung. Die F\u00f6rdert\u00f6pfe waren gut gef\u00fcllt. Leider ist derzeit die Finanzierung einer Ausbildung in der Erwachsenenbildung durch das AMS\u00a0eher selten geworden. Die T\u00f6pfe sind leer und &hellip; <a href=\"https:\/\/heilerakademie.eu\/?page_id=220\">Weiterlesen <span class=\"meta-nav\">&rarr;<\/span><\/a><\/p>\n","protected":false},"author":1,"featured_media":0,"parent":0,"menu_order":0,"comment_status":"closed","ping_status":"closed","template":"","meta":{"footnotes":""},"class_list":["post-220","page","type-page","status-publish","hentry"],"yoast_head":"<!-- This site is optimized with the Yoast SEO plugin v27.3 - https:\/\/yoast.com\/product\/yoast-seo-wordpress\/ -->\n<title>F\u00f6rderungen durch das AMS<\/title>\n<meta name=\"description\" content=\"AMS F\u00f6rderungen f\u00fcr Weiterbildungen beantragen beim Arbeitsmarktservice\" \/>\n<meta name=\"robots\" content=\"index, follow, max-snippet:-1, max-image-preview:large, max-video-preview:-1\" \/>\n<link rel=\"canonical\" href=\"https:\/\/heilerakademie.eu\/?page_id=220\" \/>\n<meta property=\"og:locale\" content=\"de_DE\" \/>\n<meta property=\"og:type\" content=\"article\" \/>\n<meta property=\"og:title\" content=\"F\u00f6rderungen durch das AMS\" \/>\n<meta property=\"og:description\" content=\"AMS F\u00f6rderungen f\u00fcr Weiterbildungen beantragen beim Arbeitsmarktservice\" \/>\n<meta property=\"og:url\" content=\"https:\/\/heilerakademie.eu\/?page_id=220\" \/>\n<meta property=\"og:site_name\" content=\"HEILERAKADEMIE EUROPA\" \/>\n<meta property=\"article:modified_time\" content=\"2015-10-16T15:47:45+00:00\" \/>\n<meta name=\"twitter:label1\" content=\"Gesch\u00e4tzte Lesezeit\" \/>\n\t<meta name=\"twitter:data1\" content=\"1\u00a0Minute\" \/>\n<script type=\"application\/ld+json\" class=\"yoast-schema-graph\">{\"@context\":\"https:\\\/\\\/schema.org\",\"@graph\":[{\"@type\":\"WebPage\",\"@id\":\"https:\\\/\\\/heilerakademie.eu\\\/?page_id=220\",\"url\":\"https:\\\/\\\/heilerakademie.eu\\\/?page_id=220\",\"name\":\"F\u00f6rderungen durch das AMS\",\"isPartOf\":{\"@id\":\"https:\\\/\\\/heilerakademie.eu\\\/#website\"},\"datePublished\":\"2015-10-16T15:16:41+00:00\",\"dateModified\":\"2015-10-16T15:47:45+00:00\",\"description\":\"AMS F\u00f6rderungen f\u00fcr Weiterbildungen beantragen beim Arbeitsmarktservice\",\"breadcrumb\":{\"@id\":\"https:\\\/\\\/heilerakademie.eu\\\/?page_id=220#breadcrumb\"},\"inLanguage\":\"de\",\"potentialAction\":[{\"@type\":\"ReadAction\",\"target\":[\"https:\\\/\\\/heilerakademie.eu\\\/?page_id=220\"]}]},{\"@type\":\"BreadcrumbList\",\"@id\":\"https:\\\/\\\/heilerakademie.eu\\\/?page_id=220#breadcrumb\",\"itemListElement\":[{\"@type\":\"ListItem\",\"position\":1,\"name\":\"Home\",\"item\":\"https:\\\/\\\/heilerakademie.eu\\\/\"},{\"@type\":\"ListItem\",\"position\":2,\"name\":\"F\u00f6rderungen durch das AMS\"}]},{\"@type\":\"WebSite\",\"@id\":\"https:\\\/\\\/heilerakademie.eu\\\/#website\",\"url\":\"https:\\\/\\\/heilerakademie.eu\\\/\",\"name\":\"HEILERAKADEMIE EUROPA\",\"description\":\"Akademie f\u00fcr Alternative Heilungsmethoden und Energiemedizin\",\"potentialAction\":[{\"@type\":\"SearchAction\",\"target\":{\"@type\":\"EntryPoint\",\"urlTemplate\":\"https:\\\/\\\/heilerakademie.eu\\\/?s={search_term_string}\"},\"query-input\":{\"@type\":\"PropertyValueSpecification\",\"valueRequired\":true,\"valueName\":\"search_term_string\"}}],\"inLanguage\":\"de\"}]}<\/script>\n<!-- \/ Yoast SEO plugin. -->","yoast_head_json":{"title":"F\u00f6rderungen durch das AMS","description":"AMS F\u00f6rderungen f\u00fcr Weiterbildungen beantragen beim Arbeitsmarktservice","robots":{"index":"index","follow":"follow","max-snippet":"max-snippet:-1","max-image-preview":"max-image-preview:large","max-video-preview":"max-video-preview:-1"},"canonical":"https:\/\/heilerakademie.eu\/?page_id=220","og_locale":"de_DE","og_type":"article","og_title":"F\u00f6rderungen durch das AMS","og_description":"AMS F\u00f6rderungen f\u00fcr Weiterbildungen beantragen beim Arbeitsmarktservice","og_url":"https:\/\/heilerakademie.eu\/?page_id=220","og_site_name":"HEILERAKADEMIE EUROPA","article_modified_time":"2015-10-16T15:47:45+00:00","twitter_misc":{"Gesch\u00e4tzte Lesezeit":"1\u00a0Minute"},"schema":{"@context":"https:\/\/schema.org","@graph":[{"@type":"WebPage","@id":"https:\/\/heilerakademie.eu\/?page_id=220","url":"https:\/\/heilerakademie.eu\/?page_id=220","name":"F\u00f6rderungen durch das AMS","isPartOf":{"@id":"https:\/\/heilerakademie.eu\/#website"},"datePublished":"2015-10-16T15:16:41+00:00","dateModified":"2015-10-16T15:47:45+00:00","description":"AMS F\u00f6rderungen f\u00fcr Weiterbildungen beantragen beim Arbeitsmarktservice","breadcrumb":{"@id":"https:\/\/heilerakademie.eu\/?page_id=220#breadcrumb"},"inLanguage":"de","potentialAction":[{"@type":"ReadAction","target":["https:\/\/heilerakademie.eu\/?page_id=220"]}]},{"@type":"BreadcrumbList","@id":"https:\/\/heilerakademie.eu\/?page_id=220#breadcrumb","itemListElement":[{"@type":"ListItem","position":1,"name":"Home","item":"https:\/\/heilerakademie.eu\/"},{"@type":"ListItem","position":2,"name":"F\u00f6rderungen durch das AMS"}]},{"@type":"WebSite","@id":"https:\/\/heilerakademie.eu\/#website","url":"https:\/\/heilerakademie.eu\/","name":"HEILERAKADEMIE EUROPA","description":"Akademie f\u00fcr Alternative Heilungsmethoden und Energiemedizin","potentialAction":[{"@type":"SearchAction","target":{"@type":"EntryPoint","urlTemplate":"https:\/\/heilerakademie.eu\/?s={search_term_string}"},"query-input":{"@type":"PropertyValueSpecification","valueRequired":true,"valueName":"search_term_string"}}],"inLanguage":"de"}]}},"_links":{"self":[{"href":"https:\/\/heilerakademie.eu\/index.php?rest_route=\/wp\/v2\/pages\/220","targetHints":{"allow":["GET"]}}],"collection":[{"href":"https:\/\/heilerakademie.eu\/index.php?rest_route=\/wp\/v2\/pages"}],"about":[{"href":"https:\/\/heilerakademie.eu\/index.php?rest_route=\/wp\/v2\/types\/page"}],"author":[{"embeddable":true,"href":"https:\/\/heilerakademie.eu\/index.php?rest_route=\/wp\/v2\/users\/1"}],"replies":[{"embeddable":true,"href":"https:\/\/heilerakademie.eu\/index.php?rest_route=%2Fwp%2Fv2%2Fcomments&post=220"}],"version-history":[{"count":3,"href":"https:\/\/heilerakademie.eu\/index.php?rest_route=\/wp\/v2\/pages\/220\/revisions"}],"predecessor-version":[{"id":239,"href":"https:\/\/heilerakademie.eu\/index.php?rest_route=\/wp\/v2\/pages\/220\/revisions\/239"}],"wp:attachment":[{"href":"https:\/\/heilerakademie.eu\/index.php?rest_route=%2Fwp%2Fv2%2Fmedia&parent=220"}],"curies":[{"name":"wp","href":"https:\/\/api.w.org\/{rel}","templated":true}]}}