{"id":223,"date":"2015-10-16T15:29:18","date_gmt":"2015-10-16T15:29:18","guid":{"rendered":"http:\/\/heilerakademieeuropa.apps-1and1.net\/?page_id=223"},"modified":"2015-10-16T15:46:32","modified_gmt":"2015-10-16T15:46:32","slug":"bundeslaender-foerderung","status":"publish","type":"page","link":"https:\/\/heilerakademie.eu\/?page_id=223","title":{"rendered":"Bundesl\u00e4nder-F\u00f6rderung"},"content":{"rendered":"<p>Die Bundesl\u00e4nder des Staates \u00d6sterreich haben oft sehr unterschiedliche F\u00f6rdert\u00f6pfe, die manchmal recht prall gef\u00fcllt sind. Hier sollte, wenn die Voraussetzungen grunds\u00e4tzlich vorliegen, nachgefragt werden.<\/p>\n<h3><strong>Nieder\u00f6sterreich\u00a0<\/strong>&#8211; Bildungsf\u00f6rderung<\/h3>\n<p>Das Land Nieder\u00f6sterreich gew\u00e4hrt Arbeitnehmern eine finanzielle Unterst\u00fctzung. Die Bildungsf\u00f6rderung ist jedoch an eine berufsspezifische Weiterbildung, die zur Arbeitsplatzsicherung dient, gebunden.<\/p>\n<p><strong><a href=\"http:\/\/www.noe.gv.at\/Bildung\/Aus-und-Weiterbildung\/Bildungsfoerderung\/Bildungsfoerderung.wai.html\" target=\"_blank\">Weitere\u00a0Informationen<\/a><\/strong><\/p>\n<h3><strong>Wien <\/strong>&#8211; WAFF<\/h3>\n<p>Beim Wiener ArbeitnehmerInnen F\u00f6rderungsfonds (WAFF) gibt es einige\u00a0F\u00f6rdervarianten zur Auswahl. Grunds\u00e4tzliche Voraussetzung ist ein Wohnsitz in Wien. Welche M\u00f6glichkeiten f\u00fcr Sie in Frage kommen, kl\u00e4ren Sie bitte direkt mit den WAFF-Beratern ab.<\/p>\n<p><strong><a href=\"http:\/\/www.waff.at\/html\/index.aspx?page_url=Beratung&amp;mid=265\" target=\"_blank\">Weitere\u00a0Informationen<\/a><\/strong><\/p>\n<h3><strong>Steiermark <\/strong>&#8211;\u00a0Bildungsscheck f\u00fcr Besch\u00e4ftige 50+<\/h3>\n<p>Mit dem Bildungsscheck f\u00fcr Besch\u00e4ftige 50+ sollen Anreize zur beruflichen Weiterbildung \u00e4lterer ArbeitnehmerInnen gesetzt werden. Es werden 50 % (max. 500 Euro) von Kursen gef\u00f6rdert, wenn der Kurs dem aktuellen Berufsleben dient, oder dieser <strong><em>eine Voraussetzung f\u00fcr eine angestrebte berufliche Ver\u00e4nderung<\/em> <\/strong>darstellt.<\/p>\n<p><strong><a href=\"http:\/\/www.soziales.steiermark.at\/cms\/dokumente\/11296593_54867022\/42a6c988\/50%2BRichtlinie.pdf\" target=\"_blank\">Weitere\u00a0Informationen<\/a><\/strong><\/p>\n<h3><strong>Burgenland <\/strong>&#8211; Qualifikationsf\u00f6rderungszuschuss<\/h3>\n<p>Der Qualifikationsf\u00f6rderungszuschuss dient der Weiterbildung im derzeitigen Beruf aber auch Personen,<strong><em> die ihren Beruf wechseln m\u00f6chten<\/em><\/strong>.\u00a0F\u00f6rderbar sind alle Bildungsma\u00dfnahmen, die geeignet sind, die Arbeitssituation zu verbessern und die nicht in den Zust\u00e4ndigkeitsbereich anderer F\u00f6rderstellen fallen.<\/p>\n<p><strong><a href=\"http:\/\/www.burgenland.at\/gesundheit-soziales-arbeit\/arbeit\/arbeitnehmerfoerderung\/qualifikationsfoerderungs-zuschuss\/\" target=\"_blank\">Weitere Informationen<\/a><\/strong><\/p>\n<h3><strong>Ober\u00f6sterreich &#8211;<\/strong> Bildungskonto des Landes O\u00d6<\/h3>\n<p>Mit J\u00e4nner 2015 wurde der Topf f\u00fcr das Bildungskonto O\u00d6 wieder neu aufgef\u00fcllt, wobei der max. F\u00f6rderbetrag angehoben wurde.\u00a0Das Bildungskonto des Landes deckt derzeit 50 % (in Ausnahmen auch 70 %) der Ausbildungskosten f\u00fcr fast alle Personenkreise ab. Der F\u00f6rderantrag kann erst nach Ausbildungsabschluss gestellt werden.<\/p>\n<p><a href=\"http:\/\/www.land-oberoesterreich.gv.at\/cps\/rde\/xchg\/ooe\/hs.xsl\/24636_DEU_HTML.htm\" target=\"_blank\"><strong>Weitere\u00a0Informationen<\/strong><\/a><\/p>\n<h3><strong>Salzburg <\/strong>\u2013 Bildungsscheck<\/h3>\n<p>Mit dem Bildungsscheck f\u00f6rdert das Land Salzburg die Kursgeb\u00fchren von Qualifizierungsma\u00dfnahmen, die beruflich verwertbar sind. Der F\u00f6rderungswerber muss entweder seinen Hauptwohnsitz oder seine Arbeitsst\u00e4tte in Salzburg haben. Die finanzielle Unterst\u00fctzung kann erst nach Abschluss der Ausbildung beantragt werden.<\/p>\n<p><strong><a href=\"http:\/\/www.salzburg.gv.at\/bildungsscheck\" target=\"_blank\">Weitere\u00a0Informationen<\/a><\/strong><\/p>\n<h3><strong>K\u00e4rnten <\/strong>\u2013 Bildungsf\u00f6rderung f\u00fcr Arbeitnehmer<\/h3>\n<p>Die Bildungsf\u00f6rderung dient zur finanziellen Unterst\u00fctzung von Arbeitnehmern, freien Dienstnehmern und Wiedereinsteigern, die sich beruflich bei einem vom Land K\u00e4rnten anerkannten Bildungstr\u00e4ger weiterbilden. Eine nachhaltige berufliche Nutzung ist Voraussetzung. Der Antrag kann fr\u00fchestens mit Beginn der Ausbildung gestellt werden.<\/p>\n<p><strong><a href=\"http:\/\/www.ktn.gv.at\/42054_DE-ktn.gv.at-SERVICE-Foerderungen?detail=123\" target=\"_blank\">Weitere Informationen<\/a><\/strong><\/p>\n<h3><strong>Tirol <\/strong>\u2013 Bildungsgeld<\/h3>\n<p>Aus- und Weiterbildungen werden mit einer F\u00f6rderung von 30 % (aber max. 500 Euro)\u00a0der Kurskosten unterst\u00fctzt. F\u00f6rderbare Personen sind u.a.: Arbeitnehmer, Arbeitslose, Wiedereinsteiger\/innen, Selbst\u00e4ndige mit max. 9 Mitarbeitern und Menschen,\u00a0die ihren Wohnsitz oder ihren Besch\u00e4ftigungsort in Tirol haben. Ziel ist, die berufliche Qualifikation von Arbeitskr\u00e4ften zu erh\u00f6hen. \u00a0Antr\u00e4ge m\u00fcssen bis sp\u00e4testens zwei Wochen nach Beginn der Ausbildung erbracht werden. Ausbezahlt wird die F\u00f6rderung jedoch erst nach Absolvierung der Ausbildung.<\/p>\n<p><strong><a href=\"https:\/\/www.tirol.gv.at\/arbeit-wirtschaft\/arbeit\/arbeitsmarktfoerderung\/bildungsgeld-update\/\" target=\"_blank\">Weitere\u00a0Informationen<\/a><\/strong><\/p>\n<h3><strong>Vorarlberg <\/strong>\u2013 Bildungszusch\u00fcsse<\/h3>\n<p>Es gibt in Vorarlberg verschiedene F\u00f6rderm\u00f6glichkeiten. Sie unterscheiden sich nach Ausbildungsart und f\u00f6rderbarer Personenkreis. Die Antr\u00e4ge k\u00f6nnen fr\u00fchestens nach Beginn der Ausbildung gestellt werden, die finanzielle Unterst\u00fctzung wird nach Ausbildungsende ausbezahlt.<\/p>\n<p><strong><a href=\"http:\/\/www.bildungszuschuss.at\/\" target=\"_blank\">Weitere Informationen<\/a><\/strong><\/p>\n","protected":false},"excerpt":{"rendered":"<p>Die Bundesl\u00e4nder des Staates \u00d6sterreich haben oft sehr unterschiedliche F\u00f6rdert\u00f6pfe, die manchmal recht prall gef\u00fcllt sind. Hier sollte, wenn die Voraussetzungen grunds\u00e4tzlich vorliegen, nachgefragt werden. Nieder\u00f6sterreich\u00a0&#8211; Bildungsf\u00f6rderung Das Land Nieder\u00f6sterreich gew\u00e4hrt Arbeitnehmern eine finanzielle Unterst\u00fctzung. Die Bildungsf\u00f6rderung ist jedoch an &hellip; <a href=\"https:\/\/heilerakademie.eu\/?page_id=223\">Weiterlesen <span class=\"meta-nav\">&rarr;<\/span><\/a><\/p>\n","protected":false},"author":1,"featured_media":0,"parent":0,"menu_order":0,"comment_status":"closed","ping_status":"closed","template":"","meta":{"footnotes":""},"class_list":["post-223","page","type-page","status-publish","hentry"],"yoast_head":"<!-- This site is optimized with the Yoast SEO plugin v27.3 - https:\/\/yoast.com\/product\/yoast-seo-wordpress\/ -->\n<title>Bundesl\u00e4nder-F\u00f6rderung - HEILERAKADEMIE EUROPA<\/title>\n<meta name=\"description\" content=\"Bei Bundesl\u00e4nder in \u00d6sterreich F\u00f6rderungen beantragen\" \/>\n<meta name=\"robots\" content=\"index, follow, max-snippet:-1, max-image-preview:large, max-video-preview:-1\" \/>\n<link rel=\"canonical\" href=\"https:\/\/heilerakademie.eu\/?page_id=223\" \/>\n<meta property=\"og:locale\" content=\"de_DE\" \/>\n<meta property=\"og:type\" content=\"article\" \/>\n<meta property=\"og:title\" content=\"Bundesl\u00e4nder-F\u00f6rderung - HEILERAKADEMIE EUROPA\" \/>\n<meta property=\"og:description\" content=\"Bei Bundesl\u00e4nder in \u00d6sterreich F\u00f6rderungen beantragen\" \/>\n<meta property=\"og:url\" content=\"https:\/\/heilerakademie.eu\/?page_id=223\" \/>\n<meta property=\"og:site_name\" content=\"HEILERAKADEMIE EUROPA\" \/>\n<meta property=\"article:modified_time\" content=\"2015-10-16T15:46:32+00:00\" \/>\n<meta name=\"twitter:label1\" content=\"Gesch\u00e4tzte Lesezeit\" \/>\n\t<meta name=\"twitter:data1\" content=\"2\u00a0Minuten\" \/>\n<script type=\"application\/ld+json\" class=\"yoast-schema-graph\">{\"@context\":\"https:\\\/\\\/schema.org\",\"@graph\":[{\"@type\":\"WebPage\",\"@id\":\"https:\\\/\\\/heilerakademie.eu\\\/?page_id=223\",\"url\":\"https:\\\/\\\/heilerakademie.eu\\\/?page_id=223\",\"name\":\"Bundesl\u00e4nder-F\u00f6rderung - HEILERAKADEMIE EUROPA\",\"isPartOf\":{\"@id\":\"https:\\\/\\\/heilerakademie.eu\\\/#website\"},\"datePublished\":\"2015-10-16T15:29:18+00:00\",\"dateModified\":\"2015-10-16T15:46:32+00:00\",\"description\":\"Bei Bundesl\u00e4nder in \u00d6sterreich F\u00f6rderungen beantragen\",\"breadcrumb\":{\"@id\":\"https:\\\/\\\/heilerakademie.eu\\\/?page_id=223#breadcrumb\"},\"inLanguage\":\"de\",\"potentialAction\":[{\"@type\":\"ReadAction\",\"target\":[\"https:\\\/\\\/heilerakademie.eu\\\/?page_id=223\"]}]},{\"@type\":\"BreadcrumbList\",\"@id\":\"https:\\\/\\\/heilerakademie.eu\\\/?page_id=223#breadcrumb\",\"itemListElement\":[{\"@type\":\"ListItem\",\"position\":1,\"name\":\"Home\",\"item\":\"https:\\\/\\\/heilerakademie.eu\\\/\"},{\"@type\":\"ListItem\",\"position\":2,\"name\":\"Bundesl\u00e4nder-F\u00f6rderung\"}]},{\"@type\":\"WebSite\",\"@id\":\"https:\\\/\\\/heilerakademie.eu\\\/#website\",\"url\":\"https:\\\/\\\/heilerakademie.eu\\\/\",\"name\":\"HEILERAKADEMIE EUROPA\",\"description\":\"Akademie f\u00fcr Alternative Heilungsmethoden und Energiemedizin\",\"potentialAction\":[{\"@type\":\"SearchAction\",\"target\":{\"@type\":\"EntryPoint\",\"urlTemplate\":\"https:\\\/\\\/heilerakademie.eu\\\/?s={search_term_string}\"},\"query-input\":{\"@type\":\"PropertyValueSpecification\",\"valueRequired\":true,\"valueName\":\"search_term_string\"}}],\"inLanguage\":\"de\"}]}<\/script>\n<!-- \/ Yoast SEO plugin. -->","yoast_head_json":{"title":"Bundesl\u00e4nder-F\u00f6rderung - HEILERAKADEMIE EUROPA","description":"Bei Bundesl\u00e4nder in \u00d6sterreich F\u00f6rderungen beantragen","robots":{"index":"index","follow":"follow","max-snippet":"max-snippet:-1","max-image-preview":"max-image-preview:large","max-video-preview":"max-video-preview:-1"},"canonical":"https:\/\/heilerakademie.eu\/?page_id=223","og_locale":"de_DE","og_type":"article","og_title":"Bundesl\u00e4nder-F\u00f6rderung - HEILERAKADEMIE EUROPA","og_description":"Bei Bundesl\u00e4nder in \u00d6sterreich F\u00f6rderungen beantragen","og_url":"https:\/\/heilerakademie.eu\/?page_id=223","og_site_name":"HEILERAKADEMIE EUROPA","article_modified_time":"2015-10-16T15:46:32+00:00","twitter_misc":{"Gesch\u00e4tzte Lesezeit":"2\u00a0Minuten"},"schema":{"@context":"https:\/\/schema.org","@graph":[{"@type":"WebPage","@id":"https:\/\/heilerakademie.eu\/?page_id=223","url":"https:\/\/heilerakademie.eu\/?page_id=223","name":"Bundesl\u00e4nder-F\u00f6rderung - HEILERAKADEMIE EUROPA","isPartOf":{"@id":"https:\/\/heilerakademie.eu\/#website"},"datePublished":"2015-10-16T15:29:18+00:00","dateModified":"2015-10-16T15:46:32+00:00","description":"Bei Bundesl\u00e4nder in \u00d6sterreich F\u00f6rderungen beantragen","breadcrumb":{"@id":"https:\/\/heilerakademie.eu\/?page_id=223#breadcrumb"},"inLanguage":"de","potentialAction":[{"@type":"ReadAction","target":["https:\/\/heilerakademie.eu\/?page_id=223"]}]},{"@type":"BreadcrumbList","@id":"https:\/\/heilerakademie.eu\/?page_id=223#breadcrumb","itemListElement":[{"@type":"ListItem","position":1,"name":"Home","item":"https:\/\/heilerakademie.eu\/"},{"@type":"ListItem","position":2,"name":"Bundesl\u00e4nder-F\u00f6rderung"}]},{"@type":"WebSite","@id":"https:\/\/heilerakademie.eu\/#website","url":"https:\/\/heilerakademie.eu\/","name":"HEILERAKADEMIE EUROPA","description":"Akademie f\u00fcr Alternative Heilungsmethoden und Energiemedizin","potentialAction":[{"@type":"SearchAction","target":{"@type":"EntryPoint","urlTemplate":"https:\/\/heilerakademie.eu\/?s={search_term_string}"},"query-input":{"@type":"PropertyValueSpecification","valueRequired":true,"valueName":"search_term_string"}}],"inLanguage":"de"}]}},"_links":{"self":[{"href":"https:\/\/heilerakademie.eu\/index.php?rest_route=\/wp\/v2\/pages\/223","targetHints":{"allow":["GET"]}}],"collection":[{"href":"https:\/\/heilerakademie.eu\/index.php?rest_route=\/wp\/v2\/pages"}],"about":[{"href":"https:\/\/heilerakademie.eu\/index.php?rest_route=\/wp\/v2\/types\/page"}],"author":[{"embeddable":true,"href":"https:\/\/heilerakademie.eu\/index.php?rest_route=\/wp\/v2\/users\/1"}],"replies":[{"embeddable":true,"href":"https:\/\/heilerakademie.eu\/index.php?rest_route=%2Fwp%2Fv2%2Fcomments&post=223"}],"version-history":[{"count":5,"href":"https:\/\/heilerakademie.eu\/index.php?rest_route=\/wp\/v2\/pages\/223\/revisions"}],"predecessor-version":[{"id":238,"href":"https:\/\/heilerakademie.eu\/index.php?rest_route=\/wp\/v2\/pages\/223\/revisions\/238"}],"wp:attachment":[{"href":"https:\/\/heilerakademie.eu\/index.php?rest_route=%2Fwp%2Fv2%2Fmedia&parent=223"}],"curies":[{"name":"wp","href":"https:\/\/api.w.org\/{rel}","templated":true}]}}