{"id":25,"date":"2015-01-08T14:04:00","date_gmt":"2015-01-08T14:04:00","guid":{"rendered":"http:\/\/heilerakademieeuropa.apps-1and1.net\/?page_id=25"},"modified":"2017-09-29T18:02:27","modified_gmt":"2017-09-29T18:02:27","slug":"impressum","status":"publish","type":"page","link":"https:\/\/heilerakademie.eu\/?page_id=25","title":{"rendered":"Impressum"},"content":{"rendered":"<div>ENERGETIKER-AKADEMIE EUROPA (AT)<br \/>\nHEILERAKADEMIE EUROPA (DE)<\/div>\n<div>Wolfgang T. M\u00fcller<br \/>\nPerschlingtalstr. 35<br \/>\nA-3144 Pyhra-Wald<\/div>\n<div>Telefon: +43 (0) 676-4548290<\/div>\n<div><a href=\"mailto:office@heilerakademie.eu\" target=\"_blank\" rel=\"noopener\">office@heilerakademie.eu<\/a><\/div>\n<div>\n<p><a href=\"https:\/\/www.heilerakademie.eu\u00a0\" target=\"_blank\" rel=\"noopener\">https:\/\/www.heilerakademie.eu\u00a0<\/a><\/p>\n<p><strong>Google-Maps:<\/strong> <a href=\"http:\/\/goo.gl\/maps\/ROM4G\" target=\"_blank\" rel=\"noopener\">Zum schnellen Auffindung und zur Routenplanung hier klicken!<\/a><\/p>\n<p><strong>Skype:<\/strong> wolfgangtmueller<\/p>\n<p><strong>Facebook:<\/strong> <a href=\"http:\/\/www.facebook.com\/heilerakademie\" target=\"_blank\" rel=\"noopener\">www.facebook.com\/heilerakademie<\/a><\/p>\n<p><strong>XING:<\/strong> <a href=\"https:\/\/www.xing.com\/profile\/WolfgangT_Mueller\" target=\"_blank\" rel=\"noopener\">https:\/\/www.xing.com\/profile\/WolfgangT_Mueller<br \/>\n<\/a>Ich bin zudem Gr\u00fcnder und Moderator der Human-Network-Gruppe &#8222;Geistheiler&#8220; bei XING (<a href=\"http:\/\/www.xing.com\/net\/geistheiler\">http:\/\/www.xing.com\/net\/geistheiler<\/a>)<\/p>\n<p><strong>Abgrenzung:<br \/>\n<\/strong>Wir weisen ausdr\u00fccklich darauf hin, dass die Heilerakademie geh\u00f6rt keiner kirchlichen, spirituellen oder sonstiger religi\u00f6ser Gruppierung an und distanziert sich von jeglicher Doktrin und Glaubenseinschr\u00e4nkung. Die Heilerakademie distanziert sich mit Nachdruck von jeglicher Ann\u00e4herung an Sekten oder religi\u00f6s verblendeten Gruppierungen.<\/p>\n<p><strong>Beim Magistrat St. P\u00f6lten angemeldetes freies Gewerbe:<\/strong><\/p>\n<p>Bezirkshauptmannschaft St. P\u00f6lten, Registernummer 319-PLW1-G-121348 (Energetiker)<br \/>\n<em>&#8222;Hilfestellung zur Erreichung einer k\u00f6rperlichen bzw. energetischen Ausgewogenheit &#8211; mittels der Methode von Dr. Bach, mittels Biofeedback oder Bioresonanz, mittels Auswahl von Farben, D\u00fcften, von Lichtquellen, Auswahl von Aromastoffen, von Edelsteinen, von Musik, &#8211; unter Anwendung kinesiologischer Methoden, Interpretation der Aura, mittels Magnetfeldanwendung, durch sanfte Ber\u00fchrung des K\u00f6rpers bzw. gezieltes Auflegen der H\u00e4nde an bestimmten K\u00f6rperstellen, mittels Cranio Sacral Balancing&#8220;\u00a0<\/em><\/p>\n<p><strong>Rechtlicher\u00a0Hinweis zur Abgrenzung des Berufsbildes &#8222;Energetiker&#8220; gegen\u00fcber dem \u00c4rztegesetz und anderen reglementierten Gewerbe in \u00d6sterreich:<\/strong><\/p>\n<p>Die von mir alternativ verwendeten Begriffe: Geistheilung, Geistheiler, Heiler, geistig energetische Heilung etc. dienen lediglich dem besseren Verst\u00e4ndnis meiner Arbeitsmethoden und werden auch von meinen Berufskollegen und Kolleginnen in \u00d6sterreich verwendet. Die oben verwendeten Begriffe sind insbesondere in Deutschland erlaubt und\u00a0gebr\u00e4uchlich und wurden von mir namentlich als Gewerbe in Deutschland vor meiner \u00dcbersiedlung nach \u00d6sterreich ausge\u00fcbt.<\/p>\n<p><strong>Abgrenzung des verwendeten Begriffes &#8222;spiritueller Lebensberater&#8220; zum in \u00d6sterreich reglementierten Gewerbe &#8222;Lebens- und Sozialberater&#8220;:<br \/>\n<\/strong>Bei den Lebens- und Sozialberatern als reglementiertes Gewerbe steht &#8211; neben anderen, hier jedoch nicht relevanten Beratungsthemen &#8211; die Pers\u00f6nlichkeitsberatung im Mittelpunkt. Beim Energetiker und beim spirituellen Lebensberater steht nicht die Pers\u00f6nlichkeitsberatung im Vordergrund, sondern die Hilfestellung zur Erreichung eines energetischen und seelischen Gleichgewichtes.<\/p>\n<p><strong>Zus\u00e4tzlicher\u00a0Hinweis<\/strong><br \/>\nGeistiges Heilen dient immer nur der Aktivierung der Selbstheilungskr\u00e4fte und ersetzt nicht die Diagnose oder Behandlung beim Arzt oder Heilpraktiker (Deutschland).<\/p>\n<p><strong>Steuernummern:<\/strong><\/p>\n<p>Finanzamt St. P\u00f6lten, Steuernummer 119\/0296<\/p>\n<\/div>\n<div>\n<p>\u00d6sterreichische\u00a0Umsatzsteuer-Identifikationsnummer:\u00a0ATU66619929<\/p>\n<p>In allen hier angebotenen Dienstleistungen ist die jeweils g\u00fcltige Mehrwertsteuer (derzeit 20 %) enthalten.<\/p>\n<p><strong>Weitere angemeldete Hauptgewerbe:<\/strong><\/p>\n<p>Gewerbeerlaubnis der\u00a0Bezirkshauptmannschaft St. P\u00f6lten, Registernummer 319-PLW1-G-141308 \/ Filmproduktion<\/p>\n<p>Gewerbeerlaubnis der\u00a0Bezirkshauptmannschaft St. P\u00f6lten, Registernummer 319-PLW1-G-141307 \/ Multimedia-Agentur<\/p>\n<p>Gewerbeerlaubnis der\u00a0Bezirkshauptmannschaft St. P\u00f6lten, Registernummer 319-PLW1-G-141305 \/ Handelsgewerbe<\/p>\n<p>Gewerbeerlaubnis der\u00a0Bezirkshauptmannschaft St. P\u00f6lten, Registernummer\u00a0319-PLW1-G-15583 \/\u00a0Organisation von Veranstaltungen, M\u00e4rkten und Messen (Eventmanagement)<\/p>\n<\/div>\n<p><strong>Inhaltlich Verantwortlicher gem\u00e4\u00df \u00a7 6 MDStV:<\/strong> Wolfgang T. M\u00fcller<\/p>\n<p><strong>Copyright und Urheberrecht<\/strong><\/p>\n<p>Alle Inhalte dieser Website unterliegen dem Copyright von Wolfgang T. M\u00fcller und sind damit urheberrechtlich gesch\u00fctzt. Die \u00dcbernahme und Nutzung der Inhalte und Angaben zu anderen Zwecken bedarf der schriftlichen Zustimmung von Wolfgang T. M\u00fcller. Ohne diese bleibt sie untersagt. Dies gilt auch f\u00fcr unterlassene Copyright-Verweise auf die Urheber.<\/p>\n<p><strong>Bitte keine Abmahnung ohne vorherigen Kontakt !<br \/>\n<\/strong><br \/>\nDer Verfasser ist bem\u00fcht, in allen Publikationen die Urheberrechte zu beachten und zu bewahren.<br \/>\nSollte sich auf diesen Seiten dennoch ein ungekennzeichnetes, aber durch fremdes Copyright gesch\u00fctztes Element befinden, so konnte das Copyright vom Verfasser nicht festgestellt werden.<br \/>\nSollte der Inhalt oder die Aufmachung dieser Seiten somit fremde Rechte Dritter oder gesetzliche Bestimmungen verletzen, so bitten wir herzlich um eine entsprechende Nachricht ohne Kostennote. Der Verfasser garantiert, dass die zu Recht beanstandeten Passagen unverz\u00fcglich entfernt werden, ohne dass von Ihrer Seite die Einschaltung eines Rechtsbeistandes erforderlich ist.<\/p>\n<p><strong>Haftungsausschluss \/ Disclaimer<\/strong><\/p>\n<p>Die Angaben auf diesen Seiten wurden sorgf\u00e4ltig gepr\u00fcft. Dennoch kann keine Garantie f\u00fcr die Vollst\u00e4ndigkeit, Richtigkeit und Aktualit\u00e4t \u00fcbernommen werden.<\/p>\n<p>F\u00fcr die Inhalte der Dateiver\u00f6ffentlichungen der Anbieter und der von hier verlinkten, fremden Webseiten wird jede Haftung ausgeschlossen. Die eingestellten Beitr\u00e4ge und \u00c4u\u00dferungen geben nur die Auffassung des jeweiligen Autors, nicht aber die von Wolfgang T. M\u00fcller wieder.<\/p>\n<p>Wolfgang T. M\u00fcller haftet nicht f\u00fcr Sch\u00e4den, die aus der Benutzung aller dargebotenen Informationen entstehen k\u00f6nnten.<\/p>\n","protected":false},"excerpt":{"rendered":"<p>ENERGETIKER-AKADEMIE EUROPA (AT) HEILERAKADEMIE EUROPA (DE) Wolfgang T. M\u00fcller Perschlingtalstr. 35 A-3144 Pyhra-Wald Telefon: +43 (0) 676-4548290 office@heilerakademie.eu https:\/\/www.heilerakademie.eu\u00a0 Google-Maps: Zum schnellen Auffindung und zur Routenplanung hier klicken! Skype: wolfgangtmueller Facebook: www.facebook.com\/heilerakademie XING: https:\/\/www.xing.com\/profile\/WolfgangT_Mueller Ich bin zudem Gr\u00fcnder und Moderator &hellip; <a href=\"https:\/\/heilerakademie.eu\/?page_id=25\">Weiterlesen <span class=\"meta-nav\">&rarr;<\/span><\/a><\/p>\n","protected":false},"author":1,"featured_media":0,"parent":0,"menu_order":0,"comment_status":"closed","ping_status":"closed","template":"","meta":{"footnotes":""},"class_list":["post-25","page","type-page","status-publish","hentry"],"yoast_head":"<!-- This site is optimized with the Yoast SEO plugin v27.4 - https:\/\/yoast.com\/product\/yoast-seo-wordpress\/ -->\n<title>Impressum - HEILERAKADEMIE EUROPA<\/title>\n<meta name=\"robots\" content=\"index, follow, max-snippet:-1, max-image-preview:large, max-video-preview:-1\" \/>\n<link rel=\"canonical\" href=\"https:\/\/heilerakademie.eu\/?page_id=25\" \/>\n<meta property=\"og:locale\" content=\"de_DE\" \/>\n<meta property=\"og:type\" content=\"article\" \/>\n<meta property=\"og:title\" content=\"Impressum - HEILERAKADEMIE EUROPA\" \/>\n<meta property=\"og:description\" content=\"ENERGETIKER-AKADEMIE EUROPA (AT) HEILERAKADEMIE EUROPA (DE) Wolfgang T. M\u00fcller Perschlingtalstr. 35 A-3144 Pyhra-Wald Telefon: +43 (0) 676-4548290 office@heilerakademie.eu https:\/\/www.heilerakademie.eu\u00a0 Google-Maps: Zum schnellen Auffindung und zur Routenplanung hier klicken! Skype: wolfgangtmueller Facebook: www.facebook.com\/heilerakademie XING: https:\/\/www.xing.com\/profile\/WolfgangT_Mueller Ich bin zudem Gr\u00fcnder und Moderator &hellip; Weiterlesen &rarr;\" \/>\n<meta property=\"og:url\" content=\"https:\/\/heilerakademie.eu\/?page_id=25\" \/>\n<meta property=\"og:site_name\" content=\"HEILERAKADEMIE EUROPA\" \/>\n<meta property=\"article:modified_time\" content=\"2017-09-29T18:02:27+00:00\" \/>\n<meta name=\"twitter:label1\" content=\"Gesch\u00e4tzte Lesezeit\" \/>\n\t<meta name=\"twitter:data1\" content=\"3\u00a0Minuten\" \/>\n<script type=\"application\/ld+json\" class=\"yoast-schema-graph\">{\"@context\":\"https:\\\/\\\/schema.org\",\"@graph\":[{\"@type\":\"WebPage\",\"@id\":\"https:\\\/\\\/heilerakademie.eu\\\/?page_id=25\",\"url\":\"https:\\\/\\\/heilerakademie.eu\\\/?page_id=25\",\"name\":\"Impressum - HEILERAKADEMIE EUROPA\",\"isPartOf\":{\"@id\":\"https:\\\/\\\/heilerakademie.eu\\\/#website\"},\"datePublished\":\"2015-01-08T14:04:00+00:00\",\"dateModified\":\"2017-09-29T18:02:27+00:00\",\"breadcrumb\":{\"@id\":\"https:\\\/\\\/heilerakademie.eu\\\/?page_id=25#breadcrumb\"},\"inLanguage\":\"de\",\"potentialAction\":[{\"@type\":\"ReadAction\",\"target\":[\"https:\\\/\\\/heilerakademie.eu\\\/?page_id=25\"]}]},{\"@type\":\"BreadcrumbList\",\"@id\":\"https:\\\/\\\/heilerakademie.eu\\\/?page_id=25#breadcrumb\",\"itemListElement\":[{\"@type\":\"ListItem\",\"position\":1,\"name\":\"Home\",\"item\":\"https:\\\/\\\/heilerakademie.eu\\\/\"},{\"@type\":\"ListItem\",\"position\":2,\"name\":\"Impressum\"}]},{\"@type\":\"WebSite\",\"@id\":\"https:\\\/\\\/heilerakademie.eu\\\/#website\",\"url\":\"https:\\\/\\\/heilerakademie.eu\\\/\",\"name\":\"HEILERAKADEMIE EUROPA\",\"description\":\"Akademie f\u00fcr Alternative Heilungsmethoden und Energiemedizin\",\"potentialAction\":[{\"@type\":\"SearchAction\",\"target\":{\"@type\":\"EntryPoint\",\"urlTemplate\":\"https:\\\/\\\/heilerakademie.eu\\\/?s={search_term_string}\"},\"query-input\":{\"@type\":\"PropertyValueSpecification\",\"valueRequired\":true,\"valueName\":\"search_term_string\"}}],\"inLanguage\":\"de\"}]}<\/script>\n<!-- \/ Yoast SEO plugin. -->","yoast_head_json":{"title":"Impressum - HEILERAKADEMIE EUROPA","robots":{"index":"index","follow":"follow","max-snippet":"max-snippet:-1","max-image-preview":"max-image-preview:large","max-video-preview":"max-video-preview:-1"},"canonical":"https:\/\/heilerakademie.eu\/?page_id=25","og_locale":"de_DE","og_type":"article","og_title":"Impressum - HEILERAKADEMIE EUROPA","og_description":"ENERGETIKER-AKADEMIE EUROPA (AT) HEILERAKADEMIE EUROPA (DE) Wolfgang T. M\u00fcller Perschlingtalstr. 35 A-3144 Pyhra-Wald Telefon: +43 (0) 676-4548290 office@heilerakademie.eu https:\/\/www.heilerakademie.eu\u00a0 Google-Maps: Zum schnellen Auffindung und zur Routenplanung hier klicken! Skype: wolfgangtmueller Facebook: www.facebook.com\/heilerakademie XING: https:\/\/www.xing.com\/profile\/WolfgangT_Mueller Ich bin zudem Gr\u00fcnder und Moderator &hellip; Weiterlesen &rarr;","og_url":"https:\/\/heilerakademie.eu\/?page_id=25","og_site_name":"HEILERAKADEMIE EUROPA","article_modified_time":"2017-09-29T18:02:27+00:00","twitter_misc":{"Gesch\u00e4tzte Lesezeit":"3\u00a0Minuten"},"schema":{"@context":"https:\/\/schema.org","@graph":[{"@type":"WebPage","@id":"https:\/\/heilerakademie.eu\/?page_id=25","url":"https:\/\/heilerakademie.eu\/?page_id=25","name":"Impressum - HEILERAKADEMIE EUROPA","isPartOf":{"@id":"https:\/\/heilerakademie.eu\/#website"},"datePublished":"2015-01-08T14:04:00+00:00","dateModified":"2017-09-29T18:02:27+00:00","breadcrumb":{"@id":"https:\/\/heilerakademie.eu\/?page_id=25#breadcrumb"},"inLanguage":"de","potentialAction":[{"@type":"ReadAction","target":["https:\/\/heilerakademie.eu\/?page_id=25"]}]},{"@type":"BreadcrumbList","@id":"https:\/\/heilerakademie.eu\/?page_id=25#breadcrumb","itemListElement":[{"@type":"ListItem","position":1,"name":"Home","item":"https:\/\/heilerakademie.eu\/"},{"@type":"ListItem","position":2,"name":"Impressum"}]},{"@type":"WebSite","@id":"https:\/\/heilerakademie.eu\/#website","url":"https:\/\/heilerakademie.eu\/","name":"HEILERAKADEMIE EUROPA","description":"Akademie f\u00fcr Alternative Heilungsmethoden und Energiemedizin","potentialAction":[{"@type":"SearchAction","target":{"@type":"EntryPoint","urlTemplate":"https:\/\/heilerakademie.eu\/?s={search_term_string}"},"query-input":{"@type":"PropertyValueSpecification","valueRequired":true,"valueName":"search_term_string"}}],"inLanguage":"de"}]}},"_links":{"self":[{"href":"https:\/\/heilerakademie.eu\/index.php?rest_route=\/wp\/v2\/pages\/25","targetHints":{"allow":["GET"]}}],"collection":[{"href":"https:\/\/heilerakademie.eu\/index.php?rest_route=\/wp\/v2\/pages"}],"about":[{"href":"https:\/\/heilerakademie.eu\/index.php?rest_route=\/wp\/v2\/types\/page"}],"author":[{"embeddable":true,"href":"https:\/\/heilerakademie.eu\/index.php?rest_route=\/wp\/v2\/users\/1"}],"replies":[{"embeddable":true,"href":"https:\/\/heilerakademie.eu\/index.php?rest_route=%2Fwp%2Fv2%2Fcomments&post=25"}],"version-history":[{"count":7,"href":"https:\/\/heilerakademie.eu\/index.php?rest_route=\/wp\/v2\/pages\/25\/revisions"}],"predecessor-version":[{"id":934,"href":"https:\/\/heilerakademie.eu\/index.php?rest_route=\/wp\/v2\/pages\/25\/revisions\/934"}],"wp:attachment":[{"href":"https:\/\/heilerakademie.eu\/index.php?rest_route=%2Fwp%2Fv2%2Fmedia&parent=25"}],"curies":[{"name":"wp","href":"https:\/\/api.w.org\/{rel}","templated":true}]}}