{"id":256,"date":"2016-01-12T18:29:04","date_gmt":"2016-01-12T18:29:04","guid":{"rendered":"http:\/\/heilerakademieeuropa.apps-1and1.net\/?page_id=256"},"modified":"2017-09-28T17:13:34","modified_gmt":"2017-09-28T17:13:34","slug":"spiritueller-lebensberater","status":"publish","type":"page","link":"https:\/\/heilerakademie.eu\/?page_id=256","title":{"rendered":"Energetischer Berater (AT) \/ Spirituelle Lebensberatung (DE)"},"content":{"rendered":"<div id=\"attachment_259\" style=\"width: 262px\" class=\"wp-caption alignright\"><a href=\"https:\/\/heilerakademie.eu\/wp-content\/uploads\/2016\/01\/lebensberatung-mittel.jpg\" rel=\"attachment wp-att-259\"><img loading=\"lazy\" decoding=\"async\" aria-describedby=\"caption-attachment-259\" class=\"wp-image-259\" src=\"https:\/\/heilerakademie.eu\/wp-content\/uploads\/2016\/01\/lebensberatung-mittel-300x274.jpg\" alt=\"lebensberatung-mittel\" width=\"252\" height=\"231\" srcset=\"https:\/\/heilerakademie.eu\/wp-content\/uploads\/2016\/01\/lebensberatung-mittel-300x274.jpg 300w, https:\/\/heilerakademie.eu\/wp-content\/uploads\/2016\/01\/lebensberatung-mittel.jpg 327w\" sizes=\"auto, (max-width: 252px) 100vw, 252px\" \/><\/a><p id=\"caption-attachment-259\" class=\"wp-caption-text\">In Deutschland ist die Lebensberatung ein freies Gewerbe. In \u00d6sterreich darf eine energetische Beratung in der engen Auslegung des freien Gewerbes des Humanenergetikers ausge\u00fcbt werden.<\/p><\/div>\n<p>In <strong>Deutschland<\/strong> gibt es den <strong>(spirituellen) Lebensberater<\/strong> als freies Gewerbe.<\/p>\n<p>In <strong>\u00d6sterreich<\/strong> muss eine klare Trennung des reglementierten Gewerbes (Lebens- und Sozialberater) und des freien Gewerbes <strong>&#8222;Energetischer Berater<\/strong>&#8220; im Rahmen eines Humanenergetiker-Gewerbes vorgenommen un sichtbar gemacht werden.<\/p>\n<p>Ein seri\u00f6s arbeitender Energetiker (in Deutschland: Geistheiler) kommt aber nicht umhin, auch sogenannte energetische Beratungstechniken wie z.B. &#8222;<strong>The Work<\/strong>&#8220; oder die \u00a0&#8222;<strong>Sedona-Technik<\/strong>&#8220; einsetzen zu k\u00f6nnen, um erst dadurch an die Ursachen des Leidens eines Klienten heranzukommen.<\/p>\n<p>Aus diesem Grunde bieten wir immer wieder <strong>Spezialseminare mit den besten und weltweit erfolgreichsten Beratungstechniken<\/strong> an. Im Rahmen einer <strong><a href=\"https:\/\/heilerakademie.eu\/?page_id=159\">Energetikerausbildung<\/a><\/strong> oder der<strong><a href=\"https:\/\/heilerakademie.eu\/?page_id=133\"> gro\u00dfen Heilerausbildung<\/a><\/strong> sind diese Ausbildungsinhalte bereits integriert.<\/p>\n<p><strong>Die Ausbildung zum spirituellen Lebensberater (DE) respektive energetischer Berater (AT) mit Diplom beinhaltet folgende Themen:<\/strong><\/p>\n<ul>\n<li>Das Klientengespr\u00e4ch \u2013 Fallbeispiele und Ablauf von energetischen Behandlungen in der Praxis<\/li>\n<li>The Work nach Byron Katie<\/li>\n<li>Die Sedona-Technik<\/li>\n<li>Ho&#8217;oponopono &#8211; hawaiianisches Vergebensritual<\/li>\n<li>Spirituelle Beratung mit praktischer Anwendung\n<ul>\n<li>Wie hole ich meinen Klienten mit seinen Themen ab?<\/li>\n<li>Woher erhalte ich meine Intuition, die richtigen Fragen zu stellen?<\/li>\n<li>Wie kann ich den Klienten sanft zur Selbsterkenntnis, zu seinen Ursachen f\u00fchren?<\/li>\n<li>Wie kann ich den Klienten dazu bringen, die Selbstverantwortung f\u00fcr seine Gesundheit anzunehmen?<\/li>\n<li>St\u00f6rrische und voreingenommene Klienten<\/li>\n<li>Wenn Paare gemeinsam kommen<\/li>\n<li>Wenn Kinder dabei sind<\/li>\n<\/ul>\n<\/li>\n<\/ul>\n<p>Schauen Sie im AKUA-Veranstaltungskalender am besten nach dem Stichwort <strong><a href=\"http:\/\/akua-events.at\/?event-tags=spirituelle-lebensberatung\" target=\"_blank\" rel=\"noopener\">&#8222;Spirituelle Lebensberatung&#8220;<\/a><\/strong> und Sie erfahren, wann und wo die n\u00e4chsten Seminare stattfinden.<\/p>\n<p>Hier noch der rechtliche Hinweis zur Abgrenzung des reglementierten vom freien Gewerbe (g\u00fcltig nur f\u00fcr \u00d6sterreich):<\/p>\n<blockquote><p><strong>Aufgrund geltender, gesetzlicher Bestimmungen in \u00d6sterreich bitten wir um Beachtung folgender <\/strong><strong>Abgrenzungen des verwendeten Begriffes &#8222;spiritueller oder energetischer Berater&#8220; zum in \u00d6sterreich reglementierten Gewerbe &#8222;Lebens- und Sozialberater&#8220;<\/strong> (in Deutschland ist der\u00a0Beruf des\u00a0Lebensberaters nicht reglementiert und gilt als freies Gewerbe):<\/p>\n<p>Bei den Lebens- und Sozialberatern als reglementiertes Gewerbe steht &#8211; neben anderen, hier jedoch nicht relevanten Beratungsthemen &#8211; die Pers\u00f6nlichkeitsberatung im Mittelpunkt.\u00a0Beim Energetiker und beim spirituellen Berater steht nicht die Pers\u00f6nlichkeitsberatung im Vordergrund, sondern die Hilfestellung zur Erreichung eines energetischen und seelischen Gleichgewichtes.<br \/>\nWir untersuchen als Energetiker nicht, ob jemand krank ist und welche Betreuung er ben\u00f6tigt zu seiner Pers\u00f6nlichkeitsentwicklung, sondern wir setzen Ma\u00dfnahmen, um eine festgestellte energetische Disbalance zu beseitigen und ein harmonisches Gleichgewicht wieder herzustellen. Dabei bedienen wir uns einzig und alleine energetischer, spiritueller Ma\u00dfnahmen.<br \/>\nUnsere &#8222;Untersuchung&#8220; bezieht sich daher ausschlie\u00dflich auf den Energiezustand des Menschen, was bedeutet, dass Blockaden, Energiestaus etc. aufgesp\u00fcrt und durch eine jeweils bestimmte Arbeitsmethode so aufgel\u00f6st werden, dass wiederum ein harmonischer Zustand erreicht wird.<\/p><\/blockquote>\n<p>Wir bitten unsere Seminarteilnehmer aus \u00d6sterreich, die dieses Seminar besuchen m\u00f6chten, die obige Abgrenzung ernst zu nehmen und auch zu praktizieren.<\/p>\n<p>&nbsp;<\/p>\n","protected":false},"excerpt":{"rendered":"<p>In Deutschland gibt es den (spirituellen) Lebensberater als freies Gewerbe. In \u00d6sterreich muss eine klare Trennung des reglementierten Gewerbes (Lebens- und Sozialberater) und des freien Gewerbes &#8222;Energetischer Berater&#8220; im Rahmen eines Humanenergetiker-Gewerbes vorgenommen un sichtbar gemacht werden. Ein seri\u00f6s arbeitender &hellip; <a href=\"https:\/\/heilerakademie.eu\/?page_id=256\">Weiterlesen <span class=\"meta-nav\">&rarr;<\/span><\/a><\/p>\n","protected":false},"author":1,"featured_media":0,"parent":0,"menu_order":0,"comment_status":"closed","ping_status":"closed","template":"","meta":{"footnotes":""},"class_list":["post-256","page","type-page","status-publish","hentry"],"yoast_head":"<!-- This site is optimized with the Yoast SEO plugin v27.4 - https:\/\/yoast.com\/product\/yoast-seo-wordpress\/ -->\n<title>Energetischer Berater (AT) \/ Spirituelle Lebensberatung (DE) - HEILERAKADEMIE EUROPA<\/title>\n<meta name=\"robots\" content=\"index, follow, max-snippet:-1, max-image-preview:large, max-video-preview:-1\" \/>\n<link rel=\"canonical\" href=\"https:\/\/heilerakademie.eu\/?page_id=256\" \/>\n<meta property=\"og:locale\" content=\"de_DE\" \/>\n<meta property=\"og:type\" content=\"article\" \/>\n<meta property=\"og:title\" content=\"Energetischer Berater (AT) \/ Spirituelle Lebensberatung (DE) - HEILERAKADEMIE EUROPA\" \/>\n<meta property=\"og:description\" content=\"In Deutschland gibt es den (spirituellen) Lebensberater als freies Gewerbe. In \u00d6sterreich muss eine klare Trennung des reglementierten Gewerbes (Lebens- und Sozialberater) und des freien Gewerbes &#8222;Energetischer Berater&#8220; im Rahmen eines Humanenergetiker-Gewerbes vorgenommen un sichtbar gemacht werden. Ein seri\u00f6s arbeitender &hellip; Weiterlesen &rarr;\" \/>\n<meta property=\"og:url\" content=\"https:\/\/heilerakademie.eu\/?page_id=256\" \/>\n<meta property=\"og:site_name\" content=\"HEILERAKADEMIE EUROPA\" \/>\n<meta property=\"article:modified_time\" content=\"2017-09-28T17:13:34+00:00\" \/>\n<meta property=\"og:image\" content=\"https:\/\/heilerakademie.eu\/wp-content\/uploads\/2016\/01\/lebensberatung-mittel-300x274.jpg\" \/>\n<meta name=\"twitter:label1\" content=\"Gesch\u00e4tzte Lesezeit\" \/>\n\t<meta name=\"twitter:data1\" content=\"2\u00a0Minuten\" \/>\n<script type=\"application\/ld+json\" class=\"yoast-schema-graph\">{\"@context\":\"https:\\\/\\\/schema.org\",\"@graph\":[{\"@type\":\"WebPage\",\"@id\":\"https:\\\/\\\/heilerakademie.eu\\\/?page_id=256\",\"url\":\"https:\\\/\\\/heilerakademie.eu\\\/?page_id=256\",\"name\":\"Energetischer Berater (AT) \\\/ Spirituelle Lebensberatung (DE) - HEILERAKADEMIE EUROPA\",\"isPartOf\":{\"@id\":\"https:\\\/\\\/heilerakademie.eu\\\/#website\"},\"primaryImageOfPage\":{\"@id\":\"https:\\\/\\\/heilerakademie.eu\\\/?page_id=256#primaryimage\"},\"image\":{\"@id\":\"https:\\\/\\\/heilerakademie.eu\\\/?page_id=256#primaryimage\"},\"thumbnailUrl\":\"https:\\\/\\\/heilerakademie.eu\\\/wp-content\\\/uploads\\\/2016\\\/01\\\/lebensberatung-mittel-300x274.jpg\",\"datePublished\":\"2016-01-12T18:29:04+00:00\",\"dateModified\":\"2017-09-28T17:13:34+00:00\",\"breadcrumb\":{\"@id\":\"https:\\\/\\\/heilerakademie.eu\\\/?page_id=256#breadcrumb\"},\"inLanguage\":\"de\",\"potentialAction\":[{\"@type\":\"ReadAction\",\"target\":[\"https:\\\/\\\/heilerakademie.eu\\\/?page_id=256\"]}]},{\"@type\":\"ImageObject\",\"inLanguage\":\"de\",\"@id\":\"https:\\\/\\\/heilerakademie.eu\\\/?page_id=256#primaryimage\",\"url\":\"https:\\\/\\\/heilerakademie.eu\\\/wp-content\\\/uploads\\\/2016\\\/01\\\/lebensberatung-mittel.jpg\",\"contentUrl\":\"https:\\\/\\\/heilerakademie.eu\\\/wp-content\\\/uploads\\\/2016\\\/01\\\/lebensberatung-mittel.jpg\",\"width\":327,\"height\":299},{\"@type\":\"BreadcrumbList\",\"@id\":\"https:\\\/\\\/heilerakademie.eu\\\/?page_id=256#breadcrumb\",\"itemListElement\":[{\"@type\":\"ListItem\",\"position\":1,\"name\":\"Home\",\"item\":\"https:\\\/\\\/heilerakademie.eu\\\/\"},{\"@type\":\"ListItem\",\"position\":2,\"name\":\"Energetischer Berater (AT) \\\/ Spirituelle Lebensberatung (DE)\"}]},{\"@type\":\"WebSite\",\"@id\":\"https:\\\/\\\/heilerakademie.eu\\\/#website\",\"url\":\"https:\\\/\\\/heilerakademie.eu\\\/\",\"name\":\"HEILERAKADEMIE EUROPA\",\"description\":\"Akademie f\u00fcr Alternative Heilungsmethoden und Energiemedizin\",\"potentialAction\":[{\"@type\":\"SearchAction\",\"target\":{\"@type\":\"EntryPoint\",\"urlTemplate\":\"https:\\\/\\\/heilerakademie.eu\\\/?s={search_term_string}\"},\"query-input\":{\"@type\":\"PropertyValueSpecification\",\"valueRequired\":true,\"valueName\":\"search_term_string\"}}],\"inLanguage\":\"de\"}]}<\/script>\n<!-- \/ Yoast SEO plugin. -->","yoast_head_json":{"title":"Energetischer Berater (AT) \/ Spirituelle Lebensberatung (DE) - HEILERAKADEMIE EUROPA","robots":{"index":"index","follow":"follow","max-snippet":"max-snippet:-1","max-image-preview":"max-image-preview:large","max-video-preview":"max-video-preview:-1"},"canonical":"https:\/\/heilerakademie.eu\/?page_id=256","og_locale":"de_DE","og_type":"article","og_title":"Energetischer Berater (AT) \/ Spirituelle Lebensberatung (DE) - HEILERAKADEMIE EUROPA","og_description":"In Deutschland gibt es den (spirituellen) Lebensberater als freies Gewerbe. In \u00d6sterreich muss eine klare Trennung des reglementierten Gewerbes (Lebens- und Sozialberater) und des freien Gewerbes &#8222;Energetischer Berater&#8220; im Rahmen eines Humanenergetiker-Gewerbes vorgenommen un sichtbar gemacht werden. Ein seri\u00f6s arbeitender &hellip; Weiterlesen &rarr;","og_url":"https:\/\/heilerakademie.eu\/?page_id=256","og_site_name":"HEILERAKADEMIE EUROPA","article_modified_time":"2017-09-28T17:13:34+00:00","og_image":[{"url":"https:\/\/heilerakademie.eu\/wp-content\/uploads\/2016\/01\/lebensberatung-mittel-300x274.jpg","type":"","width":"","height":""}],"twitter_misc":{"Gesch\u00e4tzte Lesezeit":"2\u00a0Minuten"},"schema":{"@context":"https:\/\/schema.org","@graph":[{"@type":"WebPage","@id":"https:\/\/heilerakademie.eu\/?page_id=256","url":"https:\/\/heilerakademie.eu\/?page_id=256","name":"Energetischer Berater (AT) \/ Spirituelle Lebensberatung (DE) - HEILERAKADEMIE EUROPA","isPartOf":{"@id":"https:\/\/heilerakademie.eu\/#website"},"primaryImageOfPage":{"@id":"https:\/\/heilerakademie.eu\/?page_id=256#primaryimage"},"image":{"@id":"https:\/\/heilerakademie.eu\/?page_id=256#primaryimage"},"thumbnailUrl":"https:\/\/heilerakademie.eu\/wp-content\/uploads\/2016\/01\/lebensberatung-mittel-300x274.jpg","datePublished":"2016-01-12T18:29:04+00:00","dateModified":"2017-09-28T17:13:34+00:00","breadcrumb":{"@id":"https:\/\/heilerakademie.eu\/?page_id=256#breadcrumb"},"inLanguage":"de","potentialAction":[{"@type":"ReadAction","target":["https:\/\/heilerakademie.eu\/?page_id=256"]}]},{"@type":"ImageObject","inLanguage":"de","@id":"https:\/\/heilerakademie.eu\/?page_id=256#primaryimage","url":"https:\/\/heilerakademie.eu\/wp-content\/uploads\/2016\/01\/lebensberatung-mittel.jpg","contentUrl":"https:\/\/heilerakademie.eu\/wp-content\/uploads\/2016\/01\/lebensberatung-mittel.jpg","width":327,"height":299},{"@type":"BreadcrumbList","@id":"https:\/\/heilerakademie.eu\/?page_id=256#breadcrumb","itemListElement":[{"@type":"ListItem","position":1,"name":"Home","item":"https:\/\/heilerakademie.eu\/"},{"@type":"ListItem","position":2,"name":"Energetischer Berater (AT) \/ Spirituelle Lebensberatung (DE)"}]},{"@type":"WebSite","@id":"https:\/\/heilerakademie.eu\/#website","url":"https:\/\/heilerakademie.eu\/","name":"HEILERAKADEMIE EUROPA","description":"Akademie f\u00fcr Alternative Heilungsmethoden und Energiemedizin","potentialAction":[{"@type":"SearchAction","target":{"@type":"EntryPoint","urlTemplate":"https:\/\/heilerakademie.eu\/?s={search_term_string}"},"query-input":{"@type":"PropertyValueSpecification","valueRequired":true,"valueName":"search_term_string"}}],"inLanguage":"de"}]}},"_links":{"self":[{"href":"https:\/\/heilerakademie.eu\/index.php?rest_route=\/wp\/v2\/pages\/256","targetHints":{"allow":["GET"]}}],"collection":[{"href":"https:\/\/heilerakademie.eu\/index.php?rest_route=\/wp\/v2\/pages"}],"about":[{"href":"https:\/\/heilerakademie.eu\/index.php?rest_route=\/wp\/v2\/types\/page"}],"author":[{"embeddable":true,"href":"https:\/\/heilerakademie.eu\/index.php?rest_route=\/wp\/v2\/users\/1"}],"replies":[{"embeddable":true,"href":"https:\/\/heilerakademie.eu\/index.php?rest_route=%2Fwp%2Fv2%2Fcomments&post=256"}],"version-history":[{"count":5,"href":"https:\/\/heilerakademie.eu\/index.php?rest_route=\/wp\/v2\/pages\/256\/revisions"}],"predecessor-version":[{"id":898,"href":"https:\/\/heilerakademie.eu\/index.php?rest_route=\/wp\/v2\/pages\/256\/revisions\/898"}],"wp:attachment":[{"href":"https:\/\/heilerakademie.eu\/index.php?rest_route=%2Fwp%2Fv2%2Fmedia&parent=256"}],"curies":[{"name":"wp","href":"https:\/\/api.w.org\/{rel}","templated":true}]}}