{"id":262,"date":"2016-01-13T10:54:31","date_gmt":"2016-01-13T10:54:31","guid":{"rendered":"http:\/\/heilerakademieeuropa.apps-1and1.net\/?page_id=262"},"modified":"2021-10-24T09:57:22","modified_gmt":"2021-10-24T09:57:22","slug":"quantenheilung","status":"publish","type":"page","link":"https:\/\/heilerakademie.eu\/?page_id=262","title":{"rendered":"Q-Matrix-Healing-Seminar"},"content":{"rendered":"<h2 class=\"content\"><strong>Q-MATRIX-HEALING\u00ae &#8211; Gesundwerden und bleiben nach den neuesten Erkenntnissen der Quantenphysik<\/strong><\/h2>\n<div id=\"attachment_263\" style=\"width: 222px\" class=\"wp-caption alignright\"><a href=\"http:\/\/www.makani-multimedia.com\/product_info.php?products_id=30\" target=\"_blank\" rel=\"attachment wp-att-263 noopener\"><img loading=\"lazy\" decoding=\"async\" aria-describedby=\"caption-attachment-263\" class=\"wp-image-263 size-medium\" src=\"https:\/\/heilerakademie.eu\/wp-content\/uploads\/2016\/01\/B00US6TDA4.main_-212x300.jpg\" alt=\"B00US6TDA4.main\" width=\"212\" height=\"300\" srcset=\"https:\/\/heilerakademie.eu\/wp-content\/uploads\/2016\/01\/B00US6TDA4.main_-212x300.jpg 212w, https:\/\/heilerakademie.eu\/wp-content\/uploads\/2016\/01\/B00US6TDA4.main_-725x1024.jpg 725w, https:\/\/heilerakademie.eu\/wp-content\/uploads\/2016\/01\/B00US6TDA4.main_.jpg 765w\" sizes=\"auto, (max-width: 212px) 100vw, 212px\" \/><\/a><p id=\"caption-attachment-263\" class=\"wp-caption-text\">Zur Quanten-Energetik-Ausbildung gibt es vertiefend, begleitend oder alternativ den Workshop auch als Fernstudium auf 2 DVDs mit einer Laufzeit von \u00fcber 3 Stunden (Basic-Seminar, Level 1) entweder zum Kauf, u.a. bei <a href=\"http:\/\/astore.amazon.de\/spirituellefilme-21\/detail\/B00US6TDA4\" target=\"_blank\" rel=\"noopener\">Amazon<\/a>\u00a0oder (g\u00fcnstiger) zum Ausleihen oder Kauf als Streaming-Version bei <a href=\"https:\/\/vimeo.com\/ondemand\/33368\" target=\"_blank\" rel=\"noopener\">Vimeo<\/a><\/p><\/div>\n<p><strong>Sind Sie bereit f\u00fcr Q-Matrix-Healing? Fragen Sie sich selbst&#8230;<\/strong><\/p>\n<ul>\n<li>\n<div><em>Leiden Sie unter k\u00f6rperlichen Beschwerden oder Einschr\u00e4nkungen?<\/em><\/div>\n<\/li>\n<li>\n<div><em>Leiden Sie unter sich immer wiederholenden, einschr\u00e4nkenden Glaubens- und Verhaltensmustern, die Sie an sich selbst ablehnen oder gar verw\u00fcnschen?<\/em><\/div>\n<\/li>\n<li>\n<div><em>Haben Sie das Gef\u00fchl, festzustecken im Leben und sehnen Sie sich nach Erf\u00fcllung?<\/em><\/div>\n<\/li>\n<li>\n<div><em>Empfinden Sie h\u00e4ufig Stress, Angst, Furcht, Depression oder Wut auf sich selbst und Ihre Umwelt?<\/em><\/div>\n<\/li>\n<li>\n<div><em>W\u00fcnschen Sie sich mehr Erf\u00fcllung in Ihrer Partnerschaft, in finanziellen Dingen und in das, was Ihr Leben lebenswerter machen k\u00f6nnte?<\/em><\/div>\n<\/li>\n<li>\n<div><em>Sehnen Sie sich danach, Ihr unendliches Potential, Ihre tiefsten W\u00fcnsche und Ihre wahre Gr\u00f6\u00dfe zu erkennen &#8211; Ihre Berufung zu finden?<\/em><\/div>\n<\/li>\n<\/ul>\n<p>Haben Sie auch nur eine Frage mit &#8222;Ja&#8220; beantworten k\u00f6nnen, dann sind Sie bereit, mit Q-Matrix-Healing Ihr Leben dauerhaft zu ver\u00e4ndern!<\/p>\n<p>Gerne gebe ich, Wolfgang T. M\u00fcller, der Erfinder von Q-Matrix-Healing\u00ae, mein praktisches Wissen in diesen hochinteressanten und kurzweiligen Intensiv-Workshops in konzentrierter und effektiver Form weiter.<br \/>\n<strong><a href=\"https:\/\/akua-events.at\/?event=video-fernstudium-quantenheilung\" target=\"_blank\" rel=\"noopener\"><img loading=\"lazy\" decoding=\"async\" class=\"alignright size-medium wp-image-894\" src=\"https:\/\/heilerakademie.eu\/wp-content\/uploads\/2016\/01\/17626123_1449698448385004_2886922741701158454_n-212x300.jpg\" alt=\"\" width=\"212\" height=\"300\" srcset=\"https:\/\/heilerakademie.eu\/wp-content\/uploads\/2016\/01\/17626123_1449698448385004_2886922741701158454_n-212x300.jpg 212w, https:\/\/heilerakademie.eu\/wp-content\/uploads\/2016\/01\/17626123_1449698448385004_2886922741701158454_n.jpg 679w\" sizes=\"auto, (max-width: 212px) 100vw, 212px\" \/><\/a>Garantiert:<\/strong> Nur 10 % theoretisches Grundwissen, 90 % praktische Anwendung des Erlernten in Gruppenarbeit.<\/p>\n<p><span style=\"color: #ff0000; font-size: 14pt;\"><strong>JETZT NEU<\/strong><\/span>\u00a0auch als komplettes <strong>Video-Fernstudium aller 4 Module<\/strong>. Live-Aufnahme eines echten 5-t\u00e4gigen Seminars mit 4 Kameras inkl. umfangreicher schriftlicher Unterlagen f\u00fcr nur 655 EUR als Kaufversion. <a href=\"https:\/\/akua-events.at\/?event=video-fernstudium-quantenheilung\" target=\"_blank\" rel=\"noopener\"><strong>Hier kaufen!<\/strong><\/a><\/p>\n<p class=\"content\">Wann und wo finden Q-Matrix-Healing-Informationsabende und die Ausbildungsseminare statt? <strong><a href=\"http:\/\/akua-events.at\/?event-tags=quantenheilung\" target=\"_blank\" rel=\"noopener\">Hier finden Sie alle aktuellen Termine<\/a>.<\/strong><\/p>\n<h2 class=\"content\"><strong>Seminarinhalte dieser umfassenden Power-Workshops.<\/strong><\/h2>\n<p><strong><em>7-Tage-Workshop (1.495 EUR Seminargeb\u00fchr f\u00fcr 7 Tage :<\/em><\/strong><\/p>\n<ul>\n<li>Die Zwei-Punkt Methode<\/li>\n<li>Gedanken ver\u00e4ndern Materie<\/li>\n<li>Die &#8222;Welle&#8220; finden<\/li>\n<li>Selbstanwendung<\/li>\n<li>Anwendung bei Anderen<\/li>\n<li>Negative Glaubenss\u00e4tze transformieren (<a style=\"font-weight: 300;\" href=\"https:\/\/vimeo.com\/ondemand\/33368\" target=\"_blank\" rel=\"noopener\">hierzu gibt es unterst\u00fctzend und erg\u00e4nzend ein Lernvideo von 3 Stunden und 38 Minuten<\/a><span style=\"font-weight: 300;\">)<\/span><\/li>\n<li>Paralleluniversen besuchen<\/li>\n<li>vollkommene F\u00e4higkeiten suchen und integrieren<\/li>\n<li>Releasing auf Quantenebene<\/li>\n<li>Anhand der Emotionsskala nach Esther Hicks die Emotionen zu bestimmten Lebensthemen verbessern.<\/li>\n<li>Die Zeitreisen-Technik<\/li>\n<li>Mit Symbolen und Archetypen arbeiten<\/li>\n<li>Fernbehandlung (<a style=\"font-weight: 300;\" href=\"http:\/\/spirituelles-portal.com\/endlich-zum-download-fernheilung-mit-der-zwei-punkte-methode-gefuehrte-meditation\/\" target=\"_blank\" rel=\"noopener\">hierzu gibt es eine gef\u00fchrte Meditation zum Download<\/a><span style=\"font-weight: 300;\">)<\/span><\/li>\n<li>Das reine Bewu\u00dftsein finden<\/li>\n<li>Erweiterte Quanten-Energetik-Technik (Behandlung von 30 &#8211; 50 Minuten)<\/li>\n<li>K\u00f6rperliche Behandlung<\/li>\n<li>Psychische Behandlung<\/li>\n<li>Tiere und Gegenst\u00e4nde<\/li>\n<li>Die 21 Schl\u00fcssel der Frequenzen nach Bartlett<\/li>\n<li>Kollektive oder karmische Muster (Implantate) wie Schw\u00fcre, Eide, Fl\u00fcche, alte Vertr\u00e4ge entfernen<\/li>\n<li>Energetische und systemische Aufstellungen mit Q-Matrix-Healing<\/li>\n<li>Gedanken und Gef\u00fchle steuern<\/li>\n<li>Parallele Zeitlinien verschmelzen lassen<\/li>\n<li>Machtvolle Anker integrieren (<a href=\"http:\/\/spirituelles-portal.com\/mit-einem-machtvollen-anker-sich-emotional-aus-stress-situationen-befreien\/\" target=\"_blank\" rel=\"noopener\">hierzu gibt es eine gef\u00fchrte Meditation zum Download<\/a>)<\/li>\n<li>Die Sedona-Methode<\/li>\n<li>Die Fenster-Technik<\/li>\n<li>Den eigenen vorbestimmten Lebensweg in harmonischen Fluss bringen<\/li>\n<li>Die Vollspektrum-Chakra-Matrix-Technik<\/li>\n<li>Die hypnotische Q-Matrix-Heailing-Technik<\/li>\n<li>Finanzieller Wohlstand kreieren mit Q-Matrix (<a href=\"http:\/\/spirituelles-portal.com\/im-wohlstand-und-in-der-fuelle-leben-so-kreieren-wir-uns-unser-eigenes-paradies-auf-erden\/\">hierzu gibt es eine gef\u00fchrte Meditation zum Download<\/a>)<\/li>\n<li>Alternativ oder zus\u00e4tzlich je nach Gruppenzusammensetzung und Wunsch:\n<ul>\n<li>Wohlf\u00fchlgewicht erschaffen mit Q-Matrix (<a href=\"http:\/\/spirituelles-portal.com\/dein-wohlfuehlgewicht-finden-und-integrieren-eine-aussergewoehnlich-erfolgreiche-gefuehrte-meditation-mit-wolfgang-t-mueller\/\" target=\"_blank\" rel=\"noopener\">hierzu gibt es eine gef\u00fchrte Meditation zum Download<\/a>)<\/li>\n<li>Raucherentw\u00f6hnung mit Q-Matrix<\/li>\n<li>Besser schlafen mit Q-Matrix<\/li>\n<li>Erf\u00fcllte Partnerschaften mit Q-Matrix<\/li>\n<\/ul>\n<\/li>\n<li>K\u00f6rperliche Gesundung mit Quantenheilung\n<ul>\n<li>H\u00fcftschiefstellung begradigen<\/li>\n<li>Den Knochenbau ver\u00e4ndern<\/li>\n<li>R\u00fccken- und Nackenprobleme behandeln<\/li>\n<li>Energetische H\u00e4nde<\/li>\n<li>Die Sandwich-Technik<\/li>\n<li>Organheilung<\/li>\n<li>St\u00e4rkung des Immunsystems<\/li>\n<\/ul>\n<\/li>\n<li>H\u00f6hepunkt und Abschluss &#8211; das machtvollste Q-Matrix-Healing-Instrument:<br \/>\nDie verst\u00e4rkte Q-Matrix-Resonanz-Behandlung (Behandlung von Gewebe und inneren Organen mit Hilfe einer Reisemeditationstechnik)<\/li>\n<\/ul>\n<p><iframe loading=\"lazy\" title=\"YouTube video player\" src=\"https:\/\/www.youtube.com\/embed\/oMUYjCiBEt8\" width=\"560\" height=\"315\" frameborder=\"0\" allowfullscreen=\"allowfullscreen\"><\/iframe><br \/>\n<strong>Nochmals ganz wichtig:<\/strong> Alle hier beschriebenen Methoden dienen ausschlie\u00dflich der Aktivierung der Selbstheilungskr\u00e4fte. Sie ersetzen nicht die Arbeit eines Arztes oder Heilpraktikers.<\/p>\n<p><strong>Erg\u00e4nzende Informationen:<\/strong><\/p>\n<div class=\"content\">\n<p>Mit der Q-MATRIX-HEALING-Methode k\u00f6nnen k\u00f6rperliche, emotionale und mental blockierende Lebensthemen gel\u00f6st werden, nur durch leichte Ber\u00fchrung und durch das reine Bewusstsein. Heilung kann sofort geschehen.<br \/>\nQ-MATRIX-HEALING ist Energiearbeit nach den Erkenntnissen der modernen Quantenphysik und begr\u00fcndet sich insbesondere in den \u00a0ver\u00f6ffentlichten Arbeiten von Dr. Frank Kinslow (Quantenheilung), Dr. Richard Bartlett (Autor von Matrix Energetics), die spezifische Anwendungsm\u00f6glichkeiten der Zwei-Punkt-Methode geschaffen haben. Jedoch auch die im Buch ver\u00f6ffentlichten Erkenntnisse von Bruce Lipton (Intelligente Zellen) oder auch Gregg Braden (Im Einklang mit der g\u00f6ttlichen Matrix) \u00a0sowie die uralten schamanischen Techniken der Hawaiianer untermauern die Tatsache, dass der Geist Materie ver\u00e4ndern kann.<br \/>\nDiese Q-MATRIX-HEALING-Methode entspricht der neuen Zeitqualit\u00e4t.<br \/>\nBegrenzende \u00dcberzeugungen werden nachhaltig aufgel\u00f6st. Ihr sch\u00f6pferisches Potential wird leicht und spielerisch in Aktion gebracht.<br \/>\nDas Bewusstsein erschafft Ihre neue Realit\u00e4t und Sie entdecken, wer Sie wirklich sind.<\/p>\n<p><a href=\"http:\/\/akua-events.at\/?event-tags=quantenheilung\" target=\"_blank\" rel=\"noopener\"><strong>Aktuelle Seminare finden Sie hier im \u00dcberblick.<\/strong><\/a><\/p>\n<p>*) Q-MATRIX-HEALING ist ein urheberrechtlich gesch\u00fctzter Begriff von Wolfgang T. M\u00fcller.<\/p>\n<\/div>\n","protected":false},"excerpt":{"rendered":"<p>Q-MATRIX-HEALING\u00ae &#8211; Gesundwerden und bleiben nach den neuesten Erkenntnissen der Quantenphysik Sind Sie bereit f\u00fcr Q-Matrix-Healing? Fragen Sie sich selbst&#8230; Leiden Sie unter k\u00f6rperlichen Beschwerden oder Einschr\u00e4nkungen? Leiden Sie unter sich immer wiederholenden, einschr\u00e4nkenden Glaubens- und Verhaltensmustern, die Sie an &hellip; <a href=\"https:\/\/heilerakademie.eu\/?page_id=262\">Weiterlesen <span class=\"meta-nav\">&rarr;<\/span><\/a><\/p>\n","protected":false},"author":1,"featured_media":0,"parent":0,"menu_order":0,"comment_status":"closed","ping_status":"closed","template":"","meta":{"footnotes":""},"class_list":["post-262","page","type-page","status-publish","hentry"],"yoast_head":"<!-- This site is optimized with the Yoast SEO plugin v27.4 - https:\/\/yoast.com\/product\/yoast-seo-wordpress\/ -->\n<title>Q-Matrix-Healing-Seminar - HEILERAKADEMIE EUROPA<\/title>\n<meta name=\"robots\" content=\"index, follow, max-snippet:-1, max-image-preview:large, max-video-preview:-1\" \/>\n<link rel=\"canonical\" href=\"https:\/\/heilerakademie.eu\/?page_id=262\" \/>\n<meta property=\"og:locale\" content=\"de_DE\" \/>\n<meta property=\"og:type\" content=\"article\" \/>\n<meta property=\"og:title\" content=\"Q-Matrix-Healing-Seminar - HEILERAKADEMIE EUROPA\" \/>\n<meta property=\"og:description\" content=\"Q-MATRIX-HEALING\u00ae &#8211; Gesundwerden und bleiben nach den neuesten Erkenntnissen der Quantenphysik Sind Sie bereit f\u00fcr Q-Matrix-Healing? Fragen Sie sich selbst&#8230; Leiden Sie unter k\u00f6rperlichen Beschwerden oder Einschr\u00e4nkungen? Leiden Sie unter sich immer wiederholenden, einschr\u00e4nkenden Glaubens- und Verhaltensmustern, die Sie an &hellip; Weiterlesen &rarr;\" \/>\n<meta property=\"og:url\" content=\"https:\/\/heilerakademie.eu\/?page_id=262\" \/>\n<meta property=\"og:site_name\" content=\"HEILERAKADEMIE EUROPA\" \/>\n<meta property=\"article:modified_time\" content=\"2021-10-24T09:57:22+00:00\" \/>\n<meta property=\"og:image\" content=\"https:\/\/heilerakademie.eu\/wp-content\/uploads\/2016\/01\/B00US6TDA4.main_-212x300.jpg\" \/>\n<meta name=\"twitter:label1\" content=\"Gesch\u00e4tzte Lesezeit\" \/>\n\t<meta name=\"twitter:data1\" content=\"4\u00a0Minuten\" \/>\n<script type=\"application\/ld+json\" class=\"yoast-schema-graph\">{\"@context\":\"https:\\\/\\\/schema.org\",\"@graph\":[{\"@type\":\"WebPage\",\"@id\":\"https:\\\/\\\/heilerakademie.eu\\\/?page_id=262\",\"url\":\"https:\\\/\\\/heilerakademie.eu\\\/?page_id=262\",\"name\":\"Q-Matrix-Healing-Seminar - HEILERAKADEMIE EUROPA\",\"isPartOf\":{\"@id\":\"https:\\\/\\\/heilerakademie.eu\\\/#website\"},\"primaryImageOfPage\":{\"@id\":\"https:\\\/\\\/heilerakademie.eu\\\/?page_id=262#primaryimage\"},\"image\":{\"@id\":\"https:\\\/\\\/heilerakademie.eu\\\/?page_id=262#primaryimage\"},\"thumbnailUrl\":\"https:\\\/\\\/heilerakademie.eu\\\/wp-content\\\/uploads\\\/2016\\\/01\\\/B00US6TDA4.main_-212x300.jpg\",\"datePublished\":\"2016-01-13T10:54:31+00:00\",\"dateModified\":\"2021-10-24T09:57:22+00:00\",\"breadcrumb\":{\"@id\":\"https:\\\/\\\/heilerakademie.eu\\\/?page_id=262#breadcrumb\"},\"inLanguage\":\"de\",\"potentialAction\":[{\"@type\":\"ReadAction\",\"target\":[\"https:\\\/\\\/heilerakademie.eu\\\/?page_id=262\"]}]},{\"@type\":\"ImageObject\",\"inLanguage\":\"de\",\"@id\":\"https:\\\/\\\/heilerakademie.eu\\\/?page_id=262#primaryimage\",\"url\":\"https:\\\/\\\/heilerakademie.eu\\\/wp-content\\\/uploads\\\/2016\\\/01\\\/B00US6TDA4.main_.jpg\",\"contentUrl\":\"https:\\\/\\\/heilerakademie.eu\\\/wp-content\\\/uploads\\\/2016\\\/01\\\/B00US6TDA4.main_.jpg\",\"width\":765,\"height\":1081},{\"@type\":\"BreadcrumbList\",\"@id\":\"https:\\\/\\\/heilerakademie.eu\\\/?page_id=262#breadcrumb\",\"itemListElement\":[{\"@type\":\"ListItem\",\"position\":1,\"name\":\"Home\",\"item\":\"https:\\\/\\\/heilerakademie.eu\\\/\"},{\"@type\":\"ListItem\",\"position\":2,\"name\":\"Q-Matrix-Healing-Seminar\"}]},{\"@type\":\"WebSite\",\"@id\":\"https:\\\/\\\/heilerakademie.eu\\\/#website\",\"url\":\"https:\\\/\\\/heilerakademie.eu\\\/\",\"name\":\"HEILERAKADEMIE EUROPA\",\"description\":\"Akademie f\u00fcr Alternative Heilungsmethoden und Energiemedizin\",\"potentialAction\":[{\"@type\":\"SearchAction\",\"target\":{\"@type\":\"EntryPoint\",\"urlTemplate\":\"https:\\\/\\\/heilerakademie.eu\\\/?s={search_term_string}\"},\"query-input\":{\"@type\":\"PropertyValueSpecification\",\"valueRequired\":true,\"valueName\":\"search_term_string\"}}],\"inLanguage\":\"de\"}]}<\/script>\n<!-- \/ Yoast SEO plugin. -->","yoast_head_json":{"title":"Q-Matrix-Healing-Seminar - HEILERAKADEMIE EUROPA","robots":{"index":"index","follow":"follow","max-snippet":"max-snippet:-1","max-image-preview":"max-image-preview:large","max-video-preview":"max-video-preview:-1"},"canonical":"https:\/\/heilerakademie.eu\/?page_id=262","og_locale":"de_DE","og_type":"article","og_title":"Q-Matrix-Healing-Seminar - HEILERAKADEMIE EUROPA","og_description":"Q-MATRIX-HEALING\u00ae &#8211; Gesundwerden und bleiben nach den neuesten Erkenntnissen der Quantenphysik Sind Sie bereit f\u00fcr Q-Matrix-Healing? Fragen Sie sich selbst&#8230; Leiden Sie unter k\u00f6rperlichen Beschwerden oder Einschr\u00e4nkungen? Leiden Sie unter sich immer wiederholenden, einschr\u00e4nkenden Glaubens- und Verhaltensmustern, die Sie an &hellip; Weiterlesen &rarr;","og_url":"https:\/\/heilerakademie.eu\/?page_id=262","og_site_name":"HEILERAKADEMIE EUROPA","article_modified_time":"2021-10-24T09:57:22+00:00","og_image":[{"url":"https:\/\/heilerakademie.eu\/wp-content\/uploads\/2016\/01\/B00US6TDA4.main_-212x300.jpg","type":"","width":"","height":""}],"twitter_misc":{"Gesch\u00e4tzte Lesezeit":"4\u00a0Minuten"},"schema":{"@context":"https:\/\/schema.org","@graph":[{"@type":"WebPage","@id":"https:\/\/heilerakademie.eu\/?page_id=262","url":"https:\/\/heilerakademie.eu\/?page_id=262","name":"Q-Matrix-Healing-Seminar - HEILERAKADEMIE EUROPA","isPartOf":{"@id":"https:\/\/heilerakademie.eu\/#website"},"primaryImageOfPage":{"@id":"https:\/\/heilerakademie.eu\/?page_id=262#primaryimage"},"image":{"@id":"https:\/\/heilerakademie.eu\/?page_id=262#primaryimage"},"thumbnailUrl":"https:\/\/heilerakademie.eu\/wp-content\/uploads\/2016\/01\/B00US6TDA4.main_-212x300.jpg","datePublished":"2016-01-13T10:54:31+00:00","dateModified":"2021-10-24T09:57:22+00:00","breadcrumb":{"@id":"https:\/\/heilerakademie.eu\/?page_id=262#breadcrumb"},"inLanguage":"de","potentialAction":[{"@type":"ReadAction","target":["https:\/\/heilerakademie.eu\/?page_id=262"]}]},{"@type":"ImageObject","inLanguage":"de","@id":"https:\/\/heilerakademie.eu\/?page_id=262#primaryimage","url":"https:\/\/heilerakademie.eu\/wp-content\/uploads\/2016\/01\/B00US6TDA4.main_.jpg","contentUrl":"https:\/\/heilerakademie.eu\/wp-content\/uploads\/2016\/01\/B00US6TDA4.main_.jpg","width":765,"height":1081},{"@type":"BreadcrumbList","@id":"https:\/\/heilerakademie.eu\/?page_id=262#breadcrumb","itemListElement":[{"@type":"ListItem","position":1,"name":"Home","item":"https:\/\/heilerakademie.eu\/"},{"@type":"ListItem","position":2,"name":"Q-Matrix-Healing-Seminar"}]},{"@type":"WebSite","@id":"https:\/\/heilerakademie.eu\/#website","url":"https:\/\/heilerakademie.eu\/","name":"HEILERAKADEMIE EUROPA","description":"Akademie f\u00fcr Alternative Heilungsmethoden und Energiemedizin","potentialAction":[{"@type":"SearchAction","target":{"@type":"EntryPoint","urlTemplate":"https:\/\/heilerakademie.eu\/?s={search_term_string}"},"query-input":{"@type":"PropertyValueSpecification","valueRequired":true,"valueName":"search_term_string"}}],"inLanguage":"de"}]}},"_links":{"self":[{"href":"https:\/\/heilerakademie.eu\/index.php?rest_route=\/wp\/v2\/pages\/262","targetHints":{"allow":["GET"]}}],"collection":[{"href":"https:\/\/heilerakademie.eu\/index.php?rest_route=\/wp\/v2\/pages"}],"about":[{"href":"https:\/\/heilerakademie.eu\/index.php?rest_route=\/wp\/v2\/types\/page"}],"author":[{"embeddable":true,"href":"https:\/\/heilerakademie.eu\/index.php?rest_route=\/wp\/v2\/users\/1"}],"replies":[{"embeddable":true,"href":"https:\/\/heilerakademie.eu\/index.php?rest_route=%2Fwp%2Fv2%2Fcomments&post=262"}],"version-history":[{"count":10,"href":"https:\/\/heilerakademie.eu\/index.php?rest_route=\/wp\/v2\/pages\/262\/revisions"}],"predecessor-version":[{"id":1228,"href":"https:\/\/heilerakademie.eu\/index.php?rest_route=\/wp\/v2\/pages\/262\/revisions\/1228"}],"wp:attachment":[{"href":"https:\/\/heilerakademie.eu\/index.php?rest_route=%2Fwp%2Fv2%2Fmedia&parent=262"}],"curies":[{"name":"wp","href":"https:\/\/api.w.org\/{rel}","templated":true}]}}