{"id":269,"date":"2016-01-13T11:27:46","date_gmt":"2016-01-13T11:27:46","guid":{"rendered":"http:\/\/heilerakademieeuropa.apps-1and1.net\/?page_id=269"},"modified":"2021-10-24T10:17:33","modified_gmt":"2021-10-24T10:17:33","slug":"uebernachtungen-fuer-seminarteilnehmer","status":"publish","type":"page","link":"https:\/\/heilerakademie.eu\/?page_id=269","title":{"rendered":"\u00dcbernachtungen im Seminarzentrum"},"content":{"rendered":"<h2>Unterk\u00fcnfte im Seminarzentrum<\/h2>\n<p><img loading=\"lazy\" decoding=\"async\" class=\"alignright size-medium wp-image-371\" src=\"https:\/\/heilerakademie.eu\/wp-content\/uploads\/2016\/01\/20150813_142730-001-300x180.jpg\" alt=\"\" width=\"300\" height=\"180\" srcset=\"https:\/\/heilerakademie.eu\/wp-content\/uploads\/2016\/01\/20150813_142730-001-300x180.jpg 300w, https:\/\/heilerakademie.eu\/wp-content\/uploads\/2016\/01\/20150813_142730-001-768x461.jpg 768w, https:\/\/heilerakademie.eu\/wp-content\/uploads\/2016\/01\/20150813_142730-001-1024x615.jpg 1024w\" sizes=\"auto, (max-width: 300px) 100vw, 300px\" \/>Wir k\u00f6nnen unseren Seminarteilnehmern <strong>\u00dcbernachtungsm\u00f6glichkeiten direkt im Haus anbieten zu \u00a0besonders g\u00fcnstigen \u00dcbernachtungspreisen. Einfach nachfragen.<\/strong><\/p>\n<p><strong>Wichtig!<\/strong> Wir bieten besonders g\u00fcnstige \u00dcbernachtungsm\u00f6glichkeiten f\u00fcr unsere Seminarteilnehmer an. Das ist nur m\u00f6glich, wenn wir die verf\u00fcgbare Bettenkapazit\u00e4t von derzeit 7 Betten voll und ganz aussch\u00f6pfen k\u00f6nnen. Das hei\u00dft, dass kein Anspruch auf Alleinbelegung eines Apartments besteht. Wenn mehrere Seminare gleichzeitig im Haus stattfinden, legen wir die Teilnehmer auch aus unterschiedlichen Seminaren zusammen. Es besteht deshalb nur Anspruch auf ein Einzelbett.<\/p>\n<p><strong>Bitte nicht \u00fcber unsere <a href=\"http:\/\/apartments-schloss-wald.eu\/\" target=\"_blank\" rel=\"noopener\">Buchungsportale<\/a> buchen<\/strong>, da hier h\u00f6here \u00dcbernachtungspreise ausgeschrieben sind. Die Sonderpreise gelten nur f\u00fcr Seminarteilnehmer und deren Begleitung.<\/p>\n<p><strong>Richte deshalb einfach eine \u00a0Verf\u00fcgbarkeits-Anfrage per Email an <strong><a href=\"mailto:office@heilerakademie.eu\">office@heilerakademie.eu<\/a><\/strong>.<\/strong><\/p>\n<p><strong>Wir bieten folgende \u00dcbernachtungsm\u00f6glichkeiten an:<\/strong><\/p>\n<ul>\n<li><strong><img loading=\"lazy\" decoding=\"async\" class=\"alignright size-medium wp-image-1003\" src=\"https:\/\/heilerakademie.eu\/wp-content\/uploads\/2018\/01\/20150709_162834-300x225.jpg\" alt=\"\" width=\"300\" height=\"225\" srcset=\"https:\/\/heilerakademie.eu\/wp-content\/uploads\/2018\/01\/20150709_162834-300x225.jpg 300w, https:\/\/heilerakademie.eu\/wp-content\/uploads\/2018\/01\/20150709_162834-768x576.jpg 768w, https:\/\/heilerakademie.eu\/wp-content\/uploads\/2018\/01\/20150709_162834.jpg 979w\" sizes=\"auto, (max-width: 300px) 100vw, 300px\" \/>Zweizimmer-Appartement &#8222;Raphael&#8220; <\/strong>inkl. Bad\/Dusche\/WC und K\u00fcche, ca. 35 qm\n<ul>\n<li>Minimal-Belegung 1 Person, Maximal-Belegung 5 Personen<\/li>\n<li>K\u00fcche mit K\u00fchlschrank, 2-Platten-Herd, Sp\u00fcle, Tischbackofen, Eierkocher, Wasserkocher und Tchibo-Kaffee-Kapselmaschine, ausreichend Geschirr, Gl\u00e4ser und Besteck<\/li>\n<li>Erwachsenen-Stockbett f\u00fcr 2 Personen 90 x 200 cm<\/li>\n<li>3 Einzelbetten 90 x 200 cm mit hochwertigem Lattenrost (verstellbar) und hochwertiger Gesundheits-Wendematratze (unterschiedl. H\u00e4rtegrad). Die Einzelbetten k\u00f6nnen zu Doppelbetten zusammengestellt werden.<\/li>\n<li><img loading=\"lazy\" decoding=\"async\" class=\"alignright size-medium wp-image-1008\" src=\"https:\/\/heilerakademie.eu\/wp-content\/uploads\/2018\/01\/20161117_164625-300x225.jpg\" alt=\"\" width=\"300\" height=\"225\" srcset=\"https:\/\/heilerakademie.eu\/wp-content\/uploads\/2018\/01\/20161117_164625-300x225.jpg 300w, https:\/\/heilerakademie.eu\/wp-content\/uploads\/2018\/01\/20161117_164625-768x576.jpg 768w, https:\/\/heilerakademie.eu\/wp-content\/uploads\/2018\/01\/20161117_164625-1024x768.jpg 1024w\" sizes=\"auto, (max-width: 300px) 100vw, 300px\" \/>2 moderne Flachbild-Fernseher (Sat-Empfang)<\/li>\n<li>Schreibplatz<\/li>\n<li>Free-WLAN<\/li>\n<li>Essplatz mit 5 St\u00fchlen<\/li>\n<li>Diverse Schr\u00e4nke<\/li>\n<li>Im 1. Zimmer (Raphael 1) befindet sich die K\u00fcche, der Essplatz,\u00a0sowie 2 Einzelbetten.<\/li>\n<li>Im 2. Zimmer (Raphael 2) befindet sich das Stockbett, ein Einzelbett, der Schreibplatz und Kleiderschrank. Hier k\u00f6nnen maximal 3 Personen schlafen. In den 2. Raum kommt man entweder \u00fcber den Hausflur oder durch das gemeinsame Bad, welches zwischen den beiden Zimmern liegt und von beiden Seiten zug\u00e4nglich ist.<\/li>\n<li>Kostenfreies Parken<\/li>\n<li>Kostenloses Mitbenutzung der Sonnen-Liegewiese und Liegestuhl (soweit verf\u00fcgbar)<\/li>\n<li>Lauschige, windgesch\u00fctzte Sonnenterrasse f\u00fcr gesellige Abende bei untergehender Sonne<\/li>\n<li>Eigener Eingang ins Haus<\/li>\n<li>Einmal pro Woche Handtuchwechsel, alle 14 Tage Bettw\u00e4schenwechsel<\/li>\n<li>Kein Zimmerservice, kein Fr\u00fchst\u00fccks-Service<\/li>\n<li>Bei Bedarf und zus\u00e4tzliche Geb\u00fchr t\u00e4glich Handtuchwechsel<\/li>\n<li>Endreinigung pauschal 45 EUR f\u00fcr das Apartment<\/li>\n<li>Fr\u00fchester Check-in 15.00 Uhr, sp\u00e4tester Check-Out: 10.00 Uhr<\/li>\n<li>Die Anfrage ist unverbindlich. Eine vorgenommene Buchung ist jedoch verbindlich, Zahlung per Rechnung oder per Paypal. Bei Stornierung bis 4 Wochen vorher fallen keine Stornokosten an, bei Stornierungen bis 14 Tage vorher 50 %, danach 100 % Stornogeb\u00fchr.<\/li>\n<li><strong>Hinweis:<\/strong> Die beiden Zimmer k\u00f6nnen nach Verf\u00fcgbarkeit auch einzeln gebucht werden:\n<ul>\n<li><strong>Raum 1:<\/strong> Minimum 1 Person, Maximal 2 Personen, Fernseher, jedoch K\u00fcche. \u00dcbernachtungspreis: 45 EUR pro Nacht \/ Zimmer bei Belegung durch 1 Person, bei 2 Personen je 35 EUR, maximal 2 Personen<\/li>\n<li><strong>Raum 2: <\/strong>Minimum 1 Person, Maximal 3 Personen, Fernseher, jedoch keine K\u00fcche. \u00dcbernachtungspreis: 55 EUR pro Nacht \/ Zimmer bei Belegung durch 1 Person, ab 2 Personen je 35 EUR, maximal 3 Personen<\/li>\n<li><strong>Achtung!<\/strong> Beide R\u00e4ume teilen sich ein Bad\/Dusche\/WC (von beiden Seiten zug\u00e4nglich \/ abschlie\u00dfbar).<\/li>\n<\/ul>\n<\/li>\n<\/ul>\n<\/li>\n<\/ul>\n<ul>\n<li><strong>Einzimmer-Appartement &#8222;DAVINCI&#8220; <\/strong>inkl. Bad\/Dusche\/WC und K\u00fcche, ca. 20 qm\n<ul>\n<li><img loading=\"lazy\" decoding=\"async\" class=\"alignright size-medium wp-image-1005\" src=\"https:\/\/heilerakademie.eu\/wp-content\/uploads\/2018\/01\/20150709_162353-300x225.jpg\" alt=\"\" width=\"300\" height=\"225\" srcset=\"https:\/\/heilerakademie.eu\/wp-content\/uploads\/2018\/01\/20150709_162353-300x225.jpg 300w, https:\/\/heilerakademie.eu\/wp-content\/uploads\/2018\/01\/20150709_162353-768x576.jpg 768w, https:\/\/heilerakademie.eu\/wp-content\/uploads\/2018\/01\/20150709_162353.jpg 979w\" sizes=\"auto, (max-width: 300px) 100vw, 300px\" \/>Minimal-Belegung 1 Person, Maximal-Belegung 2 Personen<\/li>\n<li>K\u00fcche mit K\u00fchlschrank, 2-Platten-Herd, Sp\u00fcle, Tischbackofen, Eierkocher, Wasserkocher und Tchibo-Kaffee-Kapselmaschine, ausreichend Geschirr, Gl\u00e4ser und Besteck<\/li>\n<li>2 Einzelbetten 90 x 200 cm mit hochwertigem Lattenrost (verstellbar) und hochwertiger Gesundheits-Wendematratze (unterschiedl. H\u00e4rtegrad).<\/li>\n<li>\u00a01moderne Flachbild-Fernseher (Sat-TV)<\/li>\n<li>Schreib\/ Essplatz mit 2 St\u00fchlen, erweiterbar auf 4 St\u00fchle<\/li>\n<li><img loading=\"lazy\" decoding=\"async\" class=\"alignright size-medium wp-image-1006\" src=\"https:\/\/heilerakademie.eu\/wp-content\/uploads\/2018\/01\/20161117_164145-300x225.jpg\" alt=\"\" width=\"300\" height=\"225\" srcset=\"https:\/\/heilerakademie.eu\/wp-content\/uploads\/2018\/01\/20161117_164145-300x225.jpg 300w, https:\/\/heilerakademie.eu\/wp-content\/uploads\/2018\/01\/20161117_164145-768x576.jpg 768w, https:\/\/heilerakademie.eu\/wp-content\/uploads\/2018\/01\/20161117_164145-1024x768.jpg 1024w\" sizes=\"auto, (max-width: 300px) 100vw, 300px\" \/>Free-WLAN<\/li>\n<li>Diverse Schr\u00e4nke<\/li>\n<li>Kostenfreies Parken<\/li>\n<li>Kostenloses Mitbenutzung der Sonnen-Liegewiese und Liegestuhl (soweit verf\u00fcgbar)<\/li>\n<li>Lauschige, windgesch\u00fctzte Sonnenterrasse f\u00fcr gesellige Abende bei untergehender Sonne<\/li>\n<li>Eigener Eingang ins Haus<\/li>\n<li>Einmal pro Woche Handtuchwechsel, alle 14 Tage Bettw\u00e4schenwechsel<\/li>\n<li>Kein Zimmerservice, kein Fr\u00fchst\u00fccks-Service<\/li>\n<li>Bei Bedarf t\u00e4glich Handtuchwechsel gegen Zusatzgeb\u00fchr<\/li>\n<li>Endreinigung pauschal 45 EUR<\/li>\n<li>Fr\u00fchester Check-in 15.00 Uhr, sp\u00e4tester Check-Out: 10.00 Uhr<\/li>\n<li>Die Anfrage ist unverbindlich. Eine vorgenommene Buchung ist jedoch verbindlich, Zahlung per Rechnung oder per Paypal. Bei Stornierung bis 4 Wochen vorher fallen keine Stornokosten an, bei Stormierungen bis 14 Tage vorher 50 %, danach 100 % Stornogeb\u00fchr.<\/li>\n<\/ul>\n<\/li>\n<\/ul>\n<p><strong>Rauchverbot<\/strong><\/p>\n<p>Im ganzen Geb\u00e4ude und insbesondere in den Fremdenzimmern besteht ein allgemeines Raucherverbot. \u00a0Bei Anmietung akzeptiert\u00a0der Gast automatisch das Nichtrauchen in den Zimmern. Bei einem Versto\u00df gegen das Rauchverbot hat der Vermieter das Recht, vom Gast einen Schadensersatz f\u00fcr die gesonderte aufzuwendenden Reinigungs- und \/oder Renovierungskosten zuz\u00fcglich evtl. Umsatzeinbu\u00dfen aus einer hieraus nicht m\u00f6glichen Vermietung des Zimmers zu verlangen sowie bei Ausl\u00f6sung der Brandmeldeanlage die daraus resultieren Kosten f\u00fcr den Einsatz der Feuerwehrlastz\u00fcge auf den Gast (des jeweils brandmeldeausl\u00f6senden G\u00e4stezimmers) umzuw\u00e4lzen.<\/p>\n<p><strong>Bitte einfache Verf\u00fcgbarkeits-Anfrage per Email an\u00a0 <strong><a href=\"mailto:office@heilerakademie.eu\">office@heilerakademie.eu<\/a><\/strong>.<\/strong><\/p>\n<p><strong>Weitere Infos:<\/strong><\/p>\n<p>Die G\u00e4stezimmer befinden sich im ehemals hochadeligen Herrensitz der Auersperg-Dynastie. Umgeben von purer Natur und doch nahe an prallen Leben der Hauptst\u00e4dte Wien und St. P\u00f6lten hat Wolfgang T. M\u00fcller mit seiner Ehefrau Silvia Martinek gemeinsam auf 440 qm Seminar- und Wohnfl\u00e4che und nahezu 4.000 qm Land einen ihrer Lebenstr\u00e4ume realisiert, die Heilerakademie f\u00fcr alle geistig energetischen Berufe. Hier riecht man f\u00f6rmlich, wie gesund und sauber die Luft ist. Hier kann man so richtig durchatmen.<\/p>\n<p><strong>Wohlf\u00fchl- und Gesundungswochen im Zentrum inkl. \u00dcbernachtung<\/strong><\/p>\n<p>Deshalb empfehlen sich die liebevoll und hochwertig eingerichteten G\u00e4stezimmer auch f\u00fcr Erhohlungswochen in Kombination mit energetischer Behandlung und Beratung in unserer Praxis. Hier kann man endlich einmal zur Ruhe kommen und durch achtsame, empathische Beratungsgespr\u00e4che in Verbindung mit energetischen Behandlungsmethoden wieder gesunden.<\/p>\n<p>Sprechen Sie uns einfach an. Wir finden mit Ihnen gemeinsam einen passenden Behandlungs-Plan mit Gespr\u00e4chen, Beratungen und Behandlungen in absoluter Ruhe des nieder\u00f6sterreichischen Mostviertels.<\/p>\n<p>Durch die Lage inmitten Nieder\u00f6sterreichs ist man in 15 min in St. P\u00f6lten oder 35 min in der Wachau. Auch nach Wien sind es nur 50 km (45 Minuten) und gerade einmal 75 km sind es zum bekanntesten Wallfahrtsort Mariazell. Ideal f\u00fcr Tagesausfl\u00fcge, wof\u00fcr wir Ihnen die Nieder\u00f6sterreichcard sehr empfehlen.<\/p>\n<p><strong>Ein Tipp f\u00fcr unsere G\u00e4ste: &#8222;Die Nieder\u00f6sterreichcard&#8220;<\/strong><\/p>\n<p>314 Ausflugsziele in ganz Nieder\u00f6sterreich um \u20ac 52,- erh\u00e4ltlich.<\/p>\n<p>Thermen, Stifte, Burgen, Schl\u00f6sser, Museen, Ausstellungen, Naturparks, Erlebniswelten, Sport &amp; Freizeit, Bergbahnen und auch Schifffahrten auf der Donau. Da ist f\u00fcr jeden etwas dabei.<\/p>\n<p><strong>Unterkunft suchen \u00fcber Booking.com:<\/strong><\/p>\n<p><ins class=\"bookingaff\" data-aid=\"942289\" data-target_aid=\"925405\" data-prod=\"nsb\" data-width=\"400\" data-height=\"300\"><br \/>\n<a href=\"\/\/www.booking.com?aid=925405\">Booking.com<\/a><br \/>\n<\/ins><\/p>\n<p><a href=\"http:\/\/www.pyhra.gv.at\/unterkuenfte.html\" target=\"_blank\" rel=\"noopener\"><strong>Weitere \u00dcbernachtungsm\u00f6glichkeiten in der Umgebung\u00a0&#8211; klick hier.<\/strong><\/a><\/p>\n","protected":false},"excerpt":{"rendered":"<p>Unterk\u00fcnfte im Seminarzentrum Wir k\u00f6nnen unseren Seminarteilnehmern \u00dcbernachtungsm\u00f6glichkeiten direkt im Haus anbieten zu \u00a0besonders g\u00fcnstigen \u00dcbernachtungspreisen. Einfach nachfragen. Wichtig! Wir bieten besonders g\u00fcnstige \u00dcbernachtungsm\u00f6glichkeiten f\u00fcr unsere Seminarteilnehmer an. Das ist nur m\u00f6glich, wenn wir die verf\u00fcgbare Bettenkapazit\u00e4t von derzeit 7 &hellip; <a href=\"https:\/\/heilerakademie.eu\/?page_id=269\">Weiterlesen <span class=\"meta-nav\">&rarr;<\/span><\/a><\/p>\n","protected":false},"author":1,"featured_media":0,"parent":0,"menu_order":0,"comment_status":"closed","ping_status":"closed","template":"","meta":{"footnotes":""},"class_list":["post-269","page","type-page","status-publish","hentry"],"yoast_head":"<!-- This site is optimized with the Yoast SEO plugin v27.4 - https:\/\/yoast.com\/product\/yoast-seo-wordpress\/ -->\n<title>\u00dcbernachtungen im Seminarzentrum - HEILERAKADEMIE EUROPA<\/title>\n<meta name=\"robots\" content=\"index, follow, max-snippet:-1, max-image-preview:large, max-video-preview:-1\" \/>\n<link rel=\"canonical\" href=\"https:\/\/heilerakademie.eu\/?page_id=269\" \/>\n<meta property=\"og:locale\" content=\"de_DE\" \/>\n<meta property=\"og:type\" content=\"article\" \/>\n<meta property=\"og:title\" content=\"\u00dcbernachtungen im Seminarzentrum - HEILERAKADEMIE EUROPA\" \/>\n<meta property=\"og:description\" content=\"Unterk\u00fcnfte im Seminarzentrum Wir k\u00f6nnen unseren Seminarteilnehmern \u00dcbernachtungsm\u00f6glichkeiten direkt im Haus anbieten zu \u00a0besonders g\u00fcnstigen \u00dcbernachtungspreisen. Einfach nachfragen. Wichtig! Wir bieten besonders g\u00fcnstige \u00dcbernachtungsm\u00f6glichkeiten f\u00fcr unsere Seminarteilnehmer an. Das ist nur m\u00f6glich, wenn wir die verf\u00fcgbare Bettenkapazit\u00e4t von derzeit 7 &hellip; Weiterlesen &rarr;\" \/>\n<meta property=\"og:url\" content=\"https:\/\/heilerakademie.eu\/?page_id=269\" \/>\n<meta property=\"og:site_name\" content=\"HEILERAKADEMIE EUROPA\" \/>\n<meta property=\"article:modified_time\" content=\"2021-10-24T10:17:33+00:00\" \/>\n<meta property=\"og:image\" content=\"https:\/\/heilerakademie.eu\/wp-content\/uploads\/2016\/01\/20150813_142730-001-300x180.jpg\" \/>\n<meta name=\"twitter:label1\" content=\"Gesch\u00e4tzte Lesezeit\" \/>\n\t<meta name=\"twitter:data1\" content=\"6\u00a0Minuten\" \/>\n<script type=\"application\/ld+json\" class=\"yoast-schema-graph\">{\"@context\":\"https:\\\/\\\/schema.org\",\"@graph\":[{\"@type\":\"WebPage\",\"@id\":\"https:\\\/\\\/heilerakademie.eu\\\/?page_id=269\",\"url\":\"https:\\\/\\\/heilerakademie.eu\\\/?page_id=269\",\"name\":\"\u00dcbernachtungen im Seminarzentrum - HEILERAKADEMIE EUROPA\",\"isPartOf\":{\"@id\":\"https:\\\/\\\/heilerakademie.eu\\\/#website\"},\"primaryImageOfPage\":{\"@id\":\"https:\\\/\\\/heilerakademie.eu\\\/?page_id=269#primaryimage\"},\"image\":{\"@id\":\"https:\\\/\\\/heilerakademie.eu\\\/?page_id=269#primaryimage\"},\"thumbnailUrl\":\"https:\\\/\\\/heilerakademie.eu\\\/wp-content\\\/uploads\\\/2016\\\/01\\\/20150813_142730-001-300x180.jpg\",\"datePublished\":\"2016-01-13T11:27:46+00:00\",\"dateModified\":\"2021-10-24T10:17:33+00:00\",\"breadcrumb\":{\"@id\":\"https:\\\/\\\/heilerakademie.eu\\\/?page_id=269#breadcrumb\"},\"inLanguage\":\"de\",\"potentialAction\":[{\"@type\":\"ReadAction\",\"target\":[\"https:\\\/\\\/heilerakademie.eu\\\/?page_id=269\"]}]},{\"@type\":\"ImageObject\",\"inLanguage\":\"de\",\"@id\":\"https:\\\/\\\/heilerakademie.eu\\\/?page_id=269#primaryimage\",\"url\":\"https:\\\/\\\/heilerakademie.eu\\\/wp-content\\\/uploads\\\/2016\\\/01\\\/20150813_142730-001.jpg\",\"contentUrl\":\"https:\\\/\\\/heilerakademie.eu\\\/wp-content\\\/uploads\\\/2016\\\/01\\\/20150813_142730-001.jpg\",\"width\":3264,\"height\":1959},{\"@type\":\"BreadcrumbList\",\"@id\":\"https:\\\/\\\/heilerakademie.eu\\\/?page_id=269#breadcrumb\",\"itemListElement\":[{\"@type\":\"ListItem\",\"position\":1,\"name\":\"Home\",\"item\":\"https:\\\/\\\/heilerakademie.eu\\\/\"},{\"@type\":\"ListItem\",\"position\":2,\"name\":\"\u00dcbernachtungen im Seminarzentrum\"}]},{\"@type\":\"WebSite\",\"@id\":\"https:\\\/\\\/heilerakademie.eu\\\/#website\",\"url\":\"https:\\\/\\\/heilerakademie.eu\\\/\",\"name\":\"HEILERAKADEMIE EUROPA\",\"description\":\"Akademie f\u00fcr Alternative Heilungsmethoden und Energiemedizin\",\"potentialAction\":[{\"@type\":\"SearchAction\",\"target\":{\"@type\":\"EntryPoint\",\"urlTemplate\":\"https:\\\/\\\/heilerakademie.eu\\\/?s={search_term_string}\"},\"query-input\":{\"@type\":\"PropertyValueSpecification\",\"valueRequired\":true,\"valueName\":\"search_term_string\"}}],\"inLanguage\":\"de\"}]}<\/script>\n<!-- \/ Yoast SEO plugin. -->","yoast_head_json":{"title":"\u00dcbernachtungen im Seminarzentrum - HEILERAKADEMIE EUROPA","robots":{"index":"index","follow":"follow","max-snippet":"max-snippet:-1","max-image-preview":"max-image-preview:large","max-video-preview":"max-video-preview:-1"},"canonical":"https:\/\/heilerakademie.eu\/?page_id=269","og_locale":"de_DE","og_type":"article","og_title":"\u00dcbernachtungen im Seminarzentrum - HEILERAKADEMIE EUROPA","og_description":"Unterk\u00fcnfte im Seminarzentrum Wir k\u00f6nnen unseren Seminarteilnehmern \u00dcbernachtungsm\u00f6glichkeiten direkt im Haus anbieten zu \u00a0besonders g\u00fcnstigen \u00dcbernachtungspreisen. Einfach nachfragen. Wichtig! Wir bieten besonders g\u00fcnstige \u00dcbernachtungsm\u00f6glichkeiten f\u00fcr unsere Seminarteilnehmer an. Das ist nur m\u00f6glich, wenn wir die verf\u00fcgbare Bettenkapazit\u00e4t von derzeit 7 &hellip; Weiterlesen &rarr;","og_url":"https:\/\/heilerakademie.eu\/?page_id=269","og_site_name":"HEILERAKADEMIE EUROPA","article_modified_time":"2021-10-24T10:17:33+00:00","og_image":[{"url":"https:\/\/heilerakademie.eu\/wp-content\/uploads\/2016\/01\/20150813_142730-001-300x180.jpg","type":"","width":"","height":""}],"twitter_misc":{"Gesch\u00e4tzte Lesezeit":"6\u00a0Minuten"},"schema":{"@context":"https:\/\/schema.org","@graph":[{"@type":"WebPage","@id":"https:\/\/heilerakademie.eu\/?page_id=269","url":"https:\/\/heilerakademie.eu\/?page_id=269","name":"\u00dcbernachtungen im Seminarzentrum - HEILERAKADEMIE EUROPA","isPartOf":{"@id":"https:\/\/heilerakademie.eu\/#website"},"primaryImageOfPage":{"@id":"https:\/\/heilerakademie.eu\/?page_id=269#primaryimage"},"image":{"@id":"https:\/\/heilerakademie.eu\/?page_id=269#primaryimage"},"thumbnailUrl":"https:\/\/heilerakademie.eu\/wp-content\/uploads\/2016\/01\/20150813_142730-001-300x180.jpg","datePublished":"2016-01-13T11:27:46+00:00","dateModified":"2021-10-24T10:17:33+00:00","breadcrumb":{"@id":"https:\/\/heilerakademie.eu\/?page_id=269#breadcrumb"},"inLanguage":"de","potentialAction":[{"@type":"ReadAction","target":["https:\/\/heilerakademie.eu\/?page_id=269"]}]},{"@type":"ImageObject","inLanguage":"de","@id":"https:\/\/heilerakademie.eu\/?page_id=269#primaryimage","url":"https:\/\/heilerakademie.eu\/wp-content\/uploads\/2016\/01\/20150813_142730-001.jpg","contentUrl":"https:\/\/heilerakademie.eu\/wp-content\/uploads\/2016\/01\/20150813_142730-001.jpg","width":3264,"height":1959},{"@type":"BreadcrumbList","@id":"https:\/\/heilerakademie.eu\/?page_id=269#breadcrumb","itemListElement":[{"@type":"ListItem","position":1,"name":"Home","item":"https:\/\/heilerakademie.eu\/"},{"@type":"ListItem","position":2,"name":"\u00dcbernachtungen im Seminarzentrum"}]},{"@type":"WebSite","@id":"https:\/\/heilerakademie.eu\/#website","url":"https:\/\/heilerakademie.eu\/","name":"HEILERAKADEMIE EUROPA","description":"Akademie f\u00fcr Alternative Heilungsmethoden und Energiemedizin","potentialAction":[{"@type":"SearchAction","target":{"@type":"EntryPoint","urlTemplate":"https:\/\/heilerakademie.eu\/?s={search_term_string}"},"query-input":{"@type":"PropertyValueSpecification","valueRequired":true,"valueName":"search_term_string"}}],"inLanguage":"de"}]}},"_links":{"self":[{"href":"https:\/\/heilerakademie.eu\/index.php?rest_route=\/wp\/v2\/pages\/269","targetHints":{"allow":["GET"]}}],"collection":[{"href":"https:\/\/heilerakademie.eu\/index.php?rest_route=\/wp\/v2\/pages"}],"about":[{"href":"https:\/\/heilerakademie.eu\/index.php?rest_route=\/wp\/v2\/types\/page"}],"author":[{"embeddable":true,"href":"https:\/\/heilerakademie.eu\/index.php?rest_route=\/wp\/v2\/users\/1"}],"replies":[{"embeddable":true,"href":"https:\/\/heilerakademie.eu\/index.php?rest_route=%2Fwp%2Fv2%2Fcomments&post=269"}],"version-history":[{"count":14,"href":"https:\/\/heilerakademie.eu\/index.php?rest_route=\/wp\/v2\/pages\/269\/revisions"}],"predecessor-version":[{"id":1236,"href":"https:\/\/heilerakademie.eu\/index.php?rest_route=\/wp\/v2\/pages\/269\/revisions\/1236"}],"wp:attachment":[{"href":"https:\/\/heilerakademie.eu\/index.php?rest_route=%2Fwp%2Fv2%2Fmedia&parent=269"}],"curies":[{"name":"wp","href":"https:\/\/api.w.org\/{rel}","templated":true}]}}