{"id":285,"date":"2016-01-13T15:41:19","date_gmt":"2016-01-13T15:41:19","guid":{"rendered":"http:\/\/heilerakademieeuropa.apps-1and1.net\/?page_id=285"},"modified":"2022-10-17T09:42:12","modified_gmt":"2022-10-17T09:42:12","slug":"aura-reading","status":"publish","type":"page","link":"https:\/\/heilerakademie.eu\/?page_id=285","title":{"rendered":"Aura-Reading Seminar"},"content":{"rendered":"<h1><em>AURA SEHEN UND F\u00dcHLEN &#8211;<br \/>\nFeinstoffliche Energien wahrnehmen und deuten.<\/em><\/h1>\n<p><strong><a href=\"https:\/\/heilerakademie.eu\/wp-content\/uploads\/2016\/01\/Fotolia_40060301_XS.jpg\" rel=\"attachment wp-att-286\"><img loading=\"lazy\" decoding=\"async\" class=\"size-medium wp-image-286 alignright\" src=\"https:\/\/heilerakademie.eu\/wp-content\/uploads\/2016\/01\/Fotolia_40060301_XS-172x300.jpg\" alt=\"Transformation ins Licht\" width=\"172\" height=\"300\" srcset=\"https:\/\/heilerakademie.eu\/wp-content\/uploads\/2016\/01\/Fotolia_40060301_XS-172x300.jpg 172w, https:\/\/heilerakademie.eu\/wp-content\/uploads\/2016\/01\/Fotolia_40060301_XS.jpg 262w\" sizes=\"auto, (max-width: 172px) 100vw, 172px\" \/><\/a><a href=\"http:\/\/www.akua-events.com\" target=\"_blank\" rel=\"noopener\">Zur Termin\u00fcbersicht<\/a><\/strong><\/p>\n<p><a href=\"https:\/\/akua-events.at\/?event=video-fernkurs-aura-reading\" target=\"_blank\" rel=\"noopener\"><strong>NEU! Jetzt auch als 2-t\u00e4giges-Video-Fernstudium (rund 10 Stunden Videomaterial und umfangreiche schriftliche Unterlagen) zum Preis von 145 EUR!\u00a0<\/strong><\/a><\/p>\n<p>Erlernen Sie, die Aura, das <strong>feinstoffliche Energiefeld um den festen K\u00f6rper<\/strong>, zu ersp\u00fcren und zu sehen.<\/p>\n<p>Gerne gebe ich mein praktisches Wissen in dieser hochinteressanten und kurzweiligen Zweitages-Veranstaltung in konzentrierter und effektiver Form weiter.<br \/>\nGarantiert: Nur 10 % theoretisches Grundwissen, 90 % praktische Anwendung des Erlernten in Gruppenarbeit.<\/p>\n<p><strong>Seminarinhalte:<br \/>\n<\/strong><br \/>\n&#8211; Was ist eigentlich die Aura<br \/>\n&#8211; \u00dcbung: Wegdr\u00fccken und Ziehen der Aura<br \/>\n&#8211;<a href=\"https:\/\/akua-events.at\/?event=video-fernkurs-aura-reading\" target=\"_blank\" rel=\"noopener\"><img loading=\"lazy\" decoding=\"async\" class=\"alignright size-medium wp-image-982\" style=\"color: #333333; font-style: normal; font-weight: 300;\" src=\"https:\/\/heilerakademie.eu\/wp-content\/uploads\/2018\/01\/Aura-Reading-Fernstudium-212x300.png\" alt=\"\" width=\"212\" height=\"300\" srcset=\"https:\/\/heilerakademie.eu\/wp-content\/uploads\/2018\/01\/Aura-Reading-Fernstudium-212x300.png 212w, https:\/\/heilerakademie.eu\/wp-content\/uploads\/2018\/01\/Aura-Reading-Fernstudium-768x1085.png 768w, https:\/\/heilerakademie.eu\/wp-content\/uploads\/2018\/01\/Aura-Reading-Fernstudium-725x1024.png 725w\" sizes=\"auto, (max-width: 212px) 100vw, 212px\" \/><\/a> Die Aura sp\u00fcren (verschiedene \u00dcbungen)<br \/>\n&#8211; Wie man lernt, die Aura zu sehen<br \/>\n&#8211; \u00dcbungen mit Augentafeln<br \/>\n&#8211; Die eigene Aura wahrnehmen<br \/>\n&#8211; Wie man die Aura eines anderen Menschen sieht<br \/>\n&#8211; Das Messen der Aura mit der W\u00fcnschelrute<br \/>\n&#8211; Die Bedeutung der Farben in der Aura<br \/>\n&#8211; So sch\u00fctze ich meine Aura<\/p>\n<p><strong><a href=\"http:\/\/www.akua-events.com\" target=\"_blank\" rel=\"noopener\">Hier finden Sie eine \u00dcbersicht \u00fcber stattfindende Seminare<\/a><\/strong><\/p>\n<hr \/>\n<p><a href=\"https:\/\/akua-events.at\/?event=video-fernkurs-aura-reading\" target=\"_blank\" rel=\"noopener\"><strong>NEU! Jetzt auch als 2-t\u00e4giges-Video-Fernstudium (rund 10 Stunden Videomaterial und umfangreiche schriftliche Unterlagen) zum Preis von 145 EUR!\u00a0<\/strong><\/a><\/p>\n","protected":false},"excerpt":{"rendered":"<p>AURA SEHEN UND F\u00dcHLEN &#8211; Feinstoffliche Energien wahrnehmen und deuten. Zur Termin\u00fcbersicht NEU! Jetzt auch als 2-t\u00e4giges-Video-Fernstudium (rund 10 Stunden Videomaterial und umfangreiche schriftliche Unterlagen) zum Preis von 145 EUR!\u00a0 Erlernen Sie, die Aura, das feinstoffliche Energiefeld um den festen &hellip; <a href=\"https:\/\/heilerakademie.eu\/?page_id=285\">Weiterlesen <span class=\"meta-nav\">&rarr;<\/span><\/a><\/p>\n","protected":false},"author":1,"featured_media":0,"parent":0,"menu_order":0,"comment_status":"closed","ping_status":"closed","template":"","meta":{"footnotes":""},"class_list":["post-285","page","type-page","status-publish","hentry"],"yoast_head":"<!-- This site is optimized with the Yoast SEO plugin v27.4 - https:\/\/yoast.com\/product\/yoast-seo-wordpress\/ -->\n<title>Aura-Reading Seminar - HEILERAKADEMIE EUROPA<\/title>\n<meta name=\"robots\" content=\"index, follow, max-snippet:-1, max-image-preview:large, max-video-preview:-1\" \/>\n<link rel=\"canonical\" href=\"https:\/\/heilerakademie.eu\/?page_id=285\" \/>\n<meta property=\"og:locale\" content=\"de_DE\" \/>\n<meta property=\"og:type\" content=\"article\" \/>\n<meta property=\"og:title\" content=\"Aura-Reading Seminar - HEILERAKADEMIE EUROPA\" \/>\n<meta property=\"og:description\" content=\"AURA SEHEN UND F\u00dcHLEN &#8211; Feinstoffliche Energien wahrnehmen und deuten. Zur Termin\u00fcbersicht NEU! Jetzt auch als 2-t\u00e4giges-Video-Fernstudium (rund 10 Stunden Videomaterial und umfangreiche schriftliche Unterlagen) zum Preis von 145 EUR!\u00a0 Erlernen Sie, die Aura, das feinstoffliche Energiefeld um den festen &hellip; Weiterlesen &rarr;\" \/>\n<meta property=\"og:url\" content=\"https:\/\/heilerakademie.eu\/?page_id=285\" \/>\n<meta property=\"og:site_name\" content=\"HEILERAKADEMIE EUROPA\" \/>\n<meta property=\"article:modified_time\" content=\"2022-10-17T09:42:12+00:00\" \/>\n<meta property=\"og:image\" content=\"https:\/\/heilerakademie.eu\/wp-content\/uploads\/2016\/01\/Fotolia_40060301_XS-172x300.jpg\" \/>\n<meta name=\"twitter:label1\" content=\"Gesch\u00e4tzte Lesezeit\" \/>\n\t<meta name=\"twitter:data1\" content=\"2\u00a0Minuten\" \/>\n<script type=\"application\/ld+json\" class=\"yoast-schema-graph\">{\"@context\":\"https:\\\/\\\/schema.org\",\"@graph\":[{\"@type\":\"WebPage\",\"@id\":\"https:\\\/\\\/heilerakademie.eu\\\/?page_id=285\",\"url\":\"https:\\\/\\\/heilerakademie.eu\\\/?page_id=285\",\"name\":\"Aura-Reading Seminar - HEILERAKADEMIE EUROPA\",\"isPartOf\":{\"@id\":\"https:\\\/\\\/heilerakademie.eu\\\/#website\"},\"primaryImageOfPage\":{\"@id\":\"https:\\\/\\\/heilerakademie.eu\\\/?page_id=285#primaryimage\"},\"image\":{\"@id\":\"https:\\\/\\\/heilerakademie.eu\\\/?page_id=285#primaryimage\"},\"thumbnailUrl\":\"https:\\\/\\\/heilerakademie.eu\\\/wp-content\\\/uploads\\\/2016\\\/01\\\/Fotolia_40060301_XS-172x300.jpg\",\"datePublished\":\"2016-01-13T15:41:19+00:00\",\"dateModified\":\"2022-10-17T09:42:12+00:00\",\"breadcrumb\":{\"@id\":\"https:\\\/\\\/heilerakademie.eu\\\/?page_id=285#breadcrumb\"},\"inLanguage\":\"de\",\"potentialAction\":[{\"@type\":\"ReadAction\",\"target\":[\"https:\\\/\\\/heilerakademie.eu\\\/?page_id=285\"]}]},{\"@type\":\"ImageObject\",\"inLanguage\":\"de\",\"@id\":\"https:\\\/\\\/heilerakademie.eu\\\/?page_id=285#primaryimage\",\"url\":\"https:\\\/\\\/heilerakademie.eu\\\/wp-content\\\/uploads\\\/2016\\\/01\\\/Fotolia_40060301_XS.jpg\",\"contentUrl\":\"https:\\\/\\\/heilerakademie.eu\\\/wp-content\\\/uploads\\\/2016\\\/01\\\/Fotolia_40060301_XS.jpg\",\"width\":262,\"height\":458},{\"@type\":\"BreadcrumbList\",\"@id\":\"https:\\\/\\\/heilerakademie.eu\\\/?page_id=285#breadcrumb\",\"itemListElement\":[{\"@type\":\"ListItem\",\"position\":1,\"name\":\"Home\",\"item\":\"https:\\\/\\\/heilerakademie.eu\\\/\"},{\"@type\":\"ListItem\",\"position\":2,\"name\":\"Aura-Reading Seminar\"}]},{\"@type\":\"WebSite\",\"@id\":\"https:\\\/\\\/heilerakademie.eu\\\/#website\",\"url\":\"https:\\\/\\\/heilerakademie.eu\\\/\",\"name\":\"HEILERAKADEMIE EUROPA\",\"description\":\"Akademie f\u00fcr Alternative Heilungsmethoden und Energiemedizin\",\"potentialAction\":[{\"@type\":\"SearchAction\",\"target\":{\"@type\":\"EntryPoint\",\"urlTemplate\":\"https:\\\/\\\/heilerakademie.eu\\\/?s={search_term_string}\"},\"query-input\":{\"@type\":\"PropertyValueSpecification\",\"valueRequired\":true,\"valueName\":\"search_term_string\"}}],\"inLanguage\":\"de\"}]}<\/script>\n<!-- \/ Yoast SEO plugin. -->","yoast_head_json":{"title":"Aura-Reading Seminar - HEILERAKADEMIE EUROPA","robots":{"index":"index","follow":"follow","max-snippet":"max-snippet:-1","max-image-preview":"max-image-preview:large","max-video-preview":"max-video-preview:-1"},"canonical":"https:\/\/heilerakademie.eu\/?page_id=285","og_locale":"de_DE","og_type":"article","og_title":"Aura-Reading Seminar - HEILERAKADEMIE EUROPA","og_description":"AURA SEHEN UND F\u00dcHLEN &#8211; Feinstoffliche Energien wahrnehmen und deuten. Zur Termin\u00fcbersicht NEU! Jetzt auch als 2-t\u00e4giges-Video-Fernstudium (rund 10 Stunden Videomaterial und umfangreiche schriftliche Unterlagen) zum Preis von 145 EUR!\u00a0 Erlernen Sie, die Aura, das feinstoffliche Energiefeld um den festen &hellip; Weiterlesen &rarr;","og_url":"https:\/\/heilerakademie.eu\/?page_id=285","og_site_name":"HEILERAKADEMIE EUROPA","article_modified_time":"2022-10-17T09:42:12+00:00","og_image":[{"url":"https:\/\/heilerakademie.eu\/wp-content\/uploads\/2016\/01\/Fotolia_40060301_XS-172x300.jpg","type":"","width":"","height":""}],"twitter_misc":{"Gesch\u00e4tzte Lesezeit":"2\u00a0Minuten"},"schema":{"@context":"https:\/\/schema.org","@graph":[{"@type":"WebPage","@id":"https:\/\/heilerakademie.eu\/?page_id=285","url":"https:\/\/heilerakademie.eu\/?page_id=285","name":"Aura-Reading Seminar - HEILERAKADEMIE EUROPA","isPartOf":{"@id":"https:\/\/heilerakademie.eu\/#website"},"primaryImageOfPage":{"@id":"https:\/\/heilerakademie.eu\/?page_id=285#primaryimage"},"image":{"@id":"https:\/\/heilerakademie.eu\/?page_id=285#primaryimage"},"thumbnailUrl":"https:\/\/heilerakademie.eu\/wp-content\/uploads\/2016\/01\/Fotolia_40060301_XS-172x300.jpg","datePublished":"2016-01-13T15:41:19+00:00","dateModified":"2022-10-17T09:42:12+00:00","breadcrumb":{"@id":"https:\/\/heilerakademie.eu\/?page_id=285#breadcrumb"},"inLanguage":"de","potentialAction":[{"@type":"ReadAction","target":["https:\/\/heilerakademie.eu\/?page_id=285"]}]},{"@type":"ImageObject","inLanguage":"de","@id":"https:\/\/heilerakademie.eu\/?page_id=285#primaryimage","url":"https:\/\/heilerakademie.eu\/wp-content\/uploads\/2016\/01\/Fotolia_40060301_XS.jpg","contentUrl":"https:\/\/heilerakademie.eu\/wp-content\/uploads\/2016\/01\/Fotolia_40060301_XS.jpg","width":262,"height":458},{"@type":"BreadcrumbList","@id":"https:\/\/heilerakademie.eu\/?page_id=285#breadcrumb","itemListElement":[{"@type":"ListItem","position":1,"name":"Home","item":"https:\/\/heilerakademie.eu\/"},{"@type":"ListItem","position":2,"name":"Aura-Reading Seminar"}]},{"@type":"WebSite","@id":"https:\/\/heilerakademie.eu\/#website","url":"https:\/\/heilerakademie.eu\/","name":"HEILERAKADEMIE EUROPA","description":"Akademie f\u00fcr Alternative Heilungsmethoden und Energiemedizin","potentialAction":[{"@type":"SearchAction","target":{"@type":"EntryPoint","urlTemplate":"https:\/\/heilerakademie.eu\/?s={search_term_string}"},"query-input":{"@type":"PropertyValueSpecification","valueRequired":true,"valueName":"search_term_string"}}],"inLanguage":"de"}]}},"_links":{"self":[{"href":"https:\/\/heilerakademie.eu\/index.php?rest_route=\/wp\/v2\/pages\/285","targetHints":{"allow":["GET"]}}],"collection":[{"href":"https:\/\/heilerakademie.eu\/index.php?rest_route=\/wp\/v2\/pages"}],"about":[{"href":"https:\/\/heilerakademie.eu\/index.php?rest_route=\/wp\/v2\/types\/page"}],"author":[{"embeddable":true,"href":"https:\/\/heilerakademie.eu\/index.php?rest_route=\/wp\/v2\/users\/1"}],"replies":[{"embeddable":true,"href":"https:\/\/heilerakademie.eu\/index.php?rest_route=%2Fwp%2Fv2%2Fcomments&post=285"}],"version-history":[{"count":6,"href":"https:\/\/heilerakademie.eu\/index.php?rest_route=\/wp\/v2\/pages\/285\/revisions"}],"predecessor-version":[{"id":1249,"href":"https:\/\/heilerakademie.eu\/index.php?rest_route=\/wp\/v2\/pages\/285\/revisions\/1249"}],"wp:attachment":[{"href":"https:\/\/heilerakademie.eu\/index.php?rest_route=%2Fwp%2Fv2%2Fmedia&parent=285"}],"curies":[{"name":"wp","href":"https:\/\/api.w.org\/{rel}","templated":true}]}}