{"id":309,"date":"2016-01-13T16:54:04","date_gmt":"2016-01-13T16:54:04","guid":{"rendered":"http:\/\/heilerakademieeuropa.apps-1and1.net\/?page_id=309"},"modified":"2017-09-28T17:28:21","modified_gmt":"2017-09-28T17:28:21","slug":"channeling-ausbildung","status":"publish","type":"page","link":"https:\/\/heilerakademie.eu\/?page_id=309","title":{"rendered":"Channeling-Ausbildung"},"content":{"rendered":"<p><strong>Channeln lernen mit dem bekannten Channelmedium KALEA (Silvia Martinek)<\/strong><\/p>\n<p><strong><a href=\"https:\/\/heilerakademie.eu\/wp-content\/uploads\/2016\/01\/face-623313_1920.jpg\" rel=\"attachment wp-att-310\"><img loading=\"lazy\" decoding=\"async\" class=\"size-medium wp-image-310 alignright\" src=\"https:\/\/heilerakademie.eu\/wp-content\/uploads\/2016\/01\/face-623313_1920-237x300.jpg\" alt=\"face-623313_1920\" width=\"237\" height=\"300\" srcset=\"https:\/\/heilerakademie.eu\/wp-content\/uploads\/2016\/01\/face-623313_1920-237x300.jpg 237w, https:\/\/heilerakademie.eu\/wp-content\/uploads\/2016\/01\/face-623313_1920-768x970.jpg 768w, https:\/\/heilerakademie.eu\/wp-content\/uploads\/2016\/01\/face-623313_1920-811x1024.jpg 811w, https:\/\/heilerakademie.eu\/wp-content\/uploads\/2016\/01\/face-623313_1920.jpg 1025w\" sizes=\"auto, (max-width: 237px) 100vw, 237px\" \/><\/a>Mediale Kontakte mit Verstorbenen, Engeln, Geistf\u00fchrer und lebenden Personen<br \/>\n<\/strong><strong>3-Tages-Seminar<\/strong>.<\/p>\n<p>Am Ende dieses Seminars sind Sie in der Lage, auf medialem Wege Botschaften aus der geistigen Welt direkt zu empfangen.<\/p>\n<p><a href=\"http:\/\/akua-events.at\/?event-tags=channeling-ausbildung\" target=\"_blank\" rel=\"noopener\"><strong>Aktuelle Ausbildungstermine finden Sie hier!<\/strong><\/a><\/p>\n<p><strong>Was ist Channeln?<br \/>\n<\/strong><\/p>\n<p>Channeln bedeutet, dass der menschliche K\u00f6rper als Medium Worte ausspricht oder automatisch aufschreibt, welche er von einer Wesenheit geistig empfangen hat. Das Medium macht sich sozusagen zum Kanal (Channel), durch welches sich eine Wesenheit ausdr\u00fccken kann.<\/p>\n<p><strong>Hierbei kann man folgende Varianten unterscheiden:<\/strong><\/p>\n<ul>\n<li>Gedanken von anderen Menschen empfangen (=Telepathie)<\/li>\n<li>Gedanken von Verstorbenen empfangen (=Jenseitskontakte)<\/li>\n<li>Gedanken von Tieren empfangen (=Tierkommunikation)<\/li>\n<li>Eigene Gedanken (=Denken)<\/li>\n<li>Gedanken von anderen Geistwesen empfangen (=Channeln)<\/li>\n<\/ul>\n<p><strong>Was ist ein Medium ?<\/strong><\/p>\n<p>Als Medium wird die Person bezeichnet, welche die gechannelten Worte ausspricht. Das Medium ist also die Person, welche sich als Kanal (Channel) zur Verf\u00fcgung stellt. Personen, welche die empfangenen Worte aufschreiben werden Schreibmedien genannt und Personen, welche Bilder empfangen und malen, sind Malmedien.<\/p>\n<p><strong><a href=\"http:\/\/spirituelles-portal.com\/kalea-krankheiten-und-ihre-ursachen-aus-spiritueller-sicht\/\" target=\"_blank\" rel=\"attachment wp-att-53 noopener\"><img loading=\"lazy\" decoding=\"async\" class=\"size-medium wp-image-53 alignright\" src=\"https:\/\/heilerakademie.eu\/wp-content\/uploads\/2015\/01\/Buchcover-Kalea-194x300.jpg\" alt=\"Buchcover Kalea\" width=\"194\" height=\"300\" srcset=\"https:\/\/heilerakademie.eu\/wp-content\/uploads\/2015\/01\/Buchcover-Kalea-194x300.jpg 194w, https:\/\/heilerakademie.eu\/wp-content\/uploads\/2015\/01\/Buchcover-Kalea.jpg 224w\" sizes=\"auto, (max-width: 194px) 100vw, 194px\" \/><\/a>Warum w\u00fcnscht man sich den Dialog mit der geistigen Welt so sehnlichst?<\/strong><\/p>\n<p>Der Wunsch nach Kontaktaufnahme zur Anderswelt kann sehr vielschichtig sein. Meine Klienten bedienen sich gerne meiner Hilfe als Medium bei folgenden Themen:<\/p>\n<ul>\n<li><strong>Kontakt mit Verstorbenen, um ungekl\u00e4rte Dinge zu kl\u00e4ren<\/strong>, z.B.:\n<ul>\n<li>die fehlende letzte Aussprache vor dem Sterben,<\/li>\n<li>Aufr\u00e4umen von Mi\u00dfverst\u00e4ndnissen,<\/li>\n<li>L\u00f6sen von geleisteten Eiden, Schw\u00fcren und Versprechungen<\/li>\n<li>Aufl\u00f6sen von durch den Verstorbenen verursachten einschr\u00e4nkenden Glaubenss\u00e4tzen<\/li>\n<li>Sorge, ob es dem Verstorbenen &#8222;dort oben&#8220; gut geht<\/li>\n<li>Kl\u00e4rung dar\u00fcber, ob der Verstorbene noch eine Botschaft f\u00fcr den Fragesteller hat<\/li>\n<\/ul>\n<\/li>\n<li><strong>Kontakt mit anderen lebenden Personen<\/strong>, um z.B. Mi\u00dfverst\u00e4ndnisse auf geistig spiritueller Ebene zu\u00a0bereinigen\u00a0oder nach vermi\u00dften Personen zu suchen<\/li>\n<li><strong>Kontakt mit dem eigenen Geistf\u00fchrer<\/strong>, um z.B. mehr \u00fcber das eigene Lebensziel, die gro\u00dfe Aufgabe, die Berufung zu erfahren oder Antworten zu erhalten dar\u00fcber, warum man z.B. krank ist und was die L\u00f6sung sein k\u00f6nnte.<\/li>\n<li><strong>Kontakt mit anderen Wesenheiten<\/strong>, z.B. Engeln oder aufgestiegenen Meistern, um Fragen zum Wohlstand, F\u00fclle, Liebe, Partnerschaft, Beruf\u00a0etc. beantwortet zu bekommen oder zu hinterfragen, warum ein bestimmtes Ereignis passiert ist<\/li>\n<li><strong>Kontakt zur Tierseele<\/strong>, um z.B. zu erfahren, warum dieses Tier bei dem Menschen ist und welche Botschaft es f\u00fcr ihn hat.<\/li>\n<\/ul>\n<p><strong>Seminarleitung:<\/strong><\/p>\n<p><strong><img loading=\"lazy\" decoding=\"async\" class=\"alignright size-medium wp-image-58\" src=\"https:\/\/heilerakademie.eu\/wp-content\/uploads\/2015\/01\/DSC8878-e1420750714796-266x300.jpg\" alt=\"\" width=\"266\" height=\"300\" srcset=\"https:\/\/heilerakademie.eu\/wp-content\/uploads\/2015\/01\/DSC8878-e1420750714796-266x300.jpg 266w, https:\/\/heilerakademie.eu\/wp-content\/uploads\/2015\/01\/DSC8878-e1420750714796.jpg 374w\" sizes=\"auto, (max-width: 266px) 100vw, 266px\" \/><a href=\"https:\/\/heilerakademie.eu\/?page_id=50\" target=\"_blank\" rel=\"noopener\">Silvia Kalea Martinek<\/a><\/strong> (Channel-Medium, Erfolgsautorin und Leiterin der Heilerakademie).<\/p>\n<p>Weitere Infos zu KALEA:\u00a0<a href=\"http:\/\/www.kalea-healing.com\/\" target=\"_blank\" rel=\"noopener\">www.kalea-healing.com<\/a><\/p>\n<p><a href=\"http:\/\/akua-events.at\/?event-tags=channeling-ausbildung\" target=\"_blank\" rel=\"noopener\"><strong>Aktuelle Ausbildungstermine finden Sie hier!<\/strong><\/a><\/p>\n<p><strong>Weiterhin:<\/strong> Dieses Seminar kann jederzeit von interessierten Gruppen \u00fcberall in Deutschland, \u00d6sterreich und der deutschsprachigen Schweiz individuell gebucht werden.<\/p>\n<p>Termine nach Absprache. Ich komme zu Ihnen, wenn Sie mindestens 8 Teilnehmer und den Seminarraum organisieren. Die Teilnahme am Seminar ist dann f\u00fcr den \u00f6rtlichen Organisator kostenfrei.<\/p>\n","protected":false},"excerpt":{"rendered":"<p>Channeln lernen mit dem bekannten Channelmedium KALEA (Silvia Martinek) Mediale Kontakte mit Verstorbenen, Engeln, Geistf\u00fchrer und lebenden Personen 3-Tages-Seminar. Am Ende dieses Seminars sind Sie in der Lage, auf medialem Wege Botschaften aus der geistigen Welt direkt zu empfangen. Aktuelle &hellip; <a href=\"https:\/\/heilerakademie.eu\/?page_id=309\">Weiterlesen <span class=\"meta-nav\">&rarr;<\/span><\/a><\/p>\n","protected":false},"author":1,"featured_media":0,"parent":0,"menu_order":0,"comment_status":"closed","ping_status":"closed","template":"","meta":{"footnotes":""},"class_list":["post-309","page","type-page","status-publish","hentry"],"yoast_head":"<!-- This site is optimized with the Yoast SEO plugin v27.4 - https:\/\/yoast.com\/product\/yoast-seo-wordpress\/ -->\n<title>Channeling-Ausbildung - HEILERAKADEMIE EUROPA<\/title>\n<meta name=\"robots\" content=\"index, follow, max-snippet:-1, max-image-preview:large, max-video-preview:-1\" \/>\n<link rel=\"canonical\" href=\"https:\/\/heilerakademie.eu\/?page_id=309\" \/>\n<meta property=\"og:locale\" content=\"de_DE\" \/>\n<meta property=\"og:type\" content=\"article\" \/>\n<meta property=\"og:title\" content=\"Channeling-Ausbildung - HEILERAKADEMIE EUROPA\" \/>\n<meta property=\"og:description\" content=\"Channeln lernen mit dem bekannten Channelmedium KALEA (Silvia Martinek) Mediale Kontakte mit Verstorbenen, Engeln, Geistf\u00fchrer und lebenden Personen 3-Tages-Seminar. Am Ende dieses Seminars sind Sie in der Lage, auf medialem Wege Botschaften aus der geistigen Welt direkt zu empfangen. Aktuelle &hellip; Weiterlesen &rarr;\" \/>\n<meta property=\"og:url\" content=\"https:\/\/heilerakademie.eu\/?page_id=309\" \/>\n<meta property=\"og:site_name\" content=\"HEILERAKADEMIE EUROPA\" \/>\n<meta property=\"article:modified_time\" content=\"2017-09-28T17:28:21+00:00\" \/>\n<meta property=\"og:image\" content=\"https:\/\/heilerakademie.eu\/wp-content\/uploads\/2016\/01\/face-623313_1920-237x300.jpg\" \/>\n<meta name=\"twitter:label1\" content=\"Gesch\u00e4tzte Lesezeit\" \/>\n\t<meta name=\"twitter:data1\" content=\"2\u00a0Minuten\" \/>\n<script type=\"application\/ld+json\" class=\"yoast-schema-graph\">{\"@context\":\"https:\\\/\\\/schema.org\",\"@graph\":[{\"@type\":\"WebPage\",\"@id\":\"https:\\\/\\\/heilerakademie.eu\\\/?page_id=309\",\"url\":\"https:\\\/\\\/heilerakademie.eu\\\/?page_id=309\",\"name\":\"Channeling-Ausbildung - HEILERAKADEMIE EUROPA\",\"isPartOf\":{\"@id\":\"https:\\\/\\\/heilerakademie.eu\\\/#website\"},\"primaryImageOfPage\":{\"@id\":\"https:\\\/\\\/heilerakademie.eu\\\/?page_id=309#primaryimage\"},\"image\":{\"@id\":\"https:\\\/\\\/heilerakademie.eu\\\/?page_id=309#primaryimage\"},\"thumbnailUrl\":\"https:\\\/\\\/heilerakademie.eu\\\/wp-content\\\/uploads\\\/2016\\\/01\\\/face-623313_1920-237x300.jpg\",\"datePublished\":\"2016-01-13T16:54:04+00:00\",\"dateModified\":\"2017-09-28T17:28:21+00:00\",\"breadcrumb\":{\"@id\":\"https:\\\/\\\/heilerakademie.eu\\\/?page_id=309#breadcrumb\"},\"inLanguage\":\"de\",\"potentialAction\":[{\"@type\":\"ReadAction\",\"target\":[\"https:\\\/\\\/heilerakademie.eu\\\/?page_id=309\"]}]},{\"@type\":\"ImageObject\",\"inLanguage\":\"de\",\"@id\":\"https:\\\/\\\/heilerakademie.eu\\\/?page_id=309#primaryimage\",\"url\":\"https:\\\/\\\/heilerakademie.eu\\\/wp-content\\\/uploads\\\/2016\\\/01\\\/face-623313_1920.jpg\",\"contentUrl\":\"https:\\\/\\\/heilerakademie.eu\\\/wp-content\\\/uploads\\\/2016\\\/01\\\/face-623313_1920.jpg\",\"width\":1025,\"height\":1295},{\"@type\":\"BreadcrumbList\",\"@id\":\"https:\\\/\\\/heilerakademie.eu\\\/?page_id=309#breadcrumb\",\"itemListElement\":[{\"@type\":\"ListItem\",\"position\":1,\"name\":\"Home\",\"item\":\"https:\\\/\\\/heilerakademie.eu\\\/\"},{\"@type\":\"ListItem\",\"position\":2,\"name\":\"Channeling-Ausbildung\"}]},{\"@type\":\"WebSite\",\"@id\":\"https:\\\/\\\/heilerakademie.eu\\\/#website\",\"url\":\"https:\\\/\\\/heilerakademie.eu\\\/\",\"name\":\"HEILERAKADEMIE EUROPA\",\"description\":\"Akademie f\u00fcr Alternative Heilungsmethoden und Energiemedizin\",\"potentialAction\":[{\"@type\":\"SearchAction\",\"target\":{\"@type\":\"EntryPoint\",\"urlTemplate\":\"https:\\\/\\\/heilerakademie.eu\\\/?s={search_term_string}\"},\"query-input\":{\"@type\":\"PropertyValueSpecification\",\"valueRequired\":true,\"valueName\":\"search_term_string\"}}],\"inLanguage\":\"de\"}]}<\/script>\n<!-- \/ Yoast SEO plugin. -->","yoast_head_json":{"title":"Channeling-Ausbildung - HEILERAKADEMIE EUROPA","robots":{"index":"index","follow":"follow","max-snippet":"max-snippet:-1","max-image-preview":"max-image-preview:large","max-video-preview":"max-video-preview:-1"},"canonical":"https:\/\/heilerakademie.eu\/?page_id=309","og_locale":"de_DE","og_type":"article","og_title":"Channeling-Ausbildung - HEILERAKADEMIE EUROPA","og_description":"Channeln lernen mit dem bekannten Channelmedium KALEA (Silvia Martinek) Mediale Kontakte mit Verstorbenen, Engeln, Geistf\u00fchrer und lebenden Personen 3-Tages-Seminar. Am Ende dieses Seminars sind Sie in der Lage, auf medialem Wege Botschaften aus der geistigen Welt direkt zu empfangen. Aktuelle &hellip; Weiterlesen &rarr;","og_url":"https:\/\/heilerakademie.eu\/?page_id=309","og_site_name":"HEILERAKADEMIE EUROPA","article_modified_time":"2017-09-28T17:28:21+00:00","og_image":[{"url":"https:\/\/heilerakademie.eu\/wp-content\/uploads\/2016\/01\/face-623313_1920-237x300.jpg","type":"","width":"","height":""}],"twitter_misc":{"Gesch\u00e4tzte Lesezeit":"2\u00a0Minuten"},"schema":{"@context":"https:\/\/schema.org","@graph":[{"@type":"WebPage","@id":"https:\/\/heilerakademie.eu\/?page_id=309","url":"https:\/\/heilerakademie.eu\/?page_id=309","name":"Channeling-Ausbildung - HEILERAKADEMIE EUROPA","isPartOf":{"@id":"https:\/\/heilerakademie.eu\/#website"},"primaryImageOfPage":{"@id":"https:\/\/heilerakademie.eu\/?page_id=309#primaryimage"},"image":{"@id":"https:\/\/heilerakademie.eu\/?page_id=309#primaryimage"},"thumbnailUrl":"https:\/\/heilerakademie.eu\/wp-content\/uploads\/2016\/01\/face-623313_1920-237x300.jpg","datePublished":"2016-01-13T16:54:04+00:00","dateModified":"2017-09-28T17:28:21+00:00","breadcrumb":{"@id":"https:\/\/heilerakademie.eu\/?page_id=309#breadcrumb"},"inLanguage":"de","potentialAction":[{"@type":"ReadAction","target":["https:\/\/heilerakademie.eu\/?page_id=309"]}]},{"@type":"ImageObject","inLanguage":"de","@id":"https:\/\/heilerakademie.eu\/?page_id=309#primaryimage","url":"https:\/\/heilerakademie.eu\/wp-content\/uploads\/2016\/01\/face-623313_1920.jpg","contentUrl":"https:\/\/heilerakademie.eu\/wp-content\/uploads\/2016\/01\/face-623313_1920.jpg","width":1025,"height":1295},{"@type":"BreadcrumbList","@id":"https:\/\/heilerakademie.eu\/?page_id=309#breadcrumb","itemListElement":[{"@type":"ListItem","position":1,"name":"Home","item":"https:\/\/heilerakademie.eu\/"},{"@type":"ListItem","position":2,"name":"Channeling-Ausbildung"}]},{"@type":"WebSite","@id":"https:\/\/heilerakademie.eu\/#website","url":"https:\/\/heilerakademie.eu\/","name":"HEILERAKADEMIE EUROPA","description":"Akademie f\u00fcr Alternative Heilungsmethoden und Energiemedizin","potentialAction":[{"@type":"SearchAction","target":{"@type":"EntryPoint","urlTemplate":"https:\/\/heilerakademie.eu\/?s={search_term_string}"},"query-input":{"@type":"PropertyValueSpecification","valueRequired":true,"valueName":"search_term_string"}}],"inLanguage":"de"}]}},"_links":{"self":[{"href":"https:\/\/heilerakademie.eu\/index.php?rest_route=\/wp\/v2\/pages\/309","targetHints":{"allow":["GET"]}}],"collection":[{"href":"https:\/\/heilerakademie.eu\/index.php?rest_route=\/wp\/v2\/pages"}],"about":[{"href":"https:\/\/heilerakademie.eu\/index.php?rest_route=\/wp\/v2\/types\/page"}],"author":[{"embeddable":true,"href":"https:\/\/heilerakademie.eu\/index.php?rest_route=\/wp\/v2\/users\/1"}],"replies":[{"embeddable":true,"href":"https:\/\/heilerakademie.eu\/index.php?rest_route=%2Fwp%2Fv2%2Fcomments&post=309"}],"version-history":[{"count":4,"href":"https:\/\/heilerakademie.eu\/index.php?rest_route=\/wp\/v2\/pages\/309\/revisions"}],"predecessor-version":[{"id":904,"href":"https:\/\/heilerakademie.eu\/index.php?rest_route=\/wp\/v2\/pages\/309\/revisions\/904"}],"wp:attachment":[{"href":"https:\/\/heilerakademie.eu\/index.php?rest_route=%2Fwp%2Fv2%2Fmedia&parent=309"}],"curies":[{"name":"wp","href":"https:\/\/api.w.org\/{rel}","templated":true}]}}