{"id":329,"date":"2016-01-15T15:03:29","date_gmt":"2016-01-15T15:03:29","guid":{"rendered":"http:\/\/heilerakademieeuropa.apps-1and1.net\/?page_id=329"},"modified":"2018-10-14T09:47:36","modified_gmt":"2018-10-14T09:47:36","slug":"persoenliches-channeling-botschaften-der-geistigen-welt","status":"publish","type":"page","link":"https:\/\/heilerakademie.eu\/?page_id=329","title":{"rendered":"Pers\u00f6nliches Channeling \/ Botschaften der Geistigen Welt"},"content":{"rendered":"<p><strong>Mediale Kontakte mit Verstorbenen, Engeln, Geistf\u00fchrer und lebenden Personen<\/strong><\/p>\n<p><strong><img loading=\"lazy\" decoding=\"async\" class=\"alignright size-medium wp-image-885\" src=\"https:\/\/heilerakademie.eu\/wp-content\/uploads\/2016\/01\/silhouette-1304141_1920-2-300x200.jpg\" alt=\"\" width=\"300\" height=\"200\" srcset=\"https:\/\/heilerakademie.eu\/wp-content\/uploads\/2016\/01\/silhouette-1304141_1920-2-300x200.jpg 300w, https:\/\/heilerakademie.eu\/wp-content\/uploads\/2016\/01\/silhouette-1304141_1920-2-768x512.jpg 768w, https:\/\/heilerakademie.eu\/wp-content\/uploads\/2016\/01\/silhouette-1304141_1920-2-1024x683.jpg 1024w, https:\/\/heilerakademie.eu\/wp-content\/uploads\/2016\/01\/silhouette-1304141_1920-2-272x182.jpg 272w, https:\/\/heilerakademie.eu\/wp-content\/uploads\/2016\/01\/silhouette-1304141_1920-2.jpg 1920w\" sizes=\"auto, (max-width: 300px) 100vw, 300px\" \/>Was ist Channeln ?<br \/>\n<\/strong>Channeln bedeutet, dass der menschliche K\u00f6rper als Medium Worte ausspricht oder automatisch aufschreibt, welche er von einer Wesenheit geistig empfangen hat. Das Medium macht sich sozusagen zum Kanal (Channel), durch welches sich eine Wesenheit ausdr\u00fccken kann.<\/p>\n<p><strong><a href=\"http:\/\/spirituelles-portal.com\/channelmedium-kalea-silvia-martinek\/\" target=\"_blank\" rel=\"noopener\">Hier k\u00f6nnen Sie gleich\u00a0ein pers\u00f6nliches Channeling online anfordern.<\/a><\/strong><\/p>\n<p><strong>Channeling-Varianten:<br \/>\n<\/strong>Hierbei kann man folgende Varianten unterscheiden:<\/p>\n<ul>\n<li>Gedanken von anderen Menschen empfangen (=Telepathie)<\/li>\n<li>Gedanken von Verstorbenen empfangen (=Jenseitskontakte)<\/li>\n<li>Gedanken von Tieren empfangen (=Tierkommunikation)<\/li>\n<li>Eigene Gedanken (=Denken)<\/li>\n<li>Gedanken von anderen Geistwesen empfangen (=Channeln)<\/li>\n<\/ul>\n<p><strong>Was ist ein Medium ?<br \/>\n<\/strong>Als Medium wird die Person bezeichnet, welche die gechannelten Worte ausspricht. Das Medium ist also die Person, welche sich als Kanal (Channel) zur Verf\u00fcgung stellt. Personen, welche die empfangenen Worte aufschreiben werden Schreibmedien genannt und Personen, welche Bilder empfangen und malen, sind Malmedien.<\/p>\n<h2><strong>Unser Channelmedium:<\/strong><\/h2>\n<p><strong><img loading=\"lazy\" decoding=\"async\" class=\"alignright size-medium wp-image-58\" src=\"https:\/\/heilerakademie.eu\/wp-content\/uploads\/2015\/01\/DSC8878-e1420750714796-266x300.jpg\" alt=\"\" width=\"266\" height=\"300\" srcset=\"https:\/\/heilerakademie.eu\/wp-content\/uploads\/2015\/01\/DSC8878-e1420750714796-266x300.jpg 266w, https:\/\/heilerakademie.eu\/wp-content\/uploads\/2015\/01\/DSC8878-e1420750714796.jpg 374w\" sizes=\"auto, (max-width: 266px) 100vw, 266px\" \/>Silvia Kalea Martinek <\/strong>channelt den Geistf\u00fchrer Manuel und andere Geistwesen wie z.B. Paracelsus, die z.T. als Mittler in der geistigen Welt fungieren. Die geistige Welt\u00a0antwortet zumeist \u00fcber eine sehr blumige, lyrische, altert\u00fcmliche Sprache und in Metaphern, die jedoch von dem Empf\u00e4nger der Botschaft sofort auf eine subtile Art verstanden wird.\u00a0Die Botschaften, die sie f\u00fcr ihre Klienten erh\u00e4lt, sind Botschaften f\u00fcr die Seele, damit ein tiefes Verst\u00e4ndnis einkehren und tiefgreifende seelische Heilung geschehen kann.<strong> <a href=\"https:\/\/heilerakademie.eu\/?page_id=50\">Mehr \u00fcber Silvia Martinek lesen Sie hier<\/a><\/strong> oder auf ihrer eigenen <strong><a href=\"http:\/\/www.kalea-healing.com\/\" target=\"_blank\" rel=\"noopener\">Internet-Homepage<\/a>.<\/strong><\/p>\n<p><a href=\"http:\/\/spirituelles-portal.com\/channelmedium-kalea-silvia-martinek\/\" target=\"_blank\" rel=\"attachment wp-att-53 noopener\"><img loading=\"lazy\" decoding=\"async\" class=\"alignright wp-image-53 size-medium\" src=\"https:\/\/heilerakademie.eu\/wp-content\/uploads\/2015\/01\/Buchcover-Kalea-194x300.jpg\" alt=\"Buchcover Kalea\" width=\"194\" height=\"300\" srcset=\"https:\/\/heilerakademie.eu\/wp-content\/uploads\/2015\/01\/Buchcover-Kalea-194x300.jpg 194w, https:\/\/heilerakademie.eu\/wp-content\/uploads\/2015\/01\/Buchcover-Kalea.jpg 224w\" sizes=\"auto, (max-width: 194px) 100vw, 194px\" \/><\/a>Sie ist auch <strong>Erfolgsautorin<\/strong> des im Verlag Silberschnur erschienen spirituellen Ratgebers &#8222;<strong><a href=\"http:\/\/spirituelles-portal.com\/channelmedium-kalea-silvia-martinek\/\" target=\"_blank\" rel=\"noopener\">Krankheiten und ihre Ursachen aus spiritueller Sicht<\/a><\/strong>&#8220;<\/p>\n<p><strong>Warum w\u00fcnscht man sich den Dialog mit der geistigen Welt so sehnlichst<\/strong>?<br \/>\nDer Wunsch nach Kontaktaufnahme zur Anderswelt kann sehr vielschichtig sein. Meine Klienten bedienen sich gerne meiner Hilfe als Medium bei folgenden Themen:<\/p>\n<ul>\n<li><strong>Kontakt mit Verstorbenen, um ungekl\u00e4rte Dinge zu kl\u00e4ren<\/strong>, z.B.:\n<ul>\n<li>die fehlende letzte Aussprache vor dem Sterben,<\/li>\n<li>Aufr\u00e4umen von Mi\u00dfverst\u00e4ndnissen,<\/li>\n<li>L\u00f6sen von geleisteten Eiden, Schw\u00fcren und Versprechungen<\/li>\n<li>Aufl\u00f6sen von durch den Verstorbenen verursachten einschr\u00e4nkenden Glaubenss\u00e4tzen<\/li>\n<li>Sorge, ob es dem Verstorbenen &#8222;dort oben&#8220; gut geht<\/li>\n<li>Kl\u00e4rung dar\u00fcber, ob der Verstorbene noch eine Botschaft f\u00fcr den Fragesteller hat<\/li>\n<\/ul>\n<\/li>\n<li><strong>Kontakt mit anderen lebenden Personen<\/strong>, um z.B. Mi\u00dfverst\u00e4ndnisse auf geistig spiritueller Ebene zu\u00a0bereinigen\u00a0oder nach vermi\u00dften Personen zu suchen<\/li>\n<li><strong>Kontakt mit dem eigenen Geistf\u00fchrer<\/strong>, um z.B. mehr \u00fcber das eigene Lebensziel, die gro\u00dfe Aufgabe, die Berufung zu erfahren<\/li>\n<li><strong>Kontakt mit anderen Wesenheiten<\/strong>, z.B. Engeln oder aufgestiegenen Meistern, um Fragen zum Wohlstand, F\u00fclle, Liebe, Partnerschaft, Beruf\u00a0etc. beantwortet zu bekommen oder zu hinterfragen, warum ein bestimmtes Ereignis passiert ist oder warum man krank geworden ist.<\/li>\n<li><strong>Kontakt zur Tierseele<\/strong>, um z.B. zu erfahren, warum dieses Tier bei dem Menschen ist und welche Botschaft es f\u00fcr ihn hat.<\/li>\n<\/ul>\n<p><strong><a href=\"http:\/\/spirituelles-portal.com\/channelmedium-kalea-silvia-martinek\/\" target=\"_blank\" rel=\"noopener\">Hier k\u00f6nnen Sie gleich\u00a0ein pers\u00f6nliches Channeling online anfordern.<\/a><\/strong><\/p>\n<p>Die Channel-Botschaft kann dann nach Vereinbarung eines Termines per Telefon m\u00fcndlich \u00fcbertragen werden mit Aufzeichnung als MP3-Datei oder in schriftlicher Form erfolgen. Auch kann die Botschaft \u00fcber ein medial gemaltes Bild mit entsprechenden Erl\u00e4uterungen \/ Interpretation ausgef\u00fchrt werden.<\/p>\n<p>Von Zeit zu Zeit finden auch <strong>Channel-Sitzungen im Heilzentrum f\u00fcr eine oder mehrere Personen (auch \u00f6ffentliches Channeln mit Zuschauern)<\/strong> statt.<\/p>\n<p>Das Honorar\u00a0f\u00fcr diese geistig spirituelle Arbeit sowie das Abrechnungsprozedre \u00a0entnehmen Sie bitte\u00a0nachstehend:<\/p>\n<p><strong>Energieausgleich<\/strong><\/p>\n<ul>\n<li><strong>Pers\u00f6nliche Sitzung \/ Gespr\u00e4ch<\/strong>: 195,00 EUR pauschal je Sitzung (zwischen 90 und 120 Minuten), hier: telefonische Terminvereinbarung direkt mit Silvia Kalea Martinek unter: <strong>0043 660 8844224, <\/strong>Bezahlung des Honorars in bar vor Ort.<\/li>\n<li><strong>Telefonische Beratung<\/strong> nach Zeitaufwand, je Minute 3,25 EUR, mindesrtens jedoch 195 EUR, auch \u00fcber Videotelefonie (Skype),\u00a0hier: telefonische Terminvereinbarung direkt mit Silvia Kalea Martinek unter: <strong>0043 660 8844224, <\/strong>Bezahlung des Honorars vorab per \u00dcberweisung auf Bankkonto oder per Paypal (Bankdaten werden per Email nach Terminbest\u00e4tigung mitgeteilt).<\/li>\n<li><strong>Schriftliche Beantwortung<\/strong> (z.B. Botschaften aus der geistigen Welt \/ Channeling) per Email,<\/li>\n<li><strong>Schriftliche Channel-Botschaften der geistigen Welt<\/strong>\u00a0bei max. 1 Hauptthema und max. 3 Unterthemen (insgesamt max. 4 Fragen) pauschal je 285 EUR.:<br \/>\n<a href=\"http:\/\/spirituelles-portal.com\/channelmedium-kalea-silvia-martinek\/\" target=\"_blank\" rel=\"noopener\">hier nutzen Sie bitte das Online-Bestellformular mit Online-Zahlung<\/a>.<\/li>\n<\/ul>\n<p>Alle Honorare verstehen sich inkl. gesetzl. MwSt.<\/p>\n<p><strong>Ausbildung im Channeln<\/strong><\/p>\n<p>Gerne geben wir immer wieder auch Seminare und Workshops, um das Channeln zu erlernen. <a href=\"http:\/\/www.heilerakademie.at\/index.php?Itemid=58\"><br \/>\n<\/a><a href=\"http:\/\/akua-events.at\/?event-tags=channeling-ausbildung\" target=\"_blank\" rel=\"noopener\">Schauen Sie doch einfach einmal in den Veranstaltungskalender.<\/a><\/p>\n<p><strong>Abgrenzung: Was wir nicht tun k\u00f6nnen und nicht tun werden (Schwarzmagie):<\/strong><\/p>\n<p>Manipulation des freien Willens anderer Menschen durch Telepathie oder Hypnose (Trance), um z.B. einen anderen Menschen geistig energetisch zu beeinflussen, meinen Kunden mehr zu lieben oder \u00e4hnlicher Unfug. Der freie Wille des Menschen ist das h\u00f6chste Gut im Universum &#8211; welches ich voll und ganz respektiere.<\/p>\n<p>&nbsp;<\/p>\n","protected":false},"excerpt":{"rendered":"<p>Mediale Kontakte mit Verstorbenen, Engeln, Geistf\u00fchrer und lebenden Personen Was ist Channeln ? Channeln bedeutet, dass der menschliche K\u00f6rper als Medium Worte ausspricht oder automatisch aufschreibt, welche er von einer Wesenheit geistig empfangen hat. Das Medium macht sich sozusagen zum &hellip; <a href=\"https:\/\/heilerakademie.eu\/?page_id=329\">Weiterlesen <span class=\"meta-nav\">&rarr;<\/span><\/a><\/p>\n","protected":false},"author":1,"featured_media":0,"parent":0,"menu_order":0,"comment_status":"closed","ping_status":"closed","template":"","meta":{"footnotes":""},"class_list":["post-329","page","type-page","status-publish","hentry"],"yoast_head":"<!-- This site is optimized with the Yoast SEO plugin v27.4 - https:\/\/yoast.com\/product\/yoast-seo-wordpress\/ -->\n<title>Pers\u00f6nliches Channeling \/ Botschaften der Geistigen Welt - HEILERAKADEMIE EUROPA<\/title>\n<meta name=\"robots\" content=\"index, follow, max-snippet:-1, max-image-preview:large, max-video-preview:-1\" \/>\n<link rel=\"canonical\" href=\"https:\/\/heilerakademie.eu\/?page_id=329\" \/>\n<meta property=\"og:locale\" content=\"de_DE\" \/>\n<meta property=\"og:type\" content=\"article\" \/>\n<meta property=\"og:title\" content=\"Pers\u00f6nliches Channeling \/ Botschaften der Geistigen Welt - HEILERAKADEMIE EUROPA\" \/>\n<meta property=\"og:description\" content=\"Mediale Kontakte mit Verstorbenen, Engeln, Geistf\u00fchrer und lebenden Personen Was ist Channeln ? Channeln bedeutet, dass der menschliche K\u00f6rper als Medium Worte ausspricht oder automatisch aufschreibt, welche er von einer Wesenheit geistig empfangen hat. Das Medium macht sich sozusagen zum &hellip; Weiterlesen &rarr;\" \/>\n<meta property=\"og:url\" content=\"https:\/\/heilerakademie.eu\/?page_id=329\" \/>\n<meta property=\"og:site_name\" content=\"HEILERAKADEMIE EUROPA\" \/>\n<meta property=\"article:modified_time\" content=\"2018-10-14T09:47:36+00:00\" \/>\n<meta property=\"og:image\" content=\"https:\/\/heilerakademie.eu\/wp-content\/uploads\/2016\/01\/silhouette-1304141_1920-2-300x200.jpg\" \/>\n<meta name=\"twitter:label1\" content=\"Gesch\u00e4tzte Lesezeit\" \/>\n\t<meta name=\"twitter:data1\" content=\"4\u00a0Minuten\" \/>\n<script type=\"application\/ld+json\" class=\"yoast-schema-graph\">{\"@context\":\"https:\\\/\\\/schema.org\",\"@graph\":[{\"@type\":\"WebPage\",\"@id\":\"https:\\\/\\\/heilerakademie.eu\\\/?page_id=329\",\"url\":\"https:\\\/\\\/heilerakademie.eu\\\/?page_id=329\",\"name\":\"Pers\u00f6nliches Channeling \\\/ Botschaften der Geistigen Welt - HEILERAKADEMIE EUROPA\",\"isPartOf\":{\"@id\":\"https:\\\/\\\/heilerakademie.eu\\\/#website\"},\"primaryImageOfPage\":{\"@id\":\"https:\\\/\\\/heilerakademie.eu\\\/?page_id=329#primaryimage\"},\"image\":{\"@id\":\"https:\\\/\\\/heilerakademie.eu\\\/?page_id=329#primaryimage\"},\"thumbnailUrl\":\"https:\\\/\\\/heilerakademie.eu\\\/wp-content\\\/uploads\\\/2016\\\/01\\\/silhouette-1304141_1920-2-300x200.jpg\",\"datePublished\":\"2016-01-15T15:03:29+00:00\",\"dateModified\":\"2018-10-14T09:47:36+00:00\",\"breadcrumb\":{\"@id\":\"https:\\\/\\\/heilerakademie.eu\\\/?page_id=329#breadcrumb\"},\"inLanguage\":\"de\",\"potentialAction\":[{\"@type\":\"ReadAction\",\"target\":[\"https:\\\/\\\/heilerakademie.eu\\\/?page_id=329\"]}]},{\"@type\":\"ImageObject\",\"inLanguage\":\"de\",\"@id\":\"https:\\\/\\\/heilerakademie.eu\\\/?page_id=329#primaryimage\",\"url\":\"https:\\\/\\\/heilerakademie.eu\\\/wp-content\\\/uploads\\\/2016\\\/01\\\/silhouette-1304141_1920-2.jpg\",\"contentUrl\":\"https:\\\/\\\/heilerakademie.eu\\\/wp-content\\\/uploads\\\/2016\\\/01\\\/silhouette-1304141_1920-2.jpg\",\"width\":1920,\"height\":1280},{\"@type\":\"BreadcrumbList\",\"@id\":\"https:\\\/\\\/heilerakademie.eu\\\/?page_id=329#breadcrumb\",\"itemListElement\":[{\"@type\":\"ListItem\",\"position\":1,\"name\":\"Home\",\"item\":\"https:\\\/\\\/heilerakademie.eu\\\/\"},{\"@type\":\"ListItem\",\"position\":2,\"name\":\"Pers\u00f6nliches Channeling \\\/ Botschaften der Geistigen Welt\"}]},{\"@type\":\"WebSite\",\"@id\":\"https:\\\/\\\/heilerakademie.eu\\\/#website\",\"url\":\"https:\\\/\\\/heilerakademie.eu\\\/\",\"name\":\"HEILERAKADEMIE EUROPA\",\"description\":\"Akademie f\u00fcr Alternative Heilungsmethoden und Energiemedizin\",\"potentialAction\":[{\"@type\":\"SearchAction\",\"target\":{\"@type\":\"EntryPoint\",\"urlTemplate\":\"https:\\\/\\\/heilerakademie.eu\\\/?s={search_term_string}\"},\"query-input\":{\"@type\":\"PropertyValueSpecification\",\"valueRequired\":true,\"valueName\":\"search_term_string\"}}],\"inLanguage\":\"de\"}]}<\/script>\n<!-- \/ Yoast SEO plugin. -->","yoast_head_json":{"title":"Pers\u00f6nliches Channeling \/ Botschaften der Geistigen Welt - HEILERAKADEMIE EUROPA","robots":{"index":"index","follow":"follow","max-snippet":"max-snippet:-1","max-image-preview":"max-image-preview:large","max-video-preview":"max-video-preview:-1"},"canonical":"https:\/\/heilerakademie.eu\/?page_id=329","og_locale":"de_DE","og_type":"article","og_title":"Pers\u00f6nliches Channeling \/ Botschaften der Geistigen Welt - HEILERAKADEMIE EUROPA","og_description":"Mediale Kontakte mit Verstorbenen, Engeln, Geistf\u00fchrer und lebenden Personen Was ist Channeln ? Channeln bedeutet, dass der menschliche K\u00f6rper als Medium Worte ausspricht oder automatisch aufschreibt, welche er von einer Wesenheit geistig empfangen hat. Das Medium macht sich sozusagen zum &hellip; Weiterlesen &rarr;","og_url":"https:\/\/heilerakademie.eu\/?page_id=329","og_site_name":"HEILERAKADEMIE EUROPA","article_modified_time":"2018-10-14T09:47:36+00:00","og_image":[{"url":"https:\/\/heilerakademie.eu\/wp-content\/uploads\/2016\/01\/silhouette-1304141_1920-2-300x200.jpg","type":"","width":"","height":""}],"twitter_misc":{"Gesch\u00e4tzte Lesezeit":"4\u00a0Minuten"},"schema":{"@context":"https:\/\/schema.org","@graph":[{"@type":"WebPage","@id":"https:\/\/heilerakademie.eu\/?page_id=329","url":"https:\/\/heilerakademie.eu\/?page_id=329","name":"Pers\u00f6nliches Channeling \/ Botschaften der Geistigen Welt - HEILERAKADEMIE EUROPA","isPartOf":{"@id":"https:\/\/heilerakademie.eu\/#website"},"primaryImageOfPage":{"@id":"https:\/\/heilerakademie.eu\/?page_id=329#primaryimage"},"image":{"@id":"https:\/\/heilerakademie.eu\/?page_id=329#primaryimage"},"thumbnailUrl":"https:\/\/heilerakademie.eu\/wp-content\/uploads\/2016\/01\/silhouette-1304141_1920-2-300x200.jpg","datePublished":"2016-01-15T15:03:29+00:00","dateModified":"2018-10-14T09:47:36+00:00","breadcrumb":{"@id":"https:\/\/heilerakademie.eu\/?page_id=329#breadcrumb"},"inLanguage":"de","potentialAction":[{"@type":"ReadAction","target":["https:\/\/heilerakademie.eu\/?page_id=329"]}]},{"@type":"ImageObject","inLanguage":"de","@id":"https:\/\/heilerakademie.eu\/?page_id=329#primaryimage","url":"https:\/\/heilerakademie.eu\/wp-content\/uploads\/2016\/01\/silhouette-1304141_1920-2.jpg","contentUrl":"https:\/\/heilerakademie.eu\/wp-content\/uploads\/2016\/01\/silhouette-1304141_1920-2.jpg","width":1920,"height":1280},{"@type":"BreadcrumbList","@id":"https:\/\/heilerakademie.eu\/?page_id=329#breadcrumb","itemListElement":[{"@type":"ListItem","position":1,"name":"Home","item":"https:\/\/heilerakademie.eu\/"},{"@type":"ListItem","position":2,"name":"Pers\u00f6nliches Channeling \/ Botschaften der Geistigen Welt"}]},{"@type":"WebSite","@id":"https:\/\/heilerakademie.eu\/#website","url":"https:\/\/heilerakademie.eu\/","name":"HEILERAKADEMIE EUROPA","description":"Akademie f\u00fcr Alternative Heilungsmethoden und Energiemedizin","potentialAction":[{"@type":"SearchAction","target":{"@type":"EntryPoint","urlTemplate":"https:\/\/heilerakademie.eu\/?s={search_term_string}"},"query-input":{"@type":"PropertyValueSpecification","valueRequired":true,"valueName":"search_term_string"}}],"inLanguage":"de"}]}},"_links":{"self":[{"href":"https:\/\/heilerakademie.eu\/index.php?rest_route=\/wp\/v2\/pages\/329","targetHints":{"allow":["GET"]}}],"collection":[{"href":"https:\/\/heilerakademie.eu\/index.php?rest_route=\/wp\/v2\/pages"}],"about":[{"href":"https:\/\/heilerakademie.eu\/index.php?rest_route=\/wp\/v2\/types\/page"}],"author":[{"embeddable":true,"href":"https:\/\/heilerakademie.eu\/index.php?rest_route=\/wp\/v2\/users\/1"}],"replies":[{"embeddable":true,"href":"https:\/\/heilerakademie.eu\/index.php?rest_route=%2Fwp%2Fv2%2Fcomments&post=329"}],"version-history":[{"count":8,"href":"https:\/\/heilerakademie.eu\/index.php?rest_route=\/wp\/v2\/pages\/329\/revisions"}],"predecessor-version":[{"id":1075,"href":"https:\/\/heilerakademie.eu\/index.php?rest_route=\/wp\/v2\/pages\/329\/revisions\/1075"}],"wp:attachment":[{"href":"https:\/\/heilerakademie.eu\/index.php?rest_route=%2Fwp%2Fv2%2Fmedia&parent=329"}],"curies":[{"name":"wp","href":"https:\/\/api.w.org\/{rel}","templated":true}]}}