{"id":33,"date":"2015-01-08T15:55:59","date_gmt":"2015-01-08T15:55:59","guid":{"rendered":"http:\/\/heilerakademieeuropa.apps-1and1.net\/?page_id=33"},"modified":"2018-03-20T09:02:08","modified_gmt":"2018-03-20T09:02:08","slug":"agbs","status":"publish","type":"page","link":"https:\/\/heilerakademie.eu\/?page_id=33","title":{"rendered":"AGBs"},"content":{"rendered":"<h1>Seminar- und Teilnahmebedingungen \/ AGB\u2019s<\/h1>\n<p>g\u00fcltig ab\u00a001.03.2018<br \/>\nMit der Ver\u00f6ffentlichung dieser AGBs verlieren alle \u00e4lteren AGBs ihre G\u00fcltigkeit.<\/p>\n<p><strong>NAMASTE!<br \/>\n<\/strong>Im Sinne der Ganzheitlichkeit\u00a0knochentrockene, allgemeine Gesch\u00e4ftsbedingungen zu kreieren, ist eigentlich ein Widerspruch in sich selbst. Jedoch zwingen die europ\u00e4ischen Gesetze die Vertragspartner aufgrund von Wahrheit und Klarheit dazu, alles so deutlich und unmissverst\u00e4ndlich wie m\u00f6glich zu formulieren, damit es im gesch\u00e4ftlichen Miteinander korrekt ablaufen kann.<br \/>\nMit Ihrer verbindlichen Anmeldung gehen Sie gewisse Verpflichtungen ein. Sie sollten jedoch auch wissen, welche Rechte Ihnen aus diesem Vertrag heraus erwachsen.<br \/>\nIn diesem Sinne haben wir versucht, die f\u00fcr einen reibungslosen Kurs-Ablauf notwendigen Bedingungen darzulegen.<\/p>\n<p><strong>NEU! Nichtraucher-Seminare:<\/strong><br \/>\nAb sofort sind alle unsere Seminare Nichtraucher-Seminare. Das hei\u00dft, dass w\u00e4hrend des Seminars auf dem gesamten Gel\u00e4nde der Heilerakademie Europa, soweit die Seminare dort stattfinden, nicht geraucht werden darf. Diese Regelung wurde notwendig, da sich nichtrauchende Seminarteilnehmer bei der Heilarbeit durch Raucher unwohl und im Wohlbefinden eingeschr\u00e4nkt f\u00fchlten (Nikotinfahne, stinkende, gelbe Raucherfinger, Rauchausd\u00fcnstung der Kleidung etc.).<\/p>\n<p><strong>Anmeldung, Vertragsabschluss:<br \/>\n<\/strong>Wenn Sie sich f\u00fcr einen der Events\u00a0angemeldet haben, egal ob in schriftlicher oder m\u00fcndlicher oder fernm\u00fcndlicher Form, per Email, SMS oder durch ein elektronisches Anmeldeformular, so ist Ihre Anmeldung f\u00fcr die jeweilige Veranstaltung selbstverst\u00e4ndlich verbindlich.<\/p>\n<p><strong>Leistungsumfang:<br \/>\n<\/strong>Sie erwerben mit Ihrer verbindlichen Anmeldung und der sofortigen Zahlung \u00a0der Kursgeb\u00fchr binnen 7 Tage das Recht zur Teilnahme an der tats\u00e4chlich durchgef\u00fchrten jeweiligen Veranstaltung.<\/p>\n<p><strong>Teilnahmevoraussetzung:<br \/>\n<\/strong>Der\/die Teilnehmer\/-in erkl\u00e4rt, ggf. auch f\u00fcr die mitangemeldeten Personen, dass sie\/er psychisch und physisch in der Lage ist, an der Veranstaltung ohne Einschr\u00e4nkungen teilzunehmen. Der Teilnehmer achtet selbst darauf, seine k\u00f6rperlichen und seelischen Kr\u00e4fte nicht zu \u00fcbersch\u00e4tzen. Die Teilnahme erfolgt auf eigene Gefahr und Verantwortung. Die Teilnahme an den Seminaren ersetzt keine Behandlung bei einem Arzt oder sonstigen Heilbehandler oder die Einnahme von Medikamenten. Alle vorgestellten Selbstheilungs-Methoden stellen nur alternative M\u00f6glichkeiten zur Schulmedizin dar.<\/p>\n<p><strong>Ausschluss von der Veranstaltung:<\/strong><br \/>\nTeilnehmer k\u00f6nnen aus der Veranstaltung entlassen werden, wenn ein wichtiger Grund vorliegt. Ein wichtiger Grund ist z.B. die nachhaltige St\u00f6rung der Veranstaltung, oder wenn den Anweisungen des Dozenten keine Folge geleistet wird. Auch ungeb\u00fchrliches, beleidigendes, verletzendes Verhalten oder \u00c4u\u00dferungen anderen Seminarteilnehmern, dem Dozenten oder der Akademieleitung gegen\u00fcber kann zu einem Ausschluss f\u00fchren. In einem solchen Fall oder bei Verlassen der Veranstaltung aus eigenem Entschluss besteht kein Anspruch auf R\u00fcckerstattung der Kursgeb\u00fchr. Ebenso kann ein Seminarteilnehmer auch von der weiteren Teilnahme an den Seminaren ausgeschlossen werden, wenn eine pers\u00f6nliche Reife nach Meinung des Dozenten oder eine psychische Stabilit\u00e4t nicht vorliegt oder es f\u00fcr den Dozenten und\/oder f\u00fcr die Teilnehmer nicht mehr zumutbar ist, diese Person weiter im Seminar zu belassen. In diesem Falle werden auf freiwilliger Basis und ohne Rechtsanspruch die nicht verbrauchten Seminargeb\u00fchren nach Abzug einer Bearbeitungsgeb\u00fchr in H\u00f6he von 150 EUR zur\u00fcckerstattet. Die Basis f\u00fcr die R\u00fcckerstattung stellt immer die ausgeschriebene Original-Seminargeb\u00fchr ohne Rabatte dar. Provoziert ein Teilnehmer jedoch den Ausschluss aus der Veranstaltung, um auf diese Weise eine (Teil-) R\u00fcckerstattung der Seminargeb\u00fchren erwirken zu wollen, so wird diesem nicht stattgegebenen werden.<\/p>\n<p>Weitergehende Anspr\u00fcche jeglicher Art sind ausdr\u00fccklich ausgeschlossen.<\/p>\n<p><strong>Haftung<br \/>\n<\/strong>Wir bitten um Verst\u00e4ndnis, dass f\u00fcr Verletzungen, Unf\u00e4lle, Diebst\u00e4hle oder Besch\u00e4digungen am und im Veranstaltungsraum gleich welcher Art jede\/r Teilnehmer\/in selbst haftet.<br \/>\nDie Aufsichtspflicht f\u00fcr Minderj\u00e4hrige kann nicht \u00fcbernommen werden. Veranstalter, Kursleiter und Organisatoren \u00fcbernehmen keinerlei Haftung. Diese werden durch Anerkennung dieser AGB\u2019s durch den Teilnehmer und ggf. durch die mitangemeldeten Teilnehmer ausdr\u00fccklich von jeglicher Haftung freigestellt.<\/p>\n<p><strong>Geb\u00fchren, Zahlungsbedingungen:<br \/>\n<\/strong>Die Geb\u00fchren f\u00fcr die Seminare entnehmen Sie bitte den entsprechenden Seminar-Ausschreibungen. Im Preis nicht inbegriffen sind grunds\u00e4tzlich Verpflegungsaufwendungen sowie Reise-, \u00dcbernachtungs- und Aufenthaltskosten des\/der Teilnehmers\/-in. Es sei denn, in der Ausschreibung wird explizit etwas anderes angeboten.<\/p>\n<p><strong>Seminarort<br \/>\n<\/strong>Der Kursleiter beh\u00e4lt sich das Recht vor, auch kurzfristig den Seminarort und auch die Beginnzeiten zu \u00e4ndern, soweit die Umst\u00e4nde dies erforderlich machen.<br \/>\nDies gilt insbesondere auch f\u00fcr bereits laufende Ausbildungen und Ausbildungsreihen, wo von Modul zu Modul auch der Seminarort gewechselt werden kann.<br \/>\nEin R\u00fccktrittsrecht oder eine wie auch immer geartete Schadenersatzforderung kann daraus nicht abgeleitet werden.<\/p>\n<p><strong>Zahlungsmodalit\u00e4ten<br \/>\n<\/strong>M\u00f6glich ist die Zahlung der Kursgeb\u00fchr vor Kursbeginn per \u00dcberweisung, per Einzugserm\u00e4chtigung, per Paypal, per Barzahlung durch Wertbrief oder im Ausnahmefall (z.B. bei sehr kurzfristiger Anmeldung) direkt vor Kursbeginn in bar bei der Kursleiterin.<br \/>\nBei allen Kursanmeldungen gilt: 100 %\u00a0der Kursgeb\u00fchr sind binnen 7 Tage zu\u00a0zahlen. Damit sichern Sie sich verbindlich Ihren\u00a0Ausbildungsplatz.<\/p>\n<p><strong>Bei \u00dcberweisung:<br \/>\n<\/strong>Wir\u00a0bitten um fristgerechte \u00dcberweisung der gesamten Kursgeb\u00fchren.<br \/>\nDie Bankverbindung wird aus Sicherheitsgr\u00fcnden erst mit der Best\u00e4tigung mitgeteilt.<br \/>\nBitte bringen Sie zu der Veranstaltung Ihren Zahlungsbeleg mit.<\/p>\n<p><strong>Bei Barzusendung im Brief:<br \/>\n<\/strong>Das Bargeld m\u00f6glichst als Wertbrief zusenden. F\u00fcr durch die Post abhanden gekommene Sendungen k\u00f6nnen wir leider nicht haften.<\/p>\n<p><strong>Bezahlung per <a href=\"http:\/\/www.paypal.de\/\" target=\"_blank\" rel=\"noopener\">Paypal<\/a><\/strong> bitte auf das Konto: office@akua-events.com.<\/p>\n<p><strong>Fr\u00fchbucher\/ Erm\u00e4\u00dfigungen<br \/>\na) Fr\u00fchbucher<\/strong> (gilt nur, wenn Fr\u00fchbucher-Preise definitiv ausgewiesen werden. Fehlen Fr\u00fchbucherpreise im jeweiligen Angebot, so k\u00f6nnen diese auch nicht in Anspruch genommen werden: Wenn Fr\u00fchbucherpreise genannt werden, gilt Folgendes:<br \/>\nBei Anmeldung und Zahlung bis zum Fr\u00fchbucher-Datum (genaues Datum siehe unter Programminhalte\/Tabellen) gelten die jeweiligen, ausgewiesenen Fr\u00fchbucher- Preise.<br \/>\nBei sp\u00e4terem Zahlungseingang (nach Fr\u00fchbucher-Schluss-Datum) wird automatisch der sp\u00e4tere Tarif zu Grunde gelegt.<br \/>\nSp\u00e4ter: Bei allen Anmeldungen und Zahlungen nach dem Fr\u00fchbucher-Datum gelten die normalen Kursgeb\u00fchren.<br \/>\n<strong>b) Erm\u00e4\u00dfigungen<\/strong> (50 % auf alle Kursgeb\u00fchren) gelten nur f\u00fcr Kinder ab dem 13. Lebensjahr bis zum 17. Lebensjahr in Begleitung mindestens eines vollzahlenden erziehungsberechtigten Teilnehmers. Die Anzahl der teilnehmenden Kinder pro Kurs ist begrenzt. Deshalb vorher direkt mit der Kursleitung abkl\u00e4ren, ob Kinder noch mitgebracht werden k\u00f6nnen.<br \/>\nBitte am 1. Kurstag den Originalausweis des Kindes mitbringen und unaufgefordert vorlegen!<br \/>\nR\u00fcckwirkend werden keine Erm\u00e4\u00dfigungen gew\u00e4hrt.<\/p>\n<p><strong>Rabattsystem f\u00fcr Gruppen<br \/>\n<\/strong>Konditionen bitte erfragen.<br \/>\nIn der Regel 15 % bei einer Gruppenanmeldung von mindestens 6 Personen.<br \/>\nDieser Rabatt kann nur dann gew\u00e4hrt werden, wenn der Gesamtbetrag in einer Summe f\u00fcr alle Gruppenteilnehmer in einer Summe und von einer Person (Gruppensprecher) gezahlt wird!<br \/>\nBei der Heiler-Ausbildung gilt als vereinbart, dass der Gruppenarabatt nur gew\u00e4hrt werden kann, wenn eine Anmeldung f\u00fcr die komplette Ausbildung (4 Module) gegeben ist und die Seminargeb\u00fchr f\u00fcr alle 4 Module im Voraus vom Gruppenanmelder und f\u00fcr alle Gruppenmitglieder entrichtet wurde.<\/p>\n<p><strong>Storno \/ R\u00fccktritt \/ Kurs-Absage<br \/>\n<\/strong>Sollte sich der Teilnehmer \u00fcber das Internet online angemeldet haben, so steht ihm ein kostenloses R\u00fccktrittsrecht von 14 Tagen zu.<br \/>\nDanach gilt:<br \/>\nIm Falle eines R\u00fccktritts, gleich aus welchem Grund, wird eine Stornogeb\u00fchr pro Teilnehmer einbehalten:<br \/>\n\u2013 bis 28 Tage vor Workshop-Beginn: 25 % der Kursgeb\u00fchr (bei Workshops im Ausland (au\u00dferhalb \u00d6sterreichs) und bei Bezahlung durch dort ans\u00e4ssige Teilnehmer abweichend 35 % der Kursgeb\u00fchr)<br \/>\n\u2013 27 bis 11 Tage vor Workshop-Beginn: 50 % der Workshopgeb\u00fchren<br \/>\n\u2013 ab dem 10. Tag vor Workshop-Beginn oder bei Nichterscheinen und Krankheit: 100 % der Workshopgeb\u00fchren.<\/p>\n<p>Bei einem R\u00fccktritt w\u00e4hrend der Heilerausbildung (DE) \/ Energetikerausbildung (AT) (Ausbildungsreihe) gilt folgende abweichende Regelung:<br \/>\nHat der Kursteilnehmer sich f\u00fcr die Heilerausbildung verbindlich angemeldet, so kann eine wie auch immer geartete R\u00fcckerstattung eines Teils der Kursgeb\u00fchr nicht mehr erfolgen, l\u00e4\u00dft dieser die Geld-zur\u00fcck-Garantie (R\u00fccktritt innerhalb des ersten Seminartages) ungenutzt.<\/p>\n<p>Eine verbindliche Anmeldung f\u00fcr die gesamte Heilerausbildung (DE) \/ Energetikerausbildung (AT) liegt immer dann vor, wenn der Kursteilnehmer die gesamte Ausbildungsgeb\u00fchr sp\u00e4testens zum Kursbeginn bezahlt hat.<\/p>\n<p>Sobald der Kursteilnehmer sich f\u00fcr eine Gruppe angemeldet hat, wird seitens der Seminarleitung davon ausgegangen, dass automatisch auch die n\u00e4chsten Module in dieser Gruppe besucht werden. Es ist deshalb keine weitere Anmeldung f\u00fcr die Module notwendig. Sollte der Kursteilnehmer an dem n\u00e4chsten Modul nicht teilnehmen wollen oder k\u00f6nnen, so hat er dies rechtzeitig, mindesten 1 Woche im Voraus, der Kursleitung schriftlich mitzuteilen. Er kann dann dieses Modul in einer anderen Gruppe ohne weitere Kosten nachholen. Erscheint jedoch der Teilnehmer \u2013 ohne dies mindestens 1 Woche vor Seminarbeginn angek\u00fcndigt zu haben \u2013 nicht zum Seminar, so gilt dieses Seminar als absolviert (siehe analog hierzu in diesem Paragrafen \u201cNichterscheinen\u201d) und die Seminargeb\u00fchr ist hierf\u00fcr zu 100 % f\u00e4llig. Diese Regelung gilt nicht bei Verhinderung durch eigene Krankheit (mit Attest). \u00a0Ein Nachholen des vers\u00e4umten Seminars \/ Moduls kann dann nur erfolgen, soweit Pl\u00e4tze in einem anderen Seminar frei sind und 50 % der Seminargeb\u00fchr f\u00fcr dieses Modul zus\u00e4tzlich entrichtet wurden.<\/p>\n<p>Nach Absprache jedoch kann ein Ersatzteilnehmer f\u00fcr die noch nicht in Anspruch genommenen Module gestellt werden. Auch eine sp\u00e4tere Teilnahme an anderen oder parallel laufenden Kursen (auch in anderen Standorten) der Heilerausbildung kann erfolgen, soweit noch Pl\u00e4tze frei sind.<\/p>\n<p>Bei einem R\u00fccktritt eines Gruppenmitgliedes (Inanspruchnahme des Gruppentarifes) w\u00e4hrend der Heilerausbildung (DE) \/ Energetikerausbildung (AT) kann eine Teil-R\u00fcckerstattung der gezahlten Ausbildungsgeb\u00fchr nicht mehr erfolgen. Ein Wechsel in eine andere Gruppe kann nur gegen Differenzzahlung zur normalen Seminargeb\u00fchr erfolgen. Der Gruppenrabatt wird in diesem Falle f\u00fcr dieses Gruppenmitglied nachtr\u00e4glich f\u00fcr ung\u00fcltig erkl\u00e4rt. Es gilt dann die normale, ausgeschriebene Kursgeb\u00fchr.<\/p>\n<p><strong>Der R\u00fccktritt muss in jedem Fall schriftlich erfolgen.<br \/>\n<\/strong>Es gilt das Datum des Poststempels bzw. Fax-, Email-Eingangsdatum.<\/p>\n<p><strong>Unterschreitung der Mindest-Teilnehmerzahl von 6 Personen innerhalb einer Ausbildungs-Gruppe:<\/strong><br \/>\nSollte durch Abbruch oder Umbuchung auf andere Ausbildungsgruppen einzelner\u00a0Seminarteilnehmer die Teilnehmerzahl der Gruppe auf 5 Personen oder weniger schrumpfen, so kann die Gruppe ggf. durch den Kursleiter aufgel\u00f6st und auf andere Ausbildungsgruppen aufgeteilt werden. Dies berechtigt nicht zum Abbruch oder Storno der Heiler-Ausbildung (DE) \/ Energetikerausbildung (AT). Jeglicher Schadenersatzanspruch in diesem Zusammenhang wird ausgeschlossen.<br \/>\nEin ggf. gew\u00e4hrter, verg\u00fcnstigter Gruppentarif bleibt f\u00fcr die restlichen Gruppenmitglieder in diesem Falle selbstverst\u00e4ndlich erhalten.<\/p>\n<p>Bei kostenpflichtigen Stornierungen besteht jedoch bei schriftlichem Nachweis (z.B. durch \u00e4rztliches Attest oder Arbeitsunf\u00e4higkeitsbescheinigung im Original) die M\u00f6glichkeit, einen geeigneten Ersatzteilnehmer zu benennen.<\/p>\n<p>Weitergehende Anspr\u00fcche sind grunds\u00e4tzlich ausgeschlossen, insbesondere bei Nichterscheinen.<br \/>\nDies gilt auch f\u00fcr mitangemeldete dritte Personen, wie z.B. Partner oder Kinder, die aufgrund des Nichterscheinens des Hauptteilnehmers oder aus anderen Gr\u00fcnden ebenfalls nicht zum Kurs erscheinen.<br \/>\nDies gilt auch im umgekehrten Falle, sollte ein mitangemeldeter Teilnehmer erkranken und erscheint daraufhin auch der Hauptteilnehmer nicht.\u00a0 Die entsprechenden Stornogeb\u00fchren fallen hier ebenfalls an.<\/p>\n<p>Ohne jegliche Rechtsverpflichtung seitens des Veranstalters kann jedoch aus Kulanzgr\u00fcnden der erkrankte Teilnehmer (nachweislich durch \u00e4rztliches Attest oder Arbeitsunf\u00e4higkeitsbescheinigung im Original, welches sp\u00e4testens 5 Tage nach Kursbeginn unaufgefordert dem Veranstalter vorgelegt werden muss) auf eines der darauffolgenden Seminare gleichen Themas umgebucht werden.\u00a0 Der vom Veranstalter vorgeschlagene Ersatztermin muss dann angenommen werden. Auch kann nur dann \u2013 aus Kulanzgr\u00fcnden \u2013 ein Ersatztermin angeboten werden, soweit absehbar noch Restpl\u00e4tze frei bleiben werden. Sollte der vom Veranstalter vorgeschlagenen Ersatztermin \u00fcberbucht werden, hat der neu anmeldende Teilnehmer Vorrang. In diesem Falle wird ein weiterer Ersatztermin durch den Veranstalter vorgeschlagen. Falls der Veranstalter bereit ist, aus Kulanzgr\u00fcnden einen Ersatztermin anzubieten, so erhebt der Veranstalter grunds\u00e4tzlich aufgrund des entstehenden h\u00f6heren Verwaltungsaufwandes eine Umbuchungsgeb\u00fchr in H\u00f6he von 15 % des Seminarpreises, mindestens jedoch 25 EUR pro Person,\u00a0 die innerhalb von 7 Tagen nach Annahme des Kulanzangebotes durch den Teilnehmer zu entrichten ist. Erfolgt die Zahlung dieser Umbuchungsgeb\u00fchr jedoch nicht oder versp\u00e4tet, so erlischt r\u00fcckwirkend auch das Kulanzangebot des Veranstalters auf Teilnahme an einem Ersatztermin.<\/p>\n<p>Ein weiteres Storno oder Umbuchen seitens des Teilnehmers, auch innerhalb der vorgenannten Fristen, ist nicht m\u00f6glich. Die Kostenanspr\u00fcche verbleiben in diesem Falle bei der\/dem Erstanmeldenden.<br \/>\nWeitergehende Anspr\u00fcche bestehen nicht.<\/p>\n<p>Der Veranstalter beh\u00e4lt sich vor, ein Seminar \/ einen Workshop\u00a0wegen Unterbelegung vor Seminarbeginn abzusagen. Ebenfalls kann ein Seminar wegen Erkrankung des Kursleiters vorher abgesagt werden. Jeglicher Schadenersatzanspruch in diesem Zusammenhang wird ausgeschlossen.<br \/>\nAuf Wunsch wird in diesem Falle die Anmeldung auf den n\u00e4chstm\u00f6glichen Termin umgebucht oder die entrichtete Seminargeb\u00fchr in voller H\u00f6he zur\u00fcckerstattet.<br \/>\nDie m\u00f6gliche Erstattung der Seminargeb\u00fchr gilt jedoch nicht f\u00fcr m\u00f6gliche Stornierungen oder Terminverschiebungen von Seminar-Modulen innerhalb der Heilerausbildung. Hier kann der\u00a0 Teilnehmer nur in eine andere Gruppe eintreten oder den Alternativtermin akzeptieren.<br \/>\nDar\u00fcber hinaus gehende Anspr\u00fcche sind ausgeschlossen.<br \/>\nDer Lehrk\u00f6rper ist nicht Vertragsbestandteil. Ver\u00e4nderungen der Workshop-Abl\u00e4ufe, -Zeiten und -Orte sowie des Kursleiters sind vorbehalten.<\/p>\n<p><strong>Besondere Bedingungen zu Ratenzahlungen<br \/>\n<\/strong>Es sind nach schriftlicher Vereinbarung Ratenzahlungen m\u00f6glich, die auch \u00fcber das Kurs-Ende hinaus gehen k\u00f6nnen. F\u00fcr Ratenzahlungen erheben wir einen\u00a0Ratenzuschlag,\u00a0 Sollte eine Ratenzahlung vereinbart worden sein und\u00a0 leistet der Schuldner nicht die vereinbarte Zahlung p\u00fcnktlich, so befindet sich der Schuldner sofort in Verzug. Der Veranstalter beh\u00e4lt sich das Recht vor, die restliche, noch offene Summe ohne weitere Zahlungserinnerung einzufordern. Auf erste Anforderung hin ist der Kursteilnehmer verpflichtet, dann die restliche Summe binnen 7 Tage nach Aufforderung zu leisten. Nach fruchtlosem Ablauf dieser Nachzahlungsfrist ist der Veranstalter berechtigt, seine Forderung mit juristisch Hilfe einzufordern.<br \/>\nGleichzeitig wird der Kursteilnehmer von allen weiteren Kursveranstaltungen ausgeschlossen.<br \/>\nWeiterhin hat der Veranstalter das Recht, das entsprechende Diplom abzuerkennen und den Sch\u00fcler aus der Schule auszuschlie\u00dfen.<br \/>\nDieser Ausschlu\u00df kann \u00f6ffentlich bekannt gegeben werden. Mit dieser Regelung erkl\u00e4rt sich der Teilnehmer ausdr\u00fccklich einverstanden.<\/p>\n<p><strong>Unterkunftsm\u00f6glichkeiten:<br \/>\n<\/strong>Die Teilnehmer\/-innen werden gebeten,\u00a0 Reservierungen selbst vorzunehmen.<\/p>\n<p><strong>Inhouse-Seminare:<br \/>\n<\/strong>Selbstverst\u00e4ndlich bieten\u00a0wir mit unseren Dozenten\u00a0auch die Durchf\u00fchrung unseres\u00a0Kursprogramms sowie speziell auf Ihre Bed\u00fcrfnisse zugeschnittene Veranstaltungen in Ihren eigenen R\u00e4umen an. Hierf\u00fcr erstellen wir gerne ein individuelles Angebot.<\/p>\n<p><strong>Foto \/ Ton \/ Videoaufnahmen<br \/>\n<\/strong>Das Mitbringen und die Benutzung von Video- Foto- oder Filmkameras oder sonstigen Film-, Ton-und Foto-Aufzeichnungsger\u00e4ten in die Unterrichtsr\u00e4ume ist definitiv nicht gestattet. In der Regel (ohne Rechtsverpflichtung) sind jedoch Gruppenfotos \/ Erinnerungsfotos gestattet, soweit sich alle Teilnehmer damit einverstanden erkl\u00e4ren.<\/p>\n<p><strong>Werbung<br \/>\n<\/strong>Die aktive Bewerbung auch eigener Workshops und Seminare, das Anbieten oder der Verkauf von eigenen Produkten oder Dienstleistungen ist den Teilnehmern w\u00e4hrend der gesamten Veranstaltung nicht gestattet.<\/p>\n<p><strong>Sonderklausel f\u00fcr die Teilnahme an Ausbildungspr\u00fcfungen<br \/>\n<\/strong>Wir m\u00f6chten\u00a0klarstellen, dass eine angebotene Zwischen- oder Abschlusspr\u00fcfung immer nur auf freiwilliger Teilnahmebasis stattfinden kann. Diese Vereinbarung gilt f\u00fcr beide Seiten. Der Veranstalter\u00a0oder deren Beauftragte k\u00f6nnen ohne Angabe von Gr\u00fcnden einen Teilnehmer von der Pr\u00fcfung ausschlie\u00dfen oder eine Pr\u00fcfung nicht anerkennen oder ein Diplom wieder aberkennen, sollten sich sp\u00e4ter Gr\u00fcnde zeigen, die gegen eine Diplom sprechen sollten.<br \/>\nDies ist z.B. immer dann der Fall, wenn die hohen ethischen, moralischen und medialen Werte des Veranstalters\u00a0nicht eingehalten werden oder die Wahrscheinlichkeit besteht, dass diese in der Praxis nicht gelebt werden.<\/p>\n<p>Danke f\u00fcr Ihr Verst\u00e4ndnis!<\/p>\n","protected":false},"excerpt":{"rendered":"<p>Seminar- und Teilnahmebedingungen \/ AGB\u2019s g\u00fcltig ab\u00a001.03.2018 Mit der Ver\u00f6ffentlichung dieser AGBs verlieren alle \u00e4lteren AGBs ihre G\u00fcltigkeit. NAMASTE! Im Sinne der Ganzheitlichkeit\u00a0knochentrockene, allgemeine Gesch\u00e4ftsbedingungen zu kreieren, ist eigentlich ein Widerspruch in sich selbst. Jedoch zwingen die europ\u00e4ischen Gesetze die &hellip; <a href=\"https:\/\/heilerakademie.eu\/?page_id=33\">Weiterlesen <span class=\"meta-nav\">&rarr;<\/span><\/a><\/p>\n","protected":false},"author":1,"featured_media":0,"parent":0,"menu_order":0,"comment_status":"closed","ping_status":"closed","template":"","meta":{"footnotes":""},"class_list":["post-33","page","type-page","status-publish","hentry"],"yoast_head":"<!-- This site is optimized with the Yoast SEO plugin v27.4 - https:\/\/yoast.com\/product\/yoast-seo-wordpress\/ -->\n<title>AGBs - HEILERAKADEMIE EUROPA<\/title>\n<meta name=\"robots\" content=\"index, follow, max-snippet:-1, max-image-preview:large, max-video-preview:-1\" \/>\n<link rel=\"canonical\" href=\"https:\/\/heilerakademie.eu\/?page_id=33\" \/>\n<meta property=\"og:locale\" content=\"de_DE\" \/>\n<meta property=\"og:type\" content=\"article\" \/>\n<meta property=\"og:title\" content=\"AGBs - HEILERAKADEMIE EUROPA\" \/>\n<meta property=\"og:description\" content=\"Seminar- und Teilnahmebedingungen \/ AGB\u2019s g\u00fcltig ab\u00a001.03.2018 Mit der Ver\u00f6ffentlichung dieser AGBs verlieren alle \u00e4lteren AGBs ihre G\u00fcltigkeit. NAMASTE! Im Sinne der Ganzheitlichkeit\u00a0knochentrockene, allgemeine Gesch\u00e4ftsbedingungen zu kreieren, ist eigentlich ein Widerspruch in sich selbst. Jedoch zwingen die europ\u00e4ischen Gesetze die &hellip; Weiterlesen &rarr;\" \/>\n<meta property=\"og:url\" content=\"https:\/\/heilerakademie.eu\/?page_id=33\" \/>\n<meta property=\"og:site_name\" content=\"HEILERAKADEMIE EUROPA\" \/>\n<meta property=\"article:modified_time\" content=\"2018-03-20T09:02:08+00:00\" \/>\n<meta name=\"twitter:label1\" content=\"Gesch\u00e4tzte Lesezeit\" \/>\n\t<meta name=\"twitter:data1\" content=\"12\u00a0Minuten\" \/>\n<script type=\"application\/ld+json\" class=\"yoast-schema-graph\">{\"@context\":\"https:\\\/\\\/schema.org\",\"@graph\":[{\"@type\":\"WebPage\",\"@id\":\"https:\\\/\\\/heilerakademie.eu\\\/?page_id=33\",\"url\":\"https:\\\/\\\/heilerakademie.eu\\\/?page_id=33\",\"name\":\"AGBs - HEILERAKADEMIE EUROPA\",\"isPartOf\":{\"@id\":\"https:\\\/\\\/heilerakademie.eu\\\/#website\"},\"datePublished\":\"2015-01-08T15:55:59+00:00\",\"dateModified\":\"2018-03-20T09:02:08+00:00\",\"breadcrumb\":{\"@id\":\"https:\\\/\\\/heilerakademie.eu\\\/?page_id=33#breadcrumb\"},\"inLanguage\":\"de\",\"potentialAction\":[{\"@type\":\"ReadAction\",\"target\":[\"https:\\\/\\\/heilerakademie.eu\\\/?page_id=33\"]}]},{\"@type\":\"BreadcrumbList\",\"@id\":\"https:\\\/\\\/heilerakademie.eu\\\/?page_id=33#breadcrumb\",\"itemListElement\":[{\"@type\":\"ListItem\",\"position\":1,\"name\":\"Home\",\"item\":\"https:\\\/\\\/heilerakademie.eu\\\/\"},{\"@type\":\"ListItem\",\"position\":2,\"name\":\"AGBs\"}]},{\"@type\":\"WebSite\",\"@id\":\"https:\\\/\\\/heilerakademie.eu\\\/#website\",\"url\":\"https:\\\/\\\/heilerakademie.eu\\\/\",\"name\":\"HEILERAKADEMIE EUROPA\",\"description\":\"Akademie f\u00fcr Alternative Heilungsmethoden und Energiemedizin\",\"potentialAction\":[{\"@type\":\"SearchAction\",\"target\":{\"@type\":\"EntryPoint\",\"urlTemplate\":\"https:\\\/\\\/heilerakademie.eu\\\/?s={search_term_string}\"},\"query-input\":{\"@type\":\"PropertyValueSpecification\",\"valueRequired\":true,\"valueName\":\"search_term_string\"}}],\"inLanguage\":\"de\"}]}<\/script>\n<!-- \/ Yoast SEO plugin. -->","yoast_head_json":{"title":"AGBs - HEILERAKADEMIE EUROPA","robots":{"index":"index","follow":"follow","max-snippet":"max-snippet:-1","max-image-preview":"max-image-preview:large","max-video-preview":"max-video-preview:-1"},"canonical":"https:\/\/heilerakademie.eu\/?page_id=33","og_locale":"de_DE","og_type":"article","og_title":"AGBs - HEILERAKADEMIE EUROPA","og_description":"Seminar- und Teilnahmebedingungen \/ AGB\u2019s g\u00fcltig ab\u00a001.03.2018 Mit der Ver\u00f6ffentlichung dieser AGBs verlieren alle \u00e4lteren AGBs ihre G\u00fcltigkeit. NAMASTE! Im Sinne der Ganzheitlichkeit\u00a0knochentrockene, allgemeine Gesch\u00e4ftsbedingungen zu kreieren, ist eigentlich ein Widerspruch in sich selbst. Jedoch zwingen die europ\u00e4ischen Gesetze die &hellip; Weiterlesen &rarr;","og_url":"https:\/\/heilerakademie.eu\/?page_id=33","og_site_name":"HEILERAKADEMIE EUROPA","article_modified_time":"2018-03-20T09:02:08+00:00","twitter_misc":{"Gesch\u00e4tzte Lesezeit":"12\u00a0Minuten"},"schema":{"@context":"https:\/\/schema.org","@graph":[{"@type":"WebPage","@id":"https:\/\/heilerakademie.eu\/?page_id=33","url":"https:\/\/heilerakademie.eu\/?page_id=33","name":"AGBs - HEILERAKADEMIE EUROPA","isPartOf":{"@id":"https:\/\/heilerakademie.eu\/#website"},"datePublished":"2015-01-08T15:55:59+00:00","dateModified":"2018-03-20T09:02:08+00:00","breadcrumb":{"@id":"https:\/\/heilerakademie.eu\/?page_id=33#breadcrumb"},"inLanguage":"de","potentialAction":[{"@type":"ReadAction","target":["https:\/\/heilerakademie.eu\/?page_id=33"]}]},{"@type":"BreadcrumbList","@id":"https:\/\/heilerakademie.eu\/?page_id=33#breadcrumb","itemListElement":[{"@type":"ListItem","position":1,"name":"Home","item":"https:\/\/heilerakademie.eu\/"},{"@type":"ListItem","position":2,"name":"AGBs"}]},{"@type":"WebSite","@id":"https:\/\/heilerakademie.eu\/#website","url":"https:\/\/heilerakademie.eu\/","name":"HEILERAKADEMIE EUROPA","description":"Akademie f\u00fcr Alternative Heilungsmethoden und Energiemedizin","potentialAction":[{"@type":"SearchAction","target":{"@type":"EntryPoint","urlTemplate":"https:\/\/heilerakademie.eu\/?s={search_term_string}"},"query-input":{"@type":"PropertyValueSpecification","valueRequired":true,"valueName":"search_term_string"}}],"inLanguage":"de"}]}},"_links":{"self":[{"href":"https:\/\/heilerakademie.eu\/index.php?rest_route=\/wp\/v2\/pages\/33","targetHints":{"allow":["GET"]}}],"collection":[{"href":"https:\/\/heilerakademie.eu\/index.php?rest_route=\/wp\/v2\/pages"}],"about":[{"href":"https:\/\/heilerakademie.eu\/index.php?rest_route=\/wp\/v2\/types\/page"}],"author":[{"embeddable":true,"href":"https:\/\/heilerakademie.eu\/index.php?rest_route=\/wp\/v2\/users\/1"}],"replies":[{"embeddable":true,"href":"https:\/\/heilerakademie.eu\/index.php?rest_route=%2Fwp%2Fv2%2Fcomments&post=33"}],"version-history":[{"count":5,"href":"https:\/\/heilerakademie.eu\/index.php?rest_route=\/wp\/v2\/pages\/33\/revisions"}],"predecessor-version":[{"id":1035,"href":"https:\/\/heilerakademie.eu\/index.php?rest_route=\/wp\/v2\/pages\/33\/revisions\/1035"}],"wp:attachment":[{"href":"https:\/\/heilerakademie.eu\/index.php?rest_route=%2Fwp%2Fv2%2Fmedia&parent=33"}],"curies":[{"name":"wp","href":"https:\/\/api.w.org\/{rel}","templated":true}]}}