{"id":335,"date":"2016-01-15T15:28:27","date_gmt":"2016-01-15T15:28:27","guid":{"rendered":"http:\/\/heilerakademieeuropa.apps-1and1.net\/?page_id=335"},"modified":"2017-09-28T13:19:14","modified_gmt":"2017-09-28T13:19:14","slug":"spirituelle-lebensberatung","status":"publish","type":"page","link":"https:\/\/heilerakademie.eu\/?page_id=335","title":{"rendered":"Spirituelle Beratung"},"content":{"rendered":"<p><strong>Als spiritueller Berater<\/strong> begleiten wir Menschen in Krisen und Entwicklungsphasen, die aus ganzheitlicher Sicht der Weiterentwicklung der Pers\u00f6nlichkeit und der Entfaltung des Seelenpotenzials dienen.<\/p>\n<p>Jeder Mensch bringt seine ganz besonderen Aufgaben und Talente mit in dieses Leben. Diese zu erkennen und bewusst in den Alltag zu bringen ist uns\u00a0ein Anliegen.<\/p>\n<p><img loading=\"lazy\" decoding=\"async\" class=\"alignright size-medium wp-image-880\" src=\"https:\/\/heilerakademie.eu\/wp-content\/uploads\/2016\/01\/connection-647217_1920-2-1-300x212.jpg\" alt=\"\" width=\"300\" height=\"212\" srcset=\"https:\/\/heilerakademie.eu\/wp-content\/uploads\/2016\/01\/connection-647217_1920-2-1-300x212.jpg 300w, https:\/\/heilerakademie.eu\/wp-content\/uploads\/2016\/01\/connection-647217_1920-2-1-768x543.jpg 768w, https:\/\/heilerakademie.eu\/wp-content\/uploads\/2016\/01\/connection-647217_1920-2-1-1024x724.jpg 1024w, https:\/\/heilerakademie.eu\/wp-content\/uploads\/2016\/01\/connection-647217_1920-2-1.jpg 1920w\" sizes=\"auto, (max-width: 300px) 100vw, 300px\" \/>Besonders am Herzen liegt uns, <strong>alte und begrenzende Verhaltens- und Gedankenmuster<\/strong> (energetische Disbalance) zu erkennen und zu \u00fcberwinden.<\/p>\n<p>Die meisten Krankheiten haben ihren Ursprung in seelischen, nicht f\u00f6rderlichen Glaubensmustern. Wenn diese erkannt werden, kann Heilung geschehen und\u00a0ein Zugang zur eigenen Lebendigkeit und Spontanit\u00e4t darf entstehen.<\/p>\n<p>Wenn dies gelingt, entdecken wir eine neue Welt &#8211; und Lebensfreude kann sich wieder entfalten.<\/p>\n<p>Wir arbeiten bei der energetischen Beratung vornehmlich nach den <strong>uralten hawaiianischen Huna-Prinzipien<\/strong> und wenden zur Konflikt- und Probleml\u00f6sung unter anderem die sehr erfolgreiche <strong>Ho\u2018oponopono-Technik der Polynesier<\/strong>, die <strong>Sedona-Technik<\/strong>, die <strong>EFT-Klopfakupressur<\/strong>, die <strong>Quanten-Energetik-Technik\u00a0<\/strong>als auch die Erkenntnisse aus Byron Kathie&#8217;s &#8222;<strong>The Work<\/strong>&#8220; an.<\/p>\n<p><strong>Spirituelle Beratung insbesondere bei folgenden Themen:<\/strong><\/p>\n<ul>\n<li>Missbrauch<\/li>\n<li>Partnerschaftsprobleme<\/li>\n<li>Burnout \/ Mobbing \/ berufliche Ver\u00e4nderung hin zur Berufung<\/li>\n<li>Angstst\u00f6rungen \/ Panikattacken<\/li>\n<li>Kindererziehung<\/li>\n<li>Psychosomatische Erkrankungen<\/li>\n<\/ul>\n<p><strong>Wichtiger Hinweis zur Abgrenzung Energetiker .\/. Lebens- und Sozialberater:<\/strong><\/p>\n<p>Unsere ganzheitliche Arbeit dient der Aktivierung der Selbstheilungskr\u00e4fte und ersetzt nicht die Diagnose oder Behandlung beim Arzt oder Heilpraktiker oder die Arbeit eines Lebens- und Sozialberaters.<\/p>\n<div>\n<p>Aufgrund geltender, gesetzlicher Bestimmungen in \u00d6sterreich bitten wir um Beachtung folgender <strong>Abgrenzungen<\/strong> des verwendeten Begriffes &#8222;spiritueller oder energetischer Berater&#8220; zum in \u00d6sterreich reglementierten Gewerbe &#8222;Lebens- und Sozialberater&#8220; (in Deutschland ist der\u00a0Beruf des\u00a0Lebensberaters nicht reglementiert und gilt als freies Gewerbe):<\/p>\n<blockquote><p><strong>Bei den Lebens- und Sozialberatern<\/strong> als reglementiertes Gewerbe steht &#8211; neben anderen, hier jedoch nicht relevanten Beratungsthemen &#8211; die Pers\u00f6nlichkeitsberatung im Mittelpunkt.\u00a0<strong>Beim Energetiker und beim spirituellen Berater<\/strong> steht nicht die Pers\u00f6nlichkeitsberatung im Vordergrund, sondern die Hilfestellung zur Erreichung eines energetischen und seelischen Gleichgewichtes.<br \/>\nWir untersuchen als Energetiker nicht, ob jemand krank ist und welche Betreuung er ben\u00f6tigt zu seiner Pers\u00f6nlichkeitsentwicklung, sondern wir setzen Ma\u00dfnahmen, um eine festgestellte energetische Disbalance zu beseitigen und ein harmonisches Gleichgewicht wieder herzustellen. Dabei bedienen wir uns einzig und alleine energetischer, spiritueller Ma\u00dfnahmen.<br \/>\nUnsere &#8222;Untersuchung&#8220; bezieht sich daher ausschlie\u00dflich auf den Energiezustand des Menschen, was bedeutet, dass Blockaden, Energiestaus etc. aufgesp\u00fcrt und durch eine jeweils bestimmte Arbeitsmethode so aufgel\u00f6st werden, dass wiederum ein harmonischer Zustand erreicht wird.<\/p><\/blockquote>\n<\/div>\n<p><strong>Energieausgleich<\/strong><\/p>\n<ul>\n<li>\n<div id=\"attachment_336\" style=\"width: 229px\" class=\"wp-caption alignright\"><a href=\"https:\/\/heilerakademie.eu\/wp-content\/uploads\/2016\/01\/DSC8903.jpg\" rel=\"attachment wp-att-336\"><img loading=\"lazy\" decoding=\"async\" aria-describedby=\"caption-attachment-336\" class=\" wp-image-336\" src=\"https:\/\/heilerakademie.eu\/wp-content\/uploads\/2016\/01\/DSC8903-300x200.jpg\" alt=\"Entscheiden Sie, ob Sie eine Beratung bei Wolfgang T. M\u00fcller oder Silvia Martinek w\u00fcnschen.\" width=\"219\" height=\"149\" \/><\/a><p id=\"caption-attachment-336\" class=\"wp-caption-text\">Entscheiden Sie, ob Sie eine Beratung bei Wolfgang T. M\u00fcller oder Silvia Martinek w\u00fcnschen.<\/p><\/div>\n<p><strong>Pers\u00f6nliche Sitzung \/ Gespr\u00e4ch<\/strong>: 150,00 EUR pauschal je Sitzung (zwischen 60 und 75 Minuten), hier: telefonische Terminvereinbarung direkt unter: <strong><span id=\"skype_c2c_container\" class=\"skype_c2c_container notranslate\" dir=\"ltr\" tabindex=\"-1\" data-numbertocall=\"+436608844224\" data-numbertype=\"paid\" data-isfreecall=\"false\" data-isrtl=\"false\" data-ismobile=\"false\"><span class=\"skype_c2c_highlighting_inactive_common\" dir=\"ltr\"><span id=\"non_free_num_ui\" class=\"skype_c2c_textarea_span\"><span class=\"skype_c2c_text_span\">0043 676-4548290<\/span><\/span><\/span><\/span>, <\/strong>Bitte teilen Sie mit, ob Sie einen Termin bei Wolfgang T. M\u00fcller oder bei Silvia Martinek w\u00fcnschen.<strong>\u00a0<\/strong>Bezahlung des Honorars in bar vor Ort.<\/li>\n<li><strong>Telefonische Beratung<\/strong> nach Zeitaufwand, je Minute 2,50 EUR (mindestens 15 Minuten), auch \u00fcber Videotelefonie (Skype), hier: telefonische Terminvereinbarung direkt unter: <strong><span id=\"skype_c2c_container\" class=\"skype_c2c_container notranslate\" dir=\"ltr\" tabindex=\"-1\" data-numbertocall=\"+436608844224\" data-numbertype=\"paid\" data-isfreecall=\"false\" data-isrtl=\"false\" data-ismobile=\"false\"><span class=\"skype_c2c_highlighting_inactive_common\" dir=\"ltr\"><span id=\"non_free_num_ui\" class=\"skype_c2c_textarea_span\"><span class=\"skype_c2c_text_span\">0043 676-4548290<\/span><\/span><\/span><\/span>, <\/strong>Bitte teilen Sie mit, ob Sie einen Termin bei Wolfgang T. M\u00fcller oder bei Silvia Martinek w\u00fcnschen<strong>, <\/strong>Bezahlung des Honorars vorab per \u00dcberweisung auf Bankkonto oder per Paypal (Bankdaten werden per Email nach Terminbest\u00e4tigung mitgeteilt).<\/li>\n<li><strong>Schriftliche Beantwortung<\/strong>\u00a0per Email, maximal 2 Themenbereiche: 150,00 EUR,\u00a0Schreiben Sie uns ein <a href=\"mailto:office@heilerakademie.eu\" target=\"_blank\" rel=\"noopener\">Email direkt an office@heilerakademie.eu<\/a>. Bitte teilen Sie mit, ob Sie die Beratung von\u00a0Wolfgang T. M\u00fcller oder von\u00a0Silvia Martinek w\u00fcnschen<strong>, <\/strong>Bezahlung des Honorars vorab per \u00dcberweisung auf Bankkonto oder per Paypal (Bankdaten werden per Email nach Terminbest\u00e4tigung mitgeteilt).<\/li>\n<\/ul>\n<p>Alle Honorare verstehen sich inkl. gesetzl. MwSt.<\/p>\n<p><strong>Die moderne Internet-Kommunikationstechnik macht es m\u00f6glich:<\/strong><br \/>\nFernberatungen \/ Sitzungen k\u00f6nnen auch per Skype erfolgen. Falls Sie eine Kamera angeschlossen haben, k\u00f6nnten wir sogar ein Videogespr\u00e4ch f\u00fchren. \u00dcber Skype fallen keinerlei Telefongeb\u00fchren an, man telefoniert oder videofoniert kostenlos unbegrenzt und weltweit von Skype zu Skype.<br \/>\nDa Skype die Dauer des Gespr\u00e4ches auf beiden Seiten sekundengenau aufzeichnet und Sie auch die M\u00f6glichkeit haben, das Gespr\u00e4ch selbst \u00fcber den kostenlosen Rekorder &#8222;Pamela&#8220; aufzuzeichnen, w\u00e4re dies die ideale, moderne Fernberatung. So ist auch eine minutengenaue Abrechnung f\u00fcr das Beratungshonorar gew\u00e4hrleistet.<\/p>\n<p><strong>Unsere Skype-Namen lauten:<\/strong><\/p>\n<ul>\n<li>Wolfgang T. M\u00fcller: wolfgangtmueller<\/li>\n<li>Silvia Maertinek: silvia.martinek<\/li>\n<\/ul>\n<div>Auf Facebook finden Sie uns unter:<\/div>\n<div>\n<ul>\n<li>Wolfgang T. M\u00fcller:\u00a0<a href=\"https:\/\/www.facebook.com\/wolfgangtmueller\" target=\"_blank\" rel=\"noopener\">https:\/\/www.facebook.com\/wolfgangtmueller<\/a><\/li>\n<li>Silvia Martinek:\u00a0<a href=\"https:\/\/www.facebook.com\/silvia.martinek.5\" target=\"_blank\" rel=\"noopener\">https:\/\/www.facebook.com\/silvia.martinek.5<\/a><\/li>\n<\/ul>\n<\/div>\n","protected":false},"excerpt":{"rendered":"<p>Als spiritueller Berater begleiten wir Menschen in Krisen und Entwicklungsphasen, die aus ganzheitlicher Sicht der Weiterentwicklung der Pers\u00f6nlichkeit und der Entfaltung des Seelenpotenzials dienen. Jeder Mensch bringt seine ganz besonderen Aufgaben und Talente mit in dieses Leben. Diese zu erkennen &hellip; <a href=\"https:\/\/heilerakademie.eu\/?page_id=335\">Weiterlesen <span class=\"meta-nav\">&rarr;<\/span><\/a><\/p>\n","protected":false},"author":1,"featured_media":0,"parent":0,"menu_order":0,"comment_status":"closed","ping_status":"closed","template":"","meta":{"footnotes":""},"class_list":["post-335","page","type-page","status-publish","hentry"],"yoast_head":"<!-- This site is optimized with the Yoast SEO plugin v27.4 - https:\/\/yoast.com\/product\/yoast-seo-wordpress\/ -->\n<title>Spirituelle Beratung - HEILERAKADEMIE EUROPA<\/title>\n<meta name=\"robots\" content=\"index, follow, max-snippet:-1, max-image-preview:large, max-video-preview:-1\" \/>\n<link rel=\"canonical\" href=\"https:\/\/heilerakademie.eu\/?page_id=335\" \/>\n<meta property=\"og:locale\" content=\"de_DE\" \/>\n<meta property=\"og:type\" content=\"article\" \/>\n<meta property=\"og:title\" content=\"Spirituelle Beratung - HEILERAKADEMIE EUROPA\" \/>\n<meta property=\"og:description\" content=\"Als spiritueller Berater begleiten wir Menschen in Krisen und Entwicklungsphasen, die aus ganzheitlicher Sicht der Weiterentwicklung der Pers\u00f6nlichkeit und der Entfaltung des Seelenpotenzials dienen. Jeder Mensch bringt seine ganz besonderen Aufgaben und Talente mit in dieses Leben. Diese zu erkennen &hellip; Weiterlesen &rarr;\" \/>\n<meta property=\"og:url\" content=\"https:\/\/heilerakademie.eu\/?page_id=335\" \/>\n<meta property=\"og:site_name\" content=\"HEILERAKADEMIE EUROPA\" \/>\n<meta property=\"article:modified_time\" content=\"2017-09-28T13:19:14+00:00\" \/>\n<meta property=\"og:image\" content=\"https:\/\/heilerakademie.eu\/wp-content\/uploads\/2016\/01\/connection-647217_1920-2-1-300x212.jpg\" \/>\n<meta name=\"twitter:label1\" content=\"Gesch\u00e4tzte Lesezeit\" \/>\n\t<meta name=\"twitter:data1\" content=\"4\u00a0Minuten\" \/>\n<script type=\"application\/ld+json\" class=\"yoast-schema-graph\">{\"@context\":\"https:\\\/\\\/schema.org\",\"@graph\":[{\"@type\":\"WebPage\",\"@id\":\"https:\\\/\\\/heilerakademie.eu\\\/?page_id=335\",\"url\":\"https:\\\/\\\/heilerakademie.eu\\\/?page_id=335\",\"name\":\"Spirituelle Beratung - HEILERAKADEMIE EUROPA\",\"isPartOf\":{\"@id\":\"https:\\\/\\\/heilerakademie.eu\\\/#website\"},\"primaryImageOfPage\":{\"@id\":\"https:\\\/\\\/heilerakademie.eu\\\/?page_id=335#primaryimage\"},\"image\":{\"@id\":\"https:\\\/\\\/heilerakademie.eu\\\/?page_id=335#primaryimage\"},\"thumbnailUrl\":\"https:\\\/\\\/heilerakademie.eu\\\/wp-content\\\/uploads\\\/2016\\\/01\\\/connection-647217_1920-2-1-300x212.jpg\",\"datePublished\":\"2016-01-15T15:28:27+00:00\",\"dateModified\":\"2017-09-28T13:19:14+00:00\",\"breadcrumb\":{\"@id\":\"https:\\\/\\\/heilerakademie.eu\\\/?page_id=335#breadcrumb\"},\"inLanguage\":\"de\",\"potentialAction\":[{\"@type\":\"ReadAction\",\"target\":[\"https:\\\/\\\/heilerakademie.eu\\\/?page_id=335\"]}]},{\"@type\":\"ImageObject\",\"inLanguage\":\"de\",\"@id\":\"https:\\\/\\\/heilerakademie.eu\\\/?page_id=335#primaryimage\",\"url\":\"https:\\\/\\\/heilerakademie.eu\\\/wp-content\\\/uploads\\\/2016\\\/01\\\/connection-647217_1920-2-1.jpg\",\"contentUrl\":\"https:\\\/\\\/heilerakademie.eu\\\/wp-content\\\/uploads\\\/2016\\\/01\\\/connection-647217_1920-2-1.jpg\",\"width\":1920,\"height\":1357},{\"@type\":\"BreadcrumbList\",\"@id\":\"https:\\\/\\\/heilerakademie.eu\\\/?page_id=335#breadcrumb\",\"itemListElement\":[{\"@type\":\"ListItem\",\"position\":1,\"name\":\"Home\",\"item\":\"https:\\\/\\\/heilerakademie.eu\\\/\"},{\"@type\":\"ListItem\",\"position\":2,\"name\":\"Spirituelle Beratung\"}]},{\"@type\":\"WebSite\",\"@id\":\"https:\\\/\\\/heilerakademie.eu\\\/#website\",\"url\":\"https:\\\/\\\/heilerakademie.eu\\\/\",\"name\":\"HEILERAKADEMIE EUROPA\",\"description\":\"Akademie f\u00fcr Alternative Heilungsmethoden und Energiemedizin\",\"potentialAction\":[{\"@type\":\"SearchAction\",\"target\":{\"@type\":\"EntryPoint\",\"urlTemplate\":\"https:\\\/\\\/heilerakademie.eu\\\/?s={search_term_string}\"},\"query-input\":{\"@type\":\"PropertyValueSpecification\",\"valueRequired\":true,\"valueName\":\"search_term_string\"}}],\"inLanguage\":\"de\"}]}<\/script>\n<!-- \/ Yoast SEO plugin. -->","yoast_head_json":{"title":"Spirituelle Beratung - HEILERAKADEMIE EUROPA","robots":{"index":"index","follow":"follow","max-snippet":"max-snippet:-1","max-image-preview":"max-image-preview:large","max-video-preview":"max-video-preview:-1"},"canonical":"https:\/\/heilerakademie.eu\/?page_id=335","og_locale":"de_DE","og_type":"article","og_title":"Spirituelle Beratung - HEILERAKADEMIE EUROPA","og_description":"Als spiritueller Berater begleiten wir Menschen in Krisen und Entwicklungsphasen, die aus ganzheitlicher Sicht der Weiterentwicklung der Pers\u00f6nlichkeit und der Entfaltung des Seelenpotenzials dienen. Jeder Mensch bringt seine ganz besonderen Aufgaben und Talente mit in dieses Leben. Diese zu erkennen &hellip; Weiterlesen &rarr;","og_url":"https:\/\/heilerakademie.eu\/?page_id=335","og_site_name":"HEILERAKADEMIE EUROPA","article_modified_time":"2017-09-28T13:19:14+00:00","og_image":[{"url":"https:\/\/heilerakademie.eu\/wp-content\/uploads\/2016\/01\/connection-647217_1920-2-1-300x212.jpg","type":"","width":"","height":""}],"twitter_misc":{"Gesch\u00e4tzte Lesezeit":"4\u00a0Minuten"},"schema":{"@context":"https:\/\/schema.org","@graph":[{"@type":"WebPage","@id":"https:\/\/heilerakademie.eu\/?page_id=335","url":"https:\/\/heilerakademie.eu\/?page_id=335","name":"Spirituelle Beratung - HEILERAKADEMIE EUROPA","isPartOf":{"@id":"https:\/\/heilerakademie.eu\/#website"},"primaryImageOfPage":{"@id":"https:\/\/heilerakademie.eu\/?page_id=335#primaryimage"},"image":{"@id":"https:\/\/heilerakademie.eu\/?page_id=335#primaryimage"},"thumbnailUrl":"https:\/\/heilerakademie.eu\/wp-content\/uploads\/2016\/01\/connection-647217_1920-2-1-300x212.jpg","datePublished":"2016-01-15T15:28:27+00:00","dateModified":"2017-09-28T13:19:14+00:00","breadcrumb":{"@id":"https:\/\/heilerakademie.eu\/?page_id=335#breadcrumb"},"inLanguage":"de","potentialAction":[{"@type":"ReadAction","target":["https:\/\/heilerakademie.eu\/?page_id=335"]}]},{"@type":"ImageObject","inLanguage":"de","@id":"https:\/\/heilerakademie.eu\/?page_id=335#primaryimage","url":"https:\/\/heilerakademie.eu\/wp-content\/uploads\/2016\/01\/connection-647217_1920-2-1.jpg","contentUrl":"https:\/\/heilerakademie.eu\/wp-content\/uploads\/2016\/01\/connection-647217_1920-2-1.jpg","width":1920,"height":1357},{"@type":"BreadcrumbList","@id":"https:\/\/heilerakademie.eu\/?page_id=335#breadcrumb","itemListElement":[{"@type":"ListItem","position":1,"name":"Home","item":"https:\/\/heilerakademie.eu\/"},{"@type":"ListItem","position":2,"name":"Spirituelle Beratung"}]},{"@type":"WebSite","@id":"https:\/\/heilerakademie.eu\/#website","url":"https:\/\/heilerakademie.eu\/","name":"HEILERAKADEMIE EUROPA","description":"Akademie f\u00fcr Alternative Heilungsmethoden und Energiemedizin","potentialAction":[{"@type":"SearchAction","target":{"@type":"EntryPoint","urlTemplate":"https:\/\/heilerakademie.eu\/?s={search_term_string}"},"query-input":{"@type":"PropertyValueSpecification","valueRequired":true,"valueName":"search_term_string"}}],"inLanguage":"de"}]}},"_links":{"self":[{"href":"https:\/\/heilerakademie.eu\/index.php?rest_route=\/wp\/v2\/pages\/335","targetHints":{"allow":["GET"]}}],"collection":[{"href":"https:\/\/heilerakademie.eu\/index.php?rest_route=\/wp\/v2\/pages"}],"about":[{"href":"https:\/\/heilerakademie.eu\/index.php?rest_route=\/wp\/v2\/types\/page"}],"author":[{"embeddable":true,"href":"https:\/\/heilerakademie.eu\/index.php?rest_route=\/wp\/v2\/users\/1"}],"replies":[{"embeddable":true,"href":"https:\/\/heilerakademie.eu\/index.php?rest_route=%2Fwp%2Fv2%2Fcomments&post=335"}],"version-history":[{"count":5,"href":"https:\/\/heilerakademie.eu\/index.php?rest_route=\/wp\/v2\/pages\/335\/revisions"}],"predecessor-version":[{"id":881,"href":"https:\/\/heilerakademie.eu\/index.php?rest_route=\/wp\/v2\/pages\/335\/revisions\/881"}],"wp:attachment":[{"href":"https:\/\/heilerakademie.eu\/index.php?rest_route=%2Fwp%2Fv2%2Fmedia&parent=335"}],"curies":[{"name":"wp","href":"https:\/\/api.w.org\/{rel}","templated":true}]}}