{"id":345,"date":"2016-01-15T17:11:58","date_gmt":"2016-01-15T17:11:58","guid":{"rendered":"http:\/\/heilerakademieeuropa.apps-1and1.net\/?page_id=345"},"modified":"2017-09-28T11:21:34","modified_gmt":"2017-09-28T11:21:34","slug":"geistiges-heilen","status":"publish","type":"page","link":"https:\/\/heilerakademie.eu\/?page_id=345","title":{"rendered":"Energetische Behandlung"},"content":{"rendered":"<p><strong>Unsere Energiearbeit<\/strong><\/p>\n<p><img loading=\"lazy\" decoding=\"async\" class=\"size-medium wp-image-362 alignright\" src=\"https:\/\/heilerakademie.eu\/wp-content\/uploads\/2016\/01\/Fotolia_28825594_XL-klein-225x300.jpg\" alt=\"\" width=\"225\" height=\"300\" srcset=\"https:\/\/heilerakademie.eu\/wp-content\/uploads\/2016\/01\/Fotolia_28825594_XL-klein-225x300.jpg 225w, https:\/\/heilerakademie.eu\/wp-content\/uploads\/2016\/01\/Fotolia_28825594_XL-klein.jpg 270w\" sizes=\"auto, (max-width: 225px) 100vw, 225px\" \/><\/p>\n<p><strong>Vorabinformation<\/strong>: Da wir in \u00d6sterreich <strong>als Humanenergetiker praktizieren<\/strong>, d\u00fcrfen wir per Gesetz nicht das Wort &#8222;Heilen&#8220; in jeglicher Form verwenden.\u00a0<span style=\"color: #333333;\">A<span style=\"font-family: 'Trebuchet MS', sans-serif;\">uf Heilung von Menschen abzielende T\u00e4tigkeiten sind \u2013 unabh\u00e4ngig, ob sie auf medizinisch wissenschaftlicher Basis oder nicht erfolgen \u2013 Gegenstand der Heilkunde und daher gem\u00e4\u00df \u00a7 2 (1) Z 111 GewO 1994 idF vom Anwendungsbereich der Gewerbeordnung, denen wir unterliegen, ausgenommen.<\/span><\/span><\/p>\n<p>Deshalb verwenden wir auch auf den Praxisseiten unserer Homepage den Begriff &#8222;Heilung&#8220; nicht. Anstelle dessen sprechen wir von &#8222;energetischer Behandlung&#8220;, &#8222;energetische Hilfestellung&#8220;, &#8222;Genesung&#8220;, &#8222;Gesundwerdung&#8220; oder &#8222;Rekonvaleszenz&#8220;.<br \/>\nEs bleibt Ihnen \u00fcberlassen, dies anders zu interpretieren.<\/p>\n<p>Wir arbeiten nach einem informativen Vorgespr\u00e4ch zumeist <strong>mit der Kraft der energetischen\u00a0H\u00e4nde<\/strong> (Healing Touch).<br \/>\nMit der von Wolfgang T. M\u00fcller entwickelten <a href=\"https:\/\/heilerakademie.eu\/?page_id=262\"><strong>Q-Matrix-Healing-Methode\u00ae<\/strong> <\/a>werden alte Blockaden, hinderliche Glaubenss\u00e4tze,\u00a0Sabotageprogramme\u00a0und Muster transformiert. Durch energetische Behandlung\u00a0auf Quantenebene nach den modernsten Erkenntnissen der Quantenphysik, in der Zeit und Raum keine Rolle spielen, kann Gesundwerdung\u00a0im Augenblick geschehen. Sowohl auf der k\u00f6rperlichen als auch auf der mentalen Ebene.<\/p>\n<p><strong>Der Klient kommt bei der Behandlung in einen tiefen Zustand\u00a0wohltuender Entspannung.<\/strong><br \/>\nDabei wird die lichtvolle geistige Welt um Unterst\u00fctzung angerufen.\u00a0Durch energetische Hinweise, die in Form von Farben, Worten, Bilder und Gef\u00fchle\u00a0von den Lichtwesen durchgegeben werden, kann gezielt die universelle Energie als g\u00f6ttlichen Kanal an den Klienten weitergeleitet.<\/p>\n<p>Durch <strong>weitere universelle und erfolgreiche energetische Beratungsmethoden<\/strong> wie das hawaiianische Vergebungsritual &#8222;<em><strong>Ho&#8217;oponopono<\/strong><\/em>&#8220; oder &#8222;<em><strong>The Work<\/strong><\/em>&#8220; nach Byron Katie werden insbesondere verkrustete und hinderliche Sichtweisen erkannt und transformiert, so dass Befreiung von alten, einschr\u00e4nkenden Glaubensmustern sofort erfolgen kann.<\/p>\n<p>Ebenso wird in der heutigen Zeit die <strong>energetische Wirbels\u00e4ulenbegradigung<\/strong> (geistige K\u00f6rperaufrichtung) und <strong>energetische Beckenschiefstandsbegradigung<\/strong> immer wichtiger. Sehr viele Menschen leiden z.B. unter Skoliose, deren medizinische Ursache immer noch unbekannt ist und mit <strong>geistig-energetischer Aufrichtungsarbeit<\/strong>\u00a0gelindert oder gar ganz neutralisiert werden kann (diese Aussage ist kein Heilversprechen; nur die Seele des Menschen entscheidet, ob Heilung geschehen kann und darf).<\/p>\n<p><iframe loading=\"lazy\" src=\"https:\/\/www.youtube.com\/embed\/7PmkQCkrKj4\" width=\"560\" height=\"315\" frameborder=\"0\" allowfullscreen=\"allowfullscreen\"><\/iframe><\/p>\n<p><strong>Wichtig!<\/strong> Wir aktivieren mit unserer energetischen\u00a0Arbeit\u00a0immer nur die Selbstheilungskr\u00e4fte unserer Klienten.<br \/>\nHeilung jedoch kann immer nur geschehen,\u00a0wenn der Klient wirklich &#8211;\u00a0aus tiefstem Herzen &#8211;\u00a0gesund werden will, die Krankheit annimmt und diese in Liebe gehen lassen kann.<\/p>\n<p>Wir erstellen keine Diagnosen und f\u00fchren weder \u00e4rztliche noch heilpraktikerische Behandlungen durch.<\/p>\n<p>Gerne geben wir nach Terminabsprache unsere medialen Begabungen und die Kraft unserer heilenden H\u00e4nde zur Unterst\u00fctzung der Selbstheilungskr\u00e4fte weiter.<\/p>\n<p><strong>Energieausgleich f\u00fcr unsere Lebenszeit:<\/strong><\/p>\n<ul>\n<li>\n<div id=\"attachment_336\" class=\"wp-caption alignright\">\n<div id=\"attachment_336\" style=\"width: 229px\" class=\"wp-caption alignright\"><a href=\"https:\/\/heilerakademie.eu\/wp-content\/uploads\/2016\/01\/DSC8903.jpg\" rel=\"attachment wp-att-336\"><img loading=\"lazy\" decoding=\"async\" aria-describedby=\"caption-attachment-336\" class=\"wp-image-336\" src=\"https:\/\/heilerakademie.eu\/wp-content\/uploads\/2016\/01\/DSC8903-300x200.jpg\" alt=\"\" width=\"219\" height=\"149\" \/><\/a><p id=\"caption-attachment-336\" class=\"wp-caption-text\">Entscheiden Sie, ob Sie eine Behandlung bei Wolfgang T. M\u00fcller oder Silvia Martinek w\u00fcnschen.<\/p><\/div>\n<p class=\"wp-caption-text\">\n<\/div>\n<p><strong>Pers\u00f6nliche Sitzung \/ Gespr\u00e4ch<\/strong>: 150,00 EUR pauschal je Sitzung (zwischen 60 &#8211; 75 Minuten), hier: telefonische Terminvereinbarung direkt unter:<strong><span id=\"skype_c2c_container\" class=\"skype_c2c_container notranslate\" dir=\"ltr\" tabindex=\"-1\" data-numbertocall=\"+436608844224\" data-numbertype=\"paid\" data-isfreecall=\"false\" data-isrtl=\"false\" data-ismobile=\"false\"><span class=\"skype_c2c_highlighting_inactive_common\" dir=\"ltr\"><span id=\"non_free_num_ui\" class=\"skype_c2c_textarea_span\"><span class=\"skype_c2c_text_span\">0043 676-4548290<\/span><\/span><\/span><\/span>, <\/strong>Bitte teilen Sie mit, ob Sie einen Termin bei <strong>Wolfgang T. M\u00fcller<\/strong> oder bei <strong>Silvia Martinek<\/strong> w\u00fcnschen.<strong><br \/>\n<\/strong>Bezahlung des Honorars in bar vor Ort nach der Beehandlung.<\/li>\n<li><strong>Telefonische Beratung \/ Fernbehandung<\/strong> nach Zeitaufwand, je Minute 2,50 EUR, mindesten jedoch f\u00fcr 15 Minuten; auch \u00fcber <strong>Videotelefonie (Skype)<\/strong>, hier: telefonische Terminvereinbarung direkt unter: <strong><span id=\"skype_c2c_container\" class=\"skype_c2c_container notranslate\" dir=\"ltr\" tabindex=\"-1\" data-numbertocall=\"+436608844224\" data-numbertype=\"paid\" data-isfreecall=\"false\" data-isrtl=\"false\" data-ismobile=\"false\"><span class=\"skype_c2c_highlighting_inactive_common\" dir=\"ltr\"><span id=\"non_free_num_ui\" class=\"skype_c2c_textarea_span\"><span class=\"skype_c2c_text_span\">0043 676-4548290<\/span><\/span><\/span><\/span>, <\/strong>Bitte teilen Sie mit, ob Sie einen Termin bei Wolfgang T. M\u00fcller oder bei Silvia Martinek w\u00fcnschen<strong>, <\/strong>Bezahlung des Honorars vorab per \u00dcberweisung auf Bankkonto oder per Paypal (Bankdaten werden per Email nach Terminbest\u00e4tigung mitgeteilt).<\/li>\n<\/ul>\n<p>Alle Honorare verstehen sich inkl. gesetzl. MwSt.<\/p>\n<p><strong>Die moderne Internet-Kommunikationstechnik macht es m\u00f6glich:<\/strong><br \/>\nFernberatungen \/ Sitzungen k\u00f6nnen auch per Skype erfolgen. Falls Sie eine Kamera angeschlossen haben, k\u00f6nnten wir sogar ein Videogespr\u00e4ch f\u00fchren. \u00dcber Skype fallen keinerlei Telefongeb\u00fchren an, man telefoniert oder videofoniert kostenlos unbegrenzt und weltweit von Skype zu Skype.<br \/>\nDa Skype die Dauer des Gespr\u00e4ches auf beiden Seiten sekundengenau aufzeichnet und Sie auch die M\u00f6glichkeit haben, das Gespr\u00e4ch selbst \u00fcber den kostenlosen Rekorder \u201cPamela\u201d aufzuzeichnen, w\u00e4re dies die ideale, moderne Fernberatung. So ist auch eine minutengenaue Abrechnung f\u00fcr das Beratungshonorar gew\u00e4hrleistet.<\/p>\n<p><strong>Unsere Skype-Namen lauten:<\/strong><\/p>\n<ul>\n<li>Wolfgang T. M\u00fcller: wolfgangtmueller<\/li>\n<li>Silvia Maertinek: silvia.martinek<\/li>\n<\/ul>\n<div>Auf Facebook finden Sie uns unter:<\/div>\n<div>\n<ul>\n<li>Wolfgang T. M\u00fcller:\u00a0<a href=\"https:\/\/www.facebook.com\/wolfgangtmueller\" target=\"_blank\" rel=\"noopener\">https:\/\/www.facebook.com\/wolfgangtmueller<\/a><\/li>\n<li>Silvia Martinek:\u00a0<a href=\"https:\/\/www.facebook.com\/silvia.martinek.5\" target=\"_blank\" rel=\"noopener\">https:\/\/www.facebook.com\/silvia.martinek.5<\/a><\/li>\n<\/ul>\n<\/div>\n<hr \/>\n<p>Zwei besonders wertvolle\u00a0Statements \u00fcber geistig energetische Behandlung m\u00f6chten wir von zwei der profiliertesten und kompetentesten Stimmen zu Wort kommen lassen:<\/p>\n<blockquote><p><strong>Dr. Harald Wiesendanger (Psychologe und Publizist<\/strong>):<br \/>\n\u201e<em>Geistiges Heilen ist ein Oberbegriff f\u00fcr Verfahren, die beinahe nichts verbindet &#8211; bis auf eine einzige Gemeinsamkeit: Die blo\u00dfe Intention zu heilen reicht offenbar h\u00e4ufig aus, Leiden entgegen \u00e4rztlicher Prognosen zu lindern oder sogar zu beseitigen; dabei werden keinerlei therapeutische Mittel eingesetzt, die nach gegenw\u00e4rtigem Erkenntnisstand wirksam sein k\u00f6nnten. Was heilt, scheint purer Geist.\u201c<br \/>\n<\/em><\/p>\n<p><strong>Brenda Davis, ber\u00fchmte Heilerin und Psychotherapeutin aus England: <\/strong><br \/>\n<em>\u201eDie Energie, die durch uns hindurchflie\u00dft, die wir b\u00fcndeln, ist f\u00fcr mich g\u00f6ttlichen Ursprungs. F\u00fcr mich ist es \u201auniversal energy\u2018, denn sie durchdringt das ganze Universum. Wenn wir sie als Heiler weitergeben, aktivieren wir damit die Selbstheilungskr\u00e4fte der Patienten.\u201c <\/em><\/p><\/blockquote>\n<p><strong>Wichtiger Hinweis:<br \/>\n<\/strong>Geistige Energiearbeit dient der Aktivierung der Selbstheilungskr\u00e4fte und ersetzt nicht die Diagnose oder Behandlung beim Arzt oder Heilpraktiker.<\/p>\n<p><strong>Aufgrund geltender, gesetzlicher Bestimmungen in \u00d6sterreich bitte ich um Beachtung folgender <\/strong><strong>Abgrenzungen <\/strong>des Berufsbildes &#8222;Energetiker&#8220; gegen\u00fcber dem \u00c4rztegesetz und anderen reglementierten Gewerbe in \u00d6sterreich:<br \/>\nBeim Magistrat St. P\u00f6lten wurde folgendes freies Gewerbe angemeldet und registriert:<\/p>\n<blockquote><p>&#8222;Hilfestellung zur Erreichung einer k\u00f6rperlichen bzw. energetischen Ausgewogenheit &#8211; mittels der Methode von Dr. Bach, mittels Biofeedback oder Bioresonanz, mittels Auswahl von Farben, D\u00fcften, von Lichtquellen, Auswahl von Aromastoffen, von Edelsteinen, von Musik, &#8211; unter Anwendung kinesiologischer Methoden, Interpretation der Aura, mittels Magnetfeldanwendung, durch sanfte Ber\u00fchrung des K\u00f6rpers bzw. gezieltes Auflegen der H\u00e4nde an bestimmten K\u00f6rperstellen, mittels Cranio Sacral Balancing&#8220;<em><br \/>\n<\/em><\/p><\/blockquote>\n<div id=\"attachment_346\" style=\"width: 219px\" class=\"wp-caption alignright\"><a href=\"http:\/\/amzn.to\/2k4v8Sd\" target=\"_blank\" rel=\"attachment wp-att-346 noopener\"><img loading=\"lazy\" decoding=\"async\" aria-describedby=\"caption-attachment-346\" class=\"size-medium wp-image-346\" src=\"https:\/\/heilerakademie.eu\/wp-content\/uploads\/2016\/01\/81RXkGEFmGL._SL1500_-209x300.jpg\" alt=\"Die besten und erfolgreichsten Selbstheilungsmethoden von und mit Wolfgang T. M\u00fcller. Zu beziehen u.a. bei Amazon.\" width=\"209\" height=\"300\" srcset=\"https:\/\/heilerakademie.eu\/wp-content\/uploads\/2016\/01\/81RXkGEFmGL._SL1500_-209x300.jpg 209w, https:\/\/heilerakademie.eu\/wp-content\/uploads\/2016\/01\/81RXkGEFmGL._SL1500_-768x1101.jpg 768w, https:\/\/heilerakademie.eu\/wp-content\/uploads\/2016\/01\/81RXkGEFmGL._SL1500_-714x1024.jpg 714w, https:\/\/heilerakademie.eu\/wp-content\/uploads\/2016\/01\/81RXkGEFmGL._SL1500_.jpg 1046w\" sizes=\"auto, (max-width: 209px) 100vw, 209px\" \/><\/a><p id=\"caption-attachment-346\" class=\"wp-caption-text\"><a href=\"http:\/\/amzn.to\/2k4v8Sd\" target=\"_blank\" rel=\"noopener\">Die besten und erfolgreichsten Selbstheilungsmethoden von und mit Wolfgang T. M\u00fcller. Zu beziehen u.a. bei Amazon.<\/a><\/p><\/div>\n<p>Die von uns evtl. hier oder in anderen Ver\u00f6ffentlichungen alternativ verwendeten Begriffe: Geistheilung, Geistheiler, Heiler, geistig energetische Heilung etc. dienen lediglich dem besseren Verst\u00e4ndnis unserer Arbeitsmethoden und werden oft auch von unseren Berufskollegen und Kolleginnen in \u00d6sterreich verwendet. Die oben verwendeten Begriffe sind insbesondere in Deutschland erlaubt.<\/p>\n<p><strong>Aktueller Tipp: <\/strong><\/p>\n<p><a href=\"http:\/\/amzn.to\/2k4v8Sd\" target=\"_blank\" rel=\"noopener\"><strong>HEILE DICH SELBST &#8211; Die besten Selbstheilungsmethoden<\/strong><\/a><\/p>\n<p><object data=\"http:\/\/www.youtube.com\/v\/UFslryLdS0o?version=3&amp;hl=de_DE&amp;rel=0\" type=\"application\/x-shockwave-flash\" width=\"560\" height=\"315\"><\/object><\/p>\n<p>&nbsp;<\/p>\n","protected":false},"excerpt":{"rendered":"<p>Unsere Energiearbeit Vorabinformation: Da wir in \u00d6sterreich als Humanenergetiker praktizieren, d\u00fcrfen wir per Gesetz nicht das Wort &#8222;Heilen&#8220; in jeglicher Form verwenden.\u00a0Auf Heilung von Menschen abzielende T\u00e4tigkeiten sind \u2013 unabh\u00e4ngig, ob sie auf medizinisch wissenschaftlicher Basis oder nicht erfolgen \u2013 &hellip; <a href=\"https:\/\/heilerakademie.eu\/?page_id=345\">Weiterlesen <span class=\"meta-nav\">&rarr;<\/span><\/a><\/p>\n","protected":false},"author":1,"featured_media":0,"parent":0,"menu_order":0,"comment_status":"closed","ping_status":"closed","template":"","meta":{"footnotes":""},"class_list":["post-345","page","type-page","status-publish","hentry"],"yoast_head":"<!-- This site is optimized with the Yoast SEO plugin v27.4 - https:\/\/yoast.com\/product\/yoast-seo-wordpress\/ -->\n<title>Energetische Behandlung - HEILERAKADEMIE EUROPA<\/title>\n<meta name=\"robots\" content=\"index, follow, max-snippet:-1, max-image-preview:large, max-video-preview:-1\" \/>\n<link rel=\"canonical\" href=\"https:\/\/heilerakademie.eu\/?page_id=345\" \/>\n<meta property=\"og:locale\" content=\"de_DE\" \/>\n<meta property=\"og:type\" content=\"article\" \/>\n<meta property=\"og:title\" content=\"Energetische Behandlung - HEILERAKADEMIE EUROPA\" \/>\n<meta property=\"og:description\" content=\"Unsere Energiearbeit Vorabinformation: Da wir in \u00d6sterreich als Humanenergetiker praktizieren, d\u00fcrfen wir per Gesetz nicht das Wort &#8222;Heilen&#8220; in jeglicher Form verwenden.\u00a0Auf Heilung von Menschen abzielende T\u00e4tigkeiten sind \u2013 unabh\u00e4ngig, ob sie auf medizinisch wissenschaftlicher Basis oder nicht erfolgen \u2013 &hellip; Weiterlesen &rarr;\" \/>\n<meta property=\"og:url\" content=\"https:\/\/heilerakademie.eu\/?page_id=345\" \/>\n<meta property=\"og:site_name\" content=\"HEILERAKADEMIE EUROPA\" \/>\n<meta property=\"article:modified_time\" content=\"2017-09-28T11:21:34+00:00\" \/>\n<meta property=\"og:image\" content=\"https:\/\/heilerakademie.eu\/wp-content\/uploads\/2016\/01\/Fotolia_28825594_XL-klein-225x300.jpg\" \/>\n<meta name=\"twitter:label1\" content=\"Gesch\u00e4tzte Lesezeit\" \/>\n\t<meta name=\"twitter:data1\" content=\"5\u00a0Minuten\" \/>\n<script type=\"application\/ld+json\" class=\"yoast-schema-graph\">{\"@context\":\"https:\\\/\\\/schema.org\",\"@graph\":[{\"@type\":\"WebPage\",\"@id\":\"https:\\\/\\\/heilerakademie.eu\\\/?page_id=345\",\"url\":\"https:\\\/\\\/heilerakademie.eu\\\/?page_id=345\",\"name\":\"Energetische Behandlung - HEILERAKADEMIE EUROPA\",\"isPartOf\":{\"@id\":\"https:\\\/\\\/heilerakademie.eu\\\/#website\"},\"primaryImageOfPage\":{\"@id\":\"https:\\\/\\\/heilerakademie.eu\\\/?page_id=345#primaryimage\"},\"image\":{\"@id\":\"https:\\\/\\\/heilerakademie.eu\\\/?page_id=345#primaryimage\"},\"thumbnailUrl\":\"https:\\\/\\\/heilerakademie.eu\\\/wp-content\\\/uploads\\\/2016\\\/01\\\/Fotolia_28825594_XL-klein-225x300.jpg\",\"datePublished\":\"2016-01-15T17:11:58+00:00\",\"dateModified\":\"2017-09-28T11:21:34+00:00\",\"breadcrumb\":{\"@id\":\"https:\\\/\\\/heilerakademie.eu\\\/?page_id=345#breadcrumb\"},\"inLanguage\":\"de\",\"potentialAction\":[{\"@type\":\"ReadAction\",\"target\":[\"https:\\\/\\\/heilerakademie.eu\\\/?page_id=345\"]}]},{\"@type\":\"ImageObject\",\"inLanguage\":\"de\",\"@id\":\"https:\\\/\\\/heilerakademie.eu\\\/?page_id=345#primaryimage\",\"url\":\"https:\\\/\\\/heilerakademie.eu\\\/wp-content\\\/uploads\\\/2016\\\/01\\\/Fotolia_28825594_XL-klein.jpg\",\"contentUrl\":\"https:\\\/\\\/heilerakademie.eu\\\/wp-content\\\/uploads\\\/2016\\\/01\\\/Fotolia_28825594_XL-klein.jpg\",\"width\":270,\"height\":360,\"caption\":\"goldener \u00c4sculapstab\"},{\"@type\":\"BreadcrumbList\",\"@id\":\"https:\\\/\\\/heilerakademie.eu\\\/?page_id=345#breadcrumb\",\"itemListElement\":[{\"@type\":\"ListItem\",\"position\":1,\"name\":\"Home\",\"item\":\"https:\\\/\\\/heilerakademie.eu\\\/\"},{\"@type\":\"ListItem\",\"position\":2,\"name\":\"Energetische Behandlung\"}]},{\"@type\":\"WebSite\",\"@id\":\"https:\\\/\\\/heilerakademie.eu\\\/#website\",\"url\":\"https:\\\/\\\/heilerakademie.eu\\\/\",\"name\":\"HEILERAKADEMIE EUROPA\",\"description\":\"Akademie f\u00fcr Alternative Heilungsmethoden und Energiemedizin\",\"potentialAction\":[{\"@type\":\"SearchAction\",\"target\":{\"@type\":\"EntryPoint\",\"urlTemplate\":\"https:\\\/\\\/heilerakademie.eu\\\/?s={search_term_string}\"},\"query-input\":{\"@type\":\"PropertyValueSpecification\",\"valueRequired\":true,\"valueName\":\"search_term_string\"}}],\"inLanguage\":\"de\"}]}<\/script>\n<!-- \/ Yoast SEO plugin. -->","yoast_head_json":{"title":"Energetische Behandlung - HEILERAKADEMIE EUROPA","robots":{"index":"index","follow":"follow","max-snippet":"max-snippet:-1","max-image-preview":"max-image-preview:large","max-video-preview":"max-video-preview:-1"},"canonical":"https:\/\/heilerakademie.eu\/?page_id=345","og_locale":"de_DE","og_type":"article","og_title":"Energetische Behandlung - HEILERAKADEMIE EUROPA","og_description":"Unsere Energiearbeit Vorabinformation: Da wir in \u00d6sterreich als Humanenergetiker praktizieren, d\u00fcrfen wir per Gesetz nicht das Wort &#8222;Heilen&#8220; in jeglicher Form verwenden.\u00a0Auf Heilung von Menschen abzielende T\u00e4tigkeiten sind \u2013 unabh\u00e4ngig, ob sie auf medizinisch wissenschaftlicher Basis oder nicht erfolgen \u2013 &hellip; Weiterlesen &rarr;","og_url":"https:\/\/heilerakademie.eu\/?page_id=345","og_site_name":"HEILERAKADEMIE EUROPA","article_modified_time":"2017-09-28T11:21:34+00:00","og_image":[{"url":"https:\/\/heilerakademie.eu\/wp-content\/uploads\/2016\/01\/Fotolia_28825594_XL-klein-225x300.jpg","type":"","width":"","height":""}],"twitter_misc":{"Gesch\u00e4tzte Lesezeit":"5\u00a0Minuten"},"schema":{"@context":"https:\/\/schema.org","@graph":[{"@type":"WebPage","@id":"https:\/\/heilerakademie.eu\/?page_id=345","url":"https:\/\/heilerakademie.eu\/?page_id=345","name":"Energetische Behandlung - HEILERAKADEMIE EUROPA","isPartOf":{"@id":"https:\/\/heilerakademie.eu\/#website"},"primaryImageOfPage":{"@id":"https:\/\/heilerakademie.eu\/?page_id=345#primaryimage"},"image":{"@id":"https:\/\/heilerakademie.eu\/?page_id=345#primaryimage"},"thumbnailUrl":"https:\/\/heilerakademie.eu\/wp-content\/uploads\/2016\/01\/Fotolia_28825594_XL-klein-225x300.jpg","datePublished":"2016-01-15T17:11:58+00:00","dateModified":"2017-09-28T11:21:34+00:00","breadcrumb":{"@id":"https:\/\/heilerakademie.eu\/?page_id=345#breadcrumb"},"inLanguage":"de","potentialAction":[{"@type":"ReadAction","target":["https:\/\/heilerakademie.eu\/?page_id=345"]}]},{"@type":"ImageObject","inLanguage":"de","@id":"https:\/\/heilerakademie.eu\/?page_id=345#primaryimage","url":"https:\/\/heilerakademie.eu\/wp-content\/uploads\/2016\/01\/Fotolia_28825594_XL-klein.jpg","contentUrl":"https:\/\/heilerakademie.eu\/wp-content\/uploads\/2016\/01\/Fotolia_28825594_XL-klein.jpg","width":270,"height":360,"caption":"goldener \u00c4sculapstab"},{"@type":"BreadcrumbList","@id":"https:\/\/heilerakademie.eu\/?page_id=345#breadcrumb","itemListElement":[{"@type":"ListItem","position":1,"name":"Home","item":"https:\/\/heilerakademie.eu\/"},{"@type":"ListItem","position":2,"name":"Energetische Behandlung"}]},{"@type":"WebSite","@id":"https:\/\/heilerakademie.eu\/#website","url":"https:\/\/heilerakademie.eu\/","name":"HEILERAKADEMIE EUROPA","description":"Akademie f\u00fcr Alternative Heilungsmethoden und Energiemedizin","potentialAction":[{"@type":"SearchAction","target":{"@type":"EntryPoint","urlTemplate":"https:\/\/heilerakademie.eu\/?s={search_term_string}"},"query-input":{"@type":"PropertyValueSpecification","valueRequired":true,"valueName":"search_term_string"}}],"inLanguage":"de"}]}},"_links":{"self":[{"href":"https:\/\/heilerakademie.eu\/index.php?rest_route=\/wp\/v2\/pages\/345","targetHints":{"allow":["GET"]}}],"collection":[{"href":"https:\/\/heilerakademie.eu\/index.php?rest_route=\/wp\/v2\/pages"}],"about":[{"href":"https:\/\/heilerakademie.eu\/index.php?rest_route=\/wp\/v2\/types\/page"}],"author":[{"embeddable":true,"href":"https:\/\/heilerakademie.eu\/index.php?rest_route=\/wp\/v2\/users\/1"}],"replies":[{"embeddable":true,"href":"https:\/\/heilerakademie.eu\/index.php?rest_route=%2Fwp%2Fv2%2Fcomments&post=345"}],"version-history":[{"count":5,"href":"https:\/\/heilerakademie.eu\/index.php?rest_route=\/wp\/v2\/pages\/345\/revisions"}],"predecessor-version":[{"id":877,"href":"https:\/\/heilerakademie.eu\/index.php?rest_route=\/wp\/v2\/pages\/345\/revisions\/877"}],"wp:attachment":[{"href":"https:\/\/heilerakademie.eu\/index.php?rest_route=%2Fwp%2Fv2%2Fmedia&parent=345"}],"curies":[{"name":"wp","href":"https:\/\/api.w.org\/{rel}","templated":true}]}}