{"id":350,"date":"2016-01-15T18:28:07","date_gmt":"2016-01-15T18:28:07","guid":{"rendered":"http:\/\/heilerakademieeuropa.apps-1and1.net\/?page_id=350"},"modified":"2017-09-28T13:21:25","modified_gmt":"2017-09-28T13:21:25","slug":"paarberatung","status":"publish","type":"page","link":"https:\/\/heilerakademie.eu\/?page_id=350","title":{"rendered":"Energetische Paarberatung"},"content":{"rendered":"<p><strong>Die Pa(a)rtnerschafts-Thematik<\/strong><br \/>\nLangj\u00e4hrigen Partnerschaften fehlt es oft an Energie im Liebesleben, an der Kommunikation, am Interesse dem anderen gegen\u00fcber, nur als Beispiele zu nennen.<\/p>\n<p><a href=\"https:\/\/heilerakademie.eu\/wp-content\/uploads\/2016\/01\/pair-707502_1280.jpg\" rel=\"attachment wp-att-352\"><img loading=\"lazy\" decoding=\"async\" class=\"size-medium wp-image-352 alignright\" src=\"https:\/\/heilerakademie.eu\/wp-content\/uploads\/2016\/01\/pair-707502_1280-300x212.jpg\" alt=\"pair-707502_1280\" width=\"300\" height=\"212\" srcset=\"https:\/\/heilerakademie.eu\/wp-content\/uploads\/2016\/01\/pair-707502_1280-300x212.jpg 300w, https:\/\/heilerakademie.eu\/wp-content\/uploads\/2016\/01\/pair-707502_1280-768x543.jpg 768w, https:\/\/heilerakademie.eu\/wp-content\/uploads\/2016\/01\/pair-707502_1280-1024x724.jpg 1024w, https:\/\/heilerakademie.eu\/wp-content\/uploads\/2016\/01\/pair-707502_1280.jpg 1280w\" sizes=\"auto, (max-width: 300px) 100vw, 300px\" \/><\/a>Manchmal &#8222;frisst&#8220; einem einfach der Alltag auf. Alles andere scheint wichtiger, nur nicht der eigene Partner. Man redet nicht mehr miteinander, oder man schreit sich an, wirft sich gegenseitig Dinge vor, die nur verletzend und zerst\u00f6rend sein k\u00f6nnen. Obwohl man es wei\u00df, tut man es trotzdem. Jeder will recht haben und auch behalten.<\/p>\n<p>L\u00e4uft da vielleicht ein sehr tief sitzendes, selbstzerst\u00f6rerisches Sabotage-Programm ab?<\/p>\n<p>Auch wenn die Partnerschaft im Moment kriseln sollte. Missverst\u00e4ndnisse sollten kein Grund zur Aufl\u00f6sung einer\u00a0Partnerschaft sein. Wenn der Funke, die Liebe, f\u00fcr den anderen noch da ist, k\u00f6nnen gewisse Blockaden gel\u00f6st werden, damit wieder neuer Schwung in die Beziehung kommen kann.<\/p>\n<p>Oft sind es ja nur die \u201ebanalen\u201c Dinge im Alltag, unterschwellige Angstzust\u00e4nde, die in der Partnerschaft nicht angeschaut werden k\u00f6nnen. Ziel ist es, sich mit anderen Augen wieder zu begegnen.<\/p>\n<p>Erinnern Sie sich noch an das Gef\u00fchl, als Sie zum ersten Mal verliebt waren? (und Ihr Partner auch!). Daran, dass es unm\u00f6glich war, einander anzusehen ohne lachen zu m\u00fcssen? Nur beieinander zu sein, war ausreichend f\u00fcr einen perfekten Abend.<\/p>\n<p>Sie waren einst miteinander gl\u00fccklich. Wenn das irgendwann so war, kann es auch wieder so sein!<\/p>\n<p>Aber m\u00f6glicherweise braucht man manchmal einfach eine &#8222;neutrale&#8220; dritte Person, ein Coach, der nicht in den Themen drin steckt, sondern es von au\u00dfen neutral, emotionslos und wissend betrachten kann, der wei\u00df, wie man die &#8222;Kuh vom Eis&#8220; bekommt.<\/p>\n<p><strong>Ertappen Sie sich auch des \u00f6fteren dabei,<\/strong><\/p>\n<ul>\n<li>ohne Grund eine &#8222;banale&#8220; Diskussion mit Ihrem Partner anfangen und nicht locker zu lassen, bis Sie es als ausdiskutiert betrachten?<\/li>\n<li>Ihrem Partner\u00a0versprechen, dass Sie sich \u00e4ndern werden, obwohl Sie eigentlich keinen Grund darin sehen?<\/li>\n<li>Mit &#8222;entweder \/ oder&#8220;-Szenarien Ihren Partner zu etwas zwingen zu wollen?<\/li>\n<li>Zu oft sagen, dass Sie ihn\/sie lieben<\/li>\n<li><a href=\"https:\/\/heilerakademie.eu\/wp-content\/uploads\/2016\/01\/communication-1082657_1280.jpg\" rel=\"attachment wp-att-353\"><img loading=\"lazy\" decoding=\"async\" class=\" wp-image-353 alignright\" src=\"https:\/\/heilerakademie.eu\/wp-content\/uploads\/2016\/01\/communication-1082657_1280-300x204.jpg\" alt=\"communication-1082657_1280\" width=\"236\" height=\"164\" \/><\/a>Zu oft Ihren Partner fragen, ob er\/sie Sie noch liebt?<\/li>\n<li>St\u00e4ndig versuchen an der Beziehung zu \u201carbeiten\u201d<\/li>\n<li>St\u00e4ndig im Recht sein m\u00fcssen?<\/li>\n<li>St\u00e4ndig Freunde und Familie um Rat in partnerschaftlichen Dingen fragen, wom\u00f6glich noch im Beisein des &#8222;vorgef\u00fchrten&#8220; Partners?<\/li>\n<\/ul>\n<p><strong>Falls Sie an Ihrer Beziehung (alleine oder zu Zweit) &#8222;arbeiten&#8220; m\u00f6chten,<\/strong> diese wieder gemeinsam in Harmonie, gegenseitigem Respekt und Achtung voreinander und in tiefer Liebe zueinander leben wollen, dann lassen Sie uns miteinander reden.<\/p>\n<p><strong>Der Lebenslehrer und energetische Berater Wolfgang T. M\u00fcller<\/strong> wei\u00df wie kein Zweiter um den Wert harmonischer Partnerschaften. Er musste mindestens drei Anl\u00e4ufe (3 x verheiratet) nehmen, um die Geheimnisse einer erf\u00fcllten und gelebten Partnerschaft zu entdecken und zu leben.<\/p>\n<p>Mit seinem angeborenen rheinl\u00e4ndischen Humor bringt er Paare sehr schnell dazu, sich zu \u00f6ffnen und den Grund f\u00fcr ihre derzeitige partnerschaftliche Herausforderung zu erkennen und dann mit entsprechenden energetischen Verhaltenstechniken wieder Frieden und Respekt voreinander in die Partnerschaft zu integrieren.<\/p>\n<p><strong>Wolfgang T. M\u00fcller<\/strong> schreibt zu Partnerschaftsthemen regelm\u00e4\u00dfig in Fachzeitschriften und in Blogs (<a href=\"https:\/\/heilerakademie.eu\/wp-content\/uploads\/2016\/01\/Visionen-05-2014-Artikel-%C3%BCber-Schatz-wir-muessen-reden.pdf\" target=\"_blank\" rel=\"noopener\"><strong>siehe hierzu Artikel: &#8222;Schatz, wir m\u00fcssen reden<\/strong>&#8222;<\/a>) und h\u00e4lt Vortr\u00e4ge und Seminare\u00a0zu folgenden Partnerschaftsthemen:<\/p>\n<ul>\n<li><a href=\"https:\/\/heilerakademie.eu\/wp-content\/uploads\/2016\/01\/Visionen-05-2014-Artikel-%C3%BCber-Schatz-wir-muessen-reden.pdf\" rel=\"attachment wp-att-355\"><img loading=\"lazy\" decoding=\"async\" class=\"size-medium wp-image-355 alignright\" src=\"https:\/\/heilerakademie.eu\/wp-content\/uploads\/2016\/01\/Schatzwirmuessenreden-217x300.jpg\" alt=\"Schatzwirmuessenreden\" width=\"217\" height=\"300\" srcset=\"https:\/\/heilerakademie.eu\/wp-content\/uploads\/2016\/01\/Schatzwirmuessenreden-217x300.jpg 217w, https:\/\/heilerakademie.eu\/wp-content\/uploads\/2016\/01\/Schatzwirmuessenreden.jpg 397w\" sizes=\"auto, (max-width: 217px) 100vw, 217px\" \/><\/a>SCHATZ \u2013 WIR M\u00dcSSEN REDEN \u2013 Wie Partnerschaft funktioniert kann\u201d \u2013 1,5 Stunden Vortrag (<a href=\"https:\/\/heilerakademie.eu\/wp-content\/uploads\/2016\/01\/Visionen-05-2014-Artikel-\u00fcber-Schatz-wir-muessen-reden.pdf\" rel=\"\">Visionen 05-2014 Artikel \u00fcber Schatz wir muessen reden<\/a>)<\/li>\n<li>\u201cKEINER VERSTEHT MICH \u2013 Endlich raus aus dem Selbstmitleid!\u201d \u2013 1 Stunden-Vortrag<\/li>\n<li>\u201cKANNST DU ES WIRKLICH WISSEN? \u2013 Warum wir glauben, was wir denken. So kommen wir raus aus unseren un\u00fcberpr\u00fcften Geschichten\u201d \u2013 2 Stunden-Vortrag<\/li>\n<li>\u201cDIE GOLDENEN REGELN VON LIEBE UND PARTNERSCHAFT \u2013 richtig verlieben, verliebt bleiben, auf Wolke Sieben schweben\u201d \u2013 2 Tage<\/li>\n<li>\u201cICH STEHE NICHT MEHR ZUR VERF\u00dcGUNG \u2013 Erfolgreiches Abgrenzungstraining\u201d \u2013 2 Tage<\/li>\n<li>\u201cDIE HOHE KUNST DES NEIN-SAGENS\u201d \u2013 Nein sagen lernen ohne Skrupel\u201d \u2013 2 Tage<\/li>\n<li>\u201cUND DU VERSTEHST MICH DOCH\u00a0\u2013 Erfolgsstrategien f\u00fcr eine harmonische Partnerschaft\u201d \u2013 2 Tage<\/li>\n<\/ul>\n<p><strong><a href=\"http:\/\/www.akua-events.com\" target=\"_blank\" rel=\"noopener\">Alle aktuellen Vortr\u00e4ge und Kurse finden sich auf der Veranstaltungs-Homepage www.akua-events.com<\/a>. Er kommt aber gerne auch zu Ihnen mit seinem Veranstaltungsprogramm.<\/strong><\/p>\n<h2>Wichtiger Hinweis<\/h2>\n<p><strong>Wolfgang T. M\u00fcller<\/strong> arbeitet in der energetischen, spirituellen Paarberatung immer auf der Ebene und im zul\u00e4ssigen Rahmen als Energetiker.<\/p>\n<p><strong>Abgrenzung Energetiker .\/. Lebens- und Sozialberater:<\/strong><\/p>\n<p>Meine\u00a0ganzheitliche Arbeit dient der Aktivierung der Selbstheilungskr\u00e4fte und ersetzt nicht die Diagnose oder Behandlung beim Arzt oder Heilpraktiker oder die Arbeit eines Lebens- und Sozialberaters.<\/p>\n<div>\n<p>Aufgrund geltender, gesetzlicher Bestimmungen in \u00d6sterreich bitten wir um Beachtung folgender\u00a0<strong>Abgrenzungen<\/strong> des verwendeten Begriffes \u201cspiritueller oder energetischer (Paar-) Berater\u201d zum in \u00d6sterreich reglementierten Gewerbe \u201cLebens- und Sozialberater\u201d (in Deutschland ist der\u00a0Beruf des\u00a0Lebensberaters nicht reglementiert und gilt als freies Gewerbe):<\/p>\n<blockquote><p><strong>Bei den Lebens- und Sozialberatern<\/strong> als reglementiertes Gewerbe steht \u2013 neben anderen, hier jedoch nicht relevanten Beratungsthemen \u2013 die Pers\u00f6nlichkeitsberatung im Mittelpunkt.\u00a0<strong>Beim Energetiker und beim spirituellen (Paar-) Berater<\/strong> steht nicht die Pers\u00f6nlichkeitsberatung im Vordergrund, sondern die Hilfestellung zur Erreichung eines energetischen und seelischen Gleichgewichtes.<br \/>\nWir untersuchen als Energetiker nicht, ob jemand krank ist und welche Betreuung er ben\u00f6tigt zu seiner Pers\u00f6nlichkeitsentwicklung, sondern wir setzen Ma\u00dfnahmen, um eine festgestellte energetische Disbalance zu beseitigen und ein harmonisches Gleichgewicht wieder herzustellen. Dabei bedienen wir uns einzig und alleine energetischer, spiritueller Ma\u00dfnahmen.<br \/>\nUnsere \u201cUntersuchung\u201d bezieht sich daher ausschlie\u00dflich auf den Energiezustand des Menschen, was bedeutet, dass Blockaden, Energiestaus etc. aufgesp\u00fcrt und durch eine jeweils bestimmte Arbeitsmethode so aufgel\u00f6st werden, dass wiederum ein harmonischer Zustand erreicht wird.<\/p><\/blockquote>\n<\/div>\n<h2><strong>Energieausgleich<\/strong><\/h2>\n<ul>\n<li><strong>Pers\u00f6nliche Sitzung \/ Gespr\u00e4ch<\/strong>: 150,00 EUR pauschal je Sitzung (zwischen 30 und 60 Minuten), hier: telefonische Terminvereinbarung direkt unter:<strong><span id=\"skype_c2c_container\" class=\"skype_c2c_container notranslate\" dir=\"ltr\" tabindex=\"-1\" data-numbertocall=\"+436608844224\" data-numbertype=\"paid\" data-isfreecall=\"false\" data-isrtl=\"false\" data-ismobile=\"false\"><span class=\"skype_c2c_highlighting_inactive_common\" dir=\"ltr\"><span id=\"non_free_num_ui\" class=\"skype_c2c_textarea_span\"><span class=\"skype_c2c_text_span\">0043 676-4548290<\/span><\/span><\/span><\/span>, <\/strong><strong>\u00a0<\/strong>Bezahlung des Honorars in bar vor Ort.<\/li>\n<li><strong>Telefonische Beratung<\/strong> nach Zeitaufwand, je Minute 2,50 EUR (mindestens jedoch 15 Minuten), auch \u00fcber Videotelefonie (Skype), hier: telefonische Terminvereinbarung direkt unter: <strong><span id=\"skype_c2c_container\" class=\"skype_c2c_container notranslate\" dir=\"ltr\" tabindex=\"-1\" data-numbertocall=\"+436608844224\" data-numbertype=\"paid\" data-isfreecall=\"false\" data-isrtl=\"false\" data-ismobile=\"false\"><span class=\"skype_c2c_highlighting_inactive_common\" dir=\"ltr\"><span id=\"non_free_num_ui\" class=\"skype_c2c_textarea_span\"><span class=\"skype_c2c_text_span\">0043 676-4548290<\/span><\/span><\/span><\/span>, <\/strong>Bezahlung des Honorars vorab per \u00dcberweisung auf Bankkonto oder per Paypal (Bankdaten werden per Email nach Terminbest\u00e4tigung mitgeteilt).<\/li>\n<li><strong>Schriftliche Beantwortung<\/strong>\u00a0per Email, maximal 2 Themenbereiche: 150,00 EUR,\u00a0Schreiben Sie uns ein <a href=\"mailto:office@heilerakademie.eu\" target=\"_blank\" rel=\"noopener\">Email direkt an office@heilerakademie.eu<\/a>.\u00a0Bezahlung des Honorars vorab per \u00dcberweisung auf Bankkonto oder per Paypal (Bankdaten werden per Email nach Terminbest\u00e4tigung mitgeteilt).<\/li>\n<\/ul>\n<p>Alle Honorare verstehen sich inkl. gesetzl. MwSt.<\/p>\n<p><strong>Die moderne Internet-Kommunikationstechnik macht es m\u00f6glich:<\/strong><br \/>\nFernberatungen \/ Sitzungen k\u00f6nnen auch per Skype erfolgen. Falls Sie eine Kamera angeschlossen haben, k\u00f6nnten wir sogar ein Videogespr\u00e4ch f\u00fchren. \u00dcber Skype fallen keinerlei Telefongeb\u00fchren an, man telefoniert oder videofoniert kostenlos unbegrenzt und weltweit von Skype zu Skype.<br \/>\nDa Skype die Dauer des Gespr\u00e4ches auf beiden Seiten sekundengenau aufzeichnet und Sie auch die M\u00f6glichkeit haben, das Gespr\u00e4ch selbst \u00fcber den kostenlosen Rekorder \u201cPamela\u201d aufzuzeichnen, w\u00e4re dies die ideale, moderne Fernberatung. So ist auch eine minutengenaue Abrechnung f\u00fcr das Beratungshonorar gew\u00e4hrleistet.<\/p>\n<p><strong>Skype-Name:<\/strong><\/p>\n<ul>\n<li>Wolfgang T. M\u00fcller: wolfgangtmueller<\/li>\n<\/ul>\n<div><\/div>\n<p>&nbsp;<\/p>\n","protected":false},"excerpt":{"rendered":"<p>Die Pa(a)rtnerschafts-Thematik Langj\u00e4hrigen Partnerschaften fehlt es oft an Energie im Liebesleben, an der Kommunikation, am Interesse dem anderen gegen\u00fcber, nur als Beispiele zu nennen. Manchmal &#8222;frisst&#8220; einem einfach der Alltag auf. Alles andere scheint wichtiger, nur nicht der eigene Partner. &hellip; <a href=\"https:\/\/heilerakademie.eu\/?page_id=350\">Weiterlesen <span class=\"meta-nav\">&rarr;<\/span><\/a><\/p>\n","protected":false},"author":1,"featured_media":0,"parent":0,"menu_order":0,"comment_status":"closed","ping_status":"closed","template":"","meta":{"footnotes":""},"class_list":["post-350","page","type-page","status-publish","hentry"],"yoast_head":"<!-- This site is optimized with the Yoast SEO plugin v27.4 - https:\/\/yoast.com\/product\/yoast-seo-wordpress\/ -->\n<title>Energetische Paarberatung - HEILERAKADEMIE EUROPA<\/title>\n<meta name=\"robots\" content=\"index, follow, max-snippet:-1, max-image-preview:large, max-video-preview:-1\" \/>\n<link rel=\"canonical\" href=\"https:\/\/heilerakademie.eu\/?page_id=350\" \/>\n<meta property=\"og:locale\" content=\"de_DE\" \/>\n<meta property=\"og:type\" content=\"article\" \/>\n<meta property=\"og:title\" content=\"Energetische Paarberatung - HEILERAKADEMIE EUROPA\" \/>\n<meta property=\"og:description\" content=\"Die Pa(a)rtnerschafts-Thematik Langj\u00e4hrigen Partnerschaften fehlt es oft an Energie im Liebesleben, an der Kommunikation, am Interesse dem anderen gegen\u00fcber, nur als Beispiele zu nennen. Manchmal &#8222;frisst&#8220; einem einfach der Alltag auf. Alles andere scheint wichtiger, nur nicht der eigene Partner. &hellip; Weiterlesen &rarr;\" \/>\n<meta property=\"og:url\" content=\"https:\/\/heilerakademie.eu\/?page_id=350\" \/>\n<meta property=\"og:site_name\" content=\"HEILERAKADEMIE EUROPA\" \/>\n<meta property=\"article:modified_time\" content=\"2017-09-28T13:21:25+00:00\" \/>\n<meta property=\"og:image\" content=\"https:\/\/heilerakademie.eu\/wp-content\/uploads\/2016\/01\/pair-707502_1280-300x212.jpg\" \/>\n<meta name=\"twitter:label1\" content=\"Gesch\u00e4tzte Lesezeit\" \/>\n\t<meta name=\"twitter:data1\" content=\"5\u00a0Minuten\" \/>\n<script type=\"application\/ld+json\" class=\"yoast-schema-graph\">{\"@context\":\"https:\\\/\\\/schema.org\",\"@graph\":[{\"@type\":\"WebPage\",\"@id\":\"https:\\\/\\\/heilerakademie.eu\\\/?page_id=350\",\"url\":\"https:\\\/\\\/heilerakademie.eu\\\/?page_id=350\",\"name\":\"Energetische Paarberatung - HEILERAKADEMIE EUROPA\",\"isPartOf\":{\"@id\":\"https:\\\/\\\/heilerakademie.eu\\\/#website\"},\"primaryImageOfPage\":{\"@id\":\"https:\\\/\\\/heilerakademie.eu\\\/?page_id=350#primaryimage\"},\"image\":{\"@id\":\"https:\\\/\\\/heilerakademie.eu\\\/?page_id=350#primaryimage\"},\"thumbnailUrl\":\"https:\\\/\\\/heilerakademie.eu\\\/wp-content\\\/uploads\\\/2016\\\/01\\\/pair-707502_1280-300x212.jpg\",\"datePublished\":\"2016-01-15T18:28:07+00:00\",\"dateModified\":\"2017-09-28T13:21:25+00:00\",\"breadcrumb\":{\"@id\":\"https:\\\/\\\/heilerakademie.eu\\\/?page_id=350#breadcrumb\"},\"inLanguage\":\"de\",\"potentialAction\":[{\"@type\":\"ReadAction\",\"target\":[\"https:\\\/\\\/heilerakademie.eu\\\/?page_id=350\"]}]},{\"@type\":\"ImageObject\",\"inLanguage\":\"de\",\"@id\":\"https:\\\/\\\/heilerakademie.eu\\\/?page_id=350#primaryimage\",\"url\":\"https:\\\/\\\/heilerakademie.eu\\\/wp-content\\\/uploads\\\/2016\\\/01\\\/pair-707502_1280.jpg\",\"contentUrl\":\"https:\\\/\\\/heilerakademie.eu\\\/wp-content\\\/uploads\\\/2016\\\/01\\\/pair-707502_1280.jpg\",\"width\":1280,\"height\":905},{\"@type\":\"BreadcrumbList\",\"@id\":\"https:\\\/\\\/heilerakademie.eu\\\/?page_id=350#breadcrumb\",\"itemListElement\":[{\"@type\":\"ListItem\",\"position\":1,\"name\":\"Home\",\"item\":\"https:\\\/\\\/heilerakademie.eu\\\/\"},{\"@type\":\"ListItem\",\"position\":2,\"name\":\"Energetische Paarberatung\"}]},{\"@type\":\"WebSite\",\"@id\":\"https:\\\/\\\/heilerakademie.eu\\\/#website\",\"url\":\"https:\\\/\\\/heilerakademie.eu\\\/\",\"name\":\"HEILERAKADEMIE EUROPA\",\"description\":\"Akademie f\u00fcr Alternative Heilungsmethoden und Energiemedizin\",\"potentialAction\":[{\"@type\":\"SearchAction\",\"target\":{\"@type\":\"EntryPoint\",\"urlTemplate\":\"https:\\\/\\\/heilerakademie.eu\\\/?s={search_term_string}\"},\"query-input\":{\"@type\":\"PropertyValueSpecification\",\"valueRequired\":true,\"valueName\":\"search_term_string\"}}],\"inLanguage\":\"de\"}]}<\/script>\n<!-- \/ Yoast SEO plugin. -->","yoast_head_json":{"title":"Energetische Paarberatung - HEILERAKADEMIE EUROPA","robots":{"index":"index","follow":"follow","max-snippet":"max-snippet:-1","max-image-preview":"max-image-preview:large","max-video-preview":"max-video-preview:-1"},"canonical":"https:\/\/heilerakademie.eu\/?page_id=350","og_locale":"de_DE","og_type":"article","og_title":"Energetische Paarberatung - HEILERAKADEMIE EUROPA","og_description":"Die Pa(a)rtnerschafts-Thematik Langj\u00e4hrigen Partnerschaften fehlt es oft an Energie im Liebesleben, an der Kommunikation, am Interesse dem anderen gegen\u00fcber, nur als Beispiele zu nennen. Manchmal &#8222;frisst&#8220; einem einfach der Alltag auf. Alles andere scheint wichtiger, nur nicht der eigene Partner. &hellip; Weiterlesen &rarr;","og_url":"https:\/\/heilerakademie.eu\/?page_id=350","og_site_name":"HEILERAKADEMIE EUROPA","article_modified_time":"2017-09-28T13:21:25+00:00","og_image":[{"url":"https:\/\/heilerakademie.eu\/wp-content\/uploads\/2016\/01\/pair-707502_1280-300x212.jpg","type":"","width":"","height":""}],"twitter_misc":{"Gesch\u00e4tzte Lesezeit":"5\u00a0Minuten"},"schema":{"@context":"https:\/\/schema.org","@graph":[{"@type":"WebPage","@id":"https:\/\/heilerakademie.eu\/?page_id=350","url":"https:\/\/heilerakademie.eu\/?page_id=350","name":"Energetische Paarberatung - HEILERAKADEMIE EUROPA","isPartOf":{"@id":"https:\/\/heilerakademie.eu\/#website"},"primaryImageOfPage":{"@id":"https:\/\/heilerakademie.eu\/?page_id=350#primaryimage"},"image":{"@id":"https:\/\/heilerakademie.eu\/?page_id=350#primaryimage"},"thumbnailUrl":"https:\/\/heilerakademie.eu\/wp-content\/uploads\/2016\/01\/pair-707502_1280-300x212.jpg","datePublished":"2016-01-15T18:28:07+00:00","dateModified":"2017-09-28T13:21:25+00:00","breadcrumb":{"@id":"https:\/\/heilerakademie.eu\/?page_id=350#breadcrumb"},"inLanguage":"de","potentialAction":[{"@type":"ReadAction","target":["https:\/\/heilerakademie.eu\/?page_id=350"]}]},{"@type":"ImageObject","inLanguage":"de","@id":"https:\/\/heilerakademie.eu\/?page_id=350#primaryimage","url":"https:\/\/heilerakademie.eu\/wp-content\/uploads\/2016\/01\/pair-707502_1280.jpg","contentUrl":"https:\/\/heilerakademie.eu\/wp-content\/uploads\/2016\/01\/pair-707502_1280.jpg","width":1280,"height":905},{"@type":"BreadcrumbList","@id":"https:\/\/heilerakademie.eu\/?page_id=350#breadcrumb","itemListElement":[{"@type":"ListItem","position":1,"name":"Home","item":"https:\/\/heilerakademie.eu\/"},{"@type":"ListItem","position":2,"name":"Energetische Paarberatung"}]},{"@type":"WebSite","@id":"https:\/\/heilerakademie.eu\/#website","url":"https:\/\/heilerakademie.eu\/","name":"HEILERAKADEMIE EUROPA","description":"Akademie f\u00fcr Alternative Heilungsmethoden und Energiemedizin","potentialAction":[{"@type":"SearchAction","target":{"@type":"EntryPoint","urlTemplate":"https:\/\/heilerakademie.eu\/?s={search_term_string}"},"query-input":{"@type":"PropertyValueSpecification","valueRequired":true,"valueName":"search_term_string"}}],"inLanguage":"de"}]}},"_links":{"self":[{"href":"https:\/\/heilerakademie.eu\/index.php?rest_route=\/wp\/v2\/pages\/350","targetHints":{"allow":["GET"]}}],"collection":[{"href":"https:\/\/heilerakademie.eu\/index.php?rest_route=\/wp\/v2\/pages"}],"about":[{"href":"https:\/\/heilerakademie.eu\/index.php?rest_route=\/wp\/v2\/types\/page"}],"author":[{"embeddable":true,"href":"https:\/\/heilerakademie.eu\/index.php?rest_route=\/wp\/v2\/users\/1"}],"replies":[{"embeddable":true,"href":"https:\/\/heilerakademie.eu\/index.php?rest_route=%2Fwp%2Fv2%2Fcomments&post=350"}],"version-history":[{"count":3,"href":"https:\/\/heilerakademie.eu\/index.php?rest_route=\/wp\/v2\/pages\/350\/revisions"}],"predecessor-version":[{"id":882,"href":"https:\/\/heilerakademie.eu\/index.php?rest_route=\/wp\/v2\/pages\/350\/revisions\/882"}],"wp:attachment":[{"href":"https:\/\/heilerakademie.eu\/index.php?rest_route=%2Fwp%2Fv2%2Fmedia&parent=350"}],"curies":[{"name":"wp","href":"https:\/\/api.w.org\/{rel}","templated":true}]}}