{"id":392,"date":"2016-01-22T14:25:22","date_gmt":"2016-01-22T14:25:22","guid":{"rendered":"http:\/\/heilerakademieeuropa.apps-1and1.net\/?page_id=392"},"modified":"2017-09-28T17:16:27","modified_gmt":"2017-09-28T17:16:27","slug":"existenzgruendung-existenzsicherung-seminare-fuer-energetiker","status":"publish","type":"page","link":"https:\/\/heilerakademie.eu\/?page_id=392","title":{"rendered":"Existenzgr\u00fcndung \/ Existenzsicherung-Seminare f\u00fcr Energetiker"},"content":{"rendered":"<h2><strong><img loading=\"lazy\" decoding=\"async\" class=\"alignright wp-image-826\" src=\"https:\/\/heilerakademie.eu\/wp-content\/uploads\/2016\/01\/connection-647217_1920-2-300x212.jpg\" alt=\"\" width=\"265\" height=\"190\" \/>Seminarinhalte<\/strong><\/h2>\n<ul>\n<li>So mache ich mich als Geistheiler (DE) \/ Energetiker (AT) erfolgreich selbst\u00e4ndig und bleibe es auch.<\/li>\n<li>Freiberufler oder Gewerbetreibender? Was ist richtig, was ist zu beachten?<\/li>\n<li>\u00d6ffentliche F\u00f6rderungsm\u00f6glichkeiten (bis zu 90 %) konsequent nutzen!<\/li>\n<li>10 Schritte-Sofortanleitung: So starten Sie in 24 Stunden durch. Alles was Sie brauchen!<\/li>\n<li>So werbe ich erfolgreich im Au\u00dfen<\/li>\n<li>So kreiere ich mir meine Kernkompetenz<\/li>\n<li>Abmahnfalle Internet. Was mu\u00df man, was darf man, was darf man nicht?<\/li>\n<li>So mache ich meine Internetseite erfolgreich und bekannt<\/li>\n<li>Mit intelligenten Newslettern Geld verdienen &#8211; die 5 wichtigsten Tipps<\/li>\n<li>So erschaffe ich mir ein st\u00e4ndig wachsendes, passives Einkommen im spiriutell-esoterischen Markt<\/li>\n<li>Die 4 erfolgreichsten Cash-Stream-Modelle f\u00fcr spirituelle Berufe<\/li>\n<li>Exkurs: So komme ich in die F\u00fclle und transformiere meine m\u00f6glichen negativen Glaubenss\u00e4tze in Bezug auf den wirtschaftlichen Erfolg meiner neuen spirituellen Selbst\u00e4ndigkeit<\/li>\n<\/ul>\n<p><strong>Dieser intensive Zwei-Tages-Praxis-Workshop<\/strong> geht tief in die Materie ein, es bleibt gen\u00fcgend Zeit f\u00fcr Supervisionen und wertvollen \u00dcbungen.<br \/>\nAuch das so wichtige Thema &#8222;F\u00f6rderungsm\u00f6glichkeiten&#8220; (bis zu 90 %) wird ausf\u00fchrlich besprochen.<br \/>\nInsbesondere wird hier intensiv auf\u00a0passive Einkommensm\u00f6glichkeiten eingegangen und erfolgreiche Modelle vorgestellt, die sofort \u00fcbernommen werden k\u00f6nnen.<\/p>\n<p><em><strong><span style=\"color: #800080;\">&#8222;Frage Dich niemals, was Dich etwas kostet, sondern stets, was es Dir bringt\u201c<\/span><br \/>\n<\/strong><\/em><br \/>\n<strong>Hier ein paar Teilnehmerstimmen aus meinen Existenzgr\u00fcndungs- und Sicherungs-Seminaren f\u00fcr spirituelle Berufe:<\/strong><\/p>\n<p>Doris O.:<br \/>\n<em>&#8222;Habe nun meine Werkstatt Geistheilen im Internet.<br \/>\nMein Seminar Selbstst\u00e4ndig in Heilberufen hat mir viel gebracht.<br \/>\nIst der Sch\u00fcler bereit,erscheint der Lehrer. &#8220; <\/em><\/p>\n<p>Heike B.:<br \/>\n<em>&#8222;Hallo, Wolfgang&#8230;es hat mir sehr gut gefallen.<br \/>\nHabe viele tolle Anregungen bekommen.<br \/>\nDu hast eine sehr frische und klare Art zu vermitteln ;-)&#8220;<\/em><\/p>\n<p>R\u00fcdiger F.:<br \/>\n<em>&#8222;Hallo Wolfgang,<br \/>\ndas gestrige Seminar war ganz toll. Auch wenn mir einiges schon bekannt war, so gab es doch vieles was ich bisher nicht kannte. Oder an das ich nicht gedacht habe. &#8220;<br \/>\n<\/em><br \/>\n<strong>Seminargeb\u00fchr:<\/strong>\u00a0395 EUR inkl. Erfolgsbuch \u201eDas Gesetz des Reichwerdens\u201c<br \/>\nSonderpreis f\u00fcr jedes weitere Familienmitglied oder den Lebenspartner: 325,00 EUR.<\/p>\n<p>Die Seminargeb\u00fchr ist im Rahmen der Aus- und Weiterbildung steuerlich absetzbar.<\/p>\n<p><strong>Zum Referenten: <\/strong><br \/>\nWolfgang T. M\u00fcller ist staatl. gepr. Betriebswirt, Autor, Inhaber erfolgreicher spiritueller Internet-Websites, Heiler, spiritueller Lebensberater und Lebenslehrer, spiritueller Business-Coach, Vortragsredner und Filmemacher spiritueller Dokumentarfilme.<br \/>\nEr versteht es durch seine lebendige, mitrei\u00dfende und rheinl\u00e4ndisch-fr\u00f6hliche Art, Menschen zu begeistern und zu motivieren, ihren eigenen, vorbestimmten Lebensweg lustvoll und mit Freude zu gehen.<br \/>\nAnhand seiner eigenen au\u00dfergew\u00f6hnlichen Erfolgstorys demonstriert er wirkungsvoll und nachvollziehbar, dass man auch in spirituellen Berufen finanzielle erfolgreich sein kann.<\/p>\n<p>Teilnehmer am Seminar k\u00f6nnen das anschlie\u00dfende <strong>Online-Coaching mit Wolfgang T. M\u00fcller<\/strong> pers\u00f6nlich zu Sonderkonditionen in Anspruch nehmen.<\/p>\n","protected":false},"excerpt":{"rendered":"<p>Seminarinhalte So mache ich mich als Geistheiler (DE) \/ Energetiker (AT) erfolgreich selbst\u00e4ndig und bleibe es auch. Freiberufler oder Gewerbetreibender? Was ist richtig, was ist zu beachten? \u00d6ffentliche F\u00f6rderungsm\u00f6glichkeiten (bis zu 90 %) konsequent nutzen! 10 Schritte-Sofortanleitung: So starten Sie &hellip; <a href=\"https:\/\/heilerakademie.eu\/?page_id=392\">Weiterlesen <span class=\"meta-nav\">&rarr;<\/span><\/a><\/p>\n","protected":false},"author":1,"featured_media":0,"parent":0,"menu_order":0,"comment_status":"closed","ping_status":"closed","template":"","meta":{"footnotes":""},"class_list":["post-392","page","type-page","status-publish","hentry"],"yoast_head":"<!-- This site is optimized with the Yoast SEO plugin v27.5 - https:\/\/yoast.com\/product\/yoast-seo-wordpress\/ -->\n<title>Existenzgr\u00fcndung \/ Existenzsicherung-Seminare f\u00fcr Energetiker - HEILERAKADEMIE EUROPA<\/title>\n<meta name=\"robots\" content=\"index, follow, max-snippet:-1, max-image-preview:large, max-video-preview:-1\" \/>\n<link rel=\"canonical\" href=\"https:\/\/heilerakademie.eu\/?page_id=392\" \/>\n<meta property=\"og:locale\" content=\"de_DE\" \/>\n<meta property=\"og:type\" content=\"article\" \/>\n<meta property=\"og:title\" content=\"Existenzgr\u00fcndung \/ Existenzsicherung-Seminare f\u00fcr Energetiker - HEILERAKADEMIE EUROPA\" \/>\n<meta property=\"og:description\" content=\"Seminarinhalte So mache ich mich als Geistheiler (DE) \/ Energetiker (AT) erfolgreich selbst\u00e4ndig und bleibe es auch. Freiberufler oder Gewerbetreibender? Was ist richtig, was ist zu beachten? \u00d6ffentliche F\u00f6rderungsm\u00f6glichkeiten (bis zu 90 %) konsequent nutzen! 10 Schritte-Sofortanleitung: So starten Sie &hellip; Weiterlesen &rarr;\" \/>\n<meta property=\"og:url\" content=\"https:\/\/heilerakademie.eu\/?page_id=392\" \/>\n<meta property=\"og:site_name\" content=\"HEILERAKADEMIE EUROPA\" \/>\n<meta property=\"article:modified_time\" content=\"2017-09-28T17:16:27+00:00\" \/>\n<meta property=\"og:image\" content=\"https:\/\/heilerakademie.eu\/wp-content\/uploads\/2016\/01\/connection-647217_1920-2-300x212.jpg\" \/>\n<meta name=\"twitter:label1\" content=\"Gesch\u00e4tzte Lesezeit\" \/>\n\t<meta name=\"twitter:data1\" content=\"2\u00a0Minuten\" \/>\n<script type=\"application\/ld+json\" class=\"yoast-schema-graph\">{\"@context\":\"https:\\\/\\\/schema.org\",\"@graph\":[{\"@type\":\"WebPage\",\"@id\":\"https:\\\/\\\/heilerakademie.eu\\\/?page_id=392\",\"url\":\"https:\\\/\\\/heilerakademie.eu\\\/?page_id=392\",\"name\":\"Existenzgr\u00fcndung \\\/ Existenzsicherung-Seminare f\u00fcr Energetiker - HEILERAKADEMIE EUROPA\",\"isPartOf\":{\"@id\":\"https:\\\/\\\/heilerakademie.eu\\\/#website\"},\"primaryImageOfPage\":{\"@id\":\"https:\\\/\\\/heilerakademie.eu\\\/?page_id=392#primaryimage\"},\"image\":{\"@id\":\"https:\\\/\\\/heilerakademie.eu\\\/?page_id=392#primaryimage\"},\"thumbnailUrl\":\"https:\\\/\\\/heilerakademie.eu\\\/wp-content\\\/uploads\\\/2016\\\/01\\\/connection-647217_1920-2-300x212.jpg\",\"datePublished\":\"2016-01-22T14:25:22+00:00\",\"dateModified\":\"2017-09-28T17:16:27+00:00\",\"breadcrumb\":{\"@id\":\"https:\\\/\\\/heilerakademie.eu\\\/?page_id=392#breadcrumb\"},\"inLanguage\":\"de\",\"potentialAction\":[{\"@type\":\"ReadAction\",\"target\":[\"https:\\\/\\\/heilerakademie.eu\\\/?page_id=392\"]}]},{\"@type\":\"ImageObject\",\"inLanguage\":\"de\",\"@id\":\"https:\\\/\\\/heilerakademie.eu\\\/?page_id=392#primaryimage\",\"url\":\"https:\\\/\\\/heilerakademie.eu\\\/wp-content\\\/uploads\\\/2016\\\/01\\\/connection-647217_1920-2.jpg\",\"contentUrl\":\"https:\\\/\\\/heilerakademie.eu\\\/wp-content\\\/uploads\\\/2016\\\/01\\\/connection-647217_1920-2.jpg\",\"width\":1920,\"height\":1357},{\"@type\":\"BreadcrumbList\",\"@id\":\"https:\\\/\\\/heilerakademie.eu\\\/?page_id=392#breadcrumb\",\"itemListElement\":[{\"@type\":\"ListItem\",\"position\":1,\"name\":\"Home\",\"item\":\"https:\\\/\\\/heilerakademie.eu\\\/\"},{\"@type\":\"ListItem\",\"position\":2,\"name\":\"Existenzgr\u00fcndung \\\/ Existenzsicherung-Seminare f\u00fcr Energetiker\"}]},{\"@type\":\"WebSite\",\"@id\":\"https:\\\/\\\/heilerakademie.eu\\\/#website\",\"url\":\"https:\\\/\\\/heilerakademie.eu\\\/\",\"name\":\"HEILERAKADEMIE EUROPA\",\"description\":\"Akademie f\u00fcr Alternative Heilungsmethoden und Energiemedizin\",\"potentialAction\":[{\"@type\":\"SearchAction\",\"target\":{\"@type\":\"EntryPoint\",\"urlTemplate\":\"https:\\\/\\\/heilerakademie.eu\\\/?s={search_term_string}\"},\"query-input\":{\"@type\":\"PropertyValueSpecification\",\"valueRequired\":true,\"valueName\":\"search_term_string\"}}],\"inLanguage\":\"de\"}]}<\/script>\n<!-- \/ Yoast SEO plugin. -->","yoast_head_json":{"title":"Existenzgr\u00fcndung \/ Existenzsicherung-Seminare f\u00fcr Energetiker - HEILERAKADEMIE EUROPA","robots":{"index":"index","follow":"follow","max-snippet":"max-snippet:-1","max-image-preview":"max-image-preview:large","max-video-preview":"max-video-preview:-1"},"canonical":"https:\/\/heilerakademie.eu\/?page_id=392","og_locale":"de_DE","og_type":"article","og_title":"Existenzgr\u00fcndung \/ Existenzsicherung-Seminare f\u00fcr Energetiker - HEILERAKADEMIE EUROPA","og_description":"Seminarinhalte So mache ich mich als Geistheiler (DE) \/ Energetiker (AT) erfolgreich selbst\u00e4ndig und bleibe es auch. Freiberufler oder Gewerbetreibender? Was ist richtig, was ist zu beachten? \u00d6ffentliche F\u00f6rderungsm\u00f6glichkeiten (bis zu 90 %) konsequent nutzen! 10 Schritte-Sofortanleitung: So starten Sie &hellip; Weiterlesen &rarr;","og_url":"https:\/\/heilerakademie.eu\/?page_id=392","og_site_name":"HEILERAKADEMIE EUROPA","article_modified_time":"2017-09-28T17:16:27+00:00","og_image":[{"url":"https:\/\/heilerakademie.eu\/wp-content\/uploads\/2016\/01\/connection-647217_1920-2-300x212.jpg","type":"","width":"","height":""}],"twitter_misc":{"Gesch\u00e4tzte Lesezeit":"2\u00a0Minuten"},"schema":{"@context":"https:\/\/schema.org","@graph":[{"@type":"WebPage","@id":"https:\/\/heilerakademie.eu\/?page_id=392","url":"https:\/\/heilerakademie.eu\/?page_id=392","name":"Existenzgr\u00fcndung \/ Existenzsicherung-Seminare f\u00fcr Energetiker - HEILERAKADEMIE EUROPA","isPartOf":{"@id":"https:\/\/heilerakademie.eu\/#website"},"primaryImageOfPage":{"@id":"https:\/\/heilerakademie.eu\/?page_id=392#primaryimage"},"image":{"@id":"https:\/\/heilerakademie.eu\/?page_id=392#primaryimage"},"thumbnailUrl":"https:\/\/heilerakademie.eu\/wp-content\/uploads\/2016\/01\/connection-647217_1920-2-300x212.jpg","datePublished":"2016-01-22T14:25:22+00:00","dateModified":"2017-09-28T17:16:27+00:00","breadcrumb":{"@id":"https:\/\/heilerakademie.eu\/?page_id=392#breadcrumb"},"inLanguage":"de","potentialAction":[{"@type":"ReadAction","target":["https:\/\/heilerakademie.eu\/?page_id=392"]}]},{"@type":"ImageObject","inLanguage":"de","@id":"https:\/\/heilerakademie.eu\/?page_id=392#primaryimage","url":"https:\/\/heilerakademie.eu\/wp-content\/uploads\/2016\/01\/connection-647217_1920-2.jpg","contentUrl":"https:\/\/heilerakademie.eu\/wp-content\/uploads\/2016\/01\/connection-647217_1920-2.jpg","width":1920,"height":1357},{"@type":"BreadcrumbList","@id":"https:\/\/heilerakademie.eu\/?page_id=392#breadcrumb","itemListElement":[{"@type":"ListItem","position":1,"name":"Home","item":"https:\/\/heilerakademie.eu\/"},{"@type":"ListItem","position":2,"name":"Existenzgr\u00fcndung \/ Existenzsicherung-Seminare f\u00fcr Energetiker"}]},{"@type":"WebSite","@id":"https:\/\/heilerakademie.eu\/#website","url":"https:\/\/heilerakademie.eu\/","name":"HEILERAKADEMIE EUROPA","description":"Akademie f\u00fcr Alternative Heilungsmethoden und Energiemedizin","potentialAction":[{"@type":"SearchAction","target":{"@type":"EntryPoint","urlTemplate":"https:\/\/heilerakademie.eu\/?s={search_term_string}"},"query-input":{"@type":"PropertyValueSpecification","valueRequired":true,"valueName":"search_term_string"}}],"inLanguage":"de"}]}},"_links":{"self":[{"href":"https:\/\/heilerakademie.eu\/index.php?rest_route=\/wp\/v2\/pages\/392","targetHints":{"allow":["GET"]}}],"collection":[{"href":"https:\/\/heilerakademie.eu\/index.php?rest_route=\/wp\/v2\/pages"}],"about":[{"href":"https:\/\/heilerakademie.eu\/index.php?rest_route=\/wp\/v2\/types\/page"}],"author":[{"embeddable":true,"href":"https:\/\/heilerakademie.eu\/index.php?rest_route=\/wp\/v2\/users\/1"}],"replies":[{"embeddable":true,"href":"https:\/\/heilerakademie.eu\/index.php?rest_route=%2Fwp%2Fv2%2Fcomments&post=392"}],"version-history":[{"count":5,"href":"https:\/\/heilerakademie.eu\/index.php?rest_route=\/wp\/v2\/pages\/392\/revisions"}],"predecessor-version":[{"id":899,"href":"https:\/\/heilerakademie.eu\/index.php?rest_route=\/wp\/v2\/pages\/392\/revisions\/899"}],"wp:attachment":[{"href":"https:\/\/heilerakademie.eu\/index.php?rest_route=%2Fwp%2Fv2%2Fmedia&parent=392"}],"curies":[{"name":"wp","href":"https:\/\/api.w.org\/{rel}","templated":true}]}}