{"id":396,"date":"2016-01-22T14:41:43","date_gmt":"2016-01-22T14:41:43","guid":{"rendered":"http:\/\/heilerakademieeuropa.apps-1and1.net\/?page_id=396"},"modified":"2016-01-31T11:02:54","modified_gmt":"2016-01-31T11:02:54","slug":"veranstaltungen-online-buchen","status":"publish","type":"page","link":"https:\/\/heilerakademie.eu\/?page_id=396","title":{"rendered":"Veranstaltungen online buchen"},"content":{"rendered":"<div id=\"attachment_397\" style=\"width: 287px\" class=\"wp-caption alignright\"><a href=\"http:\/\/akua-events.at\" target=\"_blank\"><img loading=\"lazy\" decoding=\"async\" aria-describedby=\"caption-attachment-397\" class=\" wp-image-397\" src=\"https:\/\/heilerakademie.eu\/wp-content\/uploads\/2016\/01\/Akua-Events-300x176.jpg\" alt=\"Unsere Event-Homepage AKUA-EVENTS\" width=\"277\" height=\"167\" \/><\/a><p id=\"caption-attachment-397\" class=\"wp-caption-text\">Unsere Event-Homepage AKUA-EVENTS<\/p><\/div>\n<p>Damit unsere Seminare, Workshops, Ausbildungen und Vortr\u00e4ge zentral und m\u00f6glichst schnell und einfach online gebucht werden k\u00f6nnen, haben wir eine eigene <strong><a href=\"http:\/\/akua-events.at\" target=\"_blank\">Veranstaltungs-Homepage<\/a><\/strong> in Leben gerufen.<\/p>\n<p>Alle Events sind nun \u00fcbersichtlich nach Datum gelistet und k\u00f6nnen mit wenigen Klicks online gebucht werden.<\/p>\n<p><strong><a href=\"http:\/\/www.akua-events.at\" target=\"_blank\">Klick hier zu der AKUA-Veranstaltungs-Homepage<\/a><\/strong><\/p>\n<p>Ausserdem k\u00f6nnen Berufskollegen auf Wunsch ebenfalls diese Veranstaltungsplattform f\u00fcr ihre eigenen Seminare benutzen. <a href=\"http:\/\/akua-events.at\/?page_id=135\" target=\"_blank\">Siehe hier entsprechender Hinweis.<\/a><\/p>\n<p>&nbsp;<\/p>\n","protected":false},"excerpt":{"rendered":"<p>Damit unsere Seminare, Workshops, Ausbildungen und Vortr\u00e4ge zentral und m\u00f6glichst schnell und einfach online gebucht werden k\u00f6nnen, haben wir eine eigene Veranstaltungs-Homepage in Leben gerufen. Alle Events sind nun \u00fcbersichtlich nach Datum gelistet und k\u00f6nnen mit wenigen Klicks online gebucht &hellip; <a href=\"https:\/\/heilerakademie.eu\/?page_id=396\">Weiterlesen <span class=\"meta-nav\">&rarr;<\/span><\/a><\/p>\n","protected":false},"author":1,"featured_media":0,"parent":0,"menu_order":0,"comment_status":"closed","ping_status":"closed","template":"","meta":{"footnotes":""},"class_list":["post-396","page","type-page","status-publish","hentry"],"yoast_head":"<!-- This site is optimized with the Yoast SEO plugin v27.4 - https:\/\/yoast.com\/product\/yoast-seo-wordpress\/ -->\n<title>Veranstaltungen online buchen - HEILERAKADEMIE EUROPA<\/title>\n<meta name=\"robots\" content=\"index, follow, max-snippet:-1, max-image-preview:large, max-video-preview:-1\" \/>\n<link rel=\"canonical\" href=\"https:\/\/heilerakademie.eu\/?page_id=396\" \/>\n<meta property=\"og:locale\" content=\"de_DE\" \/>\n<meta property=\"og:type\" content=\"article\" \/>\n<meta property=\"og:title\" content=\"Veranstaltungen online buchen - HEILERAKADEMIE EUROPA\" \/>\n<meta property=\"og:description\" content=\"Damit unsere Seminare, Workshops, Ausbildungen und Vortr\u00e4ge zentral und m\u00f6glichst schnell und einfach online gebucht werden k\u00f6nnen, haben wir eine eigene Veranstaltungs-Homepage in Leben gerufen. Alle Events sind nun \u00fcbersichtlich nach Datum gelistet und k\u00f6nnen mit wenigen Klicks online gebucht &hellip; Weiterlesen &rarr;\" \/>\n<meta property=\"og:url\" content=\"https:\/\/heilerakademie.eu\/?page_id=396\" \/>\n<meta property=\"og:site_name\" content=\"HEILERAKADEMIE EUROPA\" \/>\n<meta property=\"article:modified_time\" content=\"2016-01-31T11:02:54+00:00\" \/>\n<meta property=\"og:image\" content=\"https:\/\/heilerakademie.eu\/wp-content\/uploads\/2016\/01\/Akua-Events-300x176.jpg\" \/>\n<script type=\"application\/ld+json\" class=\"yoast-schema-graph\">{\"@context\":\"https:\\\/\\\/schema.org\",\"@graph\":[{\"@type\":\"WebPage\",\"@id\":\"https:\\\/\\\/heilerakademie.eu\\\/?page_id=396\",\"url\":\"https:\\\/\\\/heilerakademie.eu\\\/?page_id=396\",\"name\":\"Veranstaltungen online buchen - HEILERAKADEMIE EUROPA\",\"isPartOf\":{\"@id\":\"https:\\\/\\\/heilerakademie.eu\\\/#website\"},\"primaryImageOfPage\":{\"@id\":\"https:\\\/\\\/heilerakademie.eu\\\/?page_id=396#primaryimage\"},\"image\":{\"@id\":\"https:\\\/\\\/heilerakademie.eu\\\/?page_id=396#primaryimage\"},\"thumbnailUrl\":\"https:\\\/\\\/heilerakademie.eu\\\/wp-content\\\/uploads\\\/2016\\\/01\\\/Akua-Events-300x176.jpg\",\"datePublished\":\"2016-01-22T14:41:43+00:00\",\"dateModified\":\"2016-01-31T11:02:54+00:00\",\"breadcrumb\":{\"@id\":\"https:\\\/\\\/heilerakademie.eu\\\/?page_id=396#breadcrumb\"},\"inLanguage\":\"de\",\"potentialAction\":[{\"@type\":\"ReadAction\",\"target\":[\"https:\\\/\\\/heilerakademie.eu\\\/?page_id=396\"]}]},{\"@type\":\"ImageObject\",\"inLanguage\":\"de\",\"@id\":\"https:\\\/\\\/heilerakademie.eu\\\/?page_id=396#primaryimage\",\"url\":\"https:\\\/\\\/heilerakademie.eu\\\/wp-content\\\/uploads\\\/2016\\\/01\\\/Akua-Events.jpg\",\"contentUrl\":\"https:\\\/\\\/heilerakademie.eu\\\/wp-content\\\/uploads\\\/2016\\\/01\\\/Akua-Events.jpg\",\"width\":946,\"height\":556,\"caption\":\"Unsere Event-Homepage AKUA-EVENTS\"},{\"@type\":\"BreadcrumbList\",\"@id\":\"https:\\\/\\\/heilerakademie.eu\\\/?page_id=396#breadcrumb\",\"itemListElement\":[{\"@type\":\"ListItem\",\"position\":1,\"name\":\"Home\",\"item\":\"https:\\\/\\\/heilerakademie.eu\\\/\"},{\"@type\":\"ListItem\",\"position\":2,\"name\":\"Veranstaltungen online buchen\"}]},{\"@type\":\"WebSite\",\"@id\":\"https:\\\/\\\/heilerakademie.eu\\\/#website\",\"url\":\"https:\\\/\\\/heilerakademie.eu\\\/\",\"name\":\"HEILERAKADEMIE EUROPA\",\"description\":\"Akademie f\u00fcr Alternative Heilungsmethoden und Energiemedizin\",\"potentialAction\":[{\"@type\":\"SearchAction\",\"target\":{\"@type\":\"EntryPoint\",\"urlTemplate\":\"https:\\\/\\\/heilerakademie.eu\\\/?s={search_term_string}\"},\"query-input\":{\"@type\":\"PropertyValueSpecification\",\"valueRequired\":true,\"valueName\":\"search_term_string\"}}],\"inLanguage\":\"de\"}]}<\/script>\n<!-- \/ Yoast SEO plugin. -->","yoast_head_json":{"title":"Veranstaltungen online buchen - HEILERAKADEMIE EUROPA","robots":{"index":"index","follow":"follow","max-snippet":"max-snippet:-1","max-image-preview":"max-image-preview:large","max-video-preview":"max-video-preview:-1"},"canonical":"https:\/\/heilerakademie.eu\/?page_id=396","og_locale":"de_DE","og_type":"article","og_title":"Veranstaltungen online buchen - HEILERAKADEMIE EUROPA","og_description":"Damit unsere Seminare, Workshops, Ausbildungen und Vortr\u00e4ge zentral und m\u00f6glichst schnell und einfach online gebucht werden k\u00f6nnen, haben wir eine eigene Veranstaltungs-Homepage in Leben gerufen. Alle Events sind nun \u00fcbersichtlich nach Datum gelistet und k\u00f6nnen mit wenigen Klicks online gebucht &hellip; Weiterlesen &rarr;","og_url":"https:\/\/heilerakademie.eu\/?page_id=396","og_site_name":"HEILERAKADEMIE EUROPA","article_modified_time":"2016-01-31T11:02:54+00:00","og_image":[{"url":"https:\/\/heilerakademie.eu\/wp-content\/uploads\/2016\/01\/Akua-Events-300x176.jpg","type":"","width":"","height":""}],"schema":{"@context":"https:\/\/schema.org","@graph":[{"@type":"WebPage","@id":"https:\/\/heilerakademie.eu\/?page_id=396","url":"https:\/\/heilerakademie.eu\/?page_id=396","name":"Veranstaltungen online buchen - HEILERAKADEMIE EUROPA","isPartOf":{"@id":"https:\/\/heilerakademie.eu\/#website"},"primaryImageOfPage":{"@id":"https:\/\/heilerakademie.eu\/?page_id=396#primaryimage"},"image":{"@id":"https:\/\/heilerakademie.eu\/?page_id=396#primaryimage"},"thumbnailUrl":"https:\/\/heilerakademie.eu\/wp-content\/uploads\/2016\/01\/Akua-Events-300x176.jpg","datePublished":"2016-01-22T14:41:43+00:00","dateModified":"2016-01-31T11:02:54+00:00","breadcrumb":{"@id":"https:\/\/heilerakademie.eu\/?page_id=396#breadcrumb"},"inLanguage":"de","potentialAction":[{"@type":"ReadAction","target":["https:\/\/heilerakademie.eu\/?page_id=396"]}]},{"@type":"ImageObject","inLanguage":"de","@id":"https:\/\/heilerakademie.eu\/?page_id=396#primaryimage","url":"https:\/\/heilerakademie.eu\/wp-content\/uploads\/2016\/01\/Akua-Events.jpg","contentUrl":"https:\/\/heilerakademie.eu\/wp-content\/uploads\/2016\/01\/Akua-Events.jpg","width":946,"height":556,"caption":"Unsere Event-Homepage AKUA-EVENTS"},{"@type":"BreadcrumbList","@id":"https:\/\/heilerakademie.eu\/?page_id=396#breadcrumb","itemListElement":[{"@type":"ListItem","position":1,"name":"Home","item":"https:\/\/heilerakademie.eu\/"},{"@type":"ListItem","position":2,"name":"Veranstaltungen online buchen"}]},{"@type":"WebSite","@id":"https:\/\/heilerakademie.eu\/#website","url":"https:\/\/heilerakademie.eu\/","name":"HEILERAKADEMIE EUROPA","description":"Akademie f\u00fcr Alternative Heilungsmethoden und Energiemedizin","potentialAction":[{"@type":"SearchAction","target":{"@type":"EntryPoint","urlTemplate":"https:\/\/heilerakademie.eu\/?s={search_term_string}"},"query-input":{"@type":"PropertyValueSpecification","valueRequired":true,"valueName":"search_term_string"}}],"inLanguage":"de"}]}},"_links":{"self":[{"href":"https:\/\/heilerakademie.eu\/index.php?rest_route=\/wp\/v2\/pages\/396","targetHints":{"allow":["GET"]}}],"collection":[{"href":"https:\/\/heilerakademie.eu\/index.php?rest_route=\/wp\/v2\/pages"}],"about":[{"href":"https:\/\/heilerakademie.eu\/index.php?rest_route=\/wp\/v2\/types\/page"}],"author":[{"embeddable":true,"href":"https:\/\/heilerakademie.eu\/index.php?rest_route=\/wp\/v2\/users\/1"}],"replies":[{"embeddable":true,"href":"https:\/\/heilerakademie.eu\/index.php?rest_route=%2Fwp%2Fv2%2Fcomments&post=396"}],"version-history":[{"count":2,"href":"https:\/\/heilerakademie.eu\/index.php?rest_route=\/wp\/v2\/pages\/396\/revisions"}],"predecessor-version":[{"id":451,"href":"https:\/\/heilerakademie.eu\/index.php?rest_route=\/wp\/v2\/pages\/396\/revisions\/451"}],"wp:attachment":[{"href":"https:\/\/heilerakademie.eu\/index.php?rest_route=%2Fwp%2Fv2%2Fmedia&parent=396"}],"curies":[{"name":"wp","href":"https:\/\/api.w.org\/{rel}","templated":true}]}}