{"id":404,"date":"2016-01-22T15:52:44","date_gmt":"2016-01-22T15:52:44","guid":{"rendered":"http:\/\/heilerakademieeuropa.apps-1and1.net\/?page_id=404"},"modified":"2017-09-29T07:40:03","modified_gmt":"2017-09-29T07:40:03","slug":"download-center","status":"publish","type":"page","link":"https:\/\/heilerakademie.eu\/?page_id=404","title":{"rendered":"Download-Center"},"content":{"rendered":"<p>In unseren\u00a0Seminaren und Ausbildungsreihen, z.B. zum Energetiker und Lebenslehrer, empfehlen wir stets eine Vielzahl von B\u00fcchern und Meditationsmusik, die wir selbst gelesen und f\u00fcr wertvoll empfinden.<\/p>\n<p><a href=\"http:\/\/spirituelles-portal.com\/\" target=\"_blank\" rel=\"attachment wp-att-405 noopener\"><img loading=\"lazy\" decoding=\"async\" class=\"size-medium wp-image-405 alignright\" src=\"https:\/\/heilerakademie.eu\/wp-content\/uploads\/2016\/01\/spirituelles-Portal-300x182.jpg\" alt=\"spirituelles-Portal\" width=\"300\" height=\"182\" srcset=\"https:\/\/heilerakademie.eu\/wp-content\/uploads\/2016\/01\/spirituelles-Portal-300x182.jpg 300w, https:\/\/heilerakademie.eu\/wp-content\/uploads\/2016\/01\/spirituelles-Portal-768x466.jpg 768w, https:\/\/heilerakademie.eu\/wp-content\/uploads\/2016\/01\/spirituelles-Portal.jpg 998w\" sizes=\"auto, (max-width: 300px) 100vw, 300px\" \/><\/a>Jedoch gibt es nur eine sehr begrenzte Auswahl an E-Books, Download-Musik, Streaming-Videos oder gef\u00fchrte Meditationen in diesem Segment.<\/p>\n<p>Wir wollen mit der von uns ins Leben gerufene Internet-Plattform <a href=\"http:\/\/www.spirituelles-portal.com\" target=\"_blank\" rel=\"noopener\"><strong>SPIRITUELLES PORTAL<\/strong><\/a>\u00a0Abhilfe schaffen und ganz konkrete Empfehlungen geben mit Direktlinks zu den entsprechenden Anbietern. Aber auch mit unserem eigenen Online-Shop wollen wir\u00a0Downloads zu besonders attraktivem Preis anbieten von unseren spirituellen Freunden und Partnern, die oft Gro\u00dfartiges leisten, aber keinen eigenen Vertrieb haben. Nat\u00fcrlich sind auch unsere eigenen Produktionen\u00a0als Downloads zu sehr g\u00fcnstigen Preisen zu bekommen. <strong>Ein Gro\u00dfteil der gef\u00fchrten Meditationen entsteht w\u00e4hrend eines Seminars in echter Live-Atmosph\u00e4re<\/strong> und wird mit entsprechend einf\u00fchlsamer Meditationsmusik, die oft von unseren spirituellen Musikern exklusiv f\u00fcr unsere gesprochenen\u00a0Meditationen komponiert werden, unterlegt.<\/p>\n<p>Weiterhin bieten wir auf dieser Plattform auch unsere Ausbildungsg\u00e4nge als <strong>Fernstudium<\/strong> an<strong>.<\/strong><\/p>\n<p><strong><a href=\"http:\/\/spirituelles-portal.com\/\" target=\"_blank\" rel=\"noopener\">Hier geht es zum Download-Portal.<\/a><\/strong><\/p>\n","protected":false},"excerpt":{"rendered":"<p>In unseren\u00a0Seminaren und Ausbildungsreihen, z.B. zum Energetiker und Lebenslehrer, empfehlen wir stets eine Vielzahl von B\u00fcchern und Meditationsmusik, die wir selbst gelesen und f\u00fcr wertvoll empfinden. Jedoch gibt es nur eine sehr begrenzte Auswahl an E-Books, Download-Musik, Streaming-Videos oder gef\u00fchrte &hellip; <a href=\"https:\/\/heilerakademie.eu\/?page_id=404\">Weiterlesen <span class=\"meta-nav\">&rarr;<\/span><\/a><\/p>\n","protected":false},"author":1,"featured_media":0,"parent":0,"menu_order":0,"comment_status":"closed","ping_status":"closed","template":"","meta":{"footnotes":""},"class_list":["post-404","page","type-page","status-publish","hentry"],"yoast_head":"<!-- This site is optimized with the Yoast SEO plugin v27.4 - https:\/\/yoast.com\/product\/yoast-seo-wordpress\/ -->\n<title>Download-Center - HEILERAKADEMIE EUROPA<\/title>\n<meta name=\"robots\" content=\"index, follow, max-snippet:-1, max-image-preview:large, max-video-preview:-1\" \/>\n<link rel=\"canonical\" href=\"https:\/\/heilerakademie.eu\/?page_id=404\" \/>\n<meta property=\"og:locale\" content=\"de_DE\" \/>\n<meta property=\"og:type\" content=\"article\" \/>\n<meta property=\"og:title\" content=\"Download-Center - HEILERAKADEMIE EUROPA\" \/>\n<meta property=\"og:description\" content=\"In unseren\u00a0Seminaren und Ausbildungsreihen, z.B. zum Energetiker und Lebenslehrer, empfehlen wir stets eine Vielzahl von B\u00fcchern und Meditationsmusik, die wir selbst gelesen und f\u00fcr wertvoll empfinden. Jedoch gibt es nur eine sehr begrenzte Auswahl an E-Books, Download-Musik, Streaming-Videos oder gef\u00fchrte &hellip; Weiterlesen &rarr;\" \/>\n<meta property=\"og:url\" content=\"https:\/\/heilerakademie.eu\/?page_id=404\" \/>\n<meta property=\"og:site_name\" content=\"HEILERAKADEMIE EUROPA\" \/>\n<meta property=\"article:modified_time\" content=\"2017-09-29T07:40:03+00:00\" \/>\n<meta property=\"og:image\" content=\"https:\/\/heilerakademie.eu\/wp-content\/uploads\/2016\/01\/spirituelles-Portal-300x182.jpg\" \/>\n<meta name=\"twitter:label1\" content=\"Gesch\u00e4tzte Lesezeit\" \/>\n\t<meta name=\"twitter:data1\" content=\"1\u00a0Minute\" \/>\n<script type=\"application\/ld+json\" class=\"yoast-schema-graph\">{\"@context\":\"https:\\\/\\\/schema.org\",\"@graph\":[{\"@type\":\"WebPage\",\"@id\":\"https:\\\/\\\/heilerakademie.eu\\\/?page_id=404\",\"url\":\"https:\\\/\\\/heilerakademie.eu\\\/?page_id=404\",\"name\":\"Download-Center - HEILERAKADEMIE EUROPA\",\"isPartOf\":{\"@id\":\"https:\\\/\\\/heilerakademie.eu\\\/#website\"},\"primaryImageOfPage\":{\"@id\":\"https:\\\/\\\/heilerakademie.eu\\\/?page_id=404#primaryimage\"},\"image\":{\"@id\":\"https:\\\/\\\/heilerakademie.eu\\\/?page_id=404#primaryimage\"},\"thumbnailUrl\":\"https:\\\/\\\/heilerakademie.eu\\\/wp-content\\\/uploads\\\/2016\\\/01\\\/spirituelles-Portal-300x182.jpg\",\"datePublished\":\"2016-01-22T15:52:44+00:00\",\"dateModified\":\"2017-09-29T07:40:03+00:00\",\"breadcrumb\":{\"@id\":\"https:\\\/\\\/heilerakademie.eu\\\/?page_id=404#breadcrumb\"},\"inLanguage\":\"de\",\"potentialAction\":[{\"@type\":\"ReadAction\",\"target\":[\"https:\\\/\\\/heilerakademie.eu\\\/?page_id=404\"]}]},{\"@type\":\"ImageObject\",\"inLanguage\":\"de\",\"@id\":\"https:\\\/\\\/heilerakademie.eu\\\/?page_id=404#primaryimage\",\"url\":\"https:\\\/\\\/heilerakademie.eu\\\/wp-content\\\/uploads\\\/2016\\\/01\\\/spirituelles-Portal.jpg\",\"contentUrl\":\"https:\\\/\\\/heilerakademie.eu\\\/wp-content\\\/uploads\\\/2016\\\/01\\\/spirituelles-Portal.jpg\",\"width\":998,\"height\":605},{\"@type\":\"BreadcrumbList\",\"@id\":\"https:\\\/\\\/heilerakademie.eu\\\/?page_id=404#breadcrumb\",\"itemListElement\":[{\"@type\":\"ListItem\",\"position\":1,\"name\":\"Home\",\"item\":\"https:\\\/\\\/heilerakademie.eu\\\/\"},{\"@type\":\"ListItem\",\"position\":2,\"name\":\"Download-Center\"}]},{\"@type\":\"WebSite\",\"@id\":\"https:\\\/\\\/heilerakademie.eu\\\/#website\",\"url\":\"https:\\\/\\\/heilerakademie.eu\\\/\",\"name\":\"HEILERAKADEMIE EUROPA\",\"description\":\"Akademie f\u00fcr Alternative Heilungsmethoden und Energiemedizin\",\"potentialAction\":[{\"@type\":\"SearchAction\",\"target\":{\"@type\":\"EntryPoint\",\"urlTemplate\":\"https:\\\/\\\/heilerakademie.eu\\\/?s={search_term_string}\"},\"query-input\":{\"@type\":\"PropertyValueSpecification\",\"valueRequired\":true,\"valueName\":\"search_term_string\"}}],\"inLanguage\":\"de\"}]}<\/script>\n<!-- \/ Yoast SEO plugin. -->","yoast_head_json":{"title":"Download-Center - HEILERAKADEMIE EUROPA","robots":{"index":"index","follow":"follow","max-snippet":"max-snippet:-1","max-image-preview":"max-image-preview:large","max-video-preview":"max-video-preview:-1"},"canonical":"https:\/\/heilerakademie.eu\/?page_id=404","og_locale":"de_DE","og_type":"article","og_title":"Download-Center - HEILERAKADEMIE EUROPA","og_description":"In unseren\u00a0Seminaren und Ausbildungsreihen, z.B. zum Energetiker und Lebenslehrer, empfehlen wir stets eine Vielzahl von B\u00fcchern und Meditationsmusik, die wir selbst gelesen und f\u00fcr wertvoll empfinden. Jedoch gibt es nur eine sehr begrenzte Auswahl an E-Books, Download-Musik, Streaming-Videos oder gef\u00fchrte &hellip; Weiterlesen &rarr;","og_url":"https:\/\/heilerakademie.eu\/?page_id=404","og_site_name":"HEILERAKADEMIE EUROPA","article_modified_time":"2017-09-29T07:40:03+00:00","og_image":[{"url":"https:\/\/heilerakademie.eu\/wp-content\/uploads\/2016\/01\/spirituelles-Portal-300x182.jpg","type":"","width":"","height":""}],"twitter_misc":{"Gesch\u00e4tzte Lesezeit":"1\u00a0Minute"},"schema":{"@context":"https:\/\/schema.org","@graph":[{"@type":"WebPage","@id":"https:\/\/heilerakademie.eu\/?page_id=404","url":"https:\/\/heilerakademie.eu\/?page_id=404","name":"Download-Center - HEILERAKADEMIE EUROPA","isPartOf":{"@id":"https:\/\/heilerakademie.eu\/#website"},"primaryImageOfPage":{"@id":"https:\/\/heilerakademie.eu\/?page_id=404#primaryimage"},"image":{"@id":"https:\/\/heilerakademie.eu\/?page_id=404#primaryimage"},"thumbnailUrl":"https:\/\/heilerakademie.eu\/wp-content\/uploads\/2016\/01\/spirituelles-Portal-300x182.jpg","datePublished":"2016-01-22T15:52:44+00:00","dateModified":"2017-09-29T07:40:03+00:00","breadcrumb":{"@id":"https:\/\/heilerakademie.eu\/?page_id=404#breadcrumb"},"inLanguage":"de","potentialAction":[{"@type":"ReadAction","target":["https:\/\/heilerakademie.eu\/?page_id=404"]}]},{"@type":"ImageObject","inLanguage":"de","@id":"https:\/\/heilerakademie.eu\/?page_id=404#primaryimage","url":"https:\/\/heilerakademie.eu\/wp-content\/uploads\/2016\/01\/spirituelles-Portal.jpg","contentUrl":"https:\/\/heilerakademie.eu\/wp-content\/uploads\/2016\/01\/spirituelles-Portal.jpg","width":998,"height":605},{"@type":"BreadcrumbList","@id":"https:\/\/heilerakademie.eu\/?page_id=404#breadcrumb","itemListElement":[{"@type":"ListItem","position":1,"name":"Home","item":"https:\/\/heilerakademie.eu\/"},{"@type":"ListItem","position":2,"name":"Download-Center"}]},{"@type":"WebSite","@id":"https:\/\/heilerakademie.eu\/#website","url":"https:\/\/heilerakademie.eu\/","name":"HEILERAKADEMIE EUROPA","description":"Akademie f\u00fcr Alternative Heilungsmethoden und Energiemedizin","potentialAction":[{"@type":"SearchAction","target":{"@type":"EntryPoint","urlTemplate":"https:\/\/heilerakademie.eu\/?s={search_term_string}"},"query-input":{"@type":"PropertyValueSpecification","valueRequired":true,"valueName":"search_term_string"}}],"inLanguage":"de"}]}},"_links":{"self":[{"href":"https:\/\/heilerakademie.eu\/index.php?rest_route=\/wp\/v2\/pages\/404","targetHints":{"allow":["GET"]}}],"collection":[{"href":"https:\/\/heilerakademie.eu\/index.php?rest_route=\/wp\/v2\/pages"}],"about":[{"href":"https:\/\/heilerakademie.eu\/index.php?rest_route=\/wp\/v2\/types\/page"}],"author":[{"embeddable":true,"href":"https:\/\/heilerakademie.eu\/index.php?rest_route=\/wp\/v2\/users\/1"}],"replies":[{"embeddable":true,"href":"https:\/\/heilerakademie.eu\/index.php?rest_route=%2Fwp%2Fv2%2Fcomments&post=404"}],"version-history":[{"count":4,"href":"https:\/\/heilerakademie.eu\/index.php?rest_route=\/wp\/v2\/pages\/404\/revisions"}],"predecessor-version":[{"id":916,"href":"https:\/\/heilerakademie.eu\/index.php?rest_route=\/wp\/v2\/pages\/404\/revisions\/916"}],"wp:attachment":[{"href":"https:\/\/heilerakademie.eu\/index.php?rest_route=%2Fwp%2Fv2%2Fmedia&parent=404"}],"curies":[{"name":"wp","href":"https:\/\/api.w.org\/{rel}","templated":true}]}}