{"id":410,"date":"2016-01-22T16:52:21","date_gmt":"2016-01-22T16:52:21","guid":{"rendered":"http:\/\/heilerakademieeuropa.apps-1and1.net\/?page_id=410"},"modified":"2017-09-29T07:41:26","modified_gmt":"2017-09-29T07:41:26","slug":"online-shops","status":"publish","type":"page","link":"https:\/\/heilerakademie.eu\/?page_id=410","title":{"rendered":"Online-Shops"},"content":{"rendered":"<div id=\"attachment_415\" style=\"width: 310px\" class=\"wp-caption alignright\"><a href=\"http:\/\/www.makani-multimedia.com\/\" target=\"_blank\" rel=\"noopener\"><img loading=\"lazy\" decoding=\"async\" aria-describedby=\"caption-attachment-415\" class=\"wp-image-415 size-medium\" src=\"https:\/\/heilerakademie.eu\/wp-content\/uploads\/2016\/01\/Makani-300x175.jpg\" alt=\"Makani\" width=\"300\" height=\"175\" srcset=\"https:\/\/heilerakademie.eu\/wp-content\/uploads\/2016\/01\/Makani-300x175.jpg 300w, https:\/\/heilerakademie.eu\/wp-content\/uploads\/2016\/01\/Makani-768x449.jpg 768w, https:\/\/heilerakademie.eu\/wp-content\/uploads\/2016\/01\/Makani-1024x598.jpg 1024w, https:\/\/heilerakademie.eu\/wp-content\/uploads\/2016\/01\/Makani.jpg 1099w\" sizes=\"auto, (max-width: 300px) 100vw, 300px\" \/><\/a><p id=\"caption-attachment-415\" class=\"wp-caption-text\">Hier geht es gleich zu unserem <a href=\"http:\/\/www.makani-multimedia.com\/\" target=\"_blank\" rel=\"noopener\">Makani-Online-Shop<\/a><\/p><\/div>\n<p>In unseren <strong>diversen Online-Shops<\/strong> k\u00f6nnen Sie schnell und bequem die Ver\u00f6ffentlichungen und Produkte unserer Referenten und Dozenten als auch befreundeter K\u00fcnstler, Autoren, Filmproduzenten, Musiker etc. oft zu sehr g\u00fcnstigen Sonderkonditionen bestellen.<br \/>\nAlle in diesen Shops befindlichen Produkte k\u00f6nnen von uns pers\u00f6nlich empfohlen werden.<\/p>\n<ul>\n<li><a href=\"http:\/\/www.makani-multimedia.com\/\" target=\"_blank\" rel=\"noopener\"><strong>MAKANI-MULTIMEDIA-SHOP<\/strong>:<\/a> Unser eigener Online-Shop mit DVDs und Musik, die wir selbst produziert haben.<\/li>\n<li><strong><a href=\"http:\/\/www.spirituelles-portal.com\/\" target=\"_blank\" rel=\"noopener\">SPIRITUELLES DOWNLOAD-PORTAL:<\/a><\/strong> Das Download-Portal f\u00fcr spirituelle B\u00fccher, gef\u00fchrte Meditationen, Mantras, Filme und Musik. Viele der dort enthaltenen Artikel wurden von der Heilerakademie selbst produziert<\/li>\n<li><strong><a href=\"http:\/\/astore.amazon.de\/spirituellefilme-21\" target=\"_blank\" rel=\"noopener\">SPIRITUELLE FILME<\/a><\/strong> \u2013 Movies for a spiritual world, Lebensweisheiten, Lehren, Esoterik, Dokumentation, Heilung<\/li>\n<li><strong><a href=\"http:\/\/astore.amazon.de\/a5020-21\" target=\"_blank\" rel=\"noopener\">SPIRITUELLE B\u00dcCHER &amp; MORE<\/a><\/strong> \u2013 Die ganze Welt der Spiritualit\u00e4t \u2013 Die pers\u00f6nlichen Empfehlungen der AKADEMIE EUROPA<\/li>\n<\/ul>\n","protected":false},"excerpt":{"rendered":"<p>In unseren diversen Online-Shops k\u00f6nnen Sie schnell und bequem die Ver\u00f6ffentlichungen und Produkte unserer Referenten und Dozenten als auch befreundeter K\u00fcnstler, Autoren, Filmproduzenten, Musiker etc. oft zu sehr g\u00fcnstigen Sonderkonditionen bestellen. Alle in diesen Shops befindlichen Produkte k\u00f6nnen von uns &hellip; <a href=\"https:\/\/heilerakademie.eu\/?page_id=410\">Weiterlesen <span class=\"meta-nav\">&rarr;<\/span><\/a><\/p>\n","protected":false},"author":1,"featured_media":0,"parent":0,"menu_order":0,"comment_status":"closed","ping_status":"closed","template":"","meta":{"footnotes":""},"class_list":["post-410","page","type-page","status-publish","hentry"],"yoast_head":"<!-- This site is optimized with the Yoast SEO plugin v27.4 - https:\/\/yoast.com\/product\/yoast-seo-wordpress\/ -->\n<title>Online-Shops - HEILERAKADEMIE EUROPA<\/title>\n<meta name=\"robots\" content=\"index, follow, max-snippet:-1, max-image-preview:large, max-video-preview:-1\" \/>\n<link rel=\"canonical\" href=\"https:\/\/heilerakademie.eu\/?page_id=410\" \/>\n<meta property=\"og:locale\" content=\"de_DE\" \/>\n<meta property=\"og:type\" content=\"article\" \/>\n<meta property=\"og:title\" content=\"Online-Shops - HEILERAKADEMIE EUROPA\" \/>\n<meta property=\"og:description\" content=\"In unseren diversen Online-Shops k\u00f6nnen Sie schnell und bequem die Ver\u00f6ffentlichungen und Produkte unserer Referenten und Dozenten als auch befreundeter K\u00fcnstler, Autoren, Filmproduzenten, Musiker etc. oft zu sehr g\u00fcnstigen Sonderkonditionen bestellen. Alle in diesen Shops befindlichen Produkte k\u00f6nnen von uns &hellip; Weiterlesen &rarr;\" \/>\n<meta property=\"og:url\" content=\"https:\/\/heilerakademie.eu\/?page_id=410\" \/>\n<meta property=\"og:site_name\" content=\"HEILERAKADEMIE EUROPA\" \/>\n<meta property=\"article:modified_time\" content=\"2017-09-29T07:41:26+00:00\" \/>\n<meta property=\"og:image\" content=\"https:\/\/heilerakademie.eu\/wp-content\/uploads\/2016\/01\/Makani-300x175.jpg\" \/>\n<meta name=\"twitter:label1\" content=\"Gesch\u00e4tzte Lesezeit\" \/>\n\t<meta name=\"twitter:data1\" content=\"1\u00a0Minute\" \/>\n<script type=\"application\/ld+json\" class=\"yoast-schema-graph\">{\"@context\":\"https:\\\/\\\/schema.org\",\"@graph\":[{\"@type\":\"WebPage\",\"@id\":\"https:\\\/\\\/heilerakademie.eu\\\/?page_id=410\",\"url\":\"https:\\\/\\\/heilerakademie.eu\\\/?page_id=410\",\"name\":\"Online-Shops - HEILERAKADEMIE EUROPA\",\"isPartOf\":{\"@id\":\"https:\\\/\\\/heilerakademie.eu\\\/#website\"},\"primaryImageOfPage\":{\"@id\":\"https:\\\/\\\/heilerakademie.eu\\\/?page_id=410#primaryimage\"},\"image\":{\"@id\":\"https:\\\/\\\/heilerakademie.eu\\\/?page_id=410#primaryimage\"},\"thumbnailUrl\":\"https:\\\/\\\/heilerakademie.eu\\\/wp-content\\\/uploads\\\/2016\\\/01\\\/Makani-300x175.jpg\",\"datePublished\":\"2016-01-22T16:52:21+00:00\",\"dateModified\":\"2017-09-29T07:41:26+00:00\",\"breadcrumb\":{\"@id\":\"https:\\\/\\\/heilerakademie.eu\\\/?page_id=410#breadcrumb\"},\"inLanguage\":\"de\",\"potentialAction\":[{\"@type\":\"ReadAction\",\"target\":[\"https:\\\/\\\/heilerakademie.eu\\\/?page_id=410\"]}]},{\"@type\":\"ImageObject\",\"inLanguage\":\"de\",\"@id\":\"https:\\\/\\\/heilerakademie.eu\\\/?page_id=410#primaryimage\",\"url\":\"https:\\\/\\\/heilerakademie.eu\\\/wp-content\\\/uploads\\\/2016\\\/01\\\/Makani.jpg\",\"contentUrl\":\"https:\\\/\\\/heilerakademie.eu\\\/wp-content\\\/uploads\\\/2016\\\/01\\\/Makani.jpg\",\"width\":1099,\"height\":642},{\"@type\":\"BreadcrumbList\",\"@id\":\"https:\\\/\\\/heilerakademie.eu\\\/?page_id=410#breadcrumb\",\"itemListElement\":[{\"@type\":\"ListItem\",\"position\":1,\"name\":\"Home\",\"item\":\"https:\\\/\\\/heilerakademie.eu\\\/\"},{\"@type\":\"ListItem\",\"position\":2,\"name\":\"Online-Shops\"}]},{\"@type\":\"WebSite\",\"@id\":\"https:\\\/\\\/heilerakademie.eu\\\/#website\",\"url\":\"https:\\\/\\\/heilerakademie.eu\\\/\",\"name\":\"HEILERAKADEMIE EUROPA\",\"description\":\"Akademie f\u00fcr Alternative Heilungsmethoden und Energiemedizin\",\"potentialAction\":[{\"@type\":\"SearchAction\",\"target\":{\"@type\":\"EntryPoint\",\"urlTemplate\":\"https:\\\/\\\/heilerakademie.eu\\\/?s={search_term_string}\"},\"query-input\":{\"@type\":\"PropertyValueSpecification\",\"valueRequired\":true,\"valueName\":\"search_term_string\"}}],\"inLanguage\":\"de\"}]}<\/script>\n<!-- \/ Yoast SEO plugin. -->","yoast_head_json":{"title":"Online-Shops - HEILERAKADEMIE EUROPA","robots":{"index":"index","follow":"follow","max-snippet":"max-snippet:-1","max-image-preview":"max-image-preview:large","max-video-preview":"max-video-preview:-1"},"canonical":"https:\/\/heilerakademie.eu\/?page_id=410","og_locale":"de_DE","og_type":"article","og_title":"Online-Shops - HEILERAKADEMIE EUROPA","og_description":"In unseren diversen Online-Shops k\u00f6nnen Sie schnell und bequem die Ver\u00f6ffentlichungen und Produkte unserer Referenten und Dozenten als auch befreundeter K\u00fcnstler, Autoren, Filmproduzenten, Musiker etc. oft zu sehr g\u00fcnstigen Sonderkonditionen bestellen. Alle in diesen Shops befindlichen Produkte k\u00f6nnen von uns &hellip; Weiterlesen &rarr;","og_url":"https:\/\/heilerakademie.eu\/?page_id=410","og_site_name":"HEILERAKADEMIE EUROPA","article_modified_time":"2017-09-29T07:41:26+00:00","og_image":[{"url":"https:\/\/heilerakademie.eu\/wp-content\/uploads\/2016\/01\/Makani-300x175.jpg","type":"","width":"","height":""}],"twitter_misc":{"Gesch\u00e4tzte Lesezeit":"1\u00a0Minute"},"schema":{"@context":"https:\/\/schema.org","@graph":[{"@type":"WebPage","@id":"https:\/\/heilerakademie.eu\/?page_id=410","url":"https:\/\/heilerakademie.eu\/?page_id=410","name":"Online-Shops - HEILERAKADEMIE EUROPA","isPartOf":{"@id":"https:\/\/heilerakademie.eu\/#website"},"primaryImageOfPage":{"@id":"https:\/\/heilerakademie.eu\/?page_id=410#primaryimage"},"image":{"@id":"https:\/\/heilerakademie.eu\/?page_id=410#primaryimage"},"thumbnailUrl":"https:\/\/heilerakademie.eu\/wp-content\/uploads\/2016\/01\/Makani-300x175.jpg","datePublished":"2016-01-22T16:52:21+00:00","dateModified":"2017-09-29T07:41:26+00:00","breadcrumb":{"@id":"https:\/\/heilerakademie.eu\/?page_id=410#breadcrumb"},"inLanguage":"de","potentialAction":[{"@type":"ReadAction","target":["https:\/\/heilerakademie.eu\/?page_id=410"]}]},{"@type":"ImageObject","inLanguage":"de","@id":"https:\/\/heilerakademie.eu\/?page_id=410#primaryimage","url":"https:\/\/heilerakademie.eu\/wp-content\/uploads\/2016\/01\/Makani.jpg","contentUrl":"https:\/\/heilerakademie.eu\/wp-content\/uploads\/2016\/01\/Makani.jpg","width":1099,"height":642},{"@type":"BreadcrumbList","@id":"https:\/\/heilerakademie.eu\/?page_id=410#breadcrumb","itemListElement":[{"@type":"ListItem","position":1,"name":"Home","item":"https:\/\/heilerakademie.eu\/"},{"@type":"ListItem","position":2,"name":"Online-Shops"}]},{"@type":"WebSite","@id":"https:\/\/heilerakademie.eu\/#website","url":"https:\/\/heilerakademie.eu\/","name":"HEILERAKADEMIE EUROPA","description":"Akademie f\u00fcr Alternative Heilungsmethoden und Energiemedizin","potentialAction":[{"@type":"SearchAction","target":{"@type":"EntryPoint","urlTemplate":"https:\/\/heilerakademie.eu\/?s={search_term_string}"},"query-input":{"@type":"PropertyValueSpecification","valueRequired":true,"valueName":"search_term_string"}}],"inLanguage":"de"}]}},"_links":{"self":[{"href":"https:\/\/heilerakademie.eu\/index.php?rest_route=\/wp\/v2\/pages\/410","targetHints":{"allow":["GET"]}}],"collection":[{"href":"https:\/\/heilerakademie.eu\/index.php?rest_route=\/wp\/v2\/pages"}],"about":[{"href":"https:\/\/heilerakademie.eu\/index.php?rest_route=\/wp\/v2\/types\/page"}],"author":[{"embeddable":true,"href":"https:\/\/heilerakademie.eu\/index.php?rest_route=\/wp\/v2\/users\/1"}],"replies":[{"embeddable":true,"href":"https:\/\/heilerakademie.eu\/index.php?rest_route=%2Fwp%2Fv2%2Fcomments&post=410"}],"version-history":[{"count":8,"href":"https:\/\/heilerakademie.eu\/index.php?rest_route=\/wp\/v2\/pages\/410\/revisions"}],"predecessor-version":[{"id":917,"href":"https:\/\/heilerakademie.eu\/index.php?rest_route=\/wp\/v2\/pages\/410\/revisions\/917"}],"wp:attachment":[{"href":"https:\/\/heilerakademie.eu\/index.php?rest_route=%2Fwp%2Fv2%2Fmedia&parent=410"}],"curies":[{"name":"wp","href":"https:\/\/api.w.org\/{rel}","templated":true}]}}