{"id":469,"date":"2016-02-07T17:07:12","date_gmt":"2016-02-07T17:07:12","guid":{"rendered":"http:\/\/heilerakademie.eu\/?page_id=469"},"modified":"2017-09-28T17:37:12","modified_gmt":"2017-09-28T17:37:12","slug":"speed-reading","status":"publish","type":"page","link":"https:\/\/heilerakademie.eu\/?page_id=469","title":{"rendered":"Speed Reading"},"content":{"rendered":"<h1>SPEED READING &#8211; Schneller lesen &#8211; besser verstehen &#8211; Mehr behalten!<\/h1>\n<p><strong><img loading=\"lazy\" decoding=\"async\" class=\"alignright size-medium wp-image-906\" src=\"https:\/\/heilerakademie.eu\/wp-content\/uploads\/2016\/02\/person-2595217_1280-300x214.jpg\" alt=\"\" width=\"300\" height=\"214\" srcset=\"https:\/\/heilerakademie.eu\/wp-content\/uploads\/2016\/02\/person-2595217_1280-300x214.jpg 300w, https:\/\/heilerakademie.eu\/wp-content\/uploads\/2016\/02\/person-2595217_1280-768x548.jpg 768w, https:\/\/heilerakademie.eu\/wp-content\/uploads\/2016\/02\/person-2595217_1280-1024x730.jpg 1024w, https:\/\/heilerakademie.eu\/wp-content\/uploads\/2016\/02\/person-2595217_1280.jpg 1280w\" sizes=\"auto, (max-width: 300px) 100vw, 300px\" \/>Liest Du noch oder fliegst Du schon?<br \/>\nSchneller lesen &#8211; besser verstehen &#8211; mehr behalten &#8211; Wirklich!<\/strong><\/p>\n<p><em><a href=\"http:\/\/www.akua-events.com\/\"><strong>Im Veranstaltungskalender finden Sie die aktuellen Veranstaltungstermine!<\/strong><\/a><\/em><\/p>\n<p><strong>Ihre Lizenz zum Lesen.<\/strong> Wir lesen t\u00e4glich mehrere Stunden: im B\u00fcro und privat, f\u00fcr die Pr\u00fcfung, zur Information und zur Entspannung. 200 W\u00f6rter pro Minute bew\u00e4ltigt der Durchschnittsleser &#8211; viel zu wenig, um eigene W\u00fcnsche und fremde Anforderungen zu erf\u00fcllen. Dabei ist ein Mehrfaches davon m\u00f6glich, ja, ein schnelleres Lesetempo ist sogar die Voraussetzung f\u00fcr besseres Textverst\u00e4ndnis und h\u00f6here Konzentration.<\/p>\n<p><strong>Wolfgang T. M\u00fcller<\/strong> erkl\u00e4rt anhand anschaulicher Beispiele und praktischer, medialer\u00a0\u00dcbungen, wie besseres Lesen funktioniert, wie Sie die Hauptlesefehler vermeiden k\u00f6nnen und wie das Zusammenspiel von guten Techniken zu erfolgreichem Lesen f\u00fchrt.<\/p>\n<blockquote><p><em>&#8222;Eine gro\u00dfartige Sache. Wie man einen Roman in 57 Minuten lesen und den Inhalt behalten kann. Beeindruckend!&#8220;<\/em> (G\u00fcnther Jauch)<\/p><\/blockquote>\n<p><strong>Seminarinhalt:<\/strong><\/p>\n<p>&#8211; Lesegeschwindigkeit und Textverst\u00e4ndnis inkl. Einstiegstest zur Ermittling der eigenen, aktuellen Lesegeschwindigkeit.<br \/>\n&#8211; Ihre erstaunlichen Augen<br \/>\n&#8211; Superkonzentration und Textverst\u00e4ndnis<br \/>\n&#8211; Entwickeln Sie Ihre fortgeschrittenen Lesef\u00e4higkeiten<br \/>\n&#8211; Der Weg zum Meisterleser<\/p>\n<p><strong>Seminargeb\u00fchr:\u00a02 Tage: 365,00 EUR<\/strong><\/p>\n<p><strong>ACHTUNG:<\/strong> teilnehmende Familienangeh\u00f6rige aus gleichem Haushalt (Tochter, Sohn) oder Lebenspartner erhalten 25 % Erm\u00e4\u00dfigung<\/p>\n<p><strong>EINZIGARTIG:<\/strong> Wiederholer der Seminare von Wolfgang T. M\u00fcller k\u00f6nnen die Seminare kostenlos besuchen, soweit diese mindestens einen neuen, vollzahlenden Teilnehmer mitbringen, ansonsten zahlen Wiederholer grunds\u00e4tzlich nur noch 50 % der ausgeschriebenen Seminargeb\u00fchr (soweit noch Platz ist).<\/p>\n<p><strong>Weiterhin:<\/strong> Dieses Seminar kann jederzeit von interessierten Gruppen \u00fcberall in Deutschland, \u00d6sterreich und der deutschsprachigen Schweiz individuell gebucht werden.<br \/>\nTermine nach Absprache. Ich komme zu Ihnen, wenn Sie mindestens 10 Teilnehmer und den Seminarraum organisieren. Die Teilnahme am Seminar ist dann f\u00fcr den \u00f6rtlichen Organisator kostenfrei.<\/p>\n<p><a href=\"http:\/\/www.akua-events.com\/\" target=\"_blank\" rel=\"noopener\"><strong>Im Veranstaltungskalender finden Sie die aktuellen Veranstaltungstermine!<\/strong><\/a><\/p>\n","protected":false},"excerpt":{"rendered":"<p>SPEED READING &#8211; Schneller lesen &#8211; besser verstehen &#8211; Mehr behalten! Liest Du noch oder fliegst Du schon? Schneller lesen &#8211; besser verstehen &#8211; mehr behalten &#8211; Wirklich! Im Veranstaltungskalender finden Sie die aktuellen Veranstaltungstermine! Ihre Lizenz zum Lesen. Wir &hellip; <a href=\"https:\/\/heilerakademie.eu\/?page_id=469\">Weiterlesen <span class=\"meta-nav\">&rarr;<\/span><\/a><\/p>\n","protected":false},"author":1,"featured_media":0,"parent":0,"menu_order":0,"comment_status":"closed","ping_status":"closed","template":"","meta":{"footnotes":""},"class_list":["post-469","page","type-page","status-publish","hentry"],"yoast_head":"<!-- This site is optimized with the Yoast SEO plugin v27.4 - https:\/\/yoast.com\/product\/yoast-seo-wordpress\/ -->\n<title>Speed Reading - HEILERAKADEMIE EUROPA<\/title>\n<meta name=\"robots\" content=\"index, follow, max-snippet:-1, max-image-preview:large, max-video-preview:-1\" \/>\n<link rel=\"canonical\" href=\"https:\/\/heilerakademie.eu\/?page_id=469\" \/>\n<meta property=\"og:locale\" content=\"de_DE\" \/>\n<meta property=\"og:type\" content=\"article\" \/>\n<meta property=\"og:title\" content=\"Speed Reading - HEILERAKADEMIE EUROPA\" \/>\n<meta property=\"og:description\" content=\"SPEED READING &#8211; Schneller lesen &#8211; besser verstehen &#8211; Mehr behalten! Liest Du noch oder fliegst Du schon? Schneller lesen &#8211; besser verstehen &#8211; mehr behalten &#8211; Wirklich! Im Veranstaltungskalender finden Sie die aktuellen Veranstaltungstermine! Ihre Lizenz zum Lesen. Wir &hellip; Weiterlesen &rarr;\" \/>\n<meta property=\"og:url\" content=\"https:\/\/heilerakademie.eu\/?page_id=469\" \/>\n<meta property=\"og:site_name\" content=\"HEILERAKADEMIE EUROPA\" \/>\n<meta property=\"article:modified_time\" content=\"2017-09-28T17:37:12+00:00\" \/>\n<meta property=\"og:image\" content=\"https:\/\/heilerakademie.eu\/wp-content\/uploads\/2016\/02\/person-2595217_1280-300x214.jpg\" \/>\n<meta name=\"twitter:label1\" content=\"Gesch\u00e4tzte Lesezeit\" \/>\n\t<meta name=\"twitter:data1\" content=\"2\u00a0Minuten\" \/>\n<script type=\"application\/ld+json\" class=\"yoast-schema-graph\">{\"@context\":\"https:\\\/\\\/schema.org\",\"@graph\":[{\"@type\":\"WebPage\",\"@id\":\"https:\\\/\\\/heilerakademie.eu\\\/?page_id=469\",\"url\":\"https:\\\/\\\/heilerakademie.eu\\\/?page_id=469\",\"name\":\"Speed Reading - HEILERAKADEMIE EUROPA\",\"isPartOf\":{\"@id\":\"https:\\\/\\\/heilerakademie.eu\\\/#website\"},\"primaryImageOfPage\":{\"@id\":\"https:\\\/\\\/heilerakademie.eu\\\/?page_id=469#primaryimage\"},\"image\":{\"@id\":\"https:\\\/\\\/heilerakademie.eu\\\/?page_id=469#primaryimage\"},\"thumbnailUrl\":\"https:\\\/\\\/heilerakademie.eu\\\/wp-content\\\/uploads\\\/2016\\\/02\\\/person-2595217_1280-300x214.jpg\",\"datePublished\":\"2016-02-07T17:07:12+00:00\",\"dateModified\":\"2017-09-28T17:37:12+00:00\",\"breadcrumb\":{\"@id\":\"https:\\\/\\\/heilerakademie.eu\\\/?page_id=469#breadcrumb\"},\"inLanguage\":\"de\",\"potentialAction\":[{\"@type\":\"ReadAction\",\"target\":[\"https:\\\/\\\/heilerakademie.eu\\\/?page_id=469\"]}]},{\"@type\":\"ImageObject\",\"inLanguage\":\"de\",\"@id\":\"https:\\\/\\\/heilerakademie.eu\\\/?page_id=469#primaryimage\",\"url\":\"https:\\\/\\\/heilerakademie.eu\\\/wp-content\\\/uploads\\\/2016\\\/02\\\/person-2595217_1280.jpg\",\"contentUrl\":\"https:\\\/\\\/heilerakademie.eu\\\/wp-content\\\/uploads\\\/2016\\\/02\\\/person-2595217_1280.jpg\",\"width\":1280,\"height\":913},{\"@type\":\"BreadcrumbList\",\"@id\":\"https:\\\/\\\/heilerakademie.eu\\\/?page_id=469#breadcrumb\",\"itemListElement\":[{\"@type\":\"ListItem\",\"position\":1,\"name\":\"Home\",\"item\":\"https:\\\/\\\/heilerakademie.eu\\\/\"},{\"@type\":\"ListItem\",\"position\":2,\"name\":\"Speed Reading\"}]},{\"@type\":\"WebSite\",\"@id\":\"https:\\\/\\\/heilerakademie.eu\\\/#website\",\"url\":\"https:\\\/\\\/heilerakademie.eu\\\/\",\"name\":\"HEILERAKADEMIE EUROPA\",\"description\":\"Akademie f\u00fcr Alternative Heilungsmethoden und Energiemedizin\",\"potentialAction\":[{\"@type\":\"SearchAction\",\"target\":{\"@type\":\"EntryPoint\",\"urlTemplate\":\"https:\\\/\\\/heilerakademie.eu\\\/?s={search_term_string}\"},\"query-input\":{\"@type\":\"PropertyValueSpecification\",\"valueRequired\":true,\"valueName\":\"search_term_string\"}}],\"inLanguage\":\"de\"}]}<\/script>\n<!-- \/ Yoast SEO plugin. -->","yoast_head_json":{"title":"Speed Reading - HEILERAKADEMIE EUROPA","robots":{"index":"index","follow":"follow","max-snippet":"max-snippet:-1","max-image-preview":"max-image-preview:large","max-video-preview":"max-video-preview:-1"},"canonical":"https:\/\/heilerakademie.eu\/?page_id=469","og_locale":"de_DE","og_type":"article","og_title":"Speed Reading - HEILERAKADEMIE EUROPA","og_description":"SPEED READING &#8211; Schneller lesen &#8211; besser verstehen &#8211; Mehr behalten! Liest Du noch oder fliegst Du schon? Schneller lesen &#8211; besser verstehen &#8211; mehr behalten &#8211; Wirklich! Im Veranstaltungskalender finden Sie die aktuellen Veranstaltungstermine! Ihre Lizenz zum Lesen. Wir &hellip; Weiterlesen &rarr;","og_url":"https:\/\/heilerakademie.eu\/?page_id=469","og_site_name":"HEILERAKADEMIE EUROPA","article_modified_time":"2017-09-28T17:37:12+00:00","og_image":[{"url":"https:\/\/heilerakademie.eu\/wp-content\/uploads\/2016\/02\/person-2595217_1280-300x214.jpg","type":"","width":"","height":""}],"twitter_misc":{"Gesch\u00e4tzte Lesezeit":"2\u00a0Minuten"},"schema":{"@context":"https:\/\/schema.org","@graph":[{"@type":"WebPage","@id":"https:\/\/heilerakademie.eu\/?page_id=469","url":"https:\/\/heilerakademie.eu\/?page_id=469","name":"Speed Reading - HEILERAKADEMIE EUROPA","isPartOf":{"@id":"https:\/\/heilerakademie.eu\/#website"},"primaryImageOfPage":{"@id":"https:\/\/heilerakademie.eu\/?page_id=469#primaryimage"},"image":{"@id":"https:\/\/heilerakademie.eu\/?page_id=469#primaryimage"},"thumbnailUrl":"https:\/\/heilerakademie.eu\/wp-content\/uploads\/2016\/02\/person-2595217_1280-300x214.jpg","datePublished":"2016-02-07T17:07:12+00:00","dateModified":"2017-09-28T17:37:12+00:00","breadcrumb":{"@id":"https:\/\/heilerakademie.eu\/?page_id=469#breadcrumb"},"inLanguage":"de","potentialAction":[{"@type":"ReadAction","target":["https:\/\/heilerakademie.eu\/?page_id=469"]}]},{"@type":"ImageObject","inLanguage":"de","@id":"https:\/\/heilerakademie.eu\/?page_id=469#primaryimage","url":"https:\/\/heilerakademie.eu\/wp-content\/uploads\/2016\/02\/person-2595217_1280.jpg","contentUrl":"https:\/\/heilerakademie.eu\/wp-content\/uploads\/2016\/02\/person-2595217_1280.jpg","width":1280,"height":913},{"@type":"BreadcrumbList","@id":"https:\/\/heilerakademie.eu\/?page_id=469#breadcrumb","itemListElement":[{"@type":"ListItem","position":1,"name":"Home","item":"https:\/\/heilerakademie.eu\/"},{"@type":"ListItem","position":2,"name":"Speed Reading"}]},{"@type":"WebSite","@id":"https:\/\/heilerakademie.eu\/#website","url":"https:\/\/heilerakademie.eu\/","name":"HEILERAKADEMIE EUROPA","description":"Akademie f\u00fcr Alternative Heilungsmethoden und Energiemedizin","potentialAction":[{"@type":"SearchAction","target":{"@type":"EntryPoint","urlTemplate":"https:\/\/heilerakademie.eu\/?s={search_term_string}"},"query-input":{"@type":"PropertyValueSpecification","valueRequired":true,"valueName":"search_term_string"}}],"inLanguage":"de"}]}},"_links":{"self":[{"href":"https:\/\/heilerakademie.eu\/index.php?rest_route=\/wp\/v2\/pages\/469","targetHints":{"allow":["GET"]}}],"collection":[{"href":"https:\/\/heilerakademie.eu\/index.php?rest_route=\/wp\/v2\/pages"}],"about":[{"href":"https:\/\/heilerakademie.eu\/index.php?rest_route=\/wp\/v2\/types\/page"}],"author":[{"embeddable":true,"href":"https:\/\/heilerakademie.eu\/index.php?rest_route=\/wp\/v2\/users\/1"}],"replies":[{"embeddable":true,"href":"https:\/\/heilerakademie.eu\/index.php?rest_route=%2Fwp%2Fv2%2Fcomments&post=469"}],"version-history":[{"count":3,"href":"https:\/\/heilerakademie.eu\/index.php?rest_route=\/wp\/v2\/pages\/469\/revisions"}],"predecessor-version":[{"id":907,"href":"https:\/\/heilerakademie.eu\/index.php?rest_route=\/wp\/v2\/pages\/469\/revisions\/907"}],"wp:attachment":[{"href":"https:\/\/heilerakademie.eu\/index.php?rest_route=%2Fwp%2Fv2%2Fmedia&parent=469"}],"curies":[{"name":"wp","href":"https:\/\/api.w.org\/{rel}","templated":true}]}}