{"id":508,"date":"2016-02-16T15:47:11","date_gmt":"2016-02-16T15:47:11","guid":{"rendered":"http:\/\/heilerakademie.eu\/?page_id=508"},"modified":"2016-06-13T14:41:32","modified_gmt":"2016-06-13T14:41:32","slug":"bildungsfinanzierung","status":"publish","type":"page","link":"https:\/\/heilerakademie.eu\/?page_id=508","title":{"rendered":"Bildungsfinanzierung"},"content":{"rendered":"<header class=\"entry-header\">Ab sofort k\u00f6nnen Interessenten der gro\u00dfen <strong>Heilerausbildung zum Humanenergetiker der Heilerakademie Europa <\/strong>durch direkte Kooperationen mit verschiedenen Finanzierungsinstituten ihre Bildungskosten zu 100 % finanzieren lassen.<\/header>\n<div class=\"entry-content\">\n<p><strong>Bildungs-Darlehen f\u00fcr unseren gesamten wochenendorientierten, berufsbegleiteten Lehrgang zum Humanenergetiker (\u00fcber 200 Unterrichtseinheiten) <\/strong><\/p>\n<p>Voraussetzung hierf\u00fcr ist die verbindliche Buchung des Gesamtlehrgangs \u00a0im Wert von 4.800 EUR.\u00a0Das Bildungsdarlehen wird mit einer Summe z.B. von 5.000 EUR gew\u00e4hrt (Darlehnsuntergrenze). Die Seminargeb\u00fchr in H\u00f6he von 4.800 EUR wird an uns ausbezahlt, die Restsumme von z.B. 200 EUR wird direkt an den Kursteilnehmer f\u00fcr Skripten, B\u00fccher etc. ausbezahlt.<\/p>\n<p>In diesem Beispiel bei einem Bildungsdarlehensbetrag in H\u00f6he von 5.000 EUR bleiben die ersten 6 Monate r\u00fcckzahlungsfrei, danach betr\u00e4gt z.B. die monatliche Rate nur 100 EUR.<\/p>\n<p><strong>Ben\u00f6tigen Sie eine h\u00f6here Darlehenssumme<\/strong>, weil Sie z.B. auch die Fahrtkosten, \u00dcbernachtungs- und Verpflegungskosten mit einbeziehen wollen, so ist auch dies m\u00f6glich. Ein individuelles, vertrauliches Gespr\u00e4ch zeigt Ihnen alle M\u00f6glichkeiten auch der bequemen R\u00fcckzahlung.<\/p>\n<p>In \u00d6sterreich werden insbesondere Bildungsdarlehen sehr g\u00fcnstig vergeben von verschiedenen Instituten.<\/p>\n<p><strong>Voraussetzungen f\u00fcr die Vergabe sind lediglich folgende Kriterien:<\/strong><\/p>\n<ul>\n<li>\u00d6sterreichische Staatsb\u00fcrgerschaft (oder EU-B\u00fcrger mit einem Aufenthalt seit mindestens 6 Jahren in \u00d6sterreich)<\/li>\n<li>laufendes Einkommen aus unselbstst\u00e4ndiger T\u00e4tigkeit,<\/li>\n<li>unbefristetes, ungek\u00fcndigtes Dienstverh\u00e4ltnis.<\/li>\n<li>Die berufliche T\u00e4tigkeit muss auch w\u00e4hrend \u00a0der Ausbildung gegeben sein.<\/li>\n<li>Laufende Inskriptionsbest\u00e4tigungen erforderlich.<\/li>\n<\/ul>\n<p>Die Kreditabteilung der Bank \/ Bausparkasse\u00a0bewertet dann schnell und unkompliziert die Bonit\u00e4t des Antragsteller auf Grund seines Einkommen und der laufenden Ausgaben bzw. eventuellen Zahlungsverpflichtungen.<br \/>\nDieses Darlehen mit g\u00fcnstigen Konditionen und einer leistbaren Rate und auch der unkomplizierten Tilgungsm\u00f6glichkeit wird dann\u00a0gerne, nach Pr\u00fcfung der obigen Punkte, zur Verf\u00fcgung\u00a0gestellt.<\/p>\n<p><strong><a href=\"http:\/\/akua-events.at\/?page_id=169\">Scheuen Sie sich also nicht, uns anzusprechen.<\/a><\/strong> Bildung wird in \u00d6sterreich besonders gerne finanziert. Es ist eine Investition in die Zukunft.<\/p>\n<h3>Ihre Vorteile auf einen Blick<\/h3>\n<table border=\"1\" cellspacing=\"0\" cellpadding=\"1\">\n<tbody>\n<tr>\n<td width=\"10%\"><\/td>\n<td>Bis zu 25.000 Euro pro Person oder 50.000 Euro pro Haushalt (2 Personen) m\u00f6glich<\/td>\n<\/tr>\n<tr>\n<td width=\"10%\"><\/td>\n<td>Flexible Laufzeit zwischen 5 und 20 Jahren: Sie passen die Finanzierung Ihren individuellen W\u00fcnschen an<\/td>\n<\/tr>\n<tr>\n<td width=\"10%\"><\/td>\n<td>Garantierter Zinssatz f\u00fcr die ersten 12 Monate bzw. niedriger Einstiegszinssatz in der Zwischendarlehensphase, danach marktgerechte Konditionen<\/td>\n<\/tr>\n<tr>\n<td width=\"10%\"><\/td>\n<td>Einfache und rasche Abwicklung ohne Grundbucheintrag<\/td>\n<\/tr>\n<\/tbody>\n<\/table>\n<\/div>\n","protected":false},"excerpt":{"rendered":"<p>Ab sofort k\u00f6nnen Interessenten der gro\u00dfen Heilerausbildung zum Humanenergetiker der Heilerakademie Europa durch direkte Kooperationen mit verschiedenen Finanzierungsinstituten ihre Bildungskosten zu 100 % finanzieren lassen. Bildungs-Darlehen f\u00fcr unseren gesamten wochenendorientierten, berufsbegleiteten Lehrgang zum Humanenergetiker (\u00fcber 200 Unterrichtseinheiten) Voraussetzung hierf\u00fcr ist &hellip; <a href=\"https:\/\/heilerakademie.eu\/?page_id=508\">Weiterlesen <span class=\"meta-nav\">&rarr;<\/span><\/a><\/p>\n","protected":false},"author":1,"featured_media":0,"parent":0,"menu_order":0,"comment_status":"closed","ping_status":"closed","template":"","meta":{"footnotes":""},"class_list":["post-508","page","type-page","status-publish","hentry"],"yoast_head":"<!-- This site is optimized with the Yoast SEO plugin v27.4 - https:\/\/yoast.com\/product\/yoast-seo-wordpress\/ -->\n<title>Bildungsfinanzierung - HEILERAKADEMIE EUROPA<\/title>\n<meta name=\"robots\" content=\"index, follow, max-snippet:-1, max-image-preview:large, max-video-preview:-1\" \/>\n<link rel=\"canonical\" href=\"https:\/\/heilerakademie.eu\/?page_id=508\" \/>\n<meta property=\"og:locale\" content=\"de_DE\" \/>\n<meta property=\"og:type\" content=\"article\" \/>\n<meta property=\"og:title\" content=\"Bildungsfinanzierung - HEILERAKADEMIE EUROPA\" \/>\n<meta property=\"og:description\" content=\"Ab sofort k\u00f6nnen Interessenten der gro\u00dfen Heilerausbildung zum Humanenergetiker der Heilerakademie Europa durch direkte Kooperationen mit verschiedenen Finanzierungsinstituten ihre Bildungskosten zu 100 % finanzieren lassen. Bildungs-Darlehen f\u00fcr unseren gesamten wochenendorientierten, berufsbegleiteten Lehrgang zum Humanenergetiker (\u00fcber 200 Unterrichtseinheiten) Voraussetzung hierf\u00fcr ist &hellip; Weiterlesen &rarr;\" \/>\n<meta property=\"og:url\" content=\"https:\/\/heilerakademie.eu\/?page_id=508\" \/>\n<meta property=\"og:site_name\" content=\"HEILERAKADEMIE EUROPA\" \/>\n<meta property=\"article:modified_time\" content=\"2016-06-13T14:41:32+00:00\" \/>\n<meta name=\"twitter:label1\" content=\"Gesch\u00e4tzte Lesezeit\" \/>\n\t<meta name=\"twitter:data1\" content=\"2\u00a0Minuten\" \/>\n<script type=\"application\/ld+json\" class=\"yoast-schema-graph\">{\"@context\":\"https:\\\/\\\/schema.org\",\"@graph\":[{\"@type\":\"WebPage\",\"@id\":\"https:\\\/\\\/heilerakademie.eu\\\/?page_id=508\",\"url\":\"https:\\\/\\\/heilerakademie.eu\\\/?page_id=508\",\"name\":\"Bildungsfinanzierung - HEILERAKADEMIE EUROPA\",\"isPartOf\":{\"@id\":\"https:\\\/\\\/heilerakademie.eu\\\/#website\"},\"datePublished\":\"2016-02-16T15:47:11+00:00\",\"dateModified\":\"2016-06-13T14:41:32+00:00\",\"breadcrumb\":{\"@id\":\"https:\\\/\\\/heilerakademie.eu\\\/?page_id=508#breadcrumb\"},\"inLanguage\":\"de\",\"potentialAction\":[{\"@type\":\"ReadAction\",\"target\":[\"https:\\\/\\\/heilerakademie.eu\\\/?page_id=508\"]}]},{\"@type\":\"BreadcrumbList\",\"@id\":\"https:\\\/\\\/heilerakademie.eu\\\/?page_id=508#breadcrumb\",\"itemListElement\":[{\"@type\":\"ListItem\",\"position\":1,\"name\":\"Home\",\"item\":\"https:\\\/\\\/heilerakademie.eu\\\/\"},{\"@type\":\"ListItem\",\"position\":2,\"name\":\"Bildungsfinanzierung\"}]},{\"@type\":\"WebSite\",\"@id\":\"https:\\\/\\\/heilerakademie.eu\\\/#website\",\"url\":\"https:\\\/\\\/heilerakademie.eu\\\/\",\"name\":\"HEILERAKADEMIE EUROPA\",\"description\":\"Akademie f\u00fcr Alternative Heilungsmethoden und Energiemedizin\",\"potentialAction\":[{\"@type\":\"SearchAction\",\"target\":{\"@type\":\"EntryPoint\",\"urlTemplate\":\"https:\\\/\\\/heilerakademie.eu\\\/?s={search_term_string}\"},\"query-input\":{\"@type\":\"PropertyValueSpecification\",\"valueRequired\":true,\"valueName\":\"search_term_string\"}}],\"inLanguage\":\"de\"}]}<\/script>\n<!-- \/ Yoast SEO plugin. -->","yoast_head_json":{"title":"Bildungsfinanzierung - HEILERAKADEMIE EUROPA","robots":{"index":"index","follow":"follow","max-snippet":"max-snippet:-1","max-image-preview":"max-image-preview:large","max-video-preview":"max-video-preview:-1"},"canonical":"https:\/\/heilerakademie.eu\/?page_id=508","og_locale":"de_DE","og_type":"article","og_title":"Bildungsfinanzierung - HEILERAKADEMIE EUROPA","og_description":"Ab sofort k\u00f6nnen Interessenten der gro\u00dfen Heilerausbildung zum Humanenergetiker der Heilerakademie Europa durch direkte Kooperationen mit verschiedenen Finanzierungsinstituten ihre Bildungskosten zu 100 % finanzieren lassen. Bildungs-Darlehen f\u00fcr unseren gesamten wochenendorientierten, berufsbegleiteten Lehrgang zum Humanenergetiker (\u00fcber 200 Unterrichtseinheiten) Voraussetzung hierf\u00fcr ist &hellip; Weiterlesen &rarr;","og_url":"https:\/\/heilerakademie.eu\/?page_id=508","og_site_name":"HEILERAKADEMIE EUROPA","article_modified_time":"2016-06-13T14:41:32+00:00","twitter_misc":{"Gesch\u00e4tzte Lesezeit":"2\u00a0Minuten"},"schema":{"@context":"https:\/\/schema.org","@graph":[{"@type":"WebPage","@id":"https:\/\/heilerakademie.eu\/?page_id=508","url":"https:\/\/heilerakademie.eu\/?page_id=508","name":"Bildungsfinanzierung - HEILERAKADEMIE EUROPA","isPartOf":{"@id":"https:\/\/heilerakademie.eu\/#website"},"datePublished":"2016-02-16T15:47:11+00:00","dateModified":"2016-06-13T14:41:32+00:00","breadcrumb":{"@id":"https:\/\/heilerakademie.eu\/?page_id=508#breadcrumb"},"inLanguage":"de","potentialAction":[{"@type":"ReadAction","target":["https:\/\/heilerakademie.eu\/?page_id=508"]}]},{"@type":"BreadcrumbList","@id":"https:\/\/heilerakademie.eu\/?page_id=508#breadcrumb","itemListElement":[{"@type":"ListItem","position":1,"name":"Home","item":"https:\/\/heilerakademie.eu\/"},{"@type":"ListItem","position":2,"name":"Bildungsfinanzierung"}]},{"@type":"WebSite","@id":"https:\/\/heilerakademie.eu\/#website","url":"https:\/\/heilerakademie.eu\/","name":"HEILERAKADEMIE EUROPA","description":"Akademie f\u00fcr Alternative Heilungsmethoden und Energiemedizin","potentialAction":[{"@type":"SearchAction","target":{"@type":"EntryPoint","urlTemplate":"https:\/\/heilerakademie.eu\/?s={search_term_string}"},"query-input":{"@type":"PropertyValueSpecification","valueRequired":true,"valueName":"search_term_string"}}],"inLanguage":"de"}]}},"_links":{"self":[{"href":"https:\/\/heilerakademie.eu\/index.php?rest_route=\/wp\/v2\/pages\/508","targetHints":{"allow":["GET"]}}],"collection":[{"href":"https:\/\/heilerakademie.eu\/index.php?rest_route=\/wp\/v2\/pages"}],"about":[{"href":"https:\/\/heilerakademie.eu\/index.php?rest_route=\/wp\/v2\/types\/page"}],"author":[{"embeddable":true,"href":"https:\/\/heilerakademie.eu\/index.php?rest_route=\/wp\/v2\/users\/1"}],"replies":[{"embeddable":true,"href":"https:\/\/heilerakademie.eu\/index.php?rest_route=%2Fwp%2Fv2%2Fcomments&post=508"}],"version-history":[{"count":9,"href":"https:\/\/heilerakademie.eu\/index.php?rest_route=\/wp\/v2\/pages\/508\/revisions"}],"predecessor-version":[{"id":594,"href":"https:\/\/heilerakademie.eu\/index.php?rest_route=\/wp\/v2\/pages\/508\/revisions\/594"}],"wp:attachment":[{"href":"https:\/\/heilerakademie.eu\/index.php?rest_route=%2Fwp%2Fv2%2Fmedia&parent=508"}],"curies":[{"name":"wp","href":"https:\/\/api.w.org\/{rel}","templated":true}]}}