{"id":544,"date":"2016-05-16T16:43:57","date_gmt":"2016-05-16T16:43:57","guid":{"rendered":"http:\/\/heilerakademie.eu\/?page_id=544"},"modified":"2018-01-03T18:07:16","modified_gmt":"2018-01-03T18:07:16","slug":"fernstudium","status":"publish","type":"page","link":"https:\/\/heilerakademie.eu\/?page_id=544","title":{"rendered":"Fernstudium-alt"},"content":{"rendered":"<p><a href=\"https:\/\/vimeo.com\/ondemand\/heilerausbildung\" target=\"_blank\" rel=\"noopener\"><img loading=\"lazy\" decoding=\"async\" class=\"alignright\" src=\"https:\/\/i.vimeocdn.com\/vod_poster\/70176_186x275.jpg\" alt=\"\" width=\"144\" height=\"209\" \/><\/a>Ab sofort haben Sie alternativ zu unseren Seminaren und Ausbildungen vor Ort die M\u00f6glichkeit, einige Ausbildungen auch als Fernstudium (E-Learning) zu absolvieren.<\/p>\n<p>Die E-Learning-Kurse sind erheblich preiswerter und Sie k\u00f6nnen Ihre Ausbildung unabh\u00e4ngig von Zeit und Raum in echter Klassenzimmer-Atmosph\u00e4re durchf\u00fchren.<\/p>\n<p>Derzeit stehen 2 Fernlehrkurse zum Download zur Verf\u00fcgung:<\/p>\n<ul>\n<li><strong><a href=\"http:\/\/akua-events.at\/?event=fernstudium-die-grosse-heilerausbildung\" target=\"_blank\" rel=\"noopener\">Die gro\u00dfe Heilerausbildung<\/a> zum Dipl. Geistheiler und Dipl. Energetiker von rund 200 Stunden Live-Unterricht<\/strong><\/li>\n<\/ul>\n<p><img loading=\"lazy\" decoding=\"async\" class=\"alignright\" src=\"https:\/\/i.vimeocdn.com\/vod_poster\/42568_186x275.jpg\" alt=\"\" width=\"146\" height=\"211\" \/><\/p>\n<ul>\n<li><strong><a href=\"https:\/\/vimeo.com\/ondemand\/33368\" target=\"_blank\" rel=\"noopener\">Quantenheilungs-Seminar<\/a> Basic 1<\/strong><\/li>\n<\/ul>\n","protected":false},"excerpt":{"rendered":"<p>Ab sofort haben Sie alternativ zu unseren Seminaren und Ausbildungen vor Ort die M\u00f6glichkeit, einige Ausbildungen auch als Fernstudium (E-Learning) zu absolvieren. Die E-Learning-Kurse sind erheblich preiswerter und Sie k\u00f6nnen Ihre Ausbildung unabh\u00e4ngig von Zeit und Raum in echter Klassenzimmer-Atmosph\u00e4re &hellip; <a href=\"https:\/\/heilerakademie.eu\/?page_id=544\">Weiterlesen <span class=\"meta-nav\">&rarr;<\/span><\/a><\/p>\n","protected":false},"author":1,"featured_media":0,"parent":0,"menu_order":0,"comment_status":"closed","ping_status":"closed","template":"","meta":{"footnotes":""},"class_list":["post-544","page","type-page","status-publish","hentry"],"yoast_head":"<!-- This site is optimized with the Yoast SEO plugin v27.4 - https:\/\/yoast.com\/product\/yoast-seo-wordpress\/ -->\n<title>Fernstudium-alt - HEILERAKADEMIE EUROPA<\/title>\n<meta name=\"robots\" content=\"index, follow, max-snippet:-1, max-image-preview:large, max-video-preview:-1\" \/>\n<link rel=\"canonical\" href=\"https:\/\/heilerakademie.eu\/?page_id=544\" \/>\n<meta property=\"og:locale\" content=\"de_DE\" \/>\n<meta property=\"og:type\" content=\"article\" \/>\n<meta property=\"og:title\" content=\"Fernstudium-alt - HEILERAKADEMIE EUROPA\" \/>\n<meta property=\"og:description\" content=\"Ab sofort haben Sie alternativ zu unseren Seminaren und Ausbildungen vor Ort die M\u00f6glichkeit, einige Ausbildungen auch als Fernstudium (E-Learning) zu absolvieren. Die E-Learning-Kurse sind erheblich preiswerter und Sie k\u00f6nnen Ihre Ausbildung unabh\u00e4ngig von Zeit und Raum in echter Klassenzimmer-Atmosph\u00e4re &hellip; Weiterlesen &rarr;\" \/>\n<meta property=\"og:url\" content=\"https:\/\/heilerakademie.eu\/?page_id=544\" \/>\n<meta property=\"og:site_name\" content=\"HEILERAKADEMIE EUROPA\" \/>\n<meta property=\"article:modified_time\" content=\"2018-01-03T18:07:16+00:00\" \/>\n<meta property=\"og:image\" content=\"https:\/\/i.vimeocdn.com\/vod_poster\/70176_186x275.jpg\" \/>\n<script type=\"application\/ld+json\" class=\"yoast-schema-graph\">{\"@context\":\"https:\\\/\\\/schema.org\",\"@graph\":[{\"@type\":\"WebPage\",\"@id\":\"https:\\\/\\\/heilerakademie.eu\\\/?page_id=544\",\"url\":\"https:\\\/\\\/heilerakademie.eu\\\/?page_id=544\",\"name\":\"Fernstudium-alt - HEILERAKADEMIE EUROPA\",\"isPartOf\":{\"@id\":\"https:\\\/\\\/heilerakademie.eu\\\/#website\"},\"primaryImageOfPage\":{\"@id\":\"https:\\\/\\\/heilerakademie.eu\\\/?page_id=544#primaryimage\"},\"image\":{\"@id\":\"https:\\\/\\\/heilerakademie.eu\\\/?page_id=544#primaryimage\"},\"thumbnailUrl\":\"https:\\\/\\\/i.vimeocdn.com\\\/vod_poster\\\/70176_186x275.jpg\",\"datePublished\":\"2016-05-16T16:43:57+00:00\",\"dateModified\":\"2018-01-03T18:07:16+00:00\",\"breadcrumb\":{\"@id\":\"https:\\\/\\\/heilerakademie.eu\\\/?page_id=544#breadcrumb\"},\"inLanguage\":\"de\",\"potentialAction\":[{\"@type\":\"ReadAction\",\"target\":[\"https:\\\/\\\/heilerakademie.eu\\\/?page_id=544\"]}]},{\"@type\":\"ImageObject\",\"inLanguage\":\"de\",\"@id\":\"https:\\\/\\\/heilerakademie.eu\\\/?page_id=544#primaryimage\",\"url\":\"https:\\\/\\\/i.vimeocdn.com\\\/vod_poster\\\/70176_186x275.jpg\",\"contentUrl\":\"https:\\\/\\\/i.vimeocdn.com\\\/vod_poster\\\/70176_186x275.jpg\"},{\"@type\":\"BreadcrumbList\",\"@id\":\"https:\\\/\\\/heilerakademie.eu\\\/?page_id=544#breadcrumb\",\"itemListElement\":[{\"@type\":\"ListItem\",\"position\":1,\"name\":\"Home\",\"item\":\"https:\\\/\\\/heilerakademie.eu\\\/\"},{\"@type\":\"ListItem\",\"position\":2,\"name\":\"Fernstudium-alt\"}]},{\"@type\":\"WebSite\",\"@id\":\"https:\\\/\\\/heilerakademie.eu\\\/#website\",\"url\":\"https:\\\/\\\/heilerakademie.eu\\\/\",\"name\":\"HEILERAKADEMIE EUROPA\",\"description\":\"Akademie f\u00fcr Alternative Heilungsmethoden und Energiemedizin\",\"potentialAction\":[{\"@type\":\"SearchAction\",\"target\":{\"@type\":\"EntryPoint\",\"urlTemplate\":\"https:\\\/\\\/heilerakademie.eu\\\/?s={search_term_string}\"},\"query-input\":{\"@type\":\"PropertyValueSpecification\",\"valueRequired\":true,\"valueName\":\"search_term_string\"}}],\"inLanguage\":\"de\"}]}<\/script>\n<!-- \/ Yoast SEO plugin. -->","yoast_head_json":{"title":"Fernstudium-alt - HEILERAKADEMIE EUROPA","robots":{"index":"index","follow":"follow","max-snippet":"max-snippet:-1","max-image-preview":"max-image-preview:large","max-video-preview":"max-video-preview:-1"},"canonical":"https:\/\/heilerakademie.eu\/?page_id=544","og_locale":"de_DE","og_type":"article","og_title":"Fernstudium-alt - HEILERAKADEMIE EUROPA","og_description":"Ab sofort haben Sie alternativ zu unseren Seminaren und Ausbildungen vor Ort die M\u00f6glichkeit, einige Ausbildungen auch als Fernstudium (E-Learning) zu absolvieren. Die E-Learning-Kurse sind erheblich preiswerter und Sie k\u00f6nnen Ihre Ausbildung unabh\u00e4ngig von Zeit und Raum in echter Klassenzimmer-Atmosph\u00e4re &hellip; Weiterlesen &rarr;","og_url":"https:\/\/heilerakademie.eu\/?page_id=544","og_site_name":"HEILERAKADEMIE EUROPA","article_modified_time":"2018-01-03T18:07:16+00:00","og_image":[{"url":"https:\/\/i.vimeocdn.com\/vod_poster\/70176_186x275.jpg","type":"","width":"","height":""}],"schema":{"@context":"https:\/\/schema.org","@graph":[{"@type":"WebPage","@id":"https:\/\/heilerakademie.eu\/?page_id=544","url":"https:\/\/heilerakademie.eu\/?page_id=544","name":"Fernstudium-alt - HEILERAKADEMIE EUROPA","isPartOf":{"@id":"https:\/\/heilerakademie.eu\/#website"},"primaryImageOfPage":{"@id":"https:\/\/heilerakademie.eu\/?page_id=544#primaryimage"},"image":{"@id":"https:\/\/heilerakademie.eu\/?page_id=544#primaryimage"},"thumbnailUrl":"https:\/\/i.vimeocdn.com\/vod_poster\/70176_186x275.jpg","datePublished":"2016-05-16T16:43:57+00:00","dateModified":"2018-01-03T18:07:16+00:00","breadcrumb":{"@id":"https:\/\/heilerakademie.eu\/?page_id=544#breadcrumb"},"inLanguage":"de","potentialAction":[{"@type":"ReadAction","target":["https:\/\/heilerakademie.eu\/?page_id=544"]}]},{"@type":"ImageObject","inLanguage":"de","@id":"https:\/\/heilerakademie.eu\/?page_id=544#primaryimage","url":"https:\/\/i.vimeocdn.com\/vod_poster\/70176_186x275.jpg","contentUrl":"https:\/\/i.vimeocdn.com\/vod_poster\/70176_186x275.jpg"},{"@type":"BreadcrumbList","@id":"https:\/\/heilerakademie.eu\/?page_id=544#breadcrumb","itemListElement":[{"@type":"ListItem","position":1,"name":"Home","item":"https:\/\/heilerakademie.eu\/"},{"@type":"ListItem","position":2,"name":"Fernstudium-alt"}]},{"@type":"WebSite","@id":"https:\/\/heilerakademie.eu\/#website","url":"https:\/\/heilerakademie.eu\/","name":"HEILERAKADEMIE EUROPA","description":"Akademie f\u00fcr Alternative Heilungsmethoden und Energiemedizin","potentialAction":[{"@type":"SearchAction","target":{"@type":"EntryPoint","urlTemplate":"https:\/\/heilerakademie.eu\/?s={search_term_string}"},"query-input":{"@type":"PropertyValueSpecification","valueRequired":true,"valueName":"search_term_string"}}],"inLanguage":"de"}]}},"_links":{"self":[{"href":"https:\/\/heilerakademie.eu\/index.php?rest_route=\/wp\/v2\/pages\/544","targetHints":{"allow":["GET"]}}],"collection":[{"href":"https:\/\/heilerakademie.eu\/index.php?rest_route=\/wp\/v2\/pages"}],"about":[{"href":"https:\/\/heilerakademie.eu\/index.php?rest_route=\/wp\/v2\/types\/page"}],"author":[{"embeddable":true,"href":"https:\/\/heilerakademie.eu\/index.php?rest_route=\/wp\/v2\/users\/1"}],"replies":[{"embeddable":true,"href":"https:\/\/heilerakademie.eu\/index.php?rest_route=%2Fwp%2Fv2%2Fcomments&post=544"}],"version-history":[{"count":9,"href":"https:\/\/heilerakademie.eu\/index.php?rest_route=\/wp\/v2\/pages\/544\/revisions"}],"predecessor-version":[{"id":993,"href":"https:\/\/heilerakademie.eu\/index.php?rest_route=\/wp\/v2\/pages\/544\/revisions\/993"}],"wp:attachment":[{"href":"https:\/\/heilerakademie.eu\/index.php?rest_route=%2Fwp%2Fv2%2Fmedia&parent=544"}],"curies":[{"name":"wp","href":"https:\/\/api.w.org\/{rel}","templated":true}]}}