{"id":581,"date":"2016-06-12T10:56:44","date_gmt":"2016-06-12T10:56:44","guid":{"rendered":"http:\/\/heilerakademie.eu\/?page_id=581"},"modified":"2017-09-29T07:11:24","modified_gmt":"2017-09-29T07:11:24","slug":"faqs-zum-fernstudium-heilerausbildung","status":"publish","type":"page","link":"https:\/\/heilerakademie.eu\/?page_id=581","title":{"rendered":"FAQ&#8217;s zum Fernstudium Heilerausbildung (DE) \/ Energetikerausbildung (AT)"},"content":{"rendered":"<p><strong>Hier eine Zusammenstellung der h\u00e4ufigsten Fragen zum Fernlehrgang:<\/strong><\/p>\n<p><strong>Frage<\/strong>: &#8222;Interessiere mich fuer das fernstudium und wollte fragen ob sie die videos auch auf dvd zuschicken koennen da ich nicht ueber einen guten internetzugang verfuege.\u00a0Danke inzwischen&#8220;<\/p>\n<p style=\"padding-left: 30px;\"><strong>Antwort:<\/strong> &#8222;Danke f\u00fcr Dein Interesse an dem Fernstudium.<br \/>\nAlso zun\u00e4chst einmal. Keine Sorge wegen einem nicht so guten Internet-Empfang. Den haben wir hier selbst nicht in Wald bei Pyhra. Eher Steinzeit-Geschwindigkeit. Und die einzelnen Videos von bis zu 90 Minuten Dauer sind so komprimiert auf Vimeo ohne Qualit\u00e4tsverlust (HD-Qualit\u00e4t), dass diese ruckelfrei gestreamt werden k\u00f6nnen (es wird nichts heruntergeladen, sondern nur angeschaut). So ist gew\u00e4hrleistet, dass Du von jedem Ort der Welt mit Internetzugang und Deinem pers\u00f6nlichen Passwort auf die Videos jederzeit zugreifen kannst, auch wenn kein DVD-Player vorhanden ist.<br \/>\nNun zum Thema DVDs: Aufgrund des Umfangs des Unterrichtsmateriales m\u00fcssten wir \u00fcber 100 DVDs pressen lassen, um alle Videos der Heilerausbildung unterzukriegen. Abgesehen von dem wahnsinnig hohen Materialaufwand m\u00fcssten wir soviele DVDs bevorraten, lagern und auch noch versenden, dass dann der Preis f\u00fcr das Fernstudium in Richtung unserer normalen Seminargeb\u00fchren gehen w\u00fcrde, um die enormen Herstellungskosten auch nur ann\u00e4hernd zu decken. Auch wenn wir aktualisieren, was wir st\u00e4ndig tun, m\u00fcssten wir dann alle DVDs des entsprechenden Kapitels vernichten. Aus diesem Grunde haben wir uns von Anfang an nur f\u00fcr das digitale Zurverf\u00fcgungstellen entschieden.\u00a0Alles andere macht wirtschaftlich keinen Sinn.<br \/>\nWenn Du testen willst, ob bei Dir die Internetverbindung ausreicht, so schaue Dir doch einfach den Trailer unter <a href=\"https:\/\/vimeo.com\/ondemand\/heilerausbildung\">https:\/\/vimeo.com\/ondemand\/heilerausbildung<\/a> an. Kannst du das gut sehen, so kannst du auch die anderen Videos genauso gut sehen.<br \/>\nAlle weiteren Infos und Online-Buchung findest Du unter: <a href=\"http:\/\/akua-events.at\/?event=fernstudium-die-grosse-heilerausbildung\">http:\/\/akua-events.at\/?event=fernstudium-die-grosse-heilerausbildung<\/a>.&#8220;\u00a0Wenn Du weitere Fragen hast, einfach schreiben.&#8220;<\/p>\n","protected":false},"excerpt":{"rendered":"<p>Hier eine Zusammenstellung der h\u00e4ufigsten Fragen zum Fernlehrgang: Frage: &#8222;Interessiere mich fuer das fernstudium und wollte fragen ob sie die videos auch auf dvd zuschicken koennen da ich nicht ueber einen guten internetzugang verfuege.\u00a0Danke inzwischen&#8220; Antwort: &#8222;Danke f\u00fcr Dein Interesse &hellip; <a href=\"https:\/\/heilerakademie.eu\/?page_id=581\">Weiterlesen <span class=\"meta-nav\">&rarr;<\/span><\/a><\/p>\n","protected":false},"author":1,"featured_media":0,"parent":0,"menu_order":0,"comment_status":"closed","ping_status":"closed","template":"","meta":{"footnotes":""},"class_list":["post-581","page","type-page","status-publish","hentry"],"yoast_head":"<!-- This site is optimized with the Yoast SEO plugin v27.5 - https:\/\/yoast.com\/product\/yoast-seo-wordpress\/ -->\n<title>FAQ&#039;s zum Fernstudium Heilerausbildung (DE) \/ Energetikerausbildung (AT) - HEILERAKADEMIE EUROPA<\/title>\n<meta name=\"robots\" content=\"index, follow, max-snippet:-1, max-image-preview:large, max-video-preview:-1\" \/>\n<link rel=\"canonical\" href=\"https:\/\/heilerakademie.eu\/?page_id=581\" \/>\n<meta property=\"og:locale\" content=\"de_DE\" \/>\n<meta property=\"og:type\" content=\"article\" \/>\n<meta property=\"og:title\" content=\"FAQ&#039;s zum Fernstudium Heilerausbildung (DE) \/ Energetikerausbildung (AT) - HEILERAKADEMIE EUROPA\" \/>\n<meta property=\"og:description\" content=\"Hier eine Zusammenstellung der h\u00e4ufigsten Fragen zum Fernlehrgang: Frage: &#8222;Interessiere mich fuer das fernstudium und wollte fragen ob sie die videos auch auf dvd zuschicken koennen da ich nicht ueber einen guten internetzugang verfuege.\u00a0Danke inzwischen&#8220; Antwort: &#8222;Danke f\u00fcr Dein Interesse &hellip; Weiterlesen &rarr;\" \/>\n<meta property=\"og:url\" content=\"https:\/\/heilerakademie.eu\/?page_id=581\" \/>\n<meta property=\"og:site_name\" content=\"HEILERAKADEMIE EUROPA\" \/>\n<meta property=\"article:modified_time\" content=\"2017-09-29T07:11:24+00:00\" \/>\n<meta name=\"twitter:label1\" content=\"Gesch\u00e4tzte Lesezeit\" \/>\n\t<meta name=\"twitter:data1\" content=\"2\u00a0Minuten\" \/>\n<script type=\"application\/ld+json\" class=\"yoast-schema-graph\">{\"@context\":\"https:\\\/\\\/schema.org\",\"@graph\":[{\"@type\":\"WebPage\",\"@id\":\"https:\\\/\\\/heilerakademie.eu\\\/?page_id=581\",\"url\":\"https:\\\/\\\/heilerakademie.eu\\\/?page_id=581\",\"name\":\"FAQ's zum Fernstudium Heilerausbildung (DE) \\\/ Energetikerausbildung (AT) - HEILERAKADEMIE EUROPA\",\"isPartOf\":{\"@id\":\"https:\\\/\\\/heilerakademie.eu\\\/#website\"},\"datePublished\":\"2016-06-12T10:56:44+00:00\",\"dateModified\":\"2017-09-29T07:11:24+00:00\",\"breadcrumb\":{\"@id\":\"https:\\\/\\\/heilerakademie.eu\\\/?page_id=581#breadcrumb\"},\"inLanguage\":\"de\",\"potentialAction\":[{\"@type\":\"ReadAction\",\"target\":[\"https:\\\/\\\/heilerakademie.eu\\\/?page_id=581\"]}]},{\"@type\":\"BreadcrumbList\",\"@id\":\"https:\\\/\\\/heilerakademie.eu\\\/?page_id=581#breadcrumb\",\"itemListElement\":[{\"@type\":\"ListItem\",\"position\":1,\"name\":\"Home\",\"item\":\"https:\\\/\\\/heilerakademie.eu\\\/\"},{\"@type\":\"ListItem\",\"position\":2,\"name\":\"FAQ&#8217;s zum Fernstudium Heilerausbildung (DE) \\\/ Energetikerausbildung (AT)\"}]},{\"@type\":\"WebSite\",\"@id\":\"https:\\\/\\\/heilerakademie.eu\\\/#website\",\"url\":\"https:\\\/\\\/heilerakademie.eu\\\/\",\"name\":\"HEILERAKADEMIE EUROPA\",\"description\":\"Akademie f\u00fcr Alternative Heilungsmethoden und Energiemedizin\",\"potentialAction\":[{\"@type\":\"SearchAction\",\"target\":{\"@type\":\"EntryPoint\",\"urlTemplate\":\"https:\\\/\\\/heilerakademie.eu\\\/?s={search_term_string}\"},\"query-input\":{\"@type\":\"PropertyValueSpecification\",\"valueRequired\":true,\"valueName\":\"search_term_string\"}}],\"inLanguage\":\"de\"}]}<\/script>\n<!-- \/ Yoast SEO plugin. -->","yoast_head_json":{"title":"FAQ's zum Fernstudium Heilerausbildung (DE) \/ Energetikerausbildung (AT) - HEILERAKADEMIE EUROPA","robots":{"index":"index","follow":"follow","max-snippet":"max-snippet:-1","max-image-preview":"max-image-preview:large","max-video-preview":"max-video-preview:-1"},"canonical":"https:\/\/heilerakademie.eu\/?page_id=581","og_locale":"de_DE","og_type":"article","og_title":"FAQ's zum Fernstudium Heilerausbildung (DE) \/ Energetikerausbildung (AT) - HEILERAKADEMIE EUROPA","og_description":"Hier eine Zusammenstellung der h\u00e4ufigsten Fragen zum Fernlehrgang: Frage: &#8222;Interessiere mich fuer das fernstudium und wollte fragen ob sie die videos auch auf dvd zuschicken koennen da ich nicht ueber einen guten internetzugang verfuege.\u00a0Danke inzwischen&#8220; Antwort: &#8222;Danke f\u00fcr Dein Interesse &hellip; Weiterlesen &rarr;","og_url":"https:\/\/heilerakademie.eu\/?page_id=581","og_site_name":"HEILERAKADEMIE EUROPA","article_modified_time":"2017-09-29T07:11:24+00:00","twitter_misc":{"Gesch\u00e4tzte Lesezeit":"2\u00a0Minuten"},"schema":{"@context":"https:\/\/schema.org","@graph":[{"@type":"WebPage","@id":"https:\/\/heilerakademie.eu\/?page_id=581","url":"https:\/\/heilerakademie.eu\/?page_id=581","name":"FAQ's zum Fernstudium Heilerausbildung (DE) \/ Energetikerausbildung (AT) - HEILERAKADEMIE EUROPA","isPartOf":{"@id":"https:\/\/heilerakademie.eu\/#website"},"datePublished":"2016-06-12T10:56:44+00:00","dateModified":"2017-09-29T07:11:24+00:00","breadcrumb":{"@id":"https:\/\/heilerakademie.eu\/?page_id=581#breadcrumb"},"inLanguage":"de","potentialAction":[{"@type":"ReadAction","target":["https:\/\/heilerakademie.eu\/?page_id=581"]}]},{"@type":"BreadcrumbList","@id":"https:\/\/heilerakademie.eu\/?page_id=581#breadcrumb","itemListElement":[{"@type":"ListItem","position":1,"name":"Home","item":"https:\/\/heilerakademie.eu\/"},{"@type":"ListItem","position":2,"name":"FAQ&#8217;s zum Fernstudium Heilerausbildung (DE) \/ Energetikerausbildung (AT)"}]},{"@type":"WebSite","@id":"https:\/\/heilerakademie.eu\/#website","url":"https:\/\/heilerakademie.eu\/","name":"HEILERAKADEMIE EUROPA","description":"Akademie f\u00fcr Alternative Heilungsmethoden und Energiemedizin","potentialAction":[{"@type":"SearchAction","target":{"@type":"EntryPoint","urlTemplate":"https:\/\/heilerakademie.eu\/?s={search_term_string}"},"query-input":{"@type":"PropertyValueSpecification","valueRequired":true,"valueName":"search_term_string"}}],"inLanguage":"de"}]}},"_links":{"self":[{"href":"https:\/\/heilerakademie.eu\/index.php?rest_route=\/wp\/v2\/pages\/581","targetHints":{"allow":["GET"]}}],"collection":[{"href":"https:\/\/heilerakademie.eu\/index.php?rest_route=\/wp\/v2\/pages"}],"about":[{"href":"https:\/\/heilerakademie.eu\/index.php?rest_route=\/wp\/v2\/types\/page"}],"author":[{"embeddable":true,"href":"https:\/\/heilerakademie.eu\/index.php?rest_route=\/wp\/v2\/users\/1"}],"replies":[{"embeddable":true,"href":"https:\/\/heilerakademie.eu\/index.php?rest_route=%2Fwp%2Fv2%2Fcomments&post=581"}],"version-history":[{"count":3,"href":"https:\/\/heilerakademie.eu\/index.php?rest_route=\/wp\/v2\/pages\/581\/revisions"}],"predecessor-version":[{"id":912,"href":"https:\/\/heilerakademie.eu\/index.php?rest_route=\/wp\/v2\/pages\/581\/revisions\/912"}],"wp:attachment":[{"href":"https:\/\/heilerakademie.eu\/index.php?rest_route=%2Fwp%2Fv2%2Fmedia&parent=581"}],"curies":[{"name":"wp","href":"https:\/\/api.w.org\/{rel}","templated":true}]}}