{"id":614,"date":"2016-10-13T13:54:48","date_gmt":"2016-10-13T13:54:48","guid":{"rendered":"http:\/\/heilerakademie.eu\/?page_id=614"},"modified":"2016-10-13T14:03:58","modified_gmt":"2016-10-13T14:03:58","slug":"614-2","status":"publish","type":"page","link":"https:\/\/heilerakademie.eu\/?page_id=614","title":{"rendered":"Anreise \/ Wegbeschreibung"},"content":{"rendered":"<h3><strong>Unsere\u00a0Anschrift:<\/strong><\/h3>\n<p><img loading=\"lazy\" decoding=\"async\" class=\"alignright  wp-image-179\" src=\"https:\/\/heilerakademie.eu\/wp-content\/uploads\/2015\/10\/Logo-Heiler-Akademie-Europa-263x300.jpg\" alt=\"Logo-Heiler-Akademie-Europa\" width=\"147\" height=\"166\" \/>Heilzentrum\u00a0Europa<\/p>\n<p>Perschlingtalstrasse 35<\/p>\n<p>A-3144 Wald<\/p>\n<p>Telefon. 0043 676 45 48 290<\/p>\n<h2>Anreise mit dem PKW:<\/h2>\n<h4>Anfahrt von Wien \u00fcber die Westautobahn A1:<\/h4>\n<p>Abfahrt \u201eB\u00f6heimkirchen\u201c nach der Ausfahrt nach rechts Richtung Plosdorf. Weiter auf L110, Dann in Rchtg. Fahrafeld, weiter nach Burbach, N\u00fctzling\u00a0, Rchtg. Pyhra, an Landwirtschaftliche Schule vorbei bis Heuberg (gegen\u00fcber befindet sich \u201eLandgasthof Katharina\u201c), nach links Richtung Perschenegg \u00fcber Auern.<\/p>\n<p>Von dort aus bitte weiter unten weiterlesen unter dem Abschnitt \u201e<strong>Aus allen Richtungen Beschreibung der Reststrecke<\/strong>\u201e:<\/p>\n<h4>Anfahrt von Salzburg \/ Linz \u00fcber die Westautobahn A1:<\/h4>\n<p>Abfahrt \u201eSt-P\u00f6lten-S\u00fcd\u201c nach der Ausfahrt rechts auf die Mariazeller-Str. Rchtg. Mariazell, an der n\u00e4chsten Ampel nach rechts und gleich wieder rechts Rchtg. Pyhra unter Unterf\u00fchrung \u00fcber die Ampelkreuzung (linker Hand befindet sich \u201eHofer\u201c) \u2013 weiter auf der Harlander-Str bis Ende, dann nach rechts und gleich nach links Rchtg Pyhra und Brunn \u2013 durch Brunn durchfahren \u2013 Pyhra -durch den Ort (Hauptstrasse \/ Dr. Carl Kupelwieser-Str. \/ Perschlingtalstr.) \u2013 Heuberg \u2013 Auern\u2026<\/p>\n<p>Von dort aus bitte weiter unten weiterlesen unter dem Abschnitt \u201e<strong>Aus allen Richtungen Beschreibung der Reststrecke<\/strong>\u201e:<\/p>\n<h2>Aus allen Richtungen Beschreibung der Reststrecke<\/h2>\n<div id=\"attachment_619\" style=\"width: 310px\" class=\"wp-caption alignright\"><img loading=\"lazy\" decoding=\"async\" aria-describedby=\"caption-attachment-619\" class=\"wp-image-619 size-medium\" src=\"https:\/\/heilerakademie.eu\/wp-content\/uploads\/2016\/10\/20151105_135120-300x225.jpg\" alt=\"20151105_135120\" width=\"300\" height=\"225\" srcset=\"https:\/\/heilerakademie.eu\/wp-content\/uploads\/2016\/10\/20151105_135120-300x225.jpg 300w, https:\/\/heilerakademie.eu\/wp-content\/uploads\/2016\/10\/20151105_135120-768x576.jpg 768w, https:\/\/heilerakademie.eu\/wp-content\/uploads\/2016\/10\/20151105_135120-1024x768.jpg 1024w\" sizes=\"auto, (max-width: 300px) 100vw, 300px\" \/><p id=\"caption-attachment-619\" class=\"wp-caption-text\">Ansicht von der Perschlingtalstrasse. Links neben dem Zaun befindet sich die Einfahrt in den Hof.<\/p><\/div>\n<p>\u00dcber Auern nach Ortsteil Wald. Im Ort ist eine kleine Kreuzung, rechter Hand finden Sie das Feuerwehrhaus und schr\u00e4g gegen\u00fcber auf der linken Seite finden Sie ein freistehendes, gro\u00dfes gelbes Haus mit einer Hecken- und Zaunabgrenzung. Am Zaun sind 2 gro\u00dfe Banner mit dem Hinweis \u201eHeilzentrum \u00d6sterreich\u201c und aufgedruckter Adresse angebracht. Fahren Sie in den Hof hinein zum Einchecken und Entladen. Danach fahren Sie Ihren Wagen wieder aus dem Hof hinaus und stellen diesen auf einer der vielen freien \u00f6ffentlichen Parkpl\u00e4tze direkt vor dem Haus ab.<\/p>\n<h2>Anreise mit \u00f6ffentlichen Verkehrsmitteln<\/h2>\n<p>Sie fahren mit der \u00d6BB oder (g\u00fcnstiger) mit West-Bahn bis nach St. P\u00f6lten-HBF. Dann gehen Sie aus dem Bahnhof auf der r\u00fcckw\u00e4rtigen Seite heraus zum Bus-Bahnhof.\u00a0Dort steigen Sie in den Postbus der Linie 1562 (St. P\u00f6lten \u2013 Perschenegg) und steigen an der Station \u201eWald Bei St. P\u00f6lten Schloss\u201c aus. Die Fahrt dauer ca. 30 Minuten. Diese Bushaltestelle befindet sich direkt an Ihrer Ferienunterkunft. Nur wenige Schritte und Sie sind bei uns. Leider f\u00e4hrt der Bus nicht regelm\u00e4\u00dfig und am Wochenende gar nicht. Bitte erkundigen Sie sich deshalb vorher \u00fcber Ihre Fahrtverbindungen.<\/p>\n<div>\n<div dir=\"ltr\">\n<div>\n<div>Es ist die Linie 1562 und der Abfahrtsort befindet sich am Hinterausgang des Hauptbahnhofes im Busbahnhof (Ausgang Vorderseite kommen Sie direkt in die Innenstadt). Der letzte Bus f\u00e4hrt um 13:25 direkt durch. Steigen Sie aus bei Station 32 \u201eWald b. St. P\u00f6lten Schloss\u201c.<\/div>\n<div>Falls\u00a0Sie\u00a0den letzten nicht bekommen, dann gibt es vom Busbahnhof 3 weitere Linien, die nach \u201eHARLAND \/ Amtshaus\u201c \u00a0fahren. Dort m\u00fcssen Sie dann umsteigen und dann gibt es weitere Fahrtzeiten nach uns bis 19:07 Uhr.<\/div>\n<\/div>\n<\/div>\n<\/div>\n<p>Hier finden Sie den aktuellen Postbus-Fahrplan. <strong>Download:\u00a0<a href=\"http:\/\/apartments-schloss-wald.eu\/wp-content\/uploads\/2015\/08\/Busplan-St_P%C3%B6lten-Wald_2016.pdf\">Busplan St_P\u00f6lten-Wald_2016<\/a><\/strong><\/p>\n<h2>Anreise mit dem Taxi<\/h2>\n<p>Es gibt einige Taxi-Unternehmen und die meisten haben ihre Feststationen am Hauptbahnhof von St. P\u00f6lten auf beiden Seiten des Bahnhofes.<\/p>\n<p><a href=\"http:\/\/www.st-poelten.gv.at\/Content.Node\/tourismus\/anreise\/taxis.php\" target=\"_blank\">Hier eine komplette \u00dcbersicht aller Taxi\u2013Unternehmen<\/a><\/p>\n<p>Sie sollten vorher einen festen Pauschalpreis vereinbaren (noch besser gleich auch f\u00fcr die R\u00fcckreise). Die Entfernung (k\u00fcrzeste Strecke) betr\u00e4gt vom Hauptbahnhof ca. 13 km und der Preis f\u00fcr eine einfach Fahrt betr\u00e4gt zwischen 25 \u2013 30 EUR.<\/p>\n","protected":false},"excerpt":{"rendered":"<p>Unsere\u00a0Anschrift: Heilzentrum\u00a0Europa Perschlingtalstrasse 35 A-3144 Wald Telefon. 0043 676 45 48 290 Anreise mit dem PKW: Anfahrt von Wien \u00fcber die Westautobahn A1: Abfahrt \u201eB\u00f6heimkirchen\u201c nach der Ausfahrt nach rechts Richtung Plosdorf. Weiter auf L110, Dann in Rchtg. Fahrafeld, weiter &hellip; <a href=\"https:\/\/heilerakademie.eu\/?page_id=614\">Weiterlesen <span class=\"meta-nav\">&rarr;<\/span><\/a><\/p>\n","protected":false},"author":1,"featured_media":0,"parent":0,"menu_order":0,"comment_status":"closed","ping_status":"closed","template":"","meta":{"footnotes":""},"class_list":["post-614","page","type-page","status-publish","hentry"],"yoast_head":"<!-- This site is optimized with the Yoast SEO plugin v27.5 - https:\/\/yoast.com\/product\/yoast-seo-wordpress\/ -->\n<title>Anreise \/ Wegbeschreibung - HEILERAKADEMIE EUROPA<\/title>\n<meta name=\"robots\" content=\"index, follow, max-snippet:-1, max-image-preview:large, max-video-preview:-1\" \/>\n<link rel=\"canonical\" href=\"https:\/\/heilerakademie.eu\/?page_id=614\" \/>\n<meta property=\"og:locale\" content=\"de_DE\" \/>\n<meta property=\"og:type\" content=\"article\" \/>\n<meta property=\"og:title\" content=\"Anreise \/ Wegbeschreibung - HEILERAKADEMIE EUROPA\" \/>\n<meta property=\"og:description\" content=\"Unsere\u00a0Anschrift: Heilzentrum\u00a0Europa Perschlingtalstrasse 35 A-3144 Wald Telefon. 0043 676 45 48 290 Anreise mit dem PKW: Anfahrt von Wien \u00fcber die Westautobahn A1: Abfahrt \u201eB\u00f6heimkirchen\u201c nach der Ausfahrt nach rechts Richtung Plosdorf. Weiter auf L110, Dann in Rchtg. Fahrafeld, weiter &hellip; Weiterlesen &rarr;\" \/>\n<meta property=\"og:url\" content=\"https:\/\/heilerakademie.eu\/?page_id=614\" \/>\n<meta property=\"og:site_name\" content=\"HEILERAKADEMIE EUROPA\" \/>\n<meta property=\"article:modified_time\" content=\"2016-10-13T14:03:58+00:00\" \/>\n<meta property=\"og:image\" content=\"https:\/\/heilerakademie.eu\/wp-content\/uploads\/2015\/10\/Logo-Heiler-Akademie-Europa-263x300.jpg\" \/>\n<meta name=\"twitter:label1\" content=\"Gesch\u00e4tzte Lesezeit\" \/>\n\t<meta name=\"twitter:data1\" content=\"3\u00a0Minuten\" \/>\n<script type=\"application\/ld+json\" class=\"yoast-schema-graph\">{\"@context\":\"https:\\\/\\\/schema.org\",\"@graph\":[{\"@type\":\"WebPage\",\"@id\":\"https:\\\/\\\/heilerakademie.eu\\\/?page_id=614\",\"url\":\"https:\\\/\\\/heilerakademie.eu\\\/?page_id=614\",\"name\":\"Anreise \\\/ Wegbeschreibung - HEILERAKADEMIE EUROPA\",\"isPartOf\":{\"@id\":\"https:\\\/\\\/heilerakademie.eu\\\/#website\"},\"primaryImageOfPage\":{\"@id\":\"https:\\\/\\\/heilerakademie.eu\\\/?page_id=614#primaryimage\"},\"image\":{\"@id\":\"https:\\\/\\\/heilerakademie.eu\\\/?page_id=614#primaryimage\"},\"thumbnailUrl\":\"https:\\\/\\\/heilerakademie.eu\\\/wp-content\\\/uploads\\\/2015\\\/10\\\/Logo-Heiler-Akademie-Europa-263x300.jpg\",\"datePublished\":\"2016-10-13T13:54:48+00:00\",\"dateModified\":\"2016-10-13T14:03:58+00:00\",\"breadcrumb\":{\"@id\":\"https:\\\/\\\/heilerakademie.eu\\\/?page_id=614#breadcrumb\"},\"inLanguage\":\"de\",\"potentialAction\":[{\"@type\":\"ReadAction\",\"target\":[\"https:\\\/\\\/heilerakademie.eu\\\/?page_id=614\"]}]},{\"@type\":\"ImageObject\",\"inLanguage\":\"de\",\"@id\":\"https:\\\/\\\/heilerakademie.eu\\\/?page_id=614#primaryimage\",\"url\":\"https:\\\/\\\/heilerakademie.eu\\\/wp-content\\\/uploads\\\/2015\\\/10\\\/Logo-Heiler-Akademie-Europa.jpg\",\"contentUrl\":\"https:\\\/\\\/heilerakademie.eu\\\/wp-content\\\/uploads\\\/2015\\\/10\\\/Logo-Heiler-Akademie-Europa.jpg\",\"width\":1160,\"height\":1324},{\"@type\":\"BreadcrumbList\",\"@id\":\"https:\\\/\\\/heilerakademie.eu\\\/?page_id=614#breadcrumb\",\"itemListElement\":[{\"@type\":\"ListItem\",\"position\":1,\"name\":\"Home\",\"item\":\"https:\\\/\\\/heilerakademie.eu\\\/\"},{\"@type\":\"ListItem\",\"position\":2,\"name\":\"Anreise \\\/ Wegbeschreibung\"}]},{\"@type\":\"WebSite\",\"@id\":\"https:\\\/\\\/heilerakademie.eu\\\/#website\",\"url\":\"https:\\\/\\\/heilerakademie.eu\\\/\",\"name\":\"HEILERAKADEMIE EUROPA\",\"description\":\"Akademie f\u00fcr Alternative Heilungsmethoden und Energiemedizin\",\"potentialAction\":[{\"@type\":\"SearchAction\",\"target\":{\"@type\":\"EntryPoint\",\"urlTemplate\":\"https:\\\/\\\/heilerakademie.eu\\\/?s={search_term_string}\"},\"query-input\":{\"@type\":\"PropertyValueSpecification\",\"valueRequired\":true,\"valueName\":\"search_term_string\"}}],\"inLanguage\":\"de\"}]}<\/script>\n<!-- \/ Yoast SEO plugin. -->","yoast_head_json":{"title":"Anreise \/ Wegbeschreibung - HEILERAKADEMIE EUROPA","robots":{"index":"index","follow":"follow","max-snippet":"max-snippet:-1","max-image-preview":"max-image-preview:large","max-video-preview":"max-video-preview:-1"},"canonical":"https:\/\/heilerakademie.eu\/?page_id=614","og_locale":"de_DE","og_type":"article","og_title":"Anreise \/ Wegbeschreibung - HEILERAKADEMIE EUROPA","og_description":"Unsere\u00a0Anschrift: Heilzentrum\u00a0Europa Perschlingtalstrasse 35 A-3144 Wald Telefon. 0043 676 45 48 290 Anreise mit dem PKW: Anfahrt von Wien \u00fcber die Westautobahn A1: Abfahrt \u201eB\u00f6heimkirchen\u201c nach der Ausfahrt nach rechts Richtung Plosdorf. Weiter auf L110, Dann in Rchtg. Fahrafeld, weiter &hellip; Weiterlesen &rarr;","og_url":"https:\/\/heilerakademie.eu\/?page_id=614","og_site_name":"HEILERAKADEMIE EUROPA","article_modified_time":"2016-10-13T14:03:58+00:00","og_image":[{"url":"https:\/\/heilerakademie.eu\/wp-content\/uploads\/2015\/10\/Logo-Heiler-Akademie-Europa-263x300.jpg","type":"","width":"","height":""}],"twitter_misc":{"Gesch\u00e4tzte Lesezeit":"3\u00a0Minuten"},"schema":{"@context":"https:\/\/schema.org","@graph":[{"@type":"WebPage","@id":"https:\/\/heilerakademie.eu\/?page_id=614","url":"https:\/\/heilerakademie.eu\/?page_id=614","name":"Anreise \/ Wegbeschreibung - HEILERAKADEMIE EUROPA","isPartOf":{"@id":"https:\/\/heilerakademie.eu\/#website"},"primaryImageOfPage":{"@id":"https:\/\/heilerakademie.eu\/?page_id=614#primaryimage"},"image":{"@id":"https:\/\/heilerakademie.eu\/?page_id=614#primaryimage"},"thumbnailUrl":"https:\/\/heilerakademie.eu\/wp-content\/uploads\/2015\/10\/Logo-Heiler-Akademie-Europa-263x300.jpg","datePublished":"2016-10-13T13:54:48+00:00","dateModified":"2016-10-13T14:03:58+00:00","breadcrumb":{"@id":"https:\/\/heilerakademie.eu\/?page_id=614#breadcrumb"},"inLanguage":"de","potentialAction":[{"@type":"ReadAction","target":["https:\/\/heilerakademie.eu\/?page_id=614"]}]},{"@type":"ImageObject","inLanguage":"de","@id":"https:\/\/heilerakademie.eu\/?page_id=614#primaryimage","url":"https:\/\/heilerakademie.eu\/wp-content\/uploads\/2015\/10\/Logo-Heiler-Akademie-Europa.jpg","contentUrl":"https:\/\/heilerakademie.eu\/wp-content\/uploads\/2015\/10\/Logo-Heiler-Akademie-Europa.jpg","width":1160,"height":1324},{"@type":"BreadcrumbList","@id":"https:\/\/heilerakademie.eu\/?page_id=614#breadcrumb","itemListElement":[{"@type":"ListItem","position":1,"name":"Home","item":"https:\/\/heilerakademie.eu\/"},{"@type":"ListItem","position":2,"name":"Anreise \/ Wegbeschreibung"}]},{"@type":"WebSite","@id":"https:\/\/heilerakademie.eu\/#website","url":"https:\/\/heilerakademie.eu\/","name":"HEILERAKADEMIE EUROPA","description":"Akademie f\u00fcr Alternative Heilungsmethoden und Energiemedizin","potentialAction":[{"@type":"SearchAction","target":{"@type":"EntryPoint","urlTemplate":"https:\/\/heilerakademie.eu\/?s={search_term_string}"},"query-input":{"@type":"PropertyValueSpecification","valueRequired":true,"valueName":"search_term_string"}}],"inLanguage":"de"}]}},"_links":{"self":[{"href":"https:\/\/heilerakademie.eu\/index.php?rest_route=\/wp\/v2\/pages\/614","targetHints":{"allow":["GET"]}}],"collection":[{"href":"https:\/\/heilerakademie.eu\/index.php?rest_route=\/wp\/v2\/pages"}],"about":[{"href":"https:\/\/heilerakademie.eu\/index.php?rest_route=\/wp\/v2\/types\/page"}],"author":[{"embeddable":true,"href":"https:\/\/heilerakademie.eu\/index.php?rest_route=\/wp\/v2\/users\/1"}],"replies":[{"embeddable":true,"href":"https:\/\/heilerakademie.eu\/index.php?rest_route=%2Fwp%2Fv2%2Fcomments&post=614"}],"version-history":[{"count":6,"href":"https:\/\/heilerakademie.eu\/index.php?rest_route=\/wp\/v2\/pages\/614\/revisions"}],"predecessor-version":[{"id":622,"href":"https:\/\/heilerakademie.eu\/index.php?rest_route=\/wp\/v2\/pages\/614\/revisions\/622"}],"wp:attachment":[{"href":"https:\/\/heilerakademie.eu\/index.php?rest_route=%2Fwp%2Fv2%2Fmedia&parent=614"}],"curies":[{"name":"wp","href":"https:\/\/api.w.org\/{rel}","templated":true}]}}