{"id":630,"date":"2016-10-19T16:56:52","date_gmt":"2016-10-19T16:56:52","guid":{"rendered":"http:\/\/heilerakademie.eu\/?page_id=630"},"modified":"2021-03-27T16:54:52","modified_gmt":"2021-03-27T16:54:52","slug":"begruessung","status":"publish","type":"page","link":"https:\/\/heilerakademie.eu\/?page_id=630","title":{"rendered":"Unser Kennenlerngeschenk &#8211; eine kostenlose Schnupperstunde im virtuellen Klassenzimmer"},"content":{"rendered":"<p><strong>Wer kauft schon gerne die Katze im Sack?<\/strong><\/p>\n<div id=\"attachment_652\" style=\"width: 310px\" class=\"wp-caption alignright\"><img loading=\"lazy\" decoding=\"async\" aria-describedby=\"caption-attachment-652\" class=\"wp-image-652 size-medium\" src=\"https:\/\/heilerakademie.eu\/wp-content\/uploads\/2016\/10\/Ashampoo_Snap_2016.10.20_18h33m12s_002_-300x178.png\" alt=\"ashampoo_snap_2016-10-20_18h33m12s_002_\" width=\"300\" height=\"178\" \/><p id=\"caption-attachment-652\" class=\"wp-caption-text\">Szene aus dem Live-Unterricht zur gro\u00dfen Heilerausbildung.<\/p><\/div>\n<p>Unsere im deutschsprachigen Raum einzigartige und umfassendste Video-Fernausbildung zum Diplom Geistheiler (DE) und Diplom Energetiker (AT) der Energetikerakademie Europa schl\u00e4gt alle Rekorde.<\/p>\n<p>Mehr als 200 Stunden Live-Unterricht wurden mit teilweise bis zu 4 Kameras begleitet und in monatelanger Schnittarbeit zum derzeit umfassendsten Video-Unterricht in geistigem Heilen (DE) \/ energetischer Behandlung (AT) zusammengestellt und mit \u00fcber 400 Seiten schriftlichem Skript sowie vielen \u00dcbungen vor dem Bildschirm und Hausaufgaben ver\u00f6ffentlicht. Kr\u00f6nender Abschluss ist neben der begleitenden pers\u00f6nlichen Fernbetreuung durch das Ausbilderteam die optionale 5-t\u00e4gige Praxiswoche und die freiwillige Diplom-Pr\u00fcfung.<\/p>\n<p><a href=\"http:\/\/akua-events.at\/?event=fernstudium\" target=\"_blank\" rel=\"noopener\"><img loading=\"lazy\" decoding=\"async\" class=\"alignright wp-image-570 size-medium\" src=\"https:\/\/heilerakademie.eu\/wp-content\/uploads\/2016\/06\/70176_310x459-203x300.jpg\" alt=\"70176_310x459\" width=\"203\" height=\"300\" srcset=\"https:\/\/heilerakademie.eu\/wp-content\/uploads\/2016\/06\/70176_310x459-203x300.jpg 203w, https:\/\/heilerakademie.eu\/wp-content\/uploads\/2016\/06\/70176_310x459.jpg 310w\" sizes=\"auto, (max-width: 203px) 100vw, 203px\" \/><\/a><strong>Die Katze ist aus dem Sack<\/strong><\/p>\n<p>Damit Du Dir ein ungeschminktes und ungek\u00fcrztes Bild von einer Live-Unterrichtsstunde machen kannst, hast Du nun hier die M\u00f6glichkeit, Dir kostenlos ein Kapitel von insgesamt 100 Kapiteln im Wert von 27,90 EUR anzuschauen.<\/p>\n<p><a href=\"http:\/\/akua-events.at\/?event=fernstudium\" target=\"_blank\" rel=\"noopener\"><strong>Weitere Infos zum Video-Fernunterricht der Energetikerakademie Europa findest Du unter diesem Link.<\/strong><\/a><\/p>\n<p><a href=\"https:\/\/heilerakademie.eu\/?page_id=632\" target=\"_blank\" rel=\"noopener\"><strong>Klick hier f\u00fcr Deine pers\u00f6nliche, kostenlose Schnupperstunde im virtuellen Klassenzimmer der Energetikerakademie Europa!<\/strong><\/a><\/p>\n","protected":false},"excerpt":{"rendered":"<p>Wer kauft schon gerne die Katze im Sack? Unsere im deutschsprachigen Raum einzigartige und umfassendste Video-Fernausbildung zum Diplom Geistheiler (DE) und Diplom Energetiker (AT) der Energetikerakademie Europa schl\u00e4gt alle Rekorde. Mehr als 200 Stunden Live-Unterricht wurden mit teilweise bis zu &hellip; <a href=\"https:\/\/heilerakademie.eu\/?page_id=630\">Weiterlesen <span class=\"meta-nav\">&rarr;<\/span><\/a><\/p>\n","protected":false},"author":1,"featured_media":0,"parent":0,"menu_order":0,"comment_status":"closed","ping_status":"closed","template":"","meta":{"footnotes":""},"class_list":["post-630","page","type-page","status-publish","hentry"],"yoast_head":"<!-- This site is optimized with the Yoast SEO plugin v27.4 - https:\/\/yoast.com\/product\/yoast-seo-wordpress\/ -->\n<title>Unser Kennenlerngeschenk - eine kostenlose Schnupperstunde im virtuellen Klassenzimmer - HEILERAKADEMIE EUROPA<\/title>\n<meta name=\"robots\" content=\"index, follow, max-snippet:-1, max-image-preview:large, max-video-preview:-1\" \/>\n<link rel=\"canonical\" href=\"https:\/\/heilerakademie.eu\/?page_id=630\" \/>\n<meta property=\"og:locale\" content=\"de_DE\" \/>\n<meta property=\"og:type\" content=\"article\" \/>\n<meta property=\"og:title\" content=\"Unser Kennenlerngeschenk - eine kostenlose Schnupperstunde im virtuellen Klassenzimmer - HEILERAKADEMIE EUROPA\" \/>\n<meta property=\"og:description\" content=\"Wer kauft schon gerne die Katze im Sack? Unsere im deutschsprachigen Raum einzigartige und umfassendste Video-Fernausbildung zum Diplom Geistheiler (DE) und Diplom Energetiker (AT) der Energetikerakademie Europa schl\u00e4gt alle Rekorde. Mehr als 200 Stunden Live-Unterricht wurden mit teilweise bis zu &hellip; Weiterlesen &rarr;\" \/>\n<meta property=\"og:url\" content=\"https:\/\/heilerakademie.eu\/?page_id=630\" \/>\n<meta property=\"og:site_name\" content=\"HEILERAKADEMIE EUROPA\" \/>\n<meta property=\"article:modified_time\" content=\"2021-03-27T16:54:52+00:00\" \/>\n<meta property=\"og:image\" content=\"https:\/\/heilerakademie.eu\/wp-content\/uploads\/2016\/10\/Ashampoo_Snap_2016.10.20_18h33m12s_002_-300x178.png\" \/>\n<meta name=\"twitter:label1\" content=\"Gesch\u00e4tzte Lesezeit\" \/>\n\t<meta name=\"twitter:data1\" content=\"2\u00a0Minuten\" \/>\n<script type=\"application\/ld+json\" class=\"yoast-schema-graph\">{\"@context\":\"https:\\\/\\\/schema.org\",\"@graph\":[{\"@type\":\"WebPage\",\"@id\":\"https:\\\/\\\/heilerakademie.eu\\\/?page_id=630\",\"url\":\"https:\\\/\\\/heilerakademie.eu\\\/?page_id=630\",\"name\":\"Unser Kennenlerngeschenk - eine kostenlose Schnupperstunde im virtuellen Klassenzimmer - HEILERAKADEMIE EUROPA\",\"isPartOf\":{\"@id\":\"https:\\\/\\\/heilerakademie.eu\\\/#website\"},\"primaryImageOfPage\":{\"@id\":\"https:\\\/\\\/heilerakademie.eu\\\/?page_id=630#primaryimage\"},\"image\":{\"@id\":\"https:\\\/\\\/heilerakademie.eu\\\/?page_id=630#primaryimage\"},\"thumbnailUrl\":\"https:\\\/\\\/heilerakademie.eu\\\/wp-content\\\/uploads\\\/2016\\\/10\\\/Ashampoo_Snap_2016.10.20_18h33m12s_002_-300x178.png\",\"datePublished\":\"2016-10-19T16:56:52+00:00\",\"dateModified\":\"2021-03-27T16:54:52+00:00\",\"breadcrumb\":{\"@id\":\"https:\\\/\\\/heilerakademie.eu\\\/?page_id=630#breadcrumb\"},\"inLanguage\":\"de\",\"potentialAction\":[{\"@type\":\"ReadAction\",\"target\":[\"https:\\\/\\\/heilerakademie.eu\\\/?page_id=630\"]}]},{\"@type\":\"ImageObject\",\"inLanguage\":\"de\",\"@id\":\"https:\\\/\\\/heilerakademie.eu\\\/?page_id=630#primaryimage\",\"url\":\"https:\\\/\\\/heilerakademie.eu\\\/wp-content\\\/uploads\\\/2016\\\/10\\\/Ashampoo_Snap_2016.10.20_18h33m12s_002_-300x178.png\",\"contentUrl\":\"https:\\\/\\\/heilerakademie.eu\\\/wp-content\\\/uploads\\\/2016\\\/10\\\/Ashampoo_Snap_2016.10.20_18h33m12s_002_-300x178.png\"},{\"@type\":\"BreadcrumbList\",\"@id\":\"https:\\\/\\\/heilerakademie.eu\\\/?page_id=630#breadcrumb\",\"itemListElement\":[{\"@type\":\"ListItem\",\"position\":1,\"name\":\"Home\",\"item\":\"https:\\\/\\\/heilerakademie.eu\\\/\"},{\"@type\":\"ListItem\",\"position\":2,\"name\":\"Unser Kennenlerngeschenk &#8211; eine kostenlose Schnupperstunde im virtuellen Klassenzimmer\"}]},{\"@type\":\"WebSite\",\"@id\":\"https:\\\/\\\/heilerakademie.eu\\\/#website\",\"url\":\"https:\\\/\\\/heilerakademie.eu\\\/\",\"name\":\"HEILERAKADEMIE EUROPA\",\"description\":\"Akademie f\u00fcr Alternative Heilungsmethoden und Energiemedizin\",\"potentialAction\":[{\"@type\":\"SearchAction\",\"target\":{\"@type\":\"EntryPoint\",\"urlTemplate\":\"https:\\\/\\\/heilerakademie.eu\\\/?s={search_term_string}\"},\"query-input\":{\"@type\":\"PropertyValueSpecification\",\"valueRequired\":true,\"valueName\":\"search_term_string\"}}],\"inLanguage\":\"de\"}]}<\/script>\n<!-- \/ Yoast SEO plugin. -->","yoast_head_json":{"title":"Unser Kennenlerngeschenk - eine kostenlose Schnupperstunde im virtuellen Klassenzimmer - HEILERAKADEMIE EUROPA","robots":{"index":"index","follow":"follow","max-snippet":"max-snippet:-1","max-image-preview":"max-image-preview:large","max-video-preview":"max-video-preview:-1"},"canonical":"https:\/\/heilerakademie.eu\/?page_id=630","og_locale":"de_DE","og_type":"article","og_title":"Unser Kennenlerngeschenk - eine kostenlose Schnupperstunde im virtuellen Klassenzimmer - HEILERAKADEMIE EUROPA","og_description":"Wer kauft schon gerne die Katze im Sack? Unsere im deutschsprachigen Raum einzigartige und umfassendste Video-Fernausbildung zum Diplom Geistheiler (DE) und Diplom Energetiker (AT) der Energetikerakademie Europa schl\u00e4gt alle Rekorde. Mehr als 200 Stunden Live-Unterricht wurden mit teilweise bis zu &hellip; Weiterlesen &rarr;","og_url":"https:\/\/heilerakademie.eu\/?page_id=630","og_site_name":"HEILERAKADEMIE EUROPA","article_modified_time":"2021-03-27T16:54:52+00:00","og_image":[{"url":"https:\/\/heilerakademie.eu\/wp-content\/uploads\/2016\/10\/Ashampoo_Snap_2016.10.20_18h33m12s_002_-300x178.png","type":"","width":"","height":""}],"twitter_misc":{"Gesch\u00e4tzte Lesezeit":"2\u00a0Minuten"},"schema":{"@context":"https:\/\/schema.org","@graph":[{"@type":"WebPage","@id":"https:\/\/heilerakademie.eu\/?page_id=630","url":"https:\/\/heilerakademie.eu\/?page_id=630","name":"Unser Kennenlerngeschenk - eine kostenlose Schnupperstunde im virtuellen Klassenzimmer - HEILERAKADEMIE EUROPA","isPartOf":{"@id":"https:\/\/heilerakademie.eu\/#website"},"primaryImageOfPage":{"@id":"https:\/\/heilerakademie.eu\/?page_id=630#primaryimage"},"image":{"@id":"https:\/\/heilerakademie.eu\/?page_id=630#primaryimage"},"thumbnailUrl":"https:\/\/heilerakademie.eu\/wp-content\/uploads\/2016\/10\/Ashampoo_Snap_2016.10.20_18h33m12s_002_-300x178.png","datePublished":"2016-10-19T16:56:52+00:00","dateModified":"2021-03-27T16:54:52+00:00","breadcrumb":{"@id":"https:\/\/heilerakademie.eu\/?page_id=630#breadcrumb"},"inLanguage":"de","potentialAction":[{"@type":"ReadAction","target":["https:\/\/heilerakademie.eu\/?page_id=630"]}]},{"@type":"ImageObject","inLanguage":"de","@id":"https:\/\/heilerakademie.eu\/?page_id=630#primaryimage","url":"https:\/\/heilerakademie.eu\/wp-content\/uploads\/2016\/10\/Ashampoo_Snap_2016.10.20_18h33m12s_002_-300x178.png","contentUrl":"https:\/\/heilerakademie.eu\/wp-content\/uploads\/2016\/10\/Ashampoo_Snap_2016.10.20_18h33m12s_002_-300x178.png"},{"@type":"BreadcrumbList","@id":"https:\/\/heilerakademie.eu\/?page_id=630#breadcrumb","itemListElement":[{"@type":"ListItem","position":1,"name":"Home","item":"https:\/\/heilerakademie.eu\/"},{"@type":"ListItem","position":2,"name":"Unser Kennenlerngeschenk &#8211; eine kostenlose Schnupperstunde im virtuellen Klassenzimmer"}]},{"@type":"WebSite","@id":"https:\/\/heilerakademie.eu\/#website","url":"https:\/\/heilerakademie.eu\/","name":"HEILERAKADEMIE EUROPA","description":"Akademie f\u00fcr Alternative Heilungsmethoden und Energiemedizin","potentialAction":[{"@type":"SearchAction","target":{"@type":"EntryPoint","urlTemplate":"https:\/\/heilerakademie.eu\/?s={search_term_string}"},"query-input":{"@type":"PropertyValueSpecification","valueRequired":true,"valueName":"search_term_string"}}],"inLanguage":"de"}]}},"_links":{"self":[{"href":"https:\/\/heilerakademie.eu\/index.php?rest_route=\/wp\/v2\/pages\/630","targetHints":{"allow":["GET"]}}],"collection":[{"href":"https:\/\/heilerakademie.eu\/index.php?rest_route=\/wp\/v2\/pages"}],"about":[{"href":"https:\/\/heilerakademie.eu\/index.php?rest_route=\/wp\/v2\/types\/page"}],"author":[{"embeddable":true,"href":"https:\/\/heilerakademie.eu\/index.php?rest_route=\/wp\/v2\/users\/1"}],"replies":[{"embeddable":true,"href":"https:\/\/heilerakademie.eu\/index.php?rest_route=%2Fwp%2Fv2%2Fcomments&post=630"}],"version-history":[{"count":10,"href":"https:\/\/heilerakademie.eu\/index.php?rest_route=\/wp\/v2\/pages\/630\/revisions"}],"predecessor-version":[{"id":1218,"href":"https:\/\/heilerakademie.eu\/index.php?rest_route=\/wp\/v2\/pages\/630\/revisions\/1218"}],"wp:attachment":[{"href":"https:\/\/heilerakademie.eu\/index.php?rest_route=%2Fwp%2Fv2%2Fmedia&parent=630"}],"curies":[{"name":"wp","href":"https:\/\/api.w.org\/{rel}","templated":true}]}}