{"id":632,"date":"2016-10-19T17:09:13","date_gmt":"2016-10-19T17:09:13","guid":{"rendered":"http:\/\/heilerakademie.eu\/?page_id=632"},"modified":"2016-10-23T07:36:56","modified_gmt":"2016-10-23T07:36:56","slug":"test","status":"publish","type":"page","link":"https:\/\/heilerakademie.eu\/?page_id=632","title":{"rendered":"Eine Stunde Live-Unterricht im virtuellen Klassenzimmer zur gro\u00dfen Heilerausbildung"},"content":{"rendered":"<p><strong>Hier findest Du nun eine kostenlose Stunde Live-Unterricht im virtuellen Klassenzimmer der Heilerakademie Europa:<\/strong><\/p>\n<p><span style=\"color: #800080;\"><em><strong>Inhalt dieses Kapitels mit Original-Anweisungen f\u00fcr den Fernstudierenden:<\/strong><\/em><\/span><\/p>\n<ul>\n<li class=\"first\">Gro\u00dfes Thema: Channeling-Ausbildung Basic &#8211; Teil 3<\/li>\n<li>Vor\u00fcbung Nr. 3 &#8211; Willkommenszeremonie im Reich deines Geistf\u00fchrers und erste Begegnung mit ihm<br \/>\nZiel: Mit dieser \u00dcbung wirst du im Reich deines Geistf\u00fchrers Willkommen gehei\u00dfen. Durch sie kannst du dir einen bewussten Eindruck von dem Geistwesen verschaffen, das du channeln wirst.<br \/>\nVorbereitung: Du beherrschst inzwischen die \u00dcbungen \u00abWie man sich auf die Energie der Lebenskraft einstimmt\u00bb (vorletztes Kapitel) und \u00abDie richtige K\u00f6rperhaltung, um sich in Trance zu versetzen\u00bb (letztes Kapitel).<br \/>\nDie komplette Meditation findest Du wie immer in den schriftlichen Unterlagen.<\/li>\n<li>Hausaufgabe: Beschreibe Deine Begegnung mit Deinem Geistf\u00fchrer<br \/>\nBeschreibe in einem mindestens 2-seitigen Bericht Deine eigenen Erfahrungen und Empfindungen, die Du bei der eventuellen Begegnung mit Deinem Geistf\u00fchrer gehabt hast.<br \/>\nWICHTIG! Solltest Du beim ersten Durchgang noch nicht auf Deinen Geistf\u00fchrer gesto\u00dfen sein, so wiederhole in jedem Falle diese \u00dcbung und Meditation so lange, bis Du ihn deutlich wahrnehmen kannst. Erst dann mache mit dem n\u00e4chsten Kapitel\u00a0weiter.<br \/>\nDieser Bericht ist pr\u00fcfungsrelevant, solltest Du die freiwillige Pr\u00fcfung zum Diplom Geistheiler und Diplom Energetiker der Heilerakademie Europa absolvieren wollen.<br \/>\nSende uns diesen Bericht bitte als Word-Datei zu.<\/li>\n<\/ul>\n<p><span style=\"color: #800080;\"><strong>Hier nun die Video-Unterrichtsstunde:<\/strong><\/span><br \/>\n<iframe loading=\"lazy\" src=\"https:\/\/player.vimeo.com\/video\/184086088\" width=\"640\" height=\"360\" frameborder=\"0\" allowfullscreen=\"allowfullscreen\"><\/iframe><\/p>\n<p><strong><a href=\"http:\/\/akua-events.at\/?event=fernstudium\" target=\"_blank\">JETZT HIER bequem online anmelden und als Fernstudierender der Heilerakademie Europa gleich durchstarten und in K\u00fcrze fit zu sein f\u00fcr den Beruf des Geistheilers und Energetikers.<\/a><\/strong><\/p>\n<p><strong>Einzigartig im deutschsprachigen Raum<\/strong><\/p>\n<p>Unsere im deutschsprachigen Raum einzigartige und umfassendste Video-Fernausbildung zum Diplom Geistheiler und Diplom Energetiker der Heilerakademie Europa schl\u00e4gt alle Rekorde.<\/p>\n<p>Mehr als 200 Stunden Live-Unterricht wurden mit teilweise bis zu 4 Kameras begleitet und in monatelanger Schnittarbeit zum derzeit umfassendsten Video-Unterricht in geistigem Heilen zusammengestellt und mit \u00fcber 400 Seiten schriftlichem Skript sowie vielen \u00dcbungen vor dem Bildschirm und Hausaufgaben ver\u00f6ffentlicht. Kr\u00f6nender Abschluss ist neben der begleitenden pers\u00f6nlichen Fernbetreuung durch das Ausbilderteam die optionale 5-t\u00e4gige Praxiswoche und die freiwillige Diplom-Pr\u00fcfung.<\/p>\n<p><a href=\"http:\/\/akua-events.at\/?event=fernstudium\" target=\"_blank\"><img loading=\"lazy\" decoding=\"async\" class=\"alignright wp-image-570 size-medium\" src=\"https:\/\/heilerakademie.eu\/wp-content\/uploads\/2016\/06\/70176_310x459-203x300.jpg\" alt=\"70176_310x459\" width=\"203\" height=\"300\" srcset=\"https:\/\/heilerakademie.eu\/wp-content\/uploads\/2016\/06\/70176_310x459-203x300.jpg 203w, https:\/\/heilerakademie.eu\/wp-content\/uploads\/2016\/06\/70176_310x459.jpg 310w\" sizes=\"auto, (max-width: 203px) 100vw, 203px\" \/><\/a><strong>Die Katze ist aus dem Sack<\/strong><\/p>\n<p>Damit Du Dir ein ungeschminktes und ungek\u00fcrztes Bild von einer Live-Unterrichtsstunde machen kannst, hast Du nun hier die M\u00f6glichkeit, Dir kostenlos ein Kapitel von insgesamt 100 Kapiteln im Wert von je 27,90 EUR anzuschauen.<\/p>\n<p><a href=\"http:\/\/akua-events.at\/?event=fernstudium\" target=\"_blank\"><strong>Weitere Infos zum Video-Fernunterricht der Heilerakademie Europa findest Du unter diesem Link.<\/strong><\/a><\/p>\n<p><strong>Hier einige der Teilnehmermeinungen zum Video-Fernunterricht:<\/strong><\/p>\n<div class=\"entry-content\"><strong>Inge B. aus Persenbeug\u00a0(Fernstudium Heilerausbildung):<\/strong><\/div>\n<blockquote>\n<div class=\"entry-content\">Hallo Wolfgang<br \/>\nBin gerade unheimlich stolz auf mich, dass ich die Schweigemedidation stehend durchgehalten habe. Die habe ich mir bis zum Schluss aufgehoben, noch nach der Abschlussmedidation -war so ein bisschen angstbesetzt, schaffe ich es -jaaaaa ich habe es geschafft. Und war gar nicht so schlimm wie bef\u00fcrchtet- aber seit meinem \u201cKaffeehausabenteuer \u201d ist immer wieder da \u201cIch schaffe alles \u201c, das f\u00fchlt sich toll an.<br \/>\nZu dem Modul 1 kann ich nur sagen, ich bin sehr sehr froh,dass ich mich dazu entschlossen habe. Es ist wirklich so -ich sitze mitten drin- bin ein Teil derGruppe -dass mich die anderen nicht kennen macht mir nichts aus \u2013 ICH kenne und liebe sie inzwischen.<br \/>\nWas mir allerdings leid tut ist -ich habe Kapitel 23 zu Ende angesehen und w\u00fcsste zu gern was meine \u201cwirklichen \u201d Tr\u00e4ume sind. Aber ich verzeihe mir ganz einfach ,f\u00e4llt mir gerade ein ( super :ich hab auch schon einen Alfons \u2013 meiner hei\u00dft Hildegard ),wenn die da oben wollen,dass ich es erfahre, werden sie einen Weg finden es mich wissen zu lassen.<br \/>\nHab wieder viel f\u00fcr mich dazugelernt, viel \u00fcber mich erfahren und werde die M\u00f6glichkeit n\u00fctzen einiges noch einmal anzusehen . Mit den Partner\u00fcbungen bin ich im Minus aber auch das wird sich zu gegebener Zeit finden .<br \/>\nDanke dass du mir die M\u00f6glichkeit gibst mich besser kennenzulernen<br \/>\nNamaste Inge<\/div>\n<\/blockquote>\n<div class=\"entry-content\"><\/div>\n<div class=\"entry-content\">\n<hr \/>\n<p><strong>Nico S. aus Unterwaltersdorf (Fernstudium Heilerausbildung):<\/strong><\/p>\n<\/div>\n<blockquote>\n<div class=\"entry-content\">\n<div>Hall\u00f6chen lieber Wolfgang<\/div>\n<div>\u00a0Ich bin jetzt fast am Ende des ersten Moduls der grossen Geistheiler-Ausbildung und muss sagen dass ich hellauf begeistert bin.<\/div>\n<div>\n<div>Auch mit den \u00dcbungen und Aussen\u00fcbungen finde ich sehr gelungen. Hier kam ich zwar immer ein wenig ins Stocken weil ich warten musste bis irgendwer Zeit hatte bei mir der sich von mir behandeln und piesacken hat lassen .*lach* Aber super stimmig.<\/div>\n<div>Auch die Meditationen finde ich wirklich super, perfekt. Ich hab mir die meisten bereits bei dir auf der HP gekauft im Shop.<\/div>\n<div>Die Ausbildung ist wirklich der Hammer. Super sch\u00f6n w\u00e4re es gewesen, wenn ich es auch noch vor Ort machen h\u00e4tte k\u00f6nnen, aber wir wissen ja, die liebe Geld-UND Zeitfrage (leider).<\/div>\n<\/div>\n<\/div>\n<\/blockquote>\n<blockquote>\n<div class=\"entry-content\">\n<div>Was ich auch noch schnell erz\u00e4hlen wollte, das mit den Meditationen und den \u201czeichnen\u201d danach was man zum Ausdruck bringen m\u00f6chte nach dieser Medi ist \u2013 genial. Wirklich spitzenm\u00e4\u00dfig. Sowas einfaches wo man sich am Anfang denkt \u2026 Hmmm, ein Malzeugs herrichten ?! Aber dann, nach der Medi das unbedingt malen m\u00f6chte was man so im Kopf gesehen hat und abgetaucht ist. Wirklich spitze.<\/div>\n<div>Und die Mantras sind auch spitzenm\u00e4\u00dfig. (Hab ich alles schon gekauft \u2013 sowie auch die B\u00fccher mit dem Bergdorf und den Herscher der alle Heiler umbringen liess etc\u2026 (der Russe &#x1f609; )<\/div>\n<div>Ja, ich bin begeistert und schw\u00e4rme auch jeden vor, da ich in meinen ganzen vorherigen Ausbildungen nicht soviel auf einmal gelernt habe wie bei dir im 1ten Modul, bereits. Einfach eben auch an Hintergrundwissen.<\/div>\n<div>Ich muss dann noch schauen wo meine Schw\u00e4chen sind um dann bei dir \u2013 vor Ort \u2013 dass dazugeh\u00f6rige Seminar besuchen zu k\u00f6nnen. Ich muss dich und deine Frau unbedingt mal kennenlernen auf nen Seminar.<\/div>\n<div>Bis dahin, vielen lieben Dank<\/div>\n<div>Deine Nicole<\/div>\n<div>\n<hr \/>\n<\/div>\n<\/div>\n<\/blockquote>\n<div>\n<div dir=\"ltr\" align=\"left\">\n<div class=\"entry-content\"><strong>Luise K. aus V\u00f6cklabruck (Fernstudium Heilerausbildung):<\/strong><\/div>\n<div class=\"entry-content\"><\/div>\n<blockquote>\n<div class=\"entry-content\">\u201cIch habe schon lange danach gesucht, eine fundierte und fachkompetente Ausbildung in geistigem Heilen machen zu k\u00f6nnen. Ich bin alleinerziehende Mutter von 3 noch nicht erwachsenen Kindern und ich gehe morgens, wenn die Kinder in der Schule sind, halbtags im B\u00fcro arbeiten, um gut \u00fcber die Runden zu kommen. Ich tr\u00e4ume davon, mir eine eigene Energetiker-Praxis einzurichten, um mehr von zu Hause aus arbeiten zu k\u00f6nnen. Denn alternatives Heilen abseits der Schulmedizin hat mich immer schon sehr interessiert. Immer ist es bisher daran gescheitert, dass ich einfach keine Zeit f\u00fcr eine l\u00e4nger dauernde Ausbildung habe, da ich die kinder nicht alleine lassen kann. Nun bin ich auf Euer Angebot des Fernstudiums zum Energeitker und Geisrtheiler per Zufall gesto\u00dfen und war wie elektrisiert. Das ist es! Genau das! Und dazu noch der sehr viel g\u00fcnstigere Preis gegen\u00fcber einer Ausbildung vor Ort. Ich entschuldige mich heute bei Euch daf\u00fcr, dass ich zun\u00e4chst sehr \u00fcbervorsichtig war, was die Qualit\u00e4t und Umsetzung einer Live-Ausbildung hin zu einem Fernstudium angeht. Deshalb habe ich \u00fcber Vimeo mir erstmal willk\u00fcrlich eines der vielen Kapitel ausgeliehen f\u00fcr etwas weniger als 12 EUR. Danach war ich so \u00fcberzeugt, dass ich gleich die komplette Heilerausbildung mit den 4 Modulen als Fernstudium gekauft habe. Meine Freundin, der ich davon erz\u00e4hlte, hat sich dann mit mir zusammen die ersten Kapitel angeschaut und wir haben auch bereits gemeinsam die \u201cHausaufgaben\u201d und \u00dcbungen gemacht. Nun will sie ihr eigenes Fernstudium ebenfalls haben und wird sicherlich in den n\u00e4chsten Tagen eine Buchung bei Euch vornehmen. So kann jede von uns im eigenen Rythmus lernen und doch haben wir jetzt beschlossen, eine eigene Studiengruppe vor Ort zu gr\u00fcnden, um gemeinsame Lernabende duurchzuf\u00fchren. Ganz bestimmt werden wir uns beide auch zur Diplomarbeit und der Pr\u00fcfung anmelden.<br \/>\nNochwas: Ich danke Gott, dass der \u201cZufall\u201d mich zu Euch gef\u00fchrt hat.<\/div>\n<\/blockquote>\n<div class=\"entry-content\">\n<hr \/>\n<\/div>\n<div class=\"entry-content\">\n<p><strong>Caroline S. aus Bad M\u00fcnstereifel (Fernstudium Heilerausbildung)<\/strong><\/p>\n<\/div>\n<div class=\"entry-content\">\n<blockquote><p>\u201cLieber Wolfgang. Deine besonders herzerfrischende und sehr engagierte Art, wie Du mit Deinen \u201cechten\u201d Seminarteilnehmern umgehst, ist einzigartig. Du bist ein absolutes Ausnahmetalent. Ich klebe an Deinen Lippen und kann einfach nicht genug bekommen. Deine Worte, die Du w\u00e4hlst, sprechen von tiefer Weisheit. DANKE, DANKE, DANKE. Deine Luise.\u201d<\/p><\/blockquote>\n<\/div>\n<blockquote>\n<div class=\"entry-content\">\n<hr \/>\n<\/div>\n<\/blockquote>\n<p><strong>M. Eisele aus Berlin (Fernstudium Heilerausbildung):\u00a0<\/strong><\/p>\n<blockquote><p>\u201cIch weiss nicht, wie ihr das geschafft habt. Aber: Hut ab! Ich h\u00e4tte nie solch eine Unterrichtsqualit\u00e4t erwartet. Spannend. Man taucht direkt ein und ist als virtueller Teilnehmer gleich mit Haut und Haaren dabei. Tolle, lebendige Teilnehmer mit unterschiedlichen Charaktern, die jeder ihr P\u00e4cklein mitbringen und an denen man so wunderbar toll seine eigenen Probleme erkennen kann. Und dann der Seminarleiter Wolfgang M\u00fcller. Einfach einzigartig, wie dieser aus seinem eigenen prallen Lebens- und Erfahrensschatz von Anfang an sehr engagiert und mit verst\u00e4ndlichen Worten die Lebensweisheiten einfach so raushaut. Nachdem ich zun\u00e4chst aus Vorsichtsgr\u00fcnden nur eine Unterrichtsstunde \u00fcber Vimeo gebucht hatte, war ich gleich so hin- und weg von dieser absolut bodenst\u00e4ndigen Spiritualit\u00e4t, dass ich danach sofort die komplette Heilerausbildung als Fernstudium gebucht habe. Nun arbeite ich die einzelnen Bausteine des ersten Moduls durch und freue mich bereits jetzt auf die n\u00e4chsten 3 Module. Und noch etwas: die nach Freischaltung mir zur Verf\u00fcgung gestellten zus\u00e4tzlichen schriftlichen Seminarunterlagen sind eine Wucht. \u00a0Optimaler kann man diese erg\u00e4nzenden Unterlagen nicht zusammenstellen. DANKE, dass ich Euch gefunden habe. Und ganz bestimmt werde ich bei der Intensiv-Woche live mit dabei sein. Euer Mike.\u201d<\/p><\/blockquote>\n<\/div>\n<\/div>\n<p><strong><a href=\"http:\/\/akua-events.at\/?event=fernstudium\" target=\"_blank\">JETZT HIER bequem online anmelden und als Fernstudierender der Heilerakademie Europa gleich durchstarten und in K\u00fcrze fit zu sein f\u00fcr den Beruf des Geistheilers und Energetikers.<\/a><\/strong><\/p>\n","protected":false},"excerpt":{"rendered":"<p>Hier findest Du nun eine kostenlose Stunde Live-Unterricht im virtuellen Klassenzimmer der Heilerakademie Europa: Inhalt dieses Kapitels mit Original-Anweisungen f\u00fcr den Fernstudierenden: Gro\u00dfes Thema: Channeling-Ausbildung Basic &#8211; Teil 3 Vor\u00fcbung Nr. 3 &#8211; Willkommenszeremonie im Reich deines Geistf\u00fchrers und erste &hellip; <a href=\"https:\/\/heilerakademie.eu\/?page_id=632\">Weiterlesen <span class=\"meta-nav\">&rarr;<\/span><\/a><\/p>\n","protected":false},"author":1,"featured_media":0,"parent":0,"menu_order":0,"comment_status":"closed","ping_status":"closed","template":"","meta":{"footnotes":""},"class_list":["post-632","page","type-page","status-publish","hentry"],"yoast_head":"<!-- This site is optimized with the Yoast SEO plugin v27.5 - https:\/\/yoast.com\/product\/yoast-seo-wordpress\/ -->\n<title>Eine Stunde Live-Unterricht im virtuellen Klassenzimmer zur gro\u00dfen Heilerausbildung - HEILERAKADEMIE EUROPA<\/title>\n<meta name=\"robots\" content=\"index, follow, max-snippet:-1, max-image-preview:large, max-video-preview:-1\" \/>\n<link rel=\"canonical\" href=\"https:\/\/heilerakademie.eu\/?page_id=632\" \/>\n<meta property=\"og:locale\" content=\"de_DE\" \/>\n<meta property=\"og:type\" content=\"article\" \/>\n<meta property=\"og:title\" content=\"Eine Stunde Live-Unterricht im virtuellen Klassenzimmer zur gro\u00dfen Heilerausbildung - HEILERAKADEMIE EUROPA\" \/>\n<meta property=\"og:description\" content=\"Hier findest Du nun eine kostenlose Stunde Live-Unterricht im virtuellen Klassenzimmer der Heilerakademie Europa: Inhalt dieses Kapitels mit Original-Anweisungen f\u00fcr den Fernstudierenden: Gro\u00dfes Thema: Channeling-Ausbildung Basic &#8211; Teil 3 Vor\u00fcbung Nr. 3 &#8211; Willkommenszeremonie im Reich deines Geistf\u00fchrers und erste &hellip; Weiterlesen &rarr;\" \/>\n<meta property=\"og:url\" content=\"https:\/\/heilerakademie.eu\/?page_id=632\" \/>\n<meta property=\"og:site_name\" content=\"HEILERAKADEMIE EUROPA\" \/>\n<meta property=\"article:modified_time\" content=\"2016-10-23T07:36:56+00:00\" \/>\n<meta property=\"og:image\" content=\"https:\/\/heilerakademie.eu\/wp-content\/uploads\/2016\/06\/70176_310x459-203x300.jpg\" \/>\n<meta name=\"twitter:label1\" content=\"Gesch\u00e4tzte Lesezeit\" \/>\n\t<meta name=\"twitter:data1\" content=\"8\u00a0Minuten\" \/>\n<script type=\"application\/ld+json\" class=\"yoast-schema-graph\">{\"@context\":\"https:\\\/\\\/schema.org\",\"@graph\":[{\"@type\":\"WebPage\",\"@id\":\"https:\\\/\\\/heilerakademie.eu\\\/?page_id=632\",\"url\":\"https:\\\/\\\/heilerakademie.eu\\\/?page_id=632\",\"name\":\"Eine Stunde Live-Unterricht im virtuellen Klassenzimmer zur gro\u00dfen Heilerausbildung - HEILERAKADEMIE EUROPA\",\"isPartOf\":{\"@id\":\"https:\\\/\\\/heilerakademie.eu\\\/#website\"},\"primaryImageOfPage\":{\"@id\":\"https:\\\/\\\/heilerakademie.eu\\\/?page_id=632#primaryimage\"},\"image\":{\"@id\":\"https:\\\/\\\/heilerakademie.eu\\\/?page_id=632#primaryimage\"},\"thumbnailUrl\":\"https:\\\/\\\/heilerakademie.eu\\\/wp-content\\\/uploads\\\/2016\\\/06\\\/70176_310x459-203x300.jpg\",\"datePublished\":\"2016-10-19T17:09:13+00:00\",\"dateModified\":\"2016-10-23T07:36:56+00:00\",\"breadcrumb\":{\"@id\":\"https:\\\/\\\/heilerakademie.eu\\\/?page_id=632#breadcrumb\"},\"inLanguage\":\"de\",\"potentialAction\":[{\"@type\":\"ReadAction\",\"target\":[\"https:\\\/\\\/heilerakademie.eu\\\/?page_id=632\"]}]},{\"@type\":\"ImageObject\",\"inLanguage\":\"de\",\"@id\":\"https:\\\/\\\/heilerakademie.eu\\\/?page_id=632#primaryimage\",\"url\":\"https:\\\/\\\/heilerakademie.eu\\\/wp-content\\\/uploads\\\/2016\\\/06\\\/70176_310x459.jpg\",\"contentUrl\":\"https:\\\/\\\/heilerakademie.eu\\\/wp-content\\\/uploads\\\/2016\\\/06\\\/70176_310x459.jpg\",\"width\":310,\"height\":459},{\"@type\":\"BreadcrumbList\",\"@id\":\"https:\\\/\\\/heilerakademie.eu\\\/?page_id=632#breadcrumb\",\"itemListElement\":[{\"@type\":\"ListItem\",\"position\":1,\"name\":\"Home\",\"item\":\"https:\\\/\\\/heilerakademie.eu\\\/\"},{\"@type\":\"ListItem\",\"position\":2,\"name\":\"Eine Stunde Live-Unterricht im virtuellen Klassenzimmer zur gro\u00dfen Heilerausbildung\"}]},{\"@type\":\"WebSite\",\"@id\":\"https:\\\/\\\/heilerakademie.eu\\\/#website\",\"url\":\"https:\\\/\\\/heilerakademie.eu\\\/\",\"name\":\"HEILERAKADEMIE EUROPA\",\"description\":\"Akademie f\u00fcr Alternative Heilungsmethoden und Energiemedizin\",\"potentialAction\":[{\"@type\":\"SearchAction\",\"target\":{\"@type\":\"EntryPoint\",\"urlTemplate\":\"https:\\\/\\\/heilerakademie.eu\\\/?s={search_term_string}\"},\"query-input\":{\"@type\":\"PropertyValueSpecification\",\"valueRequired\":true,\"valueName\":\"search_term_string\"}}],\"inLanguage\":\"de\"}]}<\/script>\n<!-- \/ Yoast SEO plugin. -->","yoast_head_json":{"title":"Eine Stunde Live-Unterricht im virtuellen Klassenzimmer zur gro\u00dfen Heilerausbildung - HEILERAKADEMIE EUROPA","robots":{"index":"index","follow":"follow","max-snippet":"max-snippet:-1","max-image-preview":"max-image-preview:large","max-video-preview":"max-video-preview:-1"},"canonical":"https:\/\/heilerakademie.eu\/?page_id=632","og_locale":"de_DE","og_type":"article","og_title":"Eine Stunde Live-Unterricht im virtuellen Klassenzimmer zur gro\u00dfen Heilerausbildung - HEILERAKADEMIE EUROPA","og_description":"Hier findest Du nun eine kostenlose Stunde Live-Unterricht im virtuellen Klassenzimmer der Heilerakademie Europa: Inhalt dieses Kapitels mit Original-Anweisungen f\u00fcr den Fernstudierenden: Gro\u00dfes Thema: Channeling-Ausbildung Basic &#8211; Teil 3 Vor\u00fcbung Nr. 3 &#8211; Willkommenszeremonie im Reich deines Geistf\u00fchrers und erste &hellip; Weiterlesen &rarr;","og_url":"https:\/\/heilerakademie.eu\/?page_id=632","og_site_name":"HEILERAKADEMIE EUROPA","article_modified_time":"2016-10-23T07:36:56+00:00","og_image":[{"url":"https:\/\/heilerakademie.eu\/wp-content\/uploads\/2016\/06\/70176_310x459-203x300.jpg","type":"","width":"","height":""}],"twitter_misc":{"Gesch\u00e4tzte Lesezeit":"8\u00a0Minuten"},"schema":{"@context":"https:\/\/schema.org","@graph":[{"@type":"WebPage","@id":"https:\/\/heilerakademie.eu\/?page_id=632","url":"https:\/\/heilerakademie.eu\/?page_id=632","name":"Eine Stunde Live-Unterricht im virtuellen Klassenzimmer zur gro\u00dfen Heilerausbildung - HEILERAKADEMIE EUROPA","isPartOf":{"@id":"https:\/\/heilerakademie.eu\/#website"},"primaryImageOfPage":{"@id":"https:\/\/heilerakademie.eu\/?page_id=632#primaryimage"},"image":{"@id":"https:\/\/heilerakademie.eu\/?page_id=632#primaryimage"},"thumbnailUrl":"https:\/\/heilerakademie.eu\/wp-content\/uploads\/2016\/06\/70176_310x459-203x300.jpg","datePublished":"2016-10-19T17:09:13+00:00","dateModified":"2016-10-23T07:36:56+00:00","breadcrumb":{"@id":"https:\/\/heilerakademie.eu\/?page_id=632#breadcrumb"},"inLanguage":"de","potentialAction":[{"@type":"ReadAction","target":["https:\/\/heilerakademie.eu\/?page_id=632"]}]},{"@type":"ImageObject","inLanguage":"de","@id":"https:\/\/heilerakademie.eu\/?page_id=632#primaryimage","url":"https:\/\/heilerakademie.eu\/wp-content\/uploads\/2016\/06\/70176_310x459.jpg","contentUrl":"https:\/\/heilerakademie.eu\/wp-content\/uploads\/2016\/06\/70176_310x459.jpg","width":310,"height":459},{"@type":"BreadcrumbList","@id":"https:\/\/heilerakademie.eu\/?page_id=632#breadcrumb","itemListElement":[{"@type":"ListItem","position":1,"name":"Home","item":"https:\/\/heilerakademie.eu\/"},{"@type":"ListItem","position":2,"name":"Eine Stunde Live-Unterricht im virtuellen Klassenzimmer zur gro\u00dfen Heilerausbildung"}]},{"@type":"WebSite","@id":"https:\/\/heilerakademie.eu\/#website","url":"https:\/\/heilerakademie.eu\/","name":"HEILERAKADEMIE EUROPA","description":"Akademie f\u00fcr Alternative Heilungsmethoden und Energiemedizin","potentialAction":[{"@type":"SearchAction","target":{"@type":"EntryPoint","urlTemplate":"https:\/\/heilerakademie.eu\/?s={search_term_string}"},"query-input":{"@type":"PropertyValueSpecification","valueRequired":true,"valueName":"search_term_string"}}],"inLanguage":"de"}]}},"_links":{"self":[{"href":"https:\/\/heilerakademie.eu\/index.php?rest_route=\/wp\/v2\/pages\/632","targetHints":{"allow":["GET"]}}],"collection":[{"href":"https:\/\/heilerakademie.eu\/index.php?rest_route=\/wp\/v2\/pages"}],"about":[{"href":"https:\/\/heilerakademie.eu\/index.php?rest_route=\/wp\/v2\/types\/page"}],"author":[{"embeddable":true,"href":"https:\/\/heilerakademie.eu\/index.php?rest_route=\/wp\/v2\/users\/1"}],"replies":[{"embeddable":true,"href":"https:\/\/heilerakademie.eu\/index.php?rest_route=%2Fwp%2Fv2%2Fcomments&post=632"}],"version-history":[{"count":11,"href":"https:\/\/heilerakademie.eu\/index.php?rest_route=\/wp\/v2\/pages\/632\/revisions"}],"predecessor-version":[{"id":658,"href":"https:\/\/heilerakademie.eu\/index.php?rest_route=\/wp\/v2\/pages\/632\/revisions\/658"}],"wp:attachment":[{"href":"https:\/\/heilerakademie.eu\/index.php?rest_route=%2Fwp%2Fv2%2Fmedia&parent=632"}],"curies":[{"name":"wp","href":"https:\/\/api.w.org\/{rel}","templated":true}]}}