{"id":748,"date":"2017-01-31T07:32:22","date_gmt":"2017-01-31T07:32:22","guid":{"rendered":"http:\/\/heilerakademie.eu\/?page_id=748"},"modified":"2017-09-28T17:27:00","modified_gmt":"2017-09-28T17:27:00","slug":"train-the-trainer-ausbildung-fuer-dozenten-der-heilerakademie-europa","status":"publish","type":"page","link":"https:\/\/heilerakademie.eu\/?page_id=748","title":{"rendered":"Train-the-Trainer-Ausbildung f\u00fcr Dozenten"},"content":{"rendered":"<p><strong><img loading=\"lazy\" decoding=\"async\" class=\"alignright size-medium wp-image-902\" src=\"https:\/\/heilerakademie.eu\/wp-content\/uploads\/2017\/01\/00001_2_61b6dd28-9bba-4021-bf78-328abb3749b8_440x330-300x225.jpg\" alt=\"\" width=\"300\" height=\"225\" srcset=\"https:\/\/heilerakademie.eu\/wp-content\/uploads\/2017\/01\/00001_2_61b6dd28-9bba-4021-bf78-328abb3749b8_440x330-300x225.jpg 300w, https:\/\/heilerakademie.eu\/wp-content\/uploads\/2017\/01\/00001_2_61b6dd28-9bba-4021-bf78-328abb3749b8_440x330.jpg 440w\" sizes=\"auto, (max-width: 300px) 100vw, 300px\" \/>DOZENT an der ENERGETIKER-AKADEMIE\u00a0EUROPA<\/strong><\/p>\n<p><strong>Interne Train-the-Trainer-Ausbildung<\/strong><\/p>\n<div>Wir wollen sowohl unsere Akademie in St. P\u00f6lten mit weiteren Gastdozenten zu bestimmten Einzelthemen, sp\u00e4ter auch f\u00fcr die vollverantwortliche Leitung einer Ausbildungsgruppe, aufstocken, als auch in verschiedenen Standorten in Deutschland, \u00d6sterreich und der Schweiz die original Heilerausbildung (DE) \/ Energetiker-Ausbildung (AT) nach Wolfgang T. M\u00fcller durchf\u00fchren.<\/div>\n<div>Dazu brauche ich Sie, wenn Sie sich vorstellen k\u00f6nnen, Dozent an der Heilerakademie zu werden.<\/div>\n<div>Dann bitte bewerben Sie sich mit ihrem bisherigen energetischen, spirituellen und insbesondere seminarleitenden F\u00e4higkeiten, einem aktuellen Foto und Ihrer pers\u00f6nlichen Vita bei den Leitern der Akademie Wolfgang T. M\u00fcller oder Silvia Martinek unter <a href=\"mailto:office@heilerakademie.eu\">office@heilerakademie.eu<\/a>.<\/div>\n<div><img loading=\"lazy\" decoding=\"async\" class=\"alignright size-medium wp-image-652\" src=\"https:\/\/heilerakademie.eu\/wp-content\/uploads\/2016\/10\/Ashampoo_Snap_2016.10.20_18h33m12s_002_-300x178.png\" alt=\"\" width=\"300\" height=\"178\" \/><\/div>\n<div>K\u00f6nnen Sie sich vorstellen, entweder zun\u00e4chst als sporadischer Gastdozent in St. P\u00f6lten zu arbeiten (\u00dcbernachtungsm\u00f6glichkeit im Haus ist gegeben) oder eine eigene Ausbildungsgruppe in der N\u00e4he Ihres Standortes (ggf. mit anderen Dozenten; zun\u00e4chst alles Absolventen unserer Heilerausbildung \/ Energetikerausbildung) eigenst\u00e4ndig zu leiten?<\/div>\n<div>In allen organisatorischen Dingen wie Ver\u00f6ffentlichung auf unserer Webseite, Anzeigen vor Ort in geeigneten Medien, etc. werden Sie\u00a0durch unser Office unterst\u00fctzt.<\/div>\n<div><\/div>\n<div><strong>Voraussetzung daf\u00fcr, dass Sie als Dozent der Energetiker-Akademie Europa t\u00e4tig sein k\u00f6nnen, sind folgende Ausbildungsg\u00e4nge:<\/strong><\/div>\n<ul>\n<li>Teilnahme als Seminarteilnehmer einer kompletten Heilerausbildung \/ Energetiker-Ausbildung an der Akademie und erfolgreicher Abschluss zum Dipl. Geistheiler (DE) \/ Dipl. Energetiker (AT)\u00a0 der Energetiker-Akademie Europa<\/li>\n<li>Obligatorische Teilnahme am Train-the-Trainer-Programm von 5 Tagen im Ausbildungszentrum St. P\u00f6lten.<\/li>\n<li>Praktisches Trainingsprogramm durch Wiederholung derAusbildung, wo Sie bereits sukzessive Ausbildungsinhalte eigenverantwortlich \u00fcbernehmen k\u00f6nnen. Es sollte mindestens die H\u00e4lfte der Ausbildung (rund 100 Stunden) als Wiederholer absolviert worden sein. Dies kann auch begleitend und auch nach dem Train-the-Trainer-Programm durchgef\u00fchrt werden. M\u00f6glicherweise kann dann schon parallel als voll bezahlter Dozent gearbeitet werden.<\/li>\n<\/ul>\n<div>Nach allen diesen obigen Mindestvoraussetzungen erhalten Sie die Trainer-Lizenz, als Dozent der Energetiker-Akademie Europa die Heilerausbildung (DE) \/ Energetiker-Ausbildung (AT) nach Wolfgang T. M\u00fcller eigenverantwortlich durchf\u00fchren zu d\u00fcrfen.<\/div>\n<div>Sie werden aufgenommen in die Liste der Dozenten auf unserer Website.<\/div>\n<div>Durch diese Lizenz erhalten Sie auch die Erlaubnis, Kurzseminare und Workshops, die Teile der Ausbildung darstellen (wie z.B. Q-Matrix-Healing, Pendelkurs etc.), durchzuf\u00fchren in Absprache mit der Akademieleitung.<\/div>\n<div>Soweit die Rahmenbedingen.<\/div>\n<div><\/div>\n<div>\u00dcber die Verg\u00fctungsh\u00f6he im Rahmen der Honorart\u00e4tigkeit wollen wir uns aus verst\u00e4ndlichen Gr\u00fcnden nur direkt und pers\u00f6nlich unterhalten.<\/div>\n<div>Wenn Sie also nach den pers\u00f6nlichen Gespr\u00e4chen schon alles wissen und Sie sich nun zu der Train-the-Trainer-Woche verbindlich anmelden wollen, dann k\u00f6nnen Sie dies bereits <a href=\"http:\/\/www.akua-events.com\" target=\"_blank\" rel=\"noopener\">hier mit diesem Online-Formular<\/a> t\u00e4tigen, damit Sie sich einen der wenigen Ausbildungspl\u00e4tze sichern.<\/div>\n","protected":false},"excerpt":{"rendered":"<p>DOZENT an der ENERGETIKER-AKADEMIE\u00a0EUROPA Interne Train-the-Trainer-Ausbildung Wir wollen sowohl unsere Akademie in St. P\u00f6lten mit weiteren Gastdozenten zu bestimmten Einzelthemen, sp\u00e4ter auch f\u00fcr die vollverantwortliche Leitung einer Ausbildungsgruppe, aufstocken, als auch in verschiedenen Standorten in Deutschland, \u00d6sterreich und der Schweiz &hellip; <a href=\"https:\/\/heilerakademie.eu\/?page_id=748\">Weiterlesen <span class=\"meta-nav\">&rarr;<\/span><\/a><\/p>\n","protected":false},"author":1,"featured_media":0,"parent":0,"menu_order":0,"comment_status":"closed","ping_status":"closed","template":"","meta":{"footnotes":""},"class_list":["post-748","page","type-page","status-publish","hentry"],"yoast_head":"<!-- This site is optimized with the Yoast SEO plugin v27.4 - https:\/\/yoast.com\/product\/yoast-seo-wordpress\/ -->\n<title>Train-the-Trainer-Ausbildung f\u00fcr Dozenten - HEILERAKADEMIE EUROPA<\/title>\n<meta name=\"robots\" content=\"index, follow, max-snippet:-1, max-image-preview:large, max-video-preview:-1\" \/>\n<link rel=\"canonical\" href=\"https:\/\/heilerakademie.eu\/?page_id=748\" \/>\n<meta property=\"og:locale\" content=\"de_DE\" \/>\n<meta property=\"og:type\" content=\"article\" \/>\n<meta property=\"og:title\" content=\"Train-the-Trainer-Ausbildung f\u00fcr Dozenten - HEILERAKADEMIE EUROPA\" \/>\n<meta property=\"og:description\" content=\"DOZENT an der ENERGETIKER-AKADEMIE\u00a0EUROPA Interne Train-the-Trainer-Ausbildung Wir wollen sowohl unsere Akademie in St. P\u00f6lten mit weiteren Gastdozenten zu bestimmten Einzelthemen, sp\u00e4ter auch f\u00fcr die vollverantwortliche Leitung einer Ausbildungsgruppe, aufstocken, als auch in verschiedenen Standorten in Deutschland, \u00d6sterreich und der Schweiz &hellip; Weiterlesen &rarr;\" \/>\n<meta property=\"og:url\" content=\"https:\/\/heilerakademie.eu\/?page_id=748\" \/>\n<meta property=\"og:site_name\" content=\"HEILERAKADEMIE EUROPA\" \/>\n<meta property=\"article:modified_time\" content=\"2017-09-28T17:27:00+00:00\" \/>\n<meta property=\"og:image\" content=\"https:\/\/heilerakademie.eu\/wp-content\/uploads\/2017\/01\/00001_2_61b6dd28-9bba-4021-bf78-328abb3749b8_440x330-300x225.jpg\" \/>\n<meta name=\"twitter:label1\" content=\"Gesch\u00e4tzte Lesezeit\" \/>\n\t<meta name=\"twitter:data1\" content=\"2\u00a0Minuten\" \/>\n<script type=\"application\/ld+json\" class=\"yoast-schema-graph\">{\"@context\":\"https:\\\/\\\/schema.org\",\"@graph\":[{\"@type\":\"WebPage\",\"@id\":\"https:\\\/\\\/heilerakademie.eu\\\/?page_id=748\",\"url\":\"https:\\\/\\\/heilerakademie.eu\\\/?page_id=748\",\"name\":\"Train-the-Trainer-Ausbildung f\u00fcr Dozenten - HEILERAKADEMIE EUROPA\",\"isPartOf\":{\"@id\":\"https:\\\/\\\/heilerakademie.eu\\\/#website\"},\"primaryImageOfPage\":{\"@id\":\"https:\\\/\\\/heilerakademie.eu\\\/?page_id=748#primaryimage\"},\"image\":{\"@id\":\"https:\\\/\\\/heilerakademie.eu\\\/?page_id=748#primaryimage\"},\"thumbnailUrl\":\"https:\\\/\\\/heilerakademie.eu\\\/wp-content\\\/uploads\\\/2017\\\/01\\\/00001_2_61b6dd28-9bba-4021-bf78-328abb3749b8_440x330-300x225.jpg\",\"datePublished\":\"2017-01-31T07:32:22+00:00\",\"dateModified\":\"2017-09-28T17:27:00+00:00\",\"breadcrumb\":{\"@id\":\"https:\\\/\\\/heilerakademie.eu\\\/?page_id=748#breadcrumb\"},\"inLanguage\":\"de\",\"potentialAction\":[{\"@type\":\"ReadAction\",\"target\":[\"https:\\\/\\\/heilerakademie.eu\\\/?page_id=748\"]}]},{\"@type\":\"ImageObject\",\"inLanguage\":\"de\",\"@id\":\"https:\\\/\\\/heilerakademie.eu\\\/?page_id=748#primaryimage\",\"url\":\"https:\\\/\\\/heilerakademie.eu\\\/wp-content\\\/uploads\\\/2017\\\/01\\\/00001_2_61b6dd28-9bba-4021-bf78-328abb3749b8_440x330.jpg\",\"contentUrl\":\"https:\\\/\\\/heilerakademie.eu\\\/wp-content\\\/uploads\\\/2017\\\/01\\\/00001_2_61b6dd28-9bba-4021-bf78-328abb3749b8_440x330.jpg\",\"width\":440,\"height\":330},{\"@type\":\"BreadcrumbList\",\"@id\":\"https:\\\/\\\/heilerakademie.eu\\\/?page_id=748#breadcrumb\",\"itemListElement\":[{\"@type\":\"ListItem\",\"position\":1,\"name\":\"Home\",\"item\":\"https:\\\/\\\/heilerakademie.eu\\\/\"},{\"@type\":\"ListItem\",\"position\":2,\"name\":\"Train-the-Trainer-Ausbildung f\u00fcr Dozenten\"}]},{\"@type\":\"WebSite\",\"@id\":\"https:\\\/\\\/heilerakademie.eu\\\/#website\",\"url\":\"https:\\\/\\\/heilerakademie.eu\\\/\",\"name\":\"HEILERAKADEMIE EUROPA\",\"description\":\"Akademie f\u00fcr Alternative Heilungsmethoden und Energiemedizin\",\"potentialAction\":[{\"@type\":\"SearchAction\",\"target\":{\"@type\":\"EntryPoint\",\"urlTemplate\":\"https:\\\/\\\/heilerakademie.eu\\\/?s={search_term_string}\"},\"query-input\":{\"@type\":\"PropertyValueSpecification\",\"valueRequired\":true,\"valueName\":\"search_term_string\"}}],\"inLanguage\":\"de\"}]}<\/script>\n<!-- \/ Yoast SEO plugin. -->","yoast_head_json":{"title":"Train-the-Trainer-Ausbildung f\u00fcr Dozenten - HEILERAKADEMIE EUROPA","robots":{"index":"index","follow":"follow","max-snippet":"max-snippet:-1","max-image-preview":"max-image-preview:large","max-video-preview":"max-video-preview:-1"},"canonical":"https:\/\/heilerakademie.eu\/?page_id=748","og_locale":"de_DE","og_type":"article","og_title":"Train-the-Trainer-Ausbildung f\u00fcr Dozenten - HEILERAKADEMIE EUROPA","og_description":"DOZENT an der ENERGETIKER-AKADEMIE\u00a0EUROPA Interne Train-the-Trainer-Ausbildung Wir wollen sowohl unsere Akademie in St. P\u00f6lten mit weiteren Gastdozenten zu bestimmten Einzelthemen, sp\u00e4ter auch f\u00fcr die vollverantwortliche Leitung einer Ausbildungsgruppe, aufstocken, als auch in verschiedenen Standorten in Deutschland, \u00d6sterreich und der Schweiz &hellip; Weiterlesen &rarr;","og_url":"https:\/\/heilerakademie.eu\/?page_id=748","og_site_name":"HEILERAKADEMIE EUROPA","article_modified_time":"2017-09-28T17:27:00+00:00","og_image":[{"url":"https:\/\/heilerakademie.eu\/wp-content\/uploads\/2017\/01\/00001_2_61b6dd28-9bba-4021-bf78-328abb3749b8_440x330-300x225.jpg","type":"","width":"","height":""}],"twitter_misc":{"Gesch\u00e4tzte Lesezeit":"2\u00a0Minuten"},"schema":{"@context":"https:\/\/schema.org","@graph":[{"@type":"WebPage","@id":"https:\/\/heilerakademie.eu\/?page_id=748","url":"https:\/\/heilerakademie.eu\/?page_id=748","name":"Train-the-Trainer-Ausbildung f\u00fcr Dozenten - HEILERAKADEMIE EUROPA","isPartOf":{"@id":"https:\/\/heilerakademie.eu\/#website"},"primaryImageOfPage":{"@id":"https:\/\/heilerakademie.eu\/?page_id=748#primaryimage"},"image":{"@id":"https:\/\/heilerakademie.eu\/?page_id=748#primaryimage"},"thumbnailUrl":"https:\/\/heilerakademie.eu\/wp-content\/uploads\/2017\/01\/00001_2_61b6dd28-9bba-4021-bf78-328abb3749b8_440x330-300x225.jpg","datePublished":"2017-01-31T07:32:22+00:00","dateModified":"2017-09-28T17:27:00+00:00","breadcrumb":{"@id":"https:\/\/heilerakademie.eu\/?page_id=748#breadcrumb"},"inLanguage":"de","potentialAction":[{"@type":"ReadAction","target":["https:\/\/heilerakademie.eu\/?page_id=748"]}]},{"@type":"ImageObject","inLanguage":"de","@id":"https:\/\/heilerakademie.eu\/?page_id=748#primaryimage","url":"https:\/\/heilerakademie.eu\/wp-content\/uploads\/2017\/01\/00001_2_61b6dd28-9bba-4021-bf78-328abb3749b8_440x330.jpg","contentUrl":"https:\/\/heilerakademie.eu\/wp-content\/uploads\/2017\/01\/00001_2_61b6dd28-9bba-4021-bf78-328abb3749b8_440x330.jpg","width":440,"height":330},{"@type":"BreadcrumbList","@id":"https:\/\/heilerakademie.eu\/?page_id=748#breadcrumb","itemListElement":[{"@type":"ListItem","position":1,"name":"Home","item":"https:\/\/heilerakademie.eu\/"},{"@type":"ListItem","position":2,"name":"Train-the-Trainer-Ausbildung f\u00fcr Dozenten"}]},{"@type":"WebSite","@id":"https:\/\/heilerakademie.eu\/#website","url":"https:\/\/heilerakademie.eu\/","name":"HEILERAKADEMIE EUROPA","description":"Akademie f\u00fcr Alternative Heilungsmethoden und Energiemedizin","potentialAction":[{"@type":"SearchAction","target":{"@type":"EntryPoint","urlTemplate":"https:\/\/heilerakademie.eu\/?s={search_term_string}"},"query-input":{"@type":"PropertyValueSpecification","valueRequired":true,"valueName":"search_term_string"}}],"inLanguage":"de"}]}},"_links":{"self":[{"href":"https:\/\/heilerakademie.eu\/index.php?rest_route=\/wp\/v2\/pages\/748","targetHints":{"allow":["GET"]}}],"collection":[{"href":"https:\/\/heilerakademie.eu\/index.php?rest_route=\/wp\/v2\/pages"}],"about":[{"href":"https:\/\/heilerakademie.eu\/index.php?rest_route=\/wp\/v2\/types\/page"}],"author":[{"embeddable":true,"href":"https:\/\/heilerakademie.eu\/index.php?rest_route=\/wp\/v2\/users\/1"}],"replies":[{"embeddable":true,"href":"https:\/\/heilerakademie.eu\/index.php?rest_route=%2Fwp%2Fv2%2Fcomments&post=748"}],"version-history":[{"count":4,"href":"https:\/\/heilerakademie.eu\/index.php?rest_route=\/wp\/v2\/pages\/748\/revisions"}],"predecessor-version":[{"id":903,"href":"https:\/\/heilerakademie.eu\/index.php?rest_route=\/wp\/v2\/pages\/748\/revisions\/903"}],"wp:attachment":[{"href":"https:\/\/heilerakademie.eu\/index.php?rest_route=%2Fwp%2Fv2%2Fmedia&parent=748"}],"curies":[{"name":"wp","href":"https:\/\/api.w.org\/{rel}","templated":true}]}}