{"id":8,"date":"2015-01-07T18:25:14","date_gmt":"2015-01-07T18:25:14","guid":{"rendered":"http:\/\/heilerakademieeuropa.apps-1and1.net\/?page_id=8"},"modified":"2017-11-12T10:07:57","modified_gmt":"2017-11-12T10:07:57","slug":"seminare","status":"publish","type":"page","link":"https:\/\/heilerakademie.eu\/?page_id=8","title":{"rendered":"Seminare \/ Workshops \/ Ausbildungen"},"content":{"rendered":"<p><strong>Unsere spirituellen Events \/ Seminare \/ Workshops \/ Retreats \/ Vortr\u00e4ge<\/strong><\/p>\n<p class=\"content\"><strong>Direktlinks:<\/strong><\/p>\n<ul>\n<li class=\"content\"><a title=\"Ausbildungen\" href=\"https:\/\/heilerakademie.eu\/?page_id=131\"><strong>Vertiefende Informationen zu den diversen Veranstaltungen<\/strong><\/a><\/li>\n<li class=\"content\"><a href=\"http:\/\/www.akua-events.com\" target=\"_blank\" rel=\"noopener\"><strong>Zur Termin\u00fcbersicht\u00a0mit Online-Buchungsm\u00f6glichkeit aller aktuellen Seminare, Workshops und Vortr\u00e4ge.<\/strong><\/a><\/li>\n<\/ul>\n<p class=\"content\"><img loading=\"lazy\" decoding=\"async\" class=\"alignright wp-image-950 size-medium\" src=\"https:\/\/heilerakademie.eu\/wp-content\/uploads\/2015\/01\/Screenshot-2015-03-13-15.20.56-e1510481260708-300x190.png\" alt=\"\" width=\"300\" height=\"190\" srcset=\"https:\/\/heilerakademie.eu\/wp-content\/uploads\/2015\/01\/Screenshot-2015-03-13-15.20.56-e1510481260708-300x190.png 300w, https:\/\/heilerakademie.eu\/wp-content\/uploads\/2015\/01\/Screenshot-2015-03-13-15.20.56-e1510481260708-768x487.png 768w, https:\/\/heilerakademie.eu\/wp-content\/uploads\/2015\/01\/Screenshot-2015-03-13-15.20.56-e1510481260708.png 942w\" sizes=\"auto, (max-width: 300px) 100vw, 300px\" \/>Als Geistheiler und spirituelle Lebenslehrer geben wir\u00a0in\u00a0Seminaren, Workshops und Vortr\u00e4gen \u00fcberall im deutschsprachigen Raum <strong>praktisch umsetzbares spirituelles Heilwissen<\/strong> weiter.<\/p>\n<p class=\"content\">Wir bem\u00fchen uns immer, den theoretischen Teil (oft notwendiges Hintergrundwissen zum besseren Verst\u00e4ndnis) so kurz und pr\u00e4gnant wie m\u00f6glich zu halten und den Schwerpunkt auf die praktische Umsetzung des Erlernten zu legen.<\/p>\n<p class=\"content\">In allen unseren Seminaren und Workshops hat deshalb das TUN (vornehmlich in Partner- und Gruppenarbeiten) oberste Priorit\u00e4t.<\/p>\n<p class=\"content\">Alle unsere\u00a0Events k\u00f6nnen jederzeit von interessierten Gruppen \u00fcberall in Deutschland, \u00d6sterreich und der deutschsprachigen Schweiz individuell gebucht werden.<\/p>\n<p class=\"content\">Termine nach Absprache. Wir kommen gerne mit unserem Ausbildungsteam\u00a0zu Ihnen, wenn Sie bei Seminaren und Workshops mindestens 12 Teilnehmer und den Seminarraum organisieren. Die Teilnahme am Seminar ist dann f\u00fcr den \u00f6rtlichen Organisator kostenfrei. Bei Vortr\u00e4gen (nicht Seminaren) sollte die Teilnehmerzahl mindestens 40 Personen betragen.<\/p>\n<div id=\"attachment_9\" style=\"width: 310px\" class=\"wp-caption alignright\"><a href=\"http:\/\/www.akua-events.com\"><img loading=\"lazy\" decoding=\"async\" aria-describedby=\"caption-attachment-9\" class=\"wp-image-9 size-medium\" src=\"https:\/\/heilerakademie.eu\/wp-content\/uploads\/2015\/01\/Screenshot-2015-01-07-19.21.09-e1420654976872-300x136.png\" alt=\"Screenshot 2015-01-07 19.21.09\" width=\"300\" height=\"136\" srcset=\"https:\/\/heilerakademie.eu\/wp-content\/uploads\/2015\/01\/Screenshot-2015-01-07-19.21.09-e1420654976872-300x136.png 300w, https:\/\/heilerakademie.eu\/wp-content\/uploads\/2015\/01\/Screenshot-2015-01-07-19.21.09-e1420654976872-1024x466.png 1024w, https:\/\/heilerakademie.eu\/wp-content\/uploads\/2015\/01\/Screenshot-2015-01-07-19.21.09-e1420654976872.png 1335w\" sizes=\"auto, (max-width: 300px) 100vw, 300px\" \/><\/a><p id=\"caption-attachment-9\" class=\"wp-caption-text\">Auf <a href=\"http:\/\/www.akua-events.com\" target=\"_blank\" rel=\"noopener\">www.akua-events.com<\/a> finden Sie alle unsere aktuellen Seminare, Vortr\u00e4ge und Workshops.<\/p><\/div>\n<p class=\"content\">Auf<strong> <a href=\"http:\/\/www.akua-events.com\" target=\"_blank\" rel=\"noopener\">www.akua-events.com<\/a><\/strong> finden Sie alle unsere aktuellen Seminare, Vortr\u00e4ge und Workshops.Alle unsere <strong>Seminare, Workshops, Vortr\u00e4ge und Events<\/strong> finden Sie \u00fcbersichtlich und selektierbar nach Dozenten, Kategorien, Schlagworten und Veranstaltungsorten auf unserer <a href=\"http:\/\/www.akua-events.com\" target=\"_blank\" rel=\"noopener\">Veranstaltungs-Homepage AKUA EVENTS<\/a>, wo Sie auch gleich bequem in Sekundenschnelle<strong> online buchen<\/strong> k\u00f6nnen.<\/p>\n<p>Folgen Sie einfach dem folgenden Link:<\/p>\n<p><strong><a href=\"http:\/\/www.akua-events.com\" target=\"_blank\" rel=\"noopener\">www.akua-events.com<\/a><\/strong><\/p>\n","protected":false},"excerpt":{"rendered":"<p>Unsere spirituellen Events \/ Seminare \/ Workshops \/ Retreats \/ Vortr\u00e4ge Direktlinks: Vertiefende Informationen zu den diversen Veranstaltungen Zur Termin\u00fcbersicht\u00a0mit Online-Buchungsm\u00f6glichkeit aller aktuellen Seminare, Workshops und Vortr\u00e4ge. Als Geistheiler und spirituelle Lebenslehrer geben wir\u00a0in\u00a0Seminaren, Workshops und Vortr\u00e4gen \u00fcberall im deutschsprachigen &hellip; <a href=\"https:\/\/heilerakademie.eu\/?page_id=8\">Weiterlesen <span class=\"meta-nav\">&rarr;<\/span><\/a><\/p>\n","protected":false},"author":1,"featured_media":0,"parent":0,"menu_order":0,"comment_status":"closed","ping_status":"closed","template":"","meta":{"footnotes":""},"class_list":["post-8","page","type-page","status-publish","hentry"],"yoast_head":"<!-- This site is optimized with the Yoast SEO plugin v27.4 - https:\/\/yoast.com\/product\/yoast-seo-wordpress\/ -->\n<title>Seminare \/ Workshops \/ Ausbildungen - HEILERAKADEMIE EUROPA<\/title>\n<meta name=\"robots\" content=\"index, follow, max-snippet:-1, max-image-preview:large, max-video-preview:-1\" \/>\n<link rel=\"canonical\" href=\"https:\/\/heilerakademie.eu\/?page_id=8\" \/>\n<meta property=\"og:locale\" content=\"de_DE\" \/>\n<meta property=\"og:type\" content=\"article\" \/>\n<meta property=\"og:title\" content=\"Seminare \/ Workshops \/ Ausbildungen - HEILERAKADEMIE EUROPA\" \/>\n<meta property=\"og:description\" content=\"Unsere spirituellen Events \/ Seminare \/ Workshops \/ Retreats \/ Vortr\u00e4ge Direktlinks: Vertiefende Informationen zu den diversen Veranstaltungen Zur Termin\u00fcbersicht\u00a0mit Online-Buchungsm\u00f6glichkeit aller aktuellen Seminare, Workshops und Vortr\u00e4ge. Als Geistheiler und spirituelle Lebenslehrer geben wir\u00a0in\u00a0Seminaren, Workshops und Vortr\u00e4gen \u00fcberall im deutschsprachigen &hellip; Weiterlesen &rarr;\" \/>\n<meta property=\"og:url\" content=\"https:\/\/heilerakademie.eu\/?page_id=8\" \/>\n<meta property=\"og:site_name\" content=\"HEILERAKADEMIE EUROPA\" \/>\n<meta property=\"article:modified_time\" content=\"2017-11-12T10:07:57+00:00\" \/>\n<meta property=\"og:image\" content=\"https:\/\/heilerakademie.eu\/wp-content\/uploads\/2015\/01\/Screenshot-2015-03-13-15.20.56-e1510481260708-300x190.png\" \/>\n<meta name=\"twitter:label1\" content=\"Gesch\u00e4tzte Lesezeit\" \/>\n\t<meta name=\"twitter:data1\" content=\"1\u00a0Minute\" \/>\n<script type=\"application\/ld+json\" class=\"yoast-schema-graph\">{\"@context\":\"https:\\\/\\\/schema.org\",\"@graph\":[{\"@type\":\"WebPage\",\"@id\":\"https:\\\/\\\/heilerakademie.eu\\\/?page_id=8\",\"url\":\"https:\\\/\\\/heilerakademie.eu\\\/?page_id=8\",\"name\":\"Seminare \\\/ Workshops \\\/ Ausbildungen - HEILERAKADEMIE EUROPA\",\"isPartOf\":{\"@id\":\"https:\\\/\\\/heilerakademie.eu\\\/#website\"},\"primaryImageOfPage\":{\"@id\":\"https:\\\/\\\/heilerakademie.eu\\\/?page_id=8#primaryimage\"},\"image\":{\"@id\":\"https:\\\/\\\/heilerakademie.eu\\\/?page_id=8#primaryimage\"},\"thumbnailUrl\":\"https:\\\/\\\/heilerakademie.eu\\\/wp-content\\\/uploads\\\/2015\\\/01\\\/Screenshot-2015-03-13-15.20.56-e1510481260708-300x190.png\",\"datePublished\":\"2015-01-07T18:25:14+00:00\",\"dateModified\":\"2017-11-12T10:07:57+00:00\",\"breadcrumb\":{\"@id\":\"https:\\\/\\\/heilerakademie.eu\\\/?page_id=8#breadcrumb\"},\"inLanguage\":\"de\",\"potentialAction\":[{\"@type\":\"ReadAction\",\"target\":[\"https:\\\/\\\/heilerakademie.eu\\\/?page_id=8\"]}]},{\"@type\":\"ImageObject\",\"inLanguage\":\"de\",\"@id\":\"https:\\\/\\\/heilerakademie.eu\\\/?page_id=8#primaryimage\",\"url\":\"https:\\\/\\\/heilerakademie.eu\\\/wp-content\\\/uploads\\\/2015\\\/01\\\/Screenshot-2015-03-13-15.20.56-e1510481260708.png\",\"contentUrl\":\"https:\\\/\\\/heilerakademie.eu\\\/wp-content\\\/uploads\\\/2015\\\/01\\\/Screenshot-2015-03-13-15.20.56-e1510481260708.png\",\"width\":942,\"height\":597},{\"@type\":\"BreadcrumbList\",\"@id\":\"https:\\\/\\\/heilerakademie.eu\\\/?page_id=8#breadcrumb\",\"itemListElement\":[{\"@type\":\"ListItem\",\"position\":1,\"name\":\"Home\",\"item\":\"https:\\\/\\\/heilerakademie.eu\\\/\"},{\"@type\":\"ListItem\",\"position\":2,\"name\":\"Seminare \\\/ Workshops \\\/ Ausbildungen\"}]},{\"@type\":\"WebSite\",\"@id\":\"https:\\\/\\\/heilerakademie.eu\\\/#website\",\"url\":\"https:\\\/\\\/heilerakademie.eu\\\/\",\"name\":\"HEILERAKADEMIE EUROPA\",\"description\":\"Akademie f\u00fcr Alternative Heilungsmethoden und Energiemedizin\",\"potentialAction\":[{\"@type\":\"SearchAction\",\"target\":{\"@type\":\"EntryPoint\",\"urlTemplate\":\"https:\\\/\\\/heilerakademie.eu\\\/?s={search_term_string}\"},\"query-input\":{\"@type\":\"PropertyValueSpecification\",\"valueRequired\":true,\"valueName\":\"search_term_string\"}}],\"inLanguage\":\"de\"}]}<\/script>\n<!-- \/ Yoast SEO plugin. -->","yoast_head_json":{"title":"Seminare \/ Workshops \/ Ausbildungen - HEILERAKADEMIE EUROPA","robots":{"index":"index","follow":"follow","max-snippet":"max-snippet:-1","max-image-preview":"max-image-preview:large","max-video-preview":"max-video-preview:-1"},"canonical":"https:\/\/heilerakademie.eu\/?page_id=8","og_locale":"de_DE","og_type":"article","og_title":"Seminare \/ Workshops \/ Ausbildungen - HEILERAKADEMIE EUROPA","og_description":"Unsere spirituellen Events \/ Seminare \/ Workshops \/ Retreats \/ Vortr\u00e4ge Direktlinks: Vertiefende Informationen zu den diversen Veranstaltungen Zur Termin\u00fcbersicht\u00a0mit Online-Buchungsm\u00f6glichkeit aller aktuellen Seminare, Workshops und Vortr\u00e4ge. Als Geistheiler und spirituelle Lebenslehrer geben wir\u00a0in\u00a0Seminaren, Workshops und Vortr\u00e4gen \u00fcberall im deutschsprachigen &hellip; Weiterlesen &rarr;","og_url":"https:\/\/heilerakademie.eu\/?page_id=8","og_site_name":"HEILERAKADEMIE EUROPA","article_modified_time":"2017-11-12T10:07:57+00:00","og_image":[{"url":"https:\/\/heilerakademie.eu\/wp-content\/uploads\/2015\/01\/Screenshot-2015-03-13-15.20.56-e1510481260708-300x190.png","type":"","width":"","height":""}],"twitter_misc":{"Gesch\u00e4tzte Lesezeit":"1\u00a0Minute"},"schema":{"@context":"https:\/\/schema.org","@graph":[{"@type":"WebPage","@id":"https:\/\/heilerakademie.eu\/?page_id=8","url":"https:\/\/heilerakademie.eu\/?page_id=8","name":"Seminare \/ Workshops \/ Ausbildungen - HEILERAKADEMIE EUROPA","isPartOf":{"@id":"https:\/\/heilerakademie.eu\/#website"},"primaryImageOfPage":{"@id":"https:\/\/heilerakademie.eu\/?page_id=8#primaryimage"},"image":{"@id":"https:\/\/heilerakademie.eu\/?page_id=8#primaryimage"},"thumbnailUrl":"https:\/\/heilerakademie.eu\/wp-content\/uploads\/2015\/01\/Screenshot-2015-03-13-15.20.56-e1510481260708-300x190.png","datePublished":"2015-01-07T18:25:14+00:00","dateModified":"2017-11-12T10:07:57+00:00","breadcrumb":{"@id":"https:\/\/heilerakademie.eu\/?page_id=8#breadcrumb"},"inLanguage":"de","potentialAction":[{"@type":"ReadAction","target":["https:\/\/heilerakademie.eu\/?page_id=8"]}]},{"@type":"ImageObject","inLanguage":"de","@id":"https:\/\/heilerakademie.eu\/?page_id=8#primaryimage","url":"https:\/\/heilerakademie.eu\/wp-content\/uploads\/2015\/01\/Screenshot-2015-03-13-15.20.56-e1510481260708.png","contentUrl":"https:\/\/heilerakademie.eu\/wp-content\/uploads\/2015\/01\/Screenshot-2015-03-13-15.20.56-e1510481260708.png","width":942,"height":597},{"@type":"BreadcrumbList","@id":"https:\/\/heilerakademie.eu\/?page_id=8#breadcrumb","itemListElement":[{"@type":"ListItem","position":1,"name":"Home","item":"https:\/\/heilerakademie.eu\/"},{"@type":"ListItem","position":2,"name":"Seminare \/ Workshops \/ Ausbildungen"}]},{"@type":"WebSite","@id":"https:\/\/heilerakademie.eu\/#website","url":"https:\/\/heilerakademie.eu\/","name":"HEILERAKADEMIE EUROPA","description":"Akademie f\u00fcr Alternative Heilungsmethoden und Energiemedizin","potentialAction":[{"@type":"SearchAction","target":{"@type":"EntryPoint","urlTemplate":"https:\/\/heilerakademie.eu\/?s={search_term_string}"},"query-input":{"@type":"PropertyValueSpecification","valueRequired":true,"valueName":"search_term_string"}}],"inLanguage":"de"}]}},"_links":{"self":[{"href":"https:\/\/heilerakademie.eu\/index.php?rest_route=\/wp\/v2\/pages\/8","targetHints":{"allow":["GET"]}}],"collection":[{"href":"https:\/\/heilerakademie.eu\/index.php?rest_route=\/wp\/v2\/pages"}],"about":[{"href":"https:\/\/heilerakademie.eu\/index.php?rest_route=\/wp\/v2\/types\/page"}],"author":[{"embeddable":true,"href":"https:\/\/heilerakademie.eu\/index.php?rest_route=\/wp\/v2\/users\/1"}],"replies":[{"embeddable":true,"href":"https:\/\/heilerakademie.eu\/index.php?rest_route=%2Fwp%2Fv2%2Fcomments&post=8"}],"version-history":[{"count":12,"href":"https:\/\/heilerakademie.eu\/index.php?rest_route=\/wp\/v2\/pages\/8\/revisions"}],"predecessor-version":[{"id":951,"href":"https:\/\/heilerakademie.eu\/index.php?rest_route=\/wp\/v2\/pages\/8\/revisions\/951"}],"wp:attachment":[{"href":"https:\/\/heilerakademie.eu\/index.php?rest_route=%2Fwp%2Fv2%2Fmedia&parent=8"}],"curies":[{"name":"wp","href":"https:\/\/api.w.org\/{rel}","templated":true}]}}