{"id":83,"date":"2015-01-10T17:13:57","date_gmt":"2015-01-10T17:13:57","guid":{"rendered":"http:\/\/heilerakademieeuropa.apps-1and1.net\/?page_id=83"},"modified":"2017-09-29T18:09:05","modified_gmt":"2017-09-29T18:09:05","slug":"standesregeln","status":"publish","type":"page","link":"https:\/\/heilerakademie.eu\/?page_id=83","title":{"rendered":"Berufsethik \/ Standesregeln"},"content":{"rendered":"<h2>Berufsethik\u00a0der Heiler- und Energetiker-Akademie Europa<\/h2>\n<p><img loading=\"lazy\" decoding=\"async\" class=\"alignright size-medium wp-image-445\" src=\"https:\/\/heilerakademie.eu\/wp-content\/uploads\/2016\/01\/Decalogue_parchment_by_Jekuthiel_Sofer_1768-246x300.jpg\" alt=\"\" width=\"246\" height=\"300\" srcset=\"https:\/\/heilerakademie.eu\/wp-content\/uploads\/2016\/01\/Decalogue_parchment_by_Jekuthiel_Sofer_1768-246x300.jpg 246w, https:\/\/heilerakademie.eu\/wp-content\/uploads\/2016\/01\/Decalogue_parchment_by_Jekuthiel_Sofer_1768.jpg 394w\" sizes=\"auto, (max-width: 246px) 100vw, 246px\" \/>Diese wurden erstellt in Anlehnung an die \u00f6sterreichischen Standesregeln \u00a0des Fachverbandes der gewerblichen Dienstleister f\u00fcr die freien Gewerbe der\u00a0Hilfestellung zur Erreichung einer k\u00f6rperlichen bzw. energetischen\u00a0Ausgewogenheit, deren T\u00e4tigkeiten personenbezogen ausge\u00fcbt werden\u00a0(Humanenergetik). Unsere ethische Berufsauffassung geht jedoch noch dar\u00fcber\u00a0hinaus.<\/p>\n<p><strong>Abgrenzung gegen\u00fcber Sekten:<br \/>\n<\/strong>Wir weisen ausdr\u00fccklich darauf hin, dass die Heilerakademie keiner kirchlichen, spirituellen oder sonstiger religi\u00f6ser Gruppierung angeh\u00f6rt und distanziert sich von jeglicher Doktrin und Glaubenseinschr\u00e4nkung. Die Heilerakademie distanziert sich mit Nachdruck von jeglicher Ann\u00e4herung an Sekten oder religi\u00f6s verblendeten Gruppierungen.<\/p>\n<p><strong>Rechtlicher\u00a0Hinweis zur Abgrenzung des Berufsbildes \u201cEnergetiker\u201d gegen\u00fcber dem \u00c4rztegesetz und anderen reglementierten Gewerbe in \u00d6sterreich:<\/strong><\/p>\n<p>Die von der Energetiker-Akademie m\u00f6glicherweise alternativ verwendeten Begriffe Geistheilung, Geistheiler, Heiler, geistig energetische Heilung etc. dienen lediglich dem besseren Verst\u00e4ndnis unserer\u00a0Arbeitsmethoden und werden auch von unseren\u00a0Berufskollegen und Kolleginnen in \u00d6sterreich verwendet, sind jedoch nicht in der engen Auslegung des freien Gewerbes des Energetikers in \u00d6sterreich erlaubt. Die oben verwendeten Begriffe sind insbesondere in Deutschland erlaubt und\u00a0gebr\u00e4uchlich.<\/p>\n<p><strong>Abgrenzung des verwendeten Begriffes \u201cspiritueller \/ energetischer Berater\u201d zum in \u00d6sterreich reglementierten Gewerbe \u201cLebens- und Sozialberater\u201d:<br \/>\n<\/strong>Bei den Lebens- und Sozialberatern als reglementiertes Gewerbe steht \u2013 neben anderen, hier jedoch nicht relevanten Beratungsthemen \u2013 die Pers\u00f6nlichkeitsberatung im Mittelpunkt. Beim Energetiker und beim spirituellen Berater steht nicht die Pers\u00f6nlichkeitsberatung im Vordergrund, sondern die Hilfestellung zur Erreichung eines energetischen und seelischen Gleichgewichtes.<\/p>\n<p><strong>Abgrenzung geistiges Heilen in Bezug auf \u00e4rztliches Wirken<\/strong><br \/>\nGeistiges Heilen (DE) \/ Energetische Behandlung (AT) dient immer nur der Aktivierung der Selbstheilungskr\u00e4fte und ersetzt nicht die Diagnose oder Behandlung beim Arzt oder Heilpraktiker (Deutschland).<\/p>\n<p><strong>Anwendungsbereich<\/strong><\/p>\n<p>Diese Standesregeln sind anzuwenden auf die freien Gewerbe der Hilfestellung zur\u00a0Erreichung einer k\u00f6rperlichen bzw. energetischen Ausgewogenheit, deren T\u00e4tigkeiten\u00a0personenbezogen ausge\u00fcbt werden (Humanenergetik). Diese ethischen Standesregeln gelten somit f\u00fcr unsere Praxis f\u00fcr Humanenergetik als auch f\u00fcr die Energetiker-Akademie Europa sowie alle Personen, die im Namen der Energetiker-\/Heilerakademie Europa Handlungen als Energetiker (AT) \/ Geistheiler (DE) vornehmen. Der Lehrbetrieb Energetiker-\/Heilerakademie Europa vermittelt in ihren Ausbildungen, Seminaren, Workshops und Vortr\u00e4gen diese ethischen Grunds\u00e4tze und Standesregeln.<\/p>\n<p><strong>Berufsethik<\/strong><\/p>\n<ol>\n<li>Wir\u00a0sind verpflichtet, das Leben, die physische und psychische Gesundheit des\u00a0Klienten nicht zu gef\u00e4hrden und die T\u00e4tigkeit ausschlie\u00dflich am Wohle des Klienten\u00a0auszurichten;<\/li>\n<\/ol>\n<ol start=\"2\">\n<li>Wir begegnen den Klienten in einer Haltung der Achtsamkeit, Wertsch\u00e4tzung,\u00a0Anteilnahme, Sorgfalt und hoher Verantwortlichkeit;<\/li>\n<\/ol>\n<ol start=\"3\">\n<li>Wir stellen keine Diagnose, f\u00fchren keine Therapien und Behandlungen im\u00a0medizinischen Sinne durch oder \u00fcben keine Heilkunde im gesetzlichen Sinne aus. Wir\u00a0stellen durch geeignete Ma\u00dfnahmen sicher, dass beim Klienten nicht der Eindruck\u00a0entsteht, dass \u00e4rztliche Behandlungen durchgef\u00fchrt werden oder Leistungen der\u00a0freien Berufe oder reglementierten Gewerbe erbracht werden; wir stellen diese Informationspflicht dadurch sicher, dass ein neuer Klient eine entsprechende Information vor dem eigentlichen Gespr\u00e4ch erh\u00e4lt und dieses mit seiner Anschrift und Gegegenzeichung best\u00e4tigt;<\/li>\n<\/ol>\n<ol start=\"4\">\n<li>Wir achten und wahren die Willensfreiheit der Klienten. Wir\u00a0unterlassen die\u00a0Aus\u00fcbung von Druck, T\u00e4uschungen, Manipulationen, das Aufzwingen der eigenen\u00a0Meinung, die Beeinflussung durch Angstmacherei sowie anderer Formen von subtiler\u00a0Beeinflussung auf den Klienten. Wir\u00a0kultivieren Wertfreiheit und Offenheit in der\u00a0Beziehung zum Klienten;<\/li>\n<\/ol>\n<ol start=\"5\">\n<li>Wir\u00a0achten sorgf\u00e4ltig auf die Autonomie, die freie Entfaltung der menschlichen\u00a0Pers\u00f6nlichkeit sowie die weltanschaulich-religi\u00f6se Individualit\u00e4t des Klienten und\u00a0verletzen diese nicht;<\/li>\n<\/ol>\n<ol start=\"6\">\n<li>Wir\u00a0haben die angewandte Arbeitsmethode, ihre Wirkungsweise und ihre Grenzen in\u00a0verst\u00e4ndlicher, sachlicher und nachvollziehbarer Weise zu erkl\u00e4ren;<\/li>\n<\/ol>\n<ol start=\"7\">\n<li>Wir\u00a0geben keine unseri\u00f6sen Versprechen bez\u00fcglich der zu erwartenden Wirkung der\u00a0angewandten Methode und verpflichten sich zur Bescheidenheit im Umgang mit\u00a0Erfolgen; insbesondere geben wir keine wie auch immer gearteten Heilversprechungen oder vermitteln gegen\u00fcber dem Klienten den Eindruck, dass wir heilen k\u00f6nnen.<\/li>\n<\/ol>\n<ol start=\"8\">\n<li>Wir\u00a0haben f\u00fcr Honorartransparenz, einen klar definierten Arbeitsumfang und einen\u00a0ordnungsgem\u00e4\u00dfen, auch m\u00fcndlichen Vertragsabschluss vor Auftragsbeginn Sorge zu tragen; unsere Honorare f\u00fcr unsere Dienstleistungen sind f\u00fcr jedermann\u00a0offen und transparent und stehen dem Klienten durch geeignete Ver\u00f6ffentlichungsma\u00dfnahmen auch vor der Behandlung oder einer Terminvereinbarung zur Verf\u00fcgung.<\/li>\n<\/ol>\n<ol start=\"9\">\n<li>Wir\u00a0haben daf\u00fcr Sorge zu tragen, dass ein angemessener Arbeitsbereich zur\u00a0Verf\u00fcgung steht, der ausschlie\u00dflich der Berufsaus\u00fcbung dient, dem Ansehen des\u00a0Berufsstandes keinen Schaden zuf\u00fcgt und eine ungest\u00f6rte Berufsaus\u00fcbung\u00a0erm\u00f6glicht;<\/li>\n<\/ol>\n<ol start=\"10\">\n<li>Wir\u00a0sind zur Verschwiegenheit \u00fcber die ihnen anvertrauten Angelegenheiten von\u00a0Klienten verpflichtet. Diese Verschwiegenheit besteht nicht, wenn und insoweit der\u00a0Klient ausdr\u00fccklich von dieser Pflicht entbindet.<\/li>\n<\/ol>\n<p>Wir beachten im Umgang mit Berufskollegen\u00a0folgende Vorgaben:<\/p>\n<ol>\n<li>Wir\u00a0verpflichten uns, das Ansehen des Berufsstandes nach au\u00dfen zu wahren;<\/li>\n<li>Wir bringen\u00a0der Arbeit anderer Berufsangeh\u00f6riger Respekt und Anerkennung\u00a0entgegen, auch wenn sich diese anderer Arbeitsmethoden bedienen. Wir\u00a0unterlassen es, andere Berufsangeh\u00f6rige aus weltanschaulichen Gr\u00fcnden oder\u00a0aufgrund anderer Meinungsverschiedenheiten zu verunglimpfen oder zu diffamieren;<\/li>\n<li>Wir\u00a0verpflichten uns\u00a0zur interdisziplin\u00e4ren Zusammenarbeit und bem\u00fchen uns um\u00a0eine gute Beziehung und um Zusammenarbeit mit Angeh\u00f6rigen von\u00a0Gesundheitsberufen und anderen angrenzenden Berufen.<\/li>\n<\/ol>\n<p><em>Die\u00a0<a href=\"https:\/\/heilerakademie.eu\/wp-content\/uploads\/2015\/01\/Standesregeln-Humanenergetik.pdf\">Standesregeln-Humanenergetik<\/a>\u00a0der WKO \u00d6sterreich\u00a0im Original zum Download<\/em><\/p>\n","protected":false},"excerpt":{"rendered":"<p>Berufsethik\u00a0der Heiler- und Energetiker-Akademie Europa Diese wurden erstellt in Anlehnung an die \u00f6sterreichischen Standesregeln \u00a0des Fachverbandes der gewerblichen Dienstleister f\u00fcr die freien Gewerbe der\u00a0Hilfestellung zur Erreichung einer k\u00f6rperlichen bzw. energetischen\u00a0Ausgewogenheit, deren T\u00e4tigkeiten personenbezogen ausge\u00fcbt werden\u00a0(Humanenergetik). Unsere ethische Berufsauffassung geht jedoch &hellip; <a href=\"https:\/\/heilerakademie.eu\/?page_id=83\">Weiterlesen <span class=\"meta-nav\">&rarr;<\/span><\/a><\/p>\n","protected":false},"author":1,"featured_media":0,"parent":0,"menu_order":0,"comment_status":"closed","ping_status":"closed","template":"","meta":{"footnotes":""},"class_list":["post-83","page","type-page","status-publish","hentry"],"yoast_head":"<!-- This site is optimized with the Yoast SEO plugin v27.4 - https:\/\/yoast.com\/product\/yoast-seo-wordpress\/ -->\n<title>Berufsethik \/ Standesregeln - HEILERAKADEMIE EUROPA<\/title>\n<meta name=\"robots\" content=\"index, follow, max-snippet:-1, max-image-preview:large, max-video-preview:-1\" \/>\n<link rel=\"canonical\" href=\"https:\/\/heilerakademie.eu\/?page_id=83\" \/>\n<meta property=\"og:locale\" content=\"de_DE\" \/>\n<meta property=\"og:type\" content=\"article\" \/>\n<meta property=\"og:title\" content=\"Berufsethik \/ Standesregeln - HEILERAKADEMIE EUROPA\" \/>\n<meta property=\"og:description\" content=\"Berufsethik\u00a0der Heiler- und Energetiker-Akademie Europa Diese wurden erstellt in Anlehnung an die \u00f6sterreichischen Standesregeln \u00a0des Fachverbandes der gewerblichen Dienstleister f\u00fcr die freien Gewerbe der\u00a0Hilfestellung zur Erreichung einer k\u00f6rperlichen bzw. energetischen\u00a0Ausgewogenheit, deren T\u00e4tigkeiten personenbezogen ausge\u00fcbt werden\u00a0(Humanenergetik). Unsere ethische Berufsauffassung geht jedoch &hellip; Weiterlesen &rarr;\" \/>\n<meta property=\"og:url\" content=\"https:\/\/heilerakademie.eu\/?page_id=83\" \/>\n<meta property=\"og:site_name\" content=\"HEILERAKADEMIE EUROPA\" \/>\n<meta property=\"article:modified_time\" content=\"2017-09-29T18:09:05+00:00\" \/>\n<meta property=\"og:image\" content=\"https:\/\/heilerakademie.eu\/wp-content\/uploads\/2016\/01\/Decalogue_parchment_by_Jekuthiel_Sofer_1768-246x300.jpg\" \/>\n<meta name=\"twitter:label1\" content=\"Gesch\u00e4tzte Lesezeit\" \/>\n\t<meta name=\"twitter:data1\" content=\"4\u00a0Minuten\" \/>\n<script type=\"application\/ld+json\" class=\"yoast-schema-graph\">{\"@context\":\"https:\\\/\\\/schema.org\",\"@graph\":[{\"@type\":\"WebPage\",\"@id\":\"https:\\\/\\\/heilerakademie.eu\\\/?page_id=83\",\"url\":\"https:\\\/\\\/heilerakademie.eu\\\/?page_id=83\",\"name\":\"Berufsethik \\\/ Standesregeln - HEILERAKADEMIE EUROPA\",\"isPartOf\":{\"@id\":\"https:\\\/\\\/heilerakademie.eu\\\/#website\"},\"primaryImageOfPage\":{\"@id\":\"https:\\\/\\\/heilerakademie.eu\\\/?page_id=83#primaryimage\"},\"image\":{\"@id\":\"https:\\\/\\\/heilerakademie.eu\\\/?page_id=83#primaryimage\"},\"thumbnailUrl\":\"https:\\\/\\\/heilerakademie.eu\\\/wp-content\\\/uploads\\\/2016\\\/01\\\/Decalogue_parchment_by_Jekuthiel_Sofer_1768-246x300.jpg\",\"datePublished\":\"2015-01-10T17:13:57+00:00\",\"dateModified\":\"2017-09-29T18:09:05+00:00\",\"breadcrumb\":{\"@id\":\"https:\\\/\\\/heilerakademie.eu\\\/?page_id=83#breadcrumb\"},\"inLanguage\":\"de\",\"potentialAction\":[{\"@type\":\"ReadAction\",\"target\":[\"https:\\\/\\\/heilerakademie.eu\\\/?page_id=83\"]}]},{\"@type\":\"ImageObject\",\"inLanguage\":\"de\",\"@id\":\"https:\\\/\\\/heilerakademie.eu\\\/?page_id=83#primaryimage\",\"url\":\"https:\\\/\\\/heilerakademie.eu\\\/wp-content\\\/uploads\\\/2016\\\/01\\\/Decalogue_parchment_by_Jekuthiel_Sofer_1768.jpg\",\"contentUrl\":\"https:\\\/\\\/heilerakademie.eu\\\/wp-content\\\/uploads\\\/2016\\\/01\\\/Decalogue_parchment_by_Jekuthiel_Sofer_1768.jpg\",\"width\":394,\"height\":480},{\"@type\":\"BreadcrumbList\",\"@id\":\"https:\\\/\\\/heilerakademie.eu\\\/?page_id=83#breadcrumb\",\"itemListElement\":[{\"@type\":\"ListItem\",\"position\":1,\"name\":\"Home\",\"item\":\"https:\\\/\\\/heilerakademie.eu\\\/\"},{\"@type\":\"ListItem\",\"position\":2,\"name\":\"Berufsethik \\\/ Standesregeln\"}]},{\"@type\":\"WebSite\",\"@id\":\"https:\\\/\\\/heilerakademie.eu\\\/#website\",\"url\":\"https:\\\/\\\/heilerakademie.eu\\\/\",\"name\":\"HEILERAKADEMIE EUROPA\",\"description\":\"Akademie f\u00fcr Alternative Heilungsmethoden und Energiemedizin\",\"potentialAction\":[{\"@type\":\"SearchAction\",\"target\":{\"@type\":\"EntryPoint\",\"urlTemplate\":\"https:\\\/\\\/heilerakademie.eu\\\/?s={search_term_string}\"},\"query-input\":{\"@type\":\"PropertyValueSpecification\",\"valueRequired\":true,\"valueName\":\"search_term_string\"}}],\"inLanguage\":\"de\"}]}<\/script>\n<!-- \/ Yoast SEO plugin. -->","yoast_head_json":{"title":"Berufsethik \/ Standesregeln - HEILERAKADEMIE EUROPA","robots":{"index":"index","follow":"follow","max-snippet":"max-snippet:-1","max-image-preview":"max-image-preview:large","max-video-preview":"max-video-preview:-1"},"canonical":"https:\/\/heilerakademie.eu\/?page_id=83","og_locale":"de_DE","og_type":"article","og_title":"Berufsethik \/ Standesregeln - HEILERAKADEMIE EUROPA","og_description":"Berufsethik\u00a0der Heiler- und Energetiker-Akademie Europa Diese wurden erstellt in Anlehnung an die \u00f6sterreichischen Standesregeln \u00a0des Fachverbandes der gewerblichen Dienstleister f\u00fcr die freien Gewerbe der\u00a0Hilfestellung zur Erreichung einer k\u00f6rperlichen bzw. energetischen\u00a0Ausgewogenheit, deren T\u00e4tigkeiten personenbezogen ausge\u00fcbt werden\u00a0(Humanenergetik). Unsere ethische Berufsauffassung geht jedoch &hellip; Weiterlesen &rarr;","og_url":"https:\/\/heilerakademie.eu\/?page_id=83","og_site_name":"HEILERAKADEMIE EUROPA","article_modified_time":"2017-09-29T18:09:05+00:00","og_image":[{"url":"https:\/\/heilerakademie.eu\/wp-content\/uploads\/2016\/01\/Decalogue_parchment_by_Jekuthiel_Sofer_1768-246x300.jpg","type":"","width":"","height":""}],"twitter_misc":{"Gesch\u00e4tzte Lesezeit":"4\u00a0Minuten"},"schema":{"@context":"https:\/\/schema.org","@graph":[{"@type":"WebPage","@id":"https:\/\/heilerakademie.eu\/?page_id=83","url":"https:\/\/heilerakademie.eu\/?page_id=83","name":"Berufsethik \/ Standesregeln - HEILERAKADEMIE EUROPA","isPartOf":{"@id":"https:\/\/heilerakademie.eu\/#website"},"primaryImageOfPage":{"@id":"https:\/\/heilerakademie.eu\/?page_id=83#primaryimage"},"image":{"@id":"https:\/\/heilerakademie.eu\/?page_id=83#primaryimage"},"thumbnailUrl":"https:\/\/heilerakademie.eu\/wp-content\/uploads\/2016\/01\/Decalogue_parchment_by_Jekuthiel_Sofer_1768-246x300.jpg","datePublished":"2015-01-10T17:13:57+00:00","dateModified":"2017-09-29T18:09:05+00:00","breadcrumb":{"@id":"https:\/\/heilerakademie.eu\/?page_id=83#breadcrumb"},"inLanguage":"de","potentialAction":[{"@type":"ReadAction","target":["https:\/\/heilerakademie.eu\/?page_id=83"]}]},{"@type":"ImageObject","inLanguage":"de","@id":"https:\/\/heilerakademie.eu\/?page_id=83#primaryimage","url":"https:\/\/heilerakademie.eu\/wp-content\/uploads\/2016\/01\/Decalogue_parchment_by_Jekuthiel_Sofer_1768.jpg","contentUrl":"https:\/\/heilerakademie.eu\/wp-content\/uploads\/2016\/01\/Decalogue_parchment_by_Jekuthiel_Sofer_1768.jpg","width":394,"height":480},{"@type":"BreadcrumbList","@id":"https:\/\/heilerakademie.eu\/?page_id=83#breadcrumb","itemListElement":[{"@type":"ListItem","position":1,"name":"Home","item":"https:\/\/heilerakademie.eu\/"},{"@type":"ListItem","position":2,"name":"Berufsethik \/ Standesregeln"}]},{"@type":"WebSite","@id":"https:\/\/heilerakademie.eu\/#website","url":"https:\/\/heilerakademie.eu\/","name":"HEILERAKADEMIE EUROPA","description":"Akademie f\u00fcr Alternative Heilungsmethoden und Energiemedizin","potentialAction":[{"@type":"SearchAction","target":{"@type":"EntryPoint","urlTemplate":"https:\/\/heilerakademie.eu\/?s={search_term_string}"},"query-input":{"@type":"PropertyValueSpecification","valueRequired":true,"valueName":"search_term_string"}}],"inLanguage":"de"}]}},"_links":{"self":[{"href":"https:\/\/heilerakademie.eu\/index.php?rest_route=\/wp\/v2\/pages\/83","targetHints":{"allow":["GET"]}}],"collection":[{"href":"https:\/\/heilerakademie.eu\/index.php?rest_route=\/wp\/v2\/pages"}],"about":[{"href":"https:\/\/heilerakademie.eu\/index.php?rest_route=\/wp\/v2\/types\/page"}],"author":[{"embeddable":true,"href":"https:\/\/heilerakademie.eu\/index.php?rest_route=\/wp\/v2\/users\/1"}],"replies":[{"embeddable":true,"href":"https:\/\/heilerakademie.eu\/index.php?rest_route=%2Fwp%2Fv2%2Fcomments&post=83"}],"version-history":[{"count":7,"href":"https:\/\/heilerakademie.eu\/index.php?rest_route=\/wp\/v2\/pages\/83\/revisions"}],"predecessor-version":[{"id":936,"href":"https:\/\/heilerakademie.eu\/index.php?rest_route=\/wp\/v2\/pages\/83\/revisions\/936"}],"wp:attachment":[{"href":"https:\/\/heilerakademie.eu\/index.php?rest_route=%2Fwp%2Fv2%2Fmedia&parent=83"}],"curies":[{"name":"wp","href":"https:\/\/api.w.org\/{rel}","templated":true}]}}