{"id":984,"date":"2018-01-03T17:48:05","date_gmt":"2018-01-03T17:48:05","guid":{"rendered":"http:\/\/heilerakademie.eu\/?page_id=984"},"modified":"2021-10-24T10:00:28","modified_gmt":"2021-10-24T10:00:28","slug":"fernstudium-e-learning","status":"publish","type":"page","link":"https:\/\/heilerakademie.eu\/?page_id=984","title":{"rendered":"Fernstudium \/ E-Learning"},"content":{"rendered":"<p><strong>Bereits seit 2016 bieten wir erfolgreich neben unseren Offline-Kursen vor Ort in der Heilerakademie auch praxisbezogene, im deutschsprachigen Raum einzigartige Video-Fernkurse- und Ausbildung in Spiritualit\u00e4t, Medialit\u00e4t, alternativ-energetischer Heilmethoden, Energiemedizin und Schamanismus an.<\/strong><\/p>\n<p>Wir haben in diesem Bereich ein Alleinstellungsmerkmal in Europa.<\/p>\n<p><strong>Hier eine \u00dcbersicht \u00fcber unsere derzeitigen Video-Online-Ausbildungen<\/strong>, alle in echter Seminaratmosph\u00e4re im virtuellen Klassenzimmer und mit bis zu 4 Profi-Kameras aufgenommen und professionell in geschnitten. Die Fernstudien-Reihe steht sowohl als Leihversion als auch als Kaufversion (unbegrenztes Streamen; Internetanschluss gen\u00fcgt) zur Verf\u00fcgung.<\/p>\n<hr \/>\n<ul>\n<li><strong><a href=\"https:\/\/akua-events.at\/?event=fernstudium\" target=\"_blank\" rel=\"noopener noreferrer\"><img loading=\"lazy\" decoding=\"async\" class=\"alignright wp-image-570\" src=\"https:\/\/heilerakademie.eu\/wp-content\/uploads\/2016\/06\/70176_310x459-203x300.jpg\" alt=\"\" width=\"164\" height=\"237\" \/><\/a><a href=\"https:\/\/akua-events.at\/?event=fernstudium\" target=\"_blank\" rel=\"noopener noreferrer\">Video-Fernstudium zum Dipl. GEISTHEILER (DE) und Dipl. ENERGETIKER (AT)<\/a><\/strong><br \/>\nAus \u00fcber 200 Stunden Live-Unterricht zusammen geschnitten; (4 Unterrichtsmodule von je 7 Tagen Dauer), \u00fcber 100 Video-Kapitel (durchschnittlich je 1 Stunde) inkl. rund 400 Seiten begleitendes und vertiefendes schriftliches Seminarmaterial, inkl. Hausaufgaben.<br \/>\nAm Ende des Fernstudiums wird auf Wunsch ein Teilnahmezertifkat ausgestellt.<br \/>\nAbschlusspr\u00fcfung zum Dipl. Geistheiler und Dipl. Energetiker m\u00f6glich.Weitere, umfangreiche Informationen zu diesem umfassenden Fernstudium auf folgenden Sonderseiten (unbedingt anschauen):<\/p>\n<ul>\n<li><strong><a href=\"https:\/\/heilerakademie.eu\/?page_id=569\">Ausf\u00fchrliche Infos mit allen Seminarinhalten, Trailer sowie kostenlose Schnupperstunde im virtuellen Klassenzimmer\u00a0<\/a><\/strong><\/li>\n<li><a href=\"https:\/\/heilerakademie.eu\/?page_id=770\"><strong>Teilnehmerstimmen zu den diversen Fernstudieng\u00e4ngen<\/strong><\/a><\/li>\n<li><a href=\"https:\/\/heilerakademie.eu\/?page_id=773\"><strong>Teilnehmerstimmen zu den Praxiswochen (freiwillige Praxiswoche an der Heilerakademie inkl. Diplom-Abschluss-Arbeit)<\/strong><\/a><br \/>\n<hr \/>\n<\/li>\n<\/ul>\n<\/li>\n<li><strong><strong style=\"color: #333333; font-style: normal;\"><a style=\"text-decoration-line: underline;\" href=\"https:\/\/akua-events.at\/?event=video-fernstudium-quantenheilung\" target=\"_blank\" rel=\"noopener noreferrer\"><strong style=\"color: #333333; font-style: normal;\"><img loading=\"lazy\" decoding=\"async\" class=\"alignright wp-image-894\" style=\"border-color: #bbbbbb; background: #eeeeee;\" src=\"https:\/\/heilerakademie.eu\/wp-content\/uploads\/2016\/01\/17626123_1449698448385004_2886922741701158454_n-212x300.jpg\" alt=\"\" width=\"164\" height=\"227\" \/><\/strong><\/a><\/strong><a href=\"https:\/\/akua-events.at\/?event=video-fernstudium-quantenheilung\" target=\"_blank\" rel=\"noopener noreferrer\">VIDEO-Fernstudium: QUANTENHEILUNG TOTAL \u2013 5 Tage Heilungs-Seminar nach der weltweit erfolgreichsten 2-Punkte-Methode (Q-Matrix-Healing)<\/a><br \/>\n<\/strong>Die Essenz der QUANTENHEILUNG. 5 Tage Live-Unterricht mit 4 Kameras professionell aufgenommen<strong>\u00a0<\/strong>(insgesamt 17 Video-Kapitel und umfangreiche, teilweise vertiefende und erg\u00e4nzende Quantenheilungstechniken).<br \/>\nAm Ende des Fernstudiums wird auf Wunsch ein Teilnahmezertifkat ausgestellt.<\/p>\n<hr \/>\n<\/li>\n<li><a href=\"https:\/\/akua-events.at\/?event=video-fernkurs-aura-reading\" target=\"_blank\" rel=\"noopener noreferrer\"><strong><img loading=\"lazy\" decoding=\"async\" class=\"alignright wp-image-982\" src=\"https:\/\/heilerakademie.eu\/wp-content\/uploads\/2018\/01\/Aura-Reading-Fernstudium-212x300.png\" alt=\"\" width=\"166\" height=\"231\" \/>Video-Fernkurs: AURA READING \u2013 Die Aura sehen und f\u00fchlen lernen. <\/strong><\/a><br \/>\n<a href=\"https:\/\/akua-events.at\/?event=video-fernkurs-aura-reading\" target=\"_blank\" rel=\"noopener noreferrer\"><strong>2-Tages-Intensiv-Seminar<\/strong><\/a><br \/>\nAura Reading: Erlernen Sie, das feinstoffliche Energiefeld des Menschen (die Aura) zu f\u00fchlen und zu sehen.<br \/>\nZwei Video-Dreh-Tage (11 Video-Kapitel mit knapp 10 Stunden Videomaterial und inkl. schriftliche Unterlagen)<br \/>\nDieses Seminar wurde mit drei Profi-Kameras aufgezeichnet und steht als Video-Fernlehrkurs als zeitlich unbegrenzte Streaming-Version zur Verf\u00fcgung.<\/li>\n<\/ul>\n<hr \/>\n<ul>\n<li><a href=\"https:\/\/akua-events.at\/?event=neues-fernstudium-video-channeling-ausbildung-3-tages-seminar-mit-silvia-kalea-martinek\" target=\"_blank\" rel=\"noopener noreferrer\"><img loading=\"lazy\" decoding=\"async\" class=\"alignright wp-image-1162\" src=\"https:\/\/heilerakademie.eu\/wp-content\/uploads\/2020\/04\/Channeling-Fernstudium-212x300.png\" alt=\"\" width=\"164\" height=\"232\" srcset=\"https:\/\/heilerakademie.eu\/wp-content\/uploads\/2020\/04\/Channeling-Fernstudium-212x300.png 212w, https:\/\/heilerakademie.eu\/wp-content\/uploads\/2020\/04\/Channeling-Fernstudium-725x1024.png 725w, https:\/\/heilerakademie.eu\/wp-content\/uploads\/2020\/04\/Channeling-Fernstudium-768x1085.png 768w, https:\/\/heilerakademie.eu\/wp-content\/uploads\/2020\/04\/Channeling-Fernstudium-1087x1536.png 1087w, https:\/\/heilerakademie.eu\/wp-content\/uploads\/2020\/04\/Channeling-Fernstudium-1449x2048.png 1449w\" sizes=\"auto, (max-width: 164px) 100vw, 164px\" \/><\/a><a href=\"https:\/\/akua-events.at\/?event=neues-fernstudium-video-channeling-ausbildung-3-tages-seminar-mit-silvia-kalea-martinek\" target=\"_blank\" rel=\"noopener noreferrer\"><strong>Video-CHANNELING-Ausbildung. 3-Tages-WE-Seminar \u2013 Lernen Sie mediale Botschaften aus der geistigen Welt zu empfangen und zu verstehen. Mit dem Channelmedium KALEA.<\/strong><\/a><br \/>\n3-Tages-Wochenend-Workshop in die Heilerakademie Europa. Am Ende dieses Seminars sind Sie in der Lage, auf medialem Wege Botschaften aus der geistigen Welt direkt zu empfangen.<\/li>\n<\/ul>\n<hr \/>\n<ul>\n<li><a href=\"https:\/\/akua-events.at\/?event=neu-video-fernstudium-5-taegige-energetiker-ausbildung-mit-spiritueller-lebensberatung\" target=\"_blank\" rel=\"noopener noreferrer\"><strong>Video-Fernstudium: 5-t\u00e4gige Ausbildung zum HUMANENERGETIKER<\/strong><\/a><br \/>\nDie Intensiv-Ausbildung mit den besten, wichtigsten und weltweit erfolgreichsten energetischen Heil- und Beratungs-Methoden f\u00fcr Energetiker und Geistheiler in 5 virtuellen Unterrichtstagen.<br \/>\n<strong>Die Inhalte dieses Workshops:<\/strong><a href=\"https:\/\/akua-events.at\/?event=neu-video-fernstudium-5-taegige-energetiker-ausbildung-mit-spiritueller-lebensberatung\" target=\"_blank\" rel=\"noopener noreferrer\"><br \/>\n<strong><img loading=\"lazy\" decoding=\"async\" class=\"alignright wp-image-1166\" src=\"https:\/\/heilerakademie.eu\/wp-content\/uploads\/2020\/04\/Humanenergetiker-Fernstudium-212x300.png\" alt=\"\" width=\"169\" height=\"239\" srcset=\"https:\/\/heilerakademie.eu\/wp-content\/uploads\/2020\/04\/Humanenergetiker-Fernstudium-212x300.png 212w, https:\/\/heilerakademie.eu\/wp-content\/uploads\/2020\/04\/Humanenergetiker-Fernstudium-725x1024.png 725w, https:\/\/heilerakademie.eu\/wp-content\/uploads\/2020\/04\/Humanenergetiker-Fernstudium-768x1085.png 768w, https:\/\/heilerakademie.eu\/wp-content\/uploads\/2020\/04\/Humanenergetiker-Fernstudium-1087x1536.png 1087w, https:\/\/heilerakademie.eu\/wp-content\/uploads\/2020\/04\/Humanenergetiker-Fernstudium-1449x2048.png 1449w\" sizes=\"auto, (max-width: 169px) 100vw, 169px\" \/><\/strong><\/a><\/p>\n<ul>\n<li>Chakra-Arbeit, Chakra-Lehre, Chakra-Ausgleich und Chakra-Harmonisierung<\/li>\n<li>Heilende H\u00e4nde \/ Ber\u00fchrung des K\u00f6rpers durch Auflegen energetisierter H\u00e4nde<\/li>\n<li>Kinesiologie-Arbeit<\/li>\n<li>Umgang und Einsatz von Pendel, Tensor und W\u00fcnschelrute (Zweihandrute)<\/li>\n<li>Energetische Beratung (spirituelle Lebensberatung) mittels bestimmter Fragetechniken wie z.B. The Work, Sedona-Technik, O.K.-Technik, Ho&#8217;oponopono etc.<\/li>\n<li>Q-Matrix-Healing\u00ae (Quantenheilung) mit Fernbehandlung<\/li>\n<li>Energiemedizin nach K\u00f6rbler \/ Neue Hom\u00f6opathie<\/li>\n<\/ul>\n<\/li>\n<\/ul>\n","protected":false},"excerpt":{"rendered":"<p>Bereits seit 2016 bieten wir erfolgreich neben unseren Offline-Kursen vor Ort in der Heilerakademie auch praxisbezogene, im deutschsprachigen Raum einzigartige Video-Fernkurse- und Ausbildung in Spiritualit\u00e4t, Medialit\u00e4t, alternativ-energetischer Heilmethoden, Energiemedizin und Schamanismus an. Wir haben in diesem Bereich ein Alleinstellungsmerkmal in &hellip; <a href=\"https:\/\/heilerakademie.eu\/?page_id=984\">Weiterlesen <span class=\"meta-nav\">&rarr;<\/span><\/a><\/p>\n","protected":false},"author":1,"featured_media":0,"parent":0,"menu_order":0,"comment_status":"closed","ping_status":"closed","template":"","meta":{"footnotes":""},"class_list":["post-984","page","type-page","status-publish","hentry"],"yoast_head":"<!-- This site is optimized with the Yoast SEO plugin v27.4 - https:\/\/yoast.com\/product\/yoast-seo-wordpress\/ -->\n<title>Fernstudium \/ E-Learning - HEILERAKADEMIE EUROPA<\/title>\n<meta name=\"robots\" content=\"index, follow, max-snippet:-1, max-image-preview:large, max-video-preview:-1\" \/>\n<link rel=\"canonical\" href=\"https:\/\/heilerakademie.eu\/?page_id=984\" \/>\n<meta property=\"og:locale\" content=\"de_DE\" \/>\n<meta property=\"og:type\" content=\"article\" \/>\n<meta property=\"og:title\" content=\"Fernstudium \/ E-Learning - HEILERAKADEMIE EUROPA\" \/>\n<meta property=\"og:description\" content=\"Bereits seit 2016 bieten wir erfolgreich neben unseren Offline-Kursen vor Ort in der Heilerakademie auch praxisbezogene, im deutschsprachigen Raum einzigartige Video-Fernkurse- und Ausbildung in Spiritualit\u00e4t, Medialit\u00e4t, alternativ-energetischer Heilmethoden, Energiemedizin und Schamanismus an. Wir haben in diesem Bereich ein Alleinstellungsmerkmal in &hellip; Weiterlesen &rarr;\" \/>\n<meta property=\"og:url\" content=\"https:\/\/heilerakademie.eu\/?page_id=984\" \/>\n<meta property=\"og:site_name\" content=\"HEILERAKADEMIE EUROPA\" \/>\n<meta property=\"article:modified_time\" content=\"2021-10-24T10:00:28+00:00\" \/>\n<meta property=\"og:image\" content=\"https:\/\/heilerakademie.eu\/wp-content\/uploads\/2016\/06\/70176_310x459-203x300.jpg\" \/>\n<meta name=\"twitter:label1\" content=\"Gesch\u00e4tzte Lesezeit\" \/>\n\t<meta name=\"twitter:data1\" content=\"3\u00a0Minuten\" \/>\n<script type=\"application\/ld+json\" class=\"yoast-schema-graph\">{\"@context\":\"https:\\\/\\\/schema.org\",\"@graph\":[{\"@type\":\"WebPage\",\"@id\":\"https:\\\/\\\/heilerakademie.eu\\\/?page_id=984\",\"url\":\"https:\\\/\\\/heilerakademie.eu\\\/?page_id=984\",\"name\":\"Fernstudium \\\/ E-Learning - HEILERAKADEMIE EUROPA\",\"isPartOf\":{\"@id\":\"https:\\\/\\\/heilerakademie.eu\\\/#website\"},\"primaryImageOfPage\":{\"@id\":\"https:\\\/\\\/heilerakademie.eu\\\/?page_id=984#primaryimage\"},\"image\":{\"@id\":\"https:\\\/\\\/heilerakademie.eu\\\/?page_id=984#primaryimage\"},\"thumbnailUrl\":\"https:\\\/\\\/heilerakademie.eu\\\/wp-content\\\/uploads\\\/2016\\\/06\\\/70176_310x459-203x300.jpg\",\"datePublished\":\"2018-01-03T17:48:05+00:00\",\"dateModified\":\"2021-10-24T10:00:28+00:00\",\"breadcrumb\":{\"@id\":\"https:\\\/\\\/heilerakademie.eu\\\/?page_id=984#breadcrumb\"},\"inLanguage\":\"de\",\"potentialAction\":[{\"@type\":\"ReadAction\",\"target\":[\"https:\\\/\\\/heilerakademie.eu\\\/?page_id=984\"]}]},{\"@type\":\"ImageObject\",\"inLanguage\":\"de\",\"@id\":\"https:\\\/\\\/heilerakademie.eu\\\/?page_id=984#primaryimage\",\"url\":\"https:\\\/\\\/heilerakademie.eu\\\/wp-content\\\/uploads\\\/2016\\\/06\\\/70176_310x459.jpg\",\"contentUrl\":\"https:\\\/\\\/heilerakademie.eu\\\/wp-content\\\/uploads\\\/2016\\\/06\\\/70176_310x459.jpg\",\"width\":310,\"height\":459},{\"@type\":\"BreadcrumbList\",\"@id\":\"https:\\\/\\\/heilerakademie.eu\\\/?page_id=984#breadcrumb\",\"itemListElement\":[{\"@type\":\"ListItem\",\"position\":1,\"name\":\"Home\",\"item\":\"https:\\\/\\\/heilerakademie.eu\\\/\"},{\"@type\":\"ListItem\",\"position\":2,\"name\":\"Fernstudium \\\/ E-Learning\"}]},{\"@type\":\"WebSite\",\"@id\":\"https:\\\/\\\/heilerakademie.eu\\\/#website\",\"url\":\"https:\\\/\\\/heilerakademie.eu\\\/\",\"name\":\"HEILERAKADEMIE EUROPA\",\"description\":\"Akademie f\u00fcr Alternative Heilungsmethoden und Energiemedizin\",\"potentialAction\":[{\"@type\":\"SearchAction\",\"target\":{\"@type\":\"EntryPoint\",\"urlTemplate\":\"https:\\\/\\\/heilerakademie.eu\\\/?s={search_term_string}\"},\"query-input\":{\"@type\":\"PropertyValueSpecification\",\"valueRequired\":true,\"valueName\":\"search_term_string\"}}],\"inLanguage\":\"de\"}]}<\/script>\n<!-- \/ Yoast SEO plugin. -->","yoast_head_json":{"title":"Fernstudium \/ E-Learning - HEILERAKADEMIE EUROPA","robots":{"index":"index","follow":"follow","max-snippet":"max-snippet:-1","max-image-preview":"max-image-preview:large","max-video-preview":"max-video-preview:-1"},"canonical":"https:\/\/heilerakademie.eu\/?page_id=984","og_locale":"de_DE","og_type":"article","og_title":"Fernstudium \/ E-Learning - HEILERAKADEMIE EUROPA","og_description":"Bereits seit 2016 bieten wir erfolgreich neben unseren Offline-Kursen vor Ort in der Heilerakademie auch praxisbezogene, im deutschsprachigen Raum einzigartige Video-Fernkurse- und Ausbildung in Spiritualit\u00e4t, Medialit\u00e4t, alternativ-energetischer Heilmethoden, Energiemedizin und Schamanismus an. Wir haben in diesem Bereich ein Alleinstellungsmerkmal in &hellip; Weiterlesen &rarr;","og_url":"https:\/\/heilerakademie.eu\/?page_id=984","og_site_name":"HEILERAKADEMIE EUROPA","article_modified_time":"2021-10-24T10:00:28+00:00","og_image":[{"url":"https:\/\/heilerakademie.eu\/wp-content\/uploads\/2016\/06\/70176_310x459-203x300.jpg","type":"","width":"","height":""}],"twitter_misc":{"Gesch\u00e4tzte Lesezeit":"3\u00a0Minuten"},"schema":{"@context":"https:\/\/schema.org","@graph":[{"@type":"WebPage","@id":"https:\/\/heilerakademie.eu\/?page_id=984","url":"https:\/\/heilerakademie.eu\/?page_id=984","name":"Fernstudium \/ E-Learning - HEILERAKADEMIE EUROPA","isPartOf":{"@id":"https:\/\/heilerakademie.eu\/#website"},"primaryImageOfPage":{"@id":"https:\/\/heilerakademie.eu\/?page_id=984#primaryimage"},"image":{"@id":"https:\/\/heilerakademie.eu\/?page_id=984#primaryimage"},"thumbnailUrl":"https:\/\/heilerakademie.eu\/wp-content\/uploads\/2016\/06\/70176_310x459-203x300.jpg","datePublished":"2018-01-03T17:48:05+00:00","dateModified":"2021-10-24T10:00:28+00:00","breadcrumb":{"@id":"https:\/\/heilerakademie.eu\/?page_id=984#breadcrumb"},"inLanguage":"de","potentialAction":[{"@type":"ReadAction","target":["https:\/\/heilerakademie.eu\/?page_id=984"]}]},{"@type":"ImageObject","inLanguage":"de","@id":"https:\/\/heilerakademie.eu\/?page_id=984#primaryimage","url":"https:\/\/heilerakademie.eu\/wp-content\/uploads\/2016\/06\/70176_310x459.jpg","contentUrl":"https:\/\/heilerakademie.eu\/wp-content\/uploads\/2016\/06\/70176_310x459.jpg","width":310,"height":459},{"@type":"BreadcrumbList","@id":"https:\/\/heilerakademie.eu\/?page_id=984#breadcrumb","itemListElement":[{"@type":"ListItem","position":1,"name":"Home","item":"https:\/\/heilerakademie.eu\/"},{"@type":"ListItem","position":2,"name":"Fernstudium \/ E-Learning"}]},{"@type":"WebSite","@id":"https:\/\/heilerakademie.eu\/#website","url":"https:\/\/heilerakademie.eu\/","name":"HEILERAKADEMIE EUROPA","description":"Akademie f\u00fcr Alternative Heilungsmethoden und Energiemedizin","potentialAction":[{"@type":"SearchAction","target":{"@type":"EntryPoint","urlTemplate":"https:\/\/heilerakademie.eu\/?s={search_term_string}"},"query-input":{"@type":"PropertyValueSpecification","valueRequired":true,"valueName":"search_term_string"}}],"inLanguage":"de"}]}},"_links":{"self":[{"href":"https:\/\/heilerakademie.eu\/index.php?rest_route=\/wp\/v2\/pages\/984","targetHints":{"allow":["GET"]}}],"collection":[{"href":"https:\/\/heilerakademie.eu\/index.php?rest_route=\/wp\/v2\/pages"}],"about":[{"href":"https:\/\/heilerakademie.eu\/index.php?rest_route=\/wp\/v2\/types\/page"}],"author":[{"embeddable":true,"href":"https:\/\/heilerakademie.eu\/index.php?rest_route=\/wp\/v2\/users\/1"}],"replies":[{"embeddable":true,"href":"https:\/\/heilerakademie.eu\/index.php?rest_route=%2Fwp%2Fv2%2Fcomments&post=984"}],"version-history":[{"count":18,"href":"https:\/\/heilerakademie.eu\/index.php?rest_route=\/wp\/v2\/pages\/984\/revisions"}],"predecessor-version":[{"id":1229,"href":"https:\/\/heilerakademie.eu\/index.php?rest_route=\/wp\/v2\/pages\/984\/revisions\/1229"}],"wp:attachment":[{"href":"https:\/\/heilerakademie.eu\/index.php?rest_route=%2Fwp%2Fv2%2Fmedia&parent=984"}],"curies":[{"name":"wp","href":"https:\/\/api.w.org\/{rel}","templated":true}]}}